{"id":1315,"date":"2019-12-27T14:32:20","date_gmt":"2019-12-27T14:32:20","guid":{"rendered":"https:\/\/newlifecommunity.church\/?page_id=1315"},"modified":"2023-01-07T14:45:57","modified_gmt":"2023-01-07T14:45:57","slug":"a-guide-to-prayer-and-fasting","status":"publish","type":"page","link":"https:\/\/newlifecommunity.church\/es\/a-guide-to-prayer-and-fasting\/","title":{"rendered":"Una gu\u00eda para la oraci\u00f3n y el ayuno"},"content":{"rendered":"<p><img loading=\"lazy\" decoding=\"async\" title=\"21 Days of Fasting and Prayer_1920x692-Cover-English-Alt1\" src=\"https:\/\/newlifecommunity.church\/wp-content\/uploads\/2023\/01\/21-Days-of-Fasting-and-Prayer_1920x692-Cover-Spanish-Alt1.png\" alt=\"21 Days of Fasting and Prayer_1920x692-Cover-English-Alt1\" width=\"1920\" height=\"692\" \/><\/p>\r\n<h1>Una gu\u00eda para la oraci\u00f3n y el ayuno<\/h1>\r\n<p><iframe loading=\"lazy\" title=\"C\u00f3mo prepararse para 21 d\u00edas de ayuno y oraci\u00f3n - Pastor Mark Jobe\" src=\"https:\/\/www.youtube.com\/embed\/J4o4oIQnDSA?feature=oembed\" width=\"500\" height=\"281\" frameborder=\"0\" allowfullscreen=\"allowfullscreen\"><\/iframe><\/p>\r\n<h2><strong>\u00bfPOR QU\u00c9 AYUNAMOS?\u00a0<\/strong><\/h2>\r\n<p>Nueva Vida comienza cada a\u00f1o con un tiempo de ayuno y oraci\u00f3n. El prop\u00f3sito de esto es desviar nuestro enfoque de nuestras preocupaciones terrenales y escuchar lo que Dios tiene para nosotros como iglesia y como individuos en el nuevo a\u00f1o.<\/p>\r\n<p><strong>El ayuno es b\u00edblico.<\/strong> La oraci\u00f3n y el ayuno se practican regularmente a trav\u00e9s de la Biblia. Vemos al pueblo de Dios tanto en el Antiguo como en el Nuevo Testamento orar y ayunar para buscar el rostro de Dios y aquello a lo que \u00c9l los est\u00e1 llamando. Lea m\u00e1s sobre esto en Nehem\u00edas 9, Ester 4 y Mateo 4.<\/p>\r\n<p><strong>Se espera ayuno.\u00a0<\/strong>Jes\u00fas, cuando se le pregunt\u00f3 por qu\u00e9 sus disc\u00edpulos no ayunaban, dijo que \u201cllegar\u00e1 el tiempo en que les ser\u00e1 quitado el esposo; entonces ayunar\u00e1n\u201d. (Mat. 9:15) Note que Jes\u00fas no dice que sus seguidores <em>podr\u00eda <\/em>R\u00e1pido pero ellos <em>ayunar\u00e1. <\/em>\u00a1\u00c9l nos gu\u00eda como sus seguidores a hacer lo mismo!<\/p>\r\n<hr \/>\r\n<h2><strong>HOW SHOULD I FAST? <\/strong><\/h2>\r\n<p>Tenemos varias maneras de practicar el mandato de Dios de ayunar. Ora sobre cu\u00e1l te est\u00e1 desafiando a hacer.<\/p>\r\n<ul>\r\n<li><strong>Agua solo<\/strong> \u2013 Durante este ayuno, debes abstenerte de comer cualquier alimento y beber s\u00f3lo agua (ning\u00fan otro l\u00edquido).<\/li>\r\n<li><strong>Ayuno de Jugo<\/strong> \u2013 Durante este ayuno, bebe jugo elaborado con frutas y verduras frescas en lugar de comer alimentos s\u00f3lidos.<\/li>\r\n<li><strong>Ayuno de Daniel<\/strong> \u2013 Basado en el deseo de ayunar de Daniel visto en la Biblia, este ayuno consiste en consumir principalmente frutas, verduras y agua.<em>Aseg\u00farese de consultar con su m\u00e9dico antes de comenzar uno de estos ayunos.<\/em><\/li>\r\n<li><strong>Ayuno de Redes Sociales<\/strong>\u2013 Con nuestra creciente dependencia de los medios, muchas veces no permitimos un momento de desconexi\u00f3n o silencio. Elija uno de los siguientes elementos para ayunar: TV, noticias, pel\u00edculas, m\u00fasica, radio, redes sociales, videojuegos.<\/li>\r\n<\/ul>\r\n<hr \/>\r\n<h2><strong>HOW IS PRAYER DIFFERENT DURING A FAST?<\/strong><\/h2>\r\n<p>Fasting is empty without the main component of prayer. When we pray during a fast, we set aside our physical concerns and diligently seek the heart of God through life-changing prayer. Replace your regular mealtimes with times of prayer and meditating on God&#8217;s Word.<\/p>\r\n<hr \/>\r\n<h2><strong>BEFORE FASTING&#8230;<\/strong><\/h2>\r\n<p><strong>\u00bfPor Qu\u00e9 Ayunamos? <\/strong><\/p>\r\n<p>Adem\u00e1s de ser una gran pr\u00e1ctica para purificar nuestro cuerpo, en Mateo 6:16-18 Jes\u00fas se refiri\u00f3 al ayuno como una expectativa normal para cada uno de sus disc\u00edpulos.  En G\u00e1latas 5:16, el ap\u00f3stol Pablo desaf\u00eda a los creyentes a ser guiados por el esp\u00edritu de Dios en lugar de ser guiados por los deseos naturales de nuestro cuerpo.<\/p>\r\n<p><strong>\u00bfQu\u00e9 es un ayuno?<\/strong><\/p>\r\n<p>Seg\u00fan el diccionario, la palabra \u201cayuno\u201d significa \u201csufrir hambre\u201d o \u201cabstenerse de comida o bebida\u201d. Hay cientos de vers\u00edculos de la Biblia que hablan sobre el ayuno.  Medite en estos: 1 Corintios 9:27, Ester 4:16, Jon\u00e1s 3:5-9. El prop\u00f3sito del ayuno es crear un espacio de tiempo para desarrollar la intensidad espiritual para buscar la cercan\u00eda con Dios.  Por esta raz\u00f3n, ayunar sin oraci\u00f3n no es una actividad b\u00edblica.<\/p>\r\n<p>Es importante mencionar que un verdadero ayuno implica siempre abstenerse de alimentos. Es por eso que alguien que opta por abstenerse de usar Facebook, de comprar o \u201cdejar el chocolate\u201d no necesariamente est\u00e1 ayunando. El ayuno no es un medio para manipular a Dios.  Algunas personas piensan err\u00f3neamente que si ayunan entonces Dios les debe un favor.  No ayunamos para forzar la mano de Dios a hacer nuestra voluntad, sino para acercarnos a \u00e9l y estar m\u00e1s disponibles para escuchar su voz.<\/p>\r\n<p><strong>\u00bfCu\u00e1l deber\u00eda ser el objetivo principal de mi ayuno?<\/strong><\/p>\r\n<p>El objetivo principal del ayuno debe ser acercarse a Dios. En Am\u00f3s 5:4 Dios desaf\u00eda a su pueblo a \"b\u00fascame y vivir\u00e1s\".  Es bueno ayunar para peticiones urgentes de oraci\u00f3n, pero es esencial poner nuestro coraz\u00f3n en buscar a Dios primero, por encima de cualquier otra b\u00fasqueda de nuestro coraz\u00f3n.<\/p>\r\n<p><strong>\u00bfQu\u00e9 tipos de ayuno hacemos en Nueva Vida?<\/strong><\/p>\r\n<p>Aunque la Biblia menciona todo tipo de ayunos, en Nueva Vida animamos a nuestros miembros a hacer un ayuno de l\u00edquidos.  Para este tipo de ayuno renunciamos a todo tipo de alimentos s\u00f3lidos e ingerimos \u00fanicamente l\u00edquidos como jugos, caldo y agua. Tambi\u00e9n eliminamos cualquier tipo de actividad adicional que no sea esencial para nuestras responsabilidades diarias, como tomar caf\u00e9, ir de compras, Facebook y otras formas de entretenimiento.<\/p>\r\n<p><strong>\u00bfC\u00f3mo me preparo para mi ayuno?<\/strong><\/p>\r\n<p>Disminuye tu ingesta de alimentos progresivamente deshazte de los no esenciales como cafe\u00edna, refrescos, az\u00facares, snacks, etc.<\/p>\r\n<p>Vaya a comprar frutas, verduras, jugos y agua antes de su ayuno. De esa forma evitar\u00e1s distracciones en las tiendas durante tu ayuno.<\/p>\r\n<p>Libera tu calendario para hacer espacio para momentos intencionales con Dios con anticipaci\u00f3n.<\/p>\r\n<p>Por \u00faltimo, f\u00edjate algunos objetivos claros de ayuno. \u00bfCu\u00e1ntos d\u00edas ayunar\u00e1s? \u00bfQu\u00e9 alimentos? \u00bfD\u00f3nde orar\u00e1s? \u00bfCu\u00e1ndo orar\u00e1s?<\/p>\r\n<p><strong>\u00bfQu\u00e9 pasa si tengo dolencias f\u00edsicas que me impiden ayunar?<\/strong><\/p>\r\n<p>Si tiene una condici\u00f3n m\u00e9dica que le impide ayunar, consulte primero con su m\u00e9dico.  Dicho esto, tambi\u00e9n debes comprender que el ayuno te obligar\u00e1 a decidir entre cosas normales en tu vida, que no son esenciales, y la elecci\u00f3n de buscar a Dios con sacrificio.   Cualquiera puede dejar la cafe\u00edna, la radio de chismes, los programas de entrevistas, los juegos de computadora y la comida chatarra sin el permiso de un m\u00e9dico.<\/p>\r\n<p><strong>\u00bfQu\u00e9 pasa si mi trabajo es f\u00edsicamente exigente?<\/strong><\/p>\r\n<p>Miles de cristianos a lo largo de la historia y en todo el mundo que viven bajo presiones extremas encuentran momentos para ayunar. Recuerda que Dios te invita a acercarte a \u00c9l (Santiago 4:8). Debes evaluar las exigencias de tu trabajo y buscar dar lo mejor de ti independientemente de si est\u00e1s ayunando o no.    Dado que todo lo que hacemos es un reflejo de la obra de Dios en nosotros, nuestro desempe\u00f1o laboral es una parte esencial de nuestro testimonio personal. Por esa raz\u00f3n le pedimos que no ponga en peligro su vida sin pensar sin una convicci\u00f3n clara de Dios.  Por ejemplo, puedes hacer una comida y ayunar el resto del d\u00eda.<\/p>\r\n<hr \/>\r\n<h2><strong>DURING FASTING&#8230;<\/strong><\/h2>\r\n<p><strong>\u00bfQu\u00e9 debo hacer durante mi ayuno?<\/strong><\/p>\r\n<p>Establecer una rutina de oraci\u00f3n diaria con mucho tiempo para buscar y escuchar a Dios es absolutamente esencial durante el ayuno.  Quiz\u00e1s quieras seguir un libro. Lleve un diario de ayuno. Tambi\u00e9n recomendamos reservar momentos para unirse con otras personas que ayunan para adorar, orar y animarse.<\/p>\r\n<p><strong>\u00bfQu\u00e9 batallas puedo esperar durante mi ayuno?<\/strong><\/p>\r\n<p>Al comenzar a ayunar, es posible que experimente una variedad de s\u00edntomas que incluyen dolores de cabeza intensos y fatiga extrema.<\/p>\r\n<p>pensamiento nublado, diarrea, escalofr\u00edos y m\u00e1s. Ten en cuenta que durante los primeros d\u00edas de ayuno tu cuerpo experimentar\u00e1 s\u00edntomas extra\u00f1os y fuera de lo com\u00fan.  Si estos s\u00edntomas persisten y se convierten en un obst\u00e1culo para sus responsabilidades diarias, primero comun\u00edquese con su m\u00e9dico y luego busque orientaci\u00f3n de una persona con experiencia en ayuno. Los primeros tres d\u00edas suelen ser el momento en que su cuerpo se limpia y se drena de todas las impurezas y excesos de nuestras pr\u00e1cticas habituales \"no saludables\".<\/p>\r\n<p><strong>\u00bfQu\u00e9 pasa si fracaso?<\/strong><\/p>\r\n<p>Las tentaciones siempre son duras y durante un ayuno, la cosa m\u00e1s peque\u00f1a puede convertirse en una gran batalla.  Nunca imaginaste lo dif\u00edcil que ser\u00eda decir no a una papa frita.  Toda persona que se ha comprometido seriamente con el ayuno puede contar historias sobre c\u00f3mo un amigo al que no hab\u00eda visto hace mucho tiempo aparece para invitarlo a una lujosa cena de bistec en el momento exacto en que usted acaba de comenzar a ayunar. S\u00ed, \u00a1el ayuno puede ser agotador!  Pero piense en esto: Dios no es un amo de esclavos; \u00e9l es tu amoroso padre celestial. Elige buscarlo no por deber sino por amor.<\/p>\r\n<p>Entonces, si tropiezas en tu ayuno\u2026 lev\u00e1ntate, quita el polvo y sigue adelante.  Comparte tus luchas diarias con Dios y busca un buen hermano o hermana que tambi\u00e9n est\u00e9 ayunando para caminar junto a ti.  La victoria de un coraz\u00f3n cerca de Dios es m\u00e1s dulce que cualquier banquete que este mundo pueda ofrecerte.<\/p>\r\n<hr \/>\r\n<h2>AFTER FASTING\u2026<\/h2>\r\n<p><strong>\u00bfC\u00f3mo puedo estar seguro de que los efectos de mi ayuno se vuelven permanentes?<\/strong><\/p>\r\n<ol>\r\n<li>Responde en adoraci\u00f3n a todas las bendiciones que has recibido. Quiz\u00e1s quieras expresar el testimonio de tu ayuno en tu grupo peque\u00f1o, en nuestra celebraci\u00f3n dominical o en Facebook. \u00a1Proclamad la bondad de Dios!<\/li>\r\n<li>Haga una lista de esas bendiciones en un cuaderno o diario.<\/li>\r\n<li>Persevera en la rutina de oraci\u00f3n que has comenzado. Considere ayunar una vez al mes, una vez a la semana o como el Se\u00f1or le indique.<\/li>\r\n<li>Finalmente, examina tu vida, busca consejo y preg\u00fantale al Se\u00f1or si algunos de los alimentos o actividades de los que te has deshecho durante tu ayuno deber\u00edan eliminarse de tu vida de forma permanente.<\/li>\r\n<\/ol>\r\n<hr \/>\r\n<h2>Recursos adicionales<\/h2>\r\n<ul>\r\n<li>Descargue nuestra aplicaci\u00f3n <strong>New Life Chicago app<\/strong> to follow along and access additional resources!<\/li>\r\n<li><a href=\"https:\/\/www.cru.org\/us\/en\/train-and-grow\/spiritual-growth\/fasting\/7-steps-to-fasting.html\">7 Basic Steps to Successful Fasting and Prayer | Dr. Bill Bright<\/a><\/li>\r\n<li><a href=\"https:\/\/www.cru.org\/us\/en\/train-and-grow\/spiritual-growth\/fasting\/personal-guide-to-fasting.html\">Your Personal Guide to Fasting and Prayer | Dr. Bill Bright<\/a><\/li>\r\n<\/ul>\r\n<p><a role=\"button\" href=\"https:\/\/pushpay.com\/get?handle=newlifecommunitychurchchicago\" target=\"_blank\" rel=\"noopener\"> descargar aplicaci\u00f3n <\/a><\/p>","protected":false},"excerpt":{"rendered":"<p>A Guide to Prayer and Fasting WHY DO WE FAST?\u00a0 New Life Community Church begins each year with a time of fasting and praying. The purpose of this is to take our focus off of our earthly concerns and listen to what God has for us as both a church and as individuals in the&hellip;<\/p>","protected":false},"author":2,"featured_media":2797,"parent":0,"menu_order":0,"comment_status":"closed","ping_status":"closed","template":"tpl-no-header-footer.php","meta":{"_acf_changed":false,"_monsterinsights_skip_tracking":false,"_monsterinsights_sitenote_active":false,"_monsterinsights_sitenote_note":"","_monsterinsights_sitenote_category":0,"footnotes":""},"categories":[],"tags":[],"class_list":["post-1315","page","type-page","status-publish","has-post-thumbnail","hentry"],"acf":[],"yoast_head":"<!-- This site is optimized with the Yoast SEO plugin v27.4 - https:\/\/yoast.com\/product\/yoast-seo-wordpress\/ -->\n<title>A Guide to Prayer and Fasting - New Life Community Church<\/title>\n<meta name=\"description\" content=\"Download our 21 Days of Prayer and Fasting guide to help you prepare for our prayer and fasting season.\" \/>\n<meta name=\"robots\" content=\"index, follow, max-snippet:-1, max-image-preview:large, max-video-preview:-1\" \/>\n<link rel=\"canonical\" href=\"https:\/\/newlifecommunity.church\/es\/a-guide-to-prayer-and-fasting\/\" \/>\n<meta property=\"og:locale\" content=\"es_MX\" \/>\n<meta property=\"og:type\" content=\"article\" \/>\n<meta property=\"og:title\" content=\"21 Days of Prayer and Fasting\" \/>\n<meta property=\"og:description\" content=\"Download our 21 Days of Prayer and Fasting guide to help you prepare for our prayer and fasting season.\" \/>\n<meta property=\"og:url\" content=\"https:\/\/newlifecommunity.church\/es\/a-guide-to-prayer-and-fasting\/\" \/>\n<meta property=\"og:site_name\" content=\"New Life Community Church\" \/>\n<meta property=\"article:publisher\" content=\"https:\/\/facebook.com\/newlifechicago\" \/>\n<meta property=\"article:modified_time\" content=\"2023-01-07T14:45:57+00:00\" \/>\n<meta property=\"og:image\" content=\"https:\/\/newlifecommunity.church\/wp-content\/uploads\/2023\/01\/21-Days-of-Fasting-and-Prayer_1920x1080-Cover-English-Alt1-1024x576.png\" \/>\n\t<meta property=\"og:image:width\" content=\"1024\" \/>\n\t<meta property=\"og:image:height\" content=\"576\" \/>\n\t<meta property=\"og:image:type\" content=\"image\/png\" \/>\n<meta name=\"twitter:card\" content=\"summary_large_image\" \/>\n<meta name=\"twitter:title\" content=\"21 Days of Prayer and Fasting\" \/>\n<meta name=\"twitter:description\" content=\"Download our 21 Days of Prayer and Fasting guide to help you prepare for our prayer and fasting season.\" \/>\n<meta name=\"twitter:site\" content=\"@newlifechicago\" \/>\n<meta name=\"twitter:label1\" content=\"Tiempo de lectura\" \/>\n\t<meta name=\"twitter:data1\" content=\"7 minutos\" \/>\n<script type=\"application\/ld+json\" class=\"yoast-schema-graph\">{\"@context\":\"https:\\\/\\\/schema.org\",\"@graph\":[{\"@type\":\"WebPage\",\"@id\":\"https:\\\/\\\/newlifecommunity.church\\\/a-guide-to-prayer-and-fasting\\\/\",\"url\":\"https:\\\/\\\/newlifecommunity.church\\\/a-guide-to-prayer-and-fasting\\\/\",\"name\":\"A Guide to Prayer and Fasting - New Life Community Church\",\"isPartOf\":{\"@id\":\"https:\\\/\\\/newlifecommunity.church\\\/#website\"},\"primaryImageOfPage\":{\"@id\":\"https:\\\/\\\/newlifecommunity.church\\\/a-guide-to-prayer-and-fasting\\\/#primaryimage\"},\"image\":{\"@id\":\"https:\\\/\\\/newlifecommunity.church\\\/a-guide-to-prayer-and-fasting\\\/#primaryimage\"},\"thumbnailUrl\":\"https:\\\/\\\/newlifecommunity.church\\\/wp-content\\\/uploads\\\/2023\\\/01\\\/21-Days-of-Fasting-and-Prayer_1920x1080-Cover-English-Alt1.png\",\"datePublished\":\"2019-12-27T14:32:20+00:00\",\"dateModified\":\"2023-01-07T14:45:57+00:00\",\"description\":\"Download our 21 Days of Prayer and Fasting guide to help you prepare for our prayer and fasting season.\",\"breadcrumb\":{\"@id\":\"https:\\\/\\\/newlifecommunity.church\\\/a-guide-to-prayer-and-fasting\\\/#breadcrumb\"},\"inLanguage\":\"es-MX\",\"potentialAction\":[{\"@type\":\"ReadAction\",\"target\":[\"https:\\\/\\\/newlifecommunity.church\\\/a-guide-to-prayer-and-fasting\\\/\"]}]},{\"@type\":\"ImageObject\",\"inLanguage\":\"es-MX\",\"@id\":\"https:\\\/\\\/newlifecommunity.church\\\/a-guide-to-prayer-and-fasting\\\/#primaryimage\",\"url\":\"https:\\\/\\\/newlifecommunity.church\\\/wp-content\\\/uploads\\\/2023\\\/01\\\/21-Days-of-Fasting-and-Prayer_1920x1080-Cover-English-Alt1.png\",\"contentUrl\":\"https:\\\/\\\/newlifecommunity.church\\\/wp-content\\\/uploads\\\/2023\\\/01\\\/21-Days-of-Fasting-and-Prayer_1920x1080-Cover-English-Alt1.png\",\"width\":1920,\"height\":1080},{\"@type\":\"BreadcrumbList\",\"@id\":\"https:\\\/\\\/newlifecommunity.church\\\/a-guide-to-prayer-and-fasting\\\/#breadcrumb\",\"itemListElement\":[{\"@type\":\"ListItem\",\"position\":1,\"name\":\"Home\",\"item\":\"https:\\\/\\\/newlifecommunity.church\\\/\"},{\"@type\":\"ListItem\",\"position\":2,\"name\":\"A Guide to Prayer and Fasting\"}]},{\"@type\":\"WebSite\",\"@id\":\"https:\\\/\\\/newlifecommunity.church\\\/#website\",\"url\":\"https:\\\/\\\/newlifecommunity.church\\\/\",\"name\":\"New Life Community Church\",\"description\":\"One Church, Many Locations\",\"publisher\":{\"@id\":\"https:\\\/\\\/newlifecommunity.church\\\/#organization\"},\"potentialAction\":[{\"@type\":\"SearchAction\",\"target\":{\"@type\":\"EntryPoint\",\"urlTemplate\":\"https:\\\/\\\/newlifecommunity.church\\\/?s={search_term_string}\"},\"query-input\":{\"@type\":\"PropertyValueSpecification\",\"valueRequired\":true,\"valueName\":\"search_term_string\"}}],\"inLanguage\":\"es-MX\"},{\"@type\":\"Organization\",\"@id\":\"https:\\\/\\\/newlifecommunity.church\\\/#organization\",\"name\":\"New Life Community Church\",\"url\":\"https:\\\/\\\/newlifecommunity.church\\\/\",\"logo\":{\"@type\":\"ImageObject\",\"inLanguage\":\"es-MX\",\"@id\":\"https:\\\/\\\/newlifecommunity.church\\\/#\\\/schema\\\/logo\\\/image\\\/\",\"url\":\"https:\\\/\\\/newlifecommunity.church\\\/wp-content\\\/uploads\\\/2022\\\/02\\\/NewLife_RGB_Primary.png\",\"contentUrl\":\"https:\\\/\\\/newlifecommunity.church\\\/wp-content\\\/uploads\\\/2022\\\/02\\\/NewLife_RGB_Primary.png\",\"width\":6250,\"height\":2151,\"caption\":\"New Life Community Church\"},\"image\":{\"@id\":\"https:\\\/\\\/newlifecommunity.church\\\/#\\\/schema\\\/logo\\\/image\\\/\"},\"sameAs\":[\"https:\\\/\\\/facebook.com\\\/newlifechicago\",\"https:\\\/\\\/x.com\\\/newlifechicago\",\"https:\\\/\\\/www.linkedin.com\\\/company\\\/newlifechicago\",\"https:\\\/\\\/www.youtube.com\\\/newlifemidway\",\"https:\\\/\\\/www.instagram.com\\\/newlifechicago\\\/\"]}]}<\/script>\n<!-- \/ Yoast SEO plugin. -->","yoast_head_json":{"title":"A Guide to Prayer and Fasting - New Life Community Church","description":"Download our 21 Days of Prayer and Fasting guide to help you prepare for our prayer and fasting season.","robots":{"index":"index","follow":"follow","max-snippet":"max-snippet:-1","max-image-preview":"max-image-preview:large","max-video-preview":"max-video-preview:-1"},"canonical":"https:\/\/newlifecommunity.church\/es\/a-guide-to-prayer-and-fasting\/","og_locale":"es_MX","og_type":"article","og_title":"21 Days of Prayer and Fasting","og_description":"Download our 21 Days of Prayer and Fasting guide to help you prepare for our prayer and fasting season.","og_url":"https:\/\/newlifecommunity.church\/es\/a-guide-to-prayer-and-fasting\/","og_site_name":"New Life Community Church","article_publisher":"https:\/\/facebook.com\/newlifechicago","article_modified_time":"2023-01-07T14:45:57+00:00","og_image":[{"width":1024,"height":576,"url":"https:\/\/newlifecommunity.church\/wp-content\/uploads\/2023\/01\/21-Days-of-Fasting-and-Prayer_1920x1080-Cover-English-Alt1-1024x576.png","type":"image\/png"}],"twitter_card":"summary_large_image","twitter_title":"21 Days of Prayer and Fasting","twitter_description":"Download our 21 Days of Prayer and Fasting guide to help you prepare for our prayer and fasting season.","twitter_site":"@newlifechicago","twitter_misc":{"Tiempo de lectura":"7 minutos"},"schema":{"@context":"https:\/\/schema.org","@graph":[{"@type":"WebPage","@id":"https:\/\/newlifecommunity.church\/a-guide-to-prayer-and-fasting\/","url":"https:\/\/newlifecommunity.church\/a-guide-to-prayer-and-fasting\/","name":"A Guide to Prayer and Fasting - New Life Community Church","isPartOf":{"@id":"https:\/\/newlifecommunity.church\/#website"},"primaryImageOfPage":{"@id":"https:\/\/newlifecommunity.church\/a-guide-to-prayer-and-fasting\/#primaryimage"},"image":{"@id":"https:\/\/newlifecommunity.church\/a-guide-to-prayer-and-fasting\/#primaryimage"},"thumbnailUrl":"https:\/\/newlifecommunity.church\/wp-content\/uploads\/2023\/01\/21-Days-of-Fasting-and-Prayer_1920x1080-Cover-English-Alt1.png","datePublished":"2019-12-27T14:32:20+00:00","dateModified":"2023-01-07T14:45:57+00:00","description":"Download our 21 Days of Prayer and Fasting guide to help you prepare for our prayer and fasting season.","breadcrumb":{"@id":"https:\/\/newlifecommunity.church\/a-guide-to-prayer-and-fasting\/#breadcrumb"},"inLanguage":"es-MX","potentialAction":[{"@type":"ReadAction","target":["https:\/\/newlifecommunity.church\/a-guide-to-prayer-and-fasting\/"]}]},{"@type":"ImageObject","inLanguage":"es-MX","@id":"https:\/\/newlifecommunity.church\/a-guide-to-prayer-and-fasting\/#primaryimage","url":"https:\/\/newlifecommunity.church\/wp-content\/uploads\/2023\/01\/21-Days-of-Fasting-and-Prayer_1920x1080-Cover-English-Alt1.png","contentUrl":"https:\/\/newlifecommunity.church\/wp-content\/uploads\/2023\/01\/21-Days-of-Fasting-and-Prayer_1920x1080-Cover-English-Alt1.png","width":1920,"height":1080},{"@type":"BreadcrumbList","@id":"https:\/\/newlifecommunity.church\/a-guide-to-prayer-and-fasting\/#breadcrumb","itemListElement":[{"@type":"ListItem","position":1,"name":"Home","item":"https:\/\/newlifecommunity.church\/"},{"@type":"ListItem","position":2,"name":"A Guide to Prayer and Fasting"}]},{"@type":"WebSite","@id":"https:\/\/newlifecommunity.church\/#website","url":"https:\/\/newlifecommunity.church\/","name":"Iglesia Comunidad Nueva Vida","description":"Una iglesia, por toda la ciudad","publisher":{"@id":"https:\/\/newlifecommunity.church\/#organization"},"potentialAction":[{"@type":"SearchAction","target":{"@type":"EntryPoint","urlTemplate":"https:\/\/newlifecommunity.church\/?s={search_term_string}"},"query-input":{"@type":"PropertyValueSpecification","valueRequired":true,"valueName":"search_term_string"}}],"inLanguage":"es-MX"},{"@type":"Organization","@id":"https:\/\/newlifecommunity.church\/#organization","name":"Iglesia Comunidad Nueva Vida","url":"https:\/\/newlifecommunity.church\/","logo":{"@type":"ImageObject","inLanguage":"es-MX","@id":"https:\/\/newlifecommunity.church\/#\/schema\/logo\/image\/","url":"https:\/\/newlifecommunity.church\/wp-content\/uploads\/2022\/02\/NewLife_RGB_Primary.png","contentUrl":"https:\/\/newlifecommunity.church\/wp-content\/uploads\/2022\/02\/NewLife_RGB_Primary.png","width":6250,"height":2151,"caption":"New Life Community Church"},"image":{"@id":"https:\/\/newlifecommunity.church\/#\/schema\/logo\/image\/"},"sameAs":["https:\/\/facebook.com\/newlifechicago","https:\/\/x.com\/newlifechicago","https:\/\/www.linkedin.com\/company\/newlifechicago","https:\/\/www.youtube.com\/newlifemidway","https:\/\/www.instagram.com\/newlifechicago\/"]}]}},"_links":{"self":[{"href":"https:\/\/newlifecommunity.church\/es\/wp-json\/wp\/v2\/pages\/1315","targetHints":{"allow":["GET"]}}],"collection":[{"href":"https:\/\/newlifecommunity.church\/es\/wp-json\/wp\/v2\/pages"}],"about":[{"href":"https:\/\/newlifecommunity.church\/es\/wp-json\/wp\/v2\/types\/page"}],"author":[{"embeddable":true,"href":"https:\/\/newlifecommunity.church\/es\/wp-json\/wp\/v2\/users\/2"}],"replies":[{"embeddable":true,"href":"https:\/\/newlifecommunity.church\/es\/wp-json\/wp\/v2\/comments?post=1315"}],"version-history":[{"count":0,"href":"https:\/\/newlifecommunity.church\/es\/wp-json\/wp\/v2\/pages\/1315\/revisions"}],"wp:featuredmedia":[{"embeddable":true,"href":"https:\/\/newlifecommunity.church\/es\/wp-json\/wp\/v2\/media\/2797"}],"wp:attachment":[{"href":"https:\/\/newlifecommunity.church\/es\/wp-json\/wp\/v2\/media?parent=1315"}],"wp:term":[{"taxonomy":"category","embeddable":true,"href":"https:\/\/newlifecommunity.church\/es\/wp-json\/wp\/v2\/categories?post=1315"},{"taxonomy":"post_tag","embeddable":true,"href":"https:\/\/newlifecommunity.church\/es\/wp-json\/wp\/v2\/tags?post=1315"}],"curies":[{"name":"wp","href":"https:\/\/api.w.org\/{rel}","templated":true}]}}