{"id":1454,"date":"2020-03-20T18:08:09","date_gmt":"2020-03-20T18:08:09","guid":{"rendered":"https:\/\/newlifecommunity.church\/?page_id=1454"},"modified":"2024-04-25T15:35:23","modified_gmt":"2024-04-25T15:35:23","slug":"nueva-vida-albany-park","status":"publish","type":"page","link":"https:\/\/newlifecommunity.church\/es\/nueva-vida-albany-park\/","title":{"rendered":"Nueva Vida Albany Park"},"content":{"rendered":"<h1>\n\t\tAlbany Park\n\t<\/h1>\n<h3>\n\t\tDomingos a las 9:30AM\n\t<\/h3>\n\t\t\t<a href=\"https:\/\/www.facebook.com\/NuevaVidaAlbanyPark\/live\" target=\"_blank\" rel=\"noopener\">\n\t\t\t\t\t\t\t VER EN L\u00cdNEA\n\t\t\t\t\t<\/a>\n\t\t\t<a href=\"https:\/\/pushpay.com\/g\/nvalbanypark?lang=es\" target=\"_blank\" rel=\"noopener\">\n\t\t\t\t\t\t\tDar\n\t\t\t\t\t<\/a>\n\t\t<h3>Bienvenidos a Nueva Vida<\/h3><p>Nuestro prop\u00f3sito es ser una familia de amor que coopere con Dios para hacer que los seguidores de Cristo sean devotos permanentemente. Watch our welcome video to learn about our church and connect with us today.<\/p>\n<h2>\n\t\tVamos A Conectar\n\t<\/h2>\n\t\t\t<img decoding=\"async\" src=\"https:\/\/i.ytimg.com\/vi\/IyFyeuhk7VU\/hqdefault.jpg\" alt=\"Video\" \/>\t\t\t\t\t\t\t\n\t\t\t\t\tPlay Video\n\t<h3>\u00bfEs tu primera vez aqu\u00ed?<\/h3>\n<p>Sabemos que visitar un lugar por primera vez puede ser intimidante. Pero en Nueva Vida, \u00a1nuestro deseo es que te sientas como en casa desde el momento en que entras al estacionamiento! Como nuestro invitado, eres muy importante para nosotros, por lo que estaremos contigo en cada paso del camino!<\/p>\n\t\t\t\t<img loading=\"lazy\" decoding=\"async\" src=\"https:\/\/newlifecommunity.church\/wp-content\/uploads\/2023\/03\/new-life-kids.jpg\" alt=\"new-life-kids\" itemprop=\"image\" height=\"1080\" width=\"1080\" title=\"new-life-kids\" onerror=\"this.style.display='none'\"  \/>\n\t<h3>\u00bfY mis hijos?<\/h3>\n<p>Nuestra escuela dominical est\u00e1 disponible para ni\u00f1os (desde nacimiento hasta el sexto grado) en cada servicio. El crecimiento espiritual de cada ni\u00f1o es nuestra m\u00e1xima prioridad y nuestra pasi\u00f3n es crear lecciones divertidas, guiadas por la Biblia e interactivas, especialmente dise\u00f1adas para ellos.<\/p>\n\t<h3>\u00bfQu\u00e9 ropa debo usar?<\/h3>\n<p>\u00a1En la Iglesia Comunidad Nueva Vida, no hay c\u00f3digo de vestimenta! Algunas personas se visten con trajes o vestidos, y otras usan camisetas y pantalones vaqueros. \u00a1Queremos que uses lo que te haga sentir c\u00f3modo!<\/p>\n<h2>\n\t\tConoce a nuestro equipo\n\t<\/h2>\n\t\t\t<a href=\"mailto:nuevavidaalbanypark@newlifechicago.org\" target=\"_self\" rel=\"noopener\"><img decoding=\"async\" loading='false' src=\"https:\/\/newlifecommunity.church\/wp-content\/uploads\/2018\/08\/juancarlos.jpg\" alt=\"\" \/><\/a>\t\t\t\n\t\t\t\t<h3>Pastor Juan Carlos y Elly Callan<\/h3>\n\t\t\t<a href=\"mailto:nuevavidaalbanypark@newlifechicago.org\" target=\"_self\" rel=\"noopener\">\n\t\t\t\t\t\t\tcont\u00e1ctanos\n\t\t\t\t\t<\/a>\n<a href=\"mailto:nuevavidaalbanypark@newlifechicago.org\" target=\"_self\" rel=\"noopener\"><img decoding=\"async\" loading='false' src=\"https:\/\/newlifecommunity.church\/wp-content\/uploads\/2018\/08\/juancarlos.jpg\" alt=\"\" \/><\/a>\t\t\t\n\t\t<h1>\u00bfListo para dar el siguiente paso?<\/h1>\n\t\t<p>Navegar por la vida puede ser dif\u00edcil \u00a1Encontrar tu camino en Nueva Vida es simple!<\/p>\n\t\t\t<a href=\"https:\/\/newlifecommunity.church\/es\/proximos-pasos\/\" target=\"_self\" rel=\"noopener\">\n\t\t\t\t\t\tEmpieza aqu\u00ed\n\t\t\t\t\t<\/a>","protected":false},"excerpt":{"rendered":"<p>Albany Park Domingos a las 9:30AM VER EN L\u00cdNEA Dar Bienvenidos a Nueva Vida Nuestro prop\u00f3sito es ser una familia de amor que coopere con Dios para hacer que los seguidores de Cristo sean devotos permanentemente. Watch our welcome video to learn about our church and connect with us today. Vamos A Conectar Play Video&hellip;<\/p>","protected":false},"author":2,"featured_media":1203,"parent":0,"menu_order":0,"comment_status":"closed","ping_status":"closed","template":"","meta":{"_acf_changed":false,"_monsterinsights_skip_tracking":false,"_monsterinsights_sitenote_active":false,"_monsterinsights_sitenote_note":"","_monsterinsights_sitenote_category":0,"footnotes":""},"categories":[],"tags":[],"class_list":["post-1454","page","type-page","status-publish","has-post-thumbnail","hentry"],"acf":[],"yoast_head":"<!-- This site is optimized with the Yoast SEO plugin v27.4 - https:\/\/yoast.com\/product\/yoast-seo-wordpress\/ -->\n<title>Nueva Vida Albany Park - New Life Community Church<\/title>\n<meta name=\"robots\" content=\"index, follow, max-snippet:-1, max-image-preview:large, max-video-preview:-1\" \/>\n<link rel=\"canonical\" href=\"https:\/\/newlifecommunity.church\/es\/nueva-vida-albany-park\/\" \/>\n<meta property=\"og:locale\" content=\"es_MX\" \/>\n<meta property=\"og:type\" content=\"article\" \/>\n<meta property=\"og:title\" content=\"Nueva Vida Albany Park - New Life Community Church\" \/>\n<meta property=\"og:description\" content=\"Albany Park Domingos a las 9:30AM VER EN L\u00cdNEA Dar Bienvenidos a Nueva Vida Nuestro prop\u00f3sito es ser una familia de amor que coopere con Dios para hacer que los seguidores de Cristo sean devotos permanentemente. Watch our welcome video to learn about our church and connect with us today. Vamos A Conectar Play Video&hellip;\" \/>\n<meta property=\"og:url\" content=\"https:\/\/newlifecommunity.church\/es\/nueva-vida-albany-park\/\" \/>\n<meta property=\"og:site_name\" content=\"New Life Community Church\" \/>\n<meta property=\"article:publisher\" content=\"https:\/\/facebook.com\/newlifechicago\" \/>\n<meta property=\"article:modified_time\" content=\"2024-04-25T15:35:23+00:00\" \/>\n<meta property=\"og:image\" content=\"https:\/\/newlifecommunity.church\/wp-content\/uploads\/2019\/09\/albanypark-header.jpg\" \/>\n\t<meta property=\"og:image:width\" content=\"1920\" \/>\n\t<meta property=\"og:image:height\" content=\"1080\" \/>\n\t<meta property=\"og:image:type\" content=\"image\/jpeg\" \/>\n<meta name=\"twitter:card\" content=\"summary_large_image\" \/>\n<meta name=\"twitter:site\" content=\"@newlifechicago\" \/>\n<meta name=\"twitter:label1\" content=\"Tiempo de lectura\" \/>\n\t<meta name=\"twitter:data1\" content=\"2 minutos\" \/>\n<script type=\"application\/ld+json\" class=\"yoast-schema-graph\">{\"@context\":\"https:\\\/\\\/schema.org\",\"@graph\":[{\"@type\":\"WebPage\",\"@id\":\"https:\\\/\\\/newlifecommunity.church\\\/nueva-vida-albany-park\\\/\",\"url\":\"https:\\\/\\\/newlifecommunity.church\\\/nueva-vida-albany-park\\\/\",\"name\":\"Nueva Vida Albany Park - New Life Community Church\",\"isPartOf\":{\"@id\":\"https:\\\/\\\/newlifecommunity.church\\\/#website\"},\"primaryImageOfPage\":{\"@id\":\"https:\\\/\\\/newlifecommunity.church\\\/nueva-vida-albany-park\\\/#primaryimage\"},\"image\":{\"@id\":\"https:\\\/\\\/newlifecommunity.church\\\/nueva-vida-albany-park\\\/#primaryimage\"},\"thumbnailUrl\":\"https:\\\/\\\/newlifecommunity.church\\\/wp-content\\\/uploads\\\/2019\\\/09\\\/albanypark-header.jpg\",\"datePublished\":\"2020-03-20T18:08:09+00:00\",\"dateModified\":\"2024-04-25T15:35:23+00:00\",\"breadcrumb\":{\"@id\":\"https:\\\/\\\/newlifecommunity.church\\\/nueva-vida-albany-park\\\/#breadcrumb\"},\"inLanguage\":\"es-MX\",\"potentialAction\":[{\"@type\":\"ReadAction\",\"target\":[\"https:\\\/\\\/newlifecommunity.church\\\/nueva-vida-albany-park\\\/\"]}]},{\"@type\":\"ImageObject\",\"inLanguage\":\"es-MX\",\"@id\":\"https:\\\/\\\/newlifecommunity.church\\\/nueva-vida-albany-park\\\/#primaryimage\",\"url\":\"https:\\\/\\\/newlifecommunity.church\\\/wp-content\\\/uploads\\\/2019\\\/09\\\/albanypark-header.jpg\",\"contentUrl\":\"https:\\\/\\\/newlifecommunity.church\\\/wp-content\\\/uploads\\\/2019\\\/09\\\/albanypark-header.jpg\",\"width\":1920,\"height\":1080,\"caption\":\"Albany Park\"},{\"@type\":\"BreadcrumbList\",\"@id\":\"https:\\\/\\\/newlifecommunity.church\\\/nueva-vida-albany-park\\\/#breadcrumb\",\"itemListElement\":[{\"@type\":\"ListItem\",\"position\":1,\"name\":\"Home\",\"item\":\"https:\\\/\\\/newlifecommunity.church\\\/\"},{\"@type\":\"ListItem\",\"position\":2,\"name\":\"Nueva Vida Albany Park\"}]},{\"@type\":\"WebSite\",\"@id\":\"https:\\\/\\\/newlifecommunity.church\\\/#website\",\"url\":\"https:\\\/\\\/newlifecommunity.church\\\/\",\"name\":\"New Life Community Church\",\"description\":\"One Church, Many Locations\",\"publisher\":{\"@id\":\"https:\\\/\\\/newlifecommunity.church\\\/#organization\"},\"potentialAction\":[{\"@type\":\"SearchAction\",\"target\":{\"@type\":\"EntryPoint\",\"urlTemplate\":\"https:\\\/\\\/newlifecommunity.church\\\/?s={search_term_string}\"},\"query-input\":{\"@type\":\"PropertyValueSpecification\",\"valueRequired\":true,\"valueName\":\"search_term_string\"}}],\"inLanguage\":\"es-MX\"},{\"@type\":\"Organization\",\"@id\":\"https:\\\/\\\/newlifecommunity.church\\\/#organization\",\"name\":\"New Life Community Church\",\"url\":\"https:\\\/\\\/newlifecommunity.church\\\/\",\"logo\":{\"@type\":\"ImageObject\",\"inLanguage\":\"es-MX\",\"@id\":\"https:\\\/\\\/newlifecommunity.church\\\/#\\\/schema\\\/logo\\\/image\\\/\",\"url\":\"https:\\\/\\\/newlifecommunity.church\\\/wp-content\\\/uploads\\\/2022\\\/02\\\/NewLife_RGB_Primary.png\",\"contentUrl\":\"https:\\\/\\\/newlifecommunity.church\\\/wp-content\\\/uploads\\\/2022\\\/02\\\/NewLife_RGB_Primary.png\",\"width\":6250,\"height\":2151,\"caption\":\"New Life Community Church\"},\"image\":{\"@id\":\"https:\\\/\\\/newlifecommunity.church\\\/#\\\/schema\\\/logo\\\/image\\\/\"},\"sameAs\":[\"https:\\\/\\\/facebook.com\\\/newlifechicago\",\"https:\\\/\\\/x.com\\\/newlifechicago\",\"https:\\\/\\\/www.linkedin.com\\\/company\\\/newlifechicago\",\"https:\\\/\\\/www.youtube.com\\\/newlifemidway\",\"https:\\\/\\\/www.instagram.com\\\/newlifechicago\\\/\"]}]}<\/script>\n<!-- \/ Yoast SEO plugin. -->","yoast_head_json":{"title":"Nueva Vida Albany Park - New Life Community Church","robots":{"index":"index","follow":"follow","max-snippet":"max-snippet:-1","max-image-preview":"max-image-preview:large","max-video-preview":"max-video-preview:-1"},"canonical":"https:\/\/newlifecommunity.church\/es\/nueva-vida-albany-park\/","og_locale":"es_MX","og_type":"article","og_title":"Nueva Vida Albany Park - New Life Community Church","og_description":"Albany Park Domingos a las 9:30AM VER EN L\u00cdNEA Dar Bienvenidos a Nueva Vida Nuestro prop\u00f3sito es ser una familia de amor que coopere con Dios para hacer que los seguidores de Cristo sean devotos permanentemente. Watch our welcome video to learn about our church and connect with us today. Vamos A Conectar Play Video&hellip;","og_url":"https:\/\/newlifecommunity.church\/es\/nueva-vida-albany-park\/","og_site_name":"New Life Community Church","article_publisher":"https:\/\/facebook.com\/newlifechicago","article_modified_time":"2024-04-25T15:35:23+00:00","og_image":[{"width":1920,"height":1080,"url":"https:\/\/newlifecommunity.church\/wp-content\/uploads\/2019\/09\/albanypark-header.jpg","type":"image\/jpeg"}],"twitter_card":"summary_large_image","twitter_site":"@newlifechicago","twitter_misc":{"Tiempo de lectura":"2 minutos"},"schema":{"@context":"https:\/\/schema.org","@graph":[{"@type":"WebPage","@id":"https:\/\/newlifecommunity.church\/nueva-vida-albany-park\/","url":"https:\/\/newlifecommunity.church\/nueva-vida-albany-park\/","name":"Nueva Vida Albany Park - New Life Community Church","isPartOf":{"@id":"https:\/\/newlifecommunity.church\/#website"},"primaryImageOfPage":{"@id":"https:\/\/newlifecommunity.church\/nueva-vida-albany-park\/#primaryimage"},"image":{"@id":"https:\/\/newlifecommunity.church\/nueva-vida-albany-park\/#primaryimage"},"thumbnailUrl":"https:\/\/newlifecommunity.church\/wp-content\/uploads\/2019\/09\/albanypark-header.jpg","datePublished":"2020-03-20T18:08:09+00:00","dateModified":"2024-04-25T15:35:23+00:00","breadcrumb":{"@id":"https:\/\/newlifecommunity.church\/nueva-vida-albany-park\/#breadcrumb"},"inLanguage":"es-MX","potentialAction":[{"@type":"ReadAction","target":["https:\/\/newlifecommunity.church\/nueva-vida-albany-park\/"]}]},{"@type":"ImageObject","inLanguage":"es-MX","@id":"https:\/\/newlifecommunity.church\/nueva-vida-albany-park\/#primaryimage","url":"https:\/\/newlifecommunity.church\/wp-content\/uploads\/2019\/09\/albanypark-header.jpg","contentUrl":"https:\/\/newlifecommunity.church\/wp-content\/uploads\/2019\/09\/albanypark-header.jpg","width":1920,"height":1080,"caption":"Albany Park"},{"@type":"BreadcrumbList","@id":"https:\/\/newlifecommunity.church\/nueva-vida-albany-park\/#breadcrumb","itemListElement":[{"@type":"ListItem","position":1,"name":"Home","item":"https:\/\/newlifecommunity.church\/"},{"@type":"ListItem","position":2,"name":"Nueva Vida Albany Park"}]},{"@type":"WebSite","@id":"https:\/\/newlifecommunity.church\/#website","url":"https:\/\/newlifecommunity.church\/","name":"Iglesia Comunidad Nueva Vida","description":"Una iglesia, por toda la ciudad","publisher":{"@id":"https:\/\/newlifecommunity.church\/#organization"},"potentialAction":[{"@type":"SearchAction","target":{"@type":"EntryPoint","urlTemplate":"https:\/\/newlifecommunity.church\/?s={search_term_string}"},"query-input":{"@type":"PropertyValueSpecification","valueRequired":true,"valueName":"search_term_string"}}],"inLanguage":"es-MX"},{"@type":"Organization","@id":"https:\/\/newlifecommunity.church\/#organization","name":"Iglesia Comunidad Nueva Vida","url":"https:\/\/newlifecommunity.church\/","logo":{"@type":"ImageObject","inLanguage":"es-MX","@id":"https:\/\/newlifecommunity.church\/#\/schema\/logo\/image\/","url":"https:\/\/newlifecommunity.church\/wp-content\/uploads\/2022\/02\/NewLife_RGB_Primary.png","contentUrl":"https:\/\/newlifecommunity.church\/wp-content\/uploads\/2022\/02\/NewLife_RGB_Primary.png","width":6250,"height":2151,"caption":"New Life Community Church"},"image":{"@id":"https:\/\/newlifecommunity.church\/#\/schema\/logo\/image\/"},"sameAs":["https:\/\/facebook.com\/newlifechicago","https:\/\/x.com\/newlifechicago","https:\/\/www.linkedin.com\/company\/newlifechicago","https:\/\/www.youtube.com\/newlifemidway","https:\/\/www.instagram.com\/newlifechicago\/"]}]}},"_links":{"self":[{"href":"https:\/\/newlifecommunity.church\/es\/wp-json\/wp\/v2\/pages\/1454","targetHints":{"allow":["GET"]}}],"collection":[{"href":"https:\/\/newlifecommunity.church\/es\/wp-json\/wp\/v2\/pages"}],"about":[{"href":"https:\/\/newlifecommunity.church\/es\/wp-json\/wp\/v2\/types\/page"}],"author":[{"embeddable":true,"href":"https:\/\/newlifecommunity.church\/es\/wp-json\/wp\/v2\/users\/2"}],"replies":[{"embeddable":true,"href":"https:\/\/newlifecommunity.church\/es\/wp-json\/wp\/v2\/comments?post=1454"}],"version-history":[{"count":0,"href":"https:\/\/newlifecommunity.church\/es\/wp-json\/wp\/v2\/pages\/1454\/revisions"}],"wp:featuredmedia":[{"embeddable":true,"href":"https:\/\/newlifecommunity.church\/es\/wp-json\/wp\/v2\/media\/1203"}],"wp:attachment":[{"href":"https:\/\/newlifecommunity.church\/es\/wp-json\/wp\/v2\/media?parent=1454"}],"wp:term":[{"taxonomy":"category","embeddable":true,"href":"https:\/\/newlifecommunity.church\/es\/wp-json\/wp\/v2\/categories?post=1454"},{"taxonomy":"post_tag","embeddable":true,"href":"https:\/\/newlifecommunity.church\/es\/wp-json\/wp\/v2\/tags?post=1454"}],"curies":[{"name":"wp","href":"https:\/\/api.w.org\/{rel}","templated":true}]}}