{"id":1458,"date":"2020-03-20T18:20:35","date_gmt":"2020-03-20T18:20:35","guid":{"rendered":"https:\/\/newlifecommunity.church\/?page_id=1458"},"modified":"2025-10-04T14:15:20","modified_gmt":"2025-10-04T14:15:20","slug":"la-villita","status":"publish","type":"page","link":"https:\/\/newlifecommunity.church\/es\/la-villita\/","title":{"rendered":"La Villita"},"content":{"rendered":"<h1>\n\t\t\tLa Villita\t<\/h1>\n\t<p><strong>Domingos a las 8:00AM Y 12:00PM<\/strong><\/p>\n<p><a href=\"https:\/\/goo.gl\/maps\/oiMWorbMb8v\"><strong>2657 S Lawndale Ave, Chicago, IL 60623<\/strong><\/a><\/p>\n<p><strong>littlevillage@newlifechicago.org<\/strong><\/p>\n<p><strong>773-762-0270<\/strong><\/p>\n\t\t\t<a href=\"https:\/\/pushpay.com\/g\/nvlavillita?lang=es\" target=\"_blank\" rel=\"noopener\">\n\t\t\t\t\t\t\tDar\n\t\t\t\t\t<\/a>\n<h1>\n\t\t\tAcerca de Nosotros\t<\/h1>\n\t<p>Nuestro prop\u00f3sito es ser una familia de amor que coopere con Dios para hacer que los seguidores de Cristo sean devotos permanentemente. Nos encantar\u00eda verte este domingo en Nueva Vida. \u00a1Mira nuestro video de bienvenida y aprende m\u00e1s a continuaci\u00f3n!<\/p>\n\t\t\t<img decoding=\"async\" src=\"https:\/\/i.ytimg.com\/vi\/xyo8S2jD2hE\/hqdefault.jpg\" alt=\"Video\" \/>\t\t\t\t\t\t\t\n\t\t\t\t\tPlay Video\n\t\t\t\t\t<a href=\"#\"  id=\"fl-accordion--label-0\" tabindex=\"0\" aria-controls=\"fl-accordion--panel-0\"><b>Su primera visita<\/b><\/a>\n\t\t\t\t\t\t\t\t\t\t\t<a href=\"#\" id=\"fl-accordion--icon-0\"  tabindex=\"0\"><i title=\"Expandir\">Expandir<\/i><\/a>\n\t\t\t\t\t<p>Sabemos que presentarse a un lugar nuevo por primera vez puede ser intimidante, pero en Iglesia Comunidad Nueva Vida es nuestro deseo que te sientas como en casa desde el momento en que entras en el estacionamiento. Como invitado por primera vez, tu es VIP para nosotros, \u00a1as\u00ed que estaremos all\u00ed contigo en cada paso del camino! \u00a1Incluso tenemos un regalo solo para ti!<\/p>\n\t\t\t\t\t<a href=\"#\"  id=\"fl-accordion--label-0\" tabindex=\"0\" aria-controls=\"fl-accordion--panel-0\"><b>Ser uno mismo<\/b><\/a>\n\t\t\t\t\t\t\t\t\t\t\t<a href=\"#\" id=\"fl-accordion--icon-0\"  tabindex=\"0\"><i title=\"Expandir\">Expandir<\/i><\/a>\n\t\t\t\t\t<p>\u00a1En la Iglesia Comunidad Nueva Vida, no hay c\u00f3digo de vestimenta! Algunas personas se visten con trajes o vestidos, y otras usan camisetas y pantalones vaqueros. \u00a1Queremos que uses lo que te haga sentir c\u00f3modo!<\/p>\n\t\t\t\t\t<a href=\"#\"  id=\"fl-accordion--label-0\" tabindex=\"0\" aria-controls=\"fl-accordion--panel-0\"><b>Trae a los ni\u00f1os<\/b><\/a>\n\t\t\t\t\t\t\t\t\t\t\t<a href=\"#\" id=\"fl-accordion--icon-0\"  tabindex=\"0\"><i title=\"Expandir\">Expandir<\/i><\/a>\n\t\t\t\t\t<p>Nuestra Zona de Ni\u00f1os est\u00e1 disponible para ni\u00f1os desde el nacimiento hasta el sexto grado. El cuidado y el crecimiento de cada ni\u00f1o es nuestra m\u00e1xima prioridad y nuestra pasi\u00f3n es crear lecciones interactivas e inspiradas en la Biblia, \u00a1especialmente dise\u00f1adas para sus hijos! \u00a1Nuestra Zona de Ni\u00f1os est\u00e1 disponible durante cada servicio de adoraci\u00f3n para que pueda disfrutar de un gran momento sabiendo que su hijo est\u00e1 siendo amado y cuidado!<\/p>\n<h1>\n\t\t\tConoce a nuestro equipo\t<\/h1>\n\t\t\t\t<img decoding=\"async\" src=\"https:\/\/newlifecommunity.church\/wp-content\/uploads\/2018\/08\/amador.jpg\" alt=\"&lt;strong&gt;Paco &amp; Sylvia Amador&lt;\/strong&gt;&lt;br&gt;&lt;em&gt;&lt;a href=&quot;https:\/\/newlifecommunity.church\/little-village-lawndale\/&quot;&gt;Visit Little Village Lawndale&lt;\/a&gt;&lt;\/em&gt;\" itemprop=\"image\" height=\"1080\" width=\"1080\" title=\"amador\" onerror=\"this.style.display='none'\" loading=\"lazy\" \/>\n\t<p><strong>Pastor Paco y Sylvia Amador<\/strong><\/p>\n<p>El Pastor Francisco &#8220;Paco&#8221; Amador naci\u00f3 en la ciudad de M\u00e9xico. Recibi\u00f3 su Licenciatura en Teolog\u00eda del Instituto B\u00edblico Moody, en la Ciudad de Chicago, Illinois, y una Maestr\u00eda en Educaci\u00f3n de la Universidad de Illinois, en Chicago.<\/p>\n<p>Tras varios a\u00f1os de experiencia misionera en Espa\u00f1a, y una d\u00e9cada en el magisterio, Paco finalmente ingres\u00f3 al ministerio como unos de los pastores miembros del Consejo Directivo de la Iglesia Nueva Vida en Chicago, Iglesia en la cual lleva cerca de 15 a\u00f1os dirigiendo una creciente congregaci\u00f3n biling\u00fce en el barrio inmigrante de La Villita.<\/p>\n<p>Nueva Vida es una iglesia con la estrategia de alcanzar a los 77 diferentes barrios y suburbios de la zona metropolitana de Chicago. Como iglesia multicultural, Nueva Vida afirma la unidad de la iglesia a trav\u00e9s de la diversidad de idiomas y grupos \u00e9tnicos de sus 27 diferentes congregaciones. Cada una de las congregaciones Nueva Vida toma la estrategia de sumergirse en el fluir de la vida del barrio en el que est\u00e1 centrada, convirti\u00e9ndose as\u00ed en el centro de amor y ayuda de su comunidad.<\/p>\n<p>Aunque es conferencista y escritor de varios art\u00edculos en publicaciones estadounidenses, el gozo m\u00e1s grande del pastor Paco es amar a Cristo y disfrutar de la amistad y el amor de su esposa Sylvia, nacida en Espa\u00f1a y egresada tambi\u00e9n del Instituto B\u00edblico Moody, y de sus 7 hijos.<\/p>\n<p>&nbsp;<\/p>","protected":false},"excerpt":{"rendered":"<p>La Villita Domingos a las 8:00AM Y 12:00PM 2657 S Lawndale Ave, Chicago, IL 60623 littlevillage@newlifechicago.org 773-762-0270 Dar Acerca de Nosotros Nuestro prop\u00f3sito es ser una familia de amor que coopere con Dios para hacer que los seguidores de Cristo sean devotos permanentemente. Nos encantar\u00eda verte este domingo en Nueva Vida. \u00a1Mira nuestro video de&hellip;<\/p>","protected":false},"author":2,"featured_media":2375,"parent":0,"menu_order":0,"comment_status":"closed","ping_status":"closed","template":"","meta":{"_acf_changed":false,"_monsterinsights_skip_tracking":false,"_monsterinsights_sitenote_active":false,"_monsterinsights_sitenote_note":"","_monsterinsights_sitenote_category":0,"footnotes":""},"categories":[],"tags":[],"class_list":["post-1458","page","type-page","status-publish","has-post-thumbnail","hentry"],"acf":[],"yoast_head":"<!-- This site is optimized with the Yoast SEO plugin v27.4 - https:\/\/yoast.com\/product\/yoast-seo-wordpress\/ -->\n<title>La Villita - New Life Community Church<\/title>\n<meta name=\"robots\" content=\"index, follow, max-snippet:-1, max-image-preview:large, max-video-preview:-1\" \/>\n<link rel=\"canonical\" href=\"https:\/\/newlifecommunity.church\/es\/la-villita\/\" \/>\n<meta property=\"og:locale\" content=\"es_MX\" \/>\n<meta property=\"og:type\" content=\"article\" \/>\n<meta property=\"og:title\" content=\"La Villita - New Life Community Church\" \/>\n<meta property=\"og:description\" content=\"La Villita Domingos a las 8:00AM Y 12:00PM 2657 S Lawndale Ave, Chicago, IL 60623 littlevillage@newlifechicago.org 773-762-0270 Dar Acerca de Nosotros Nuestro prop\u00f3sito es ser una familia de amor que coopere con Dios para hacer que los seguidores de Cristo sean devotos permanentemente. Nos encantar\u00eda verte este domingo en Nueva Vida. \u00a1Mira nuestro video de&hellip;\" \/>\n<meta property=\"og:url\" content=\"https:\/\/newlifecommunity.church\/es\/la-villita\/\" \/>\n<meta property=\"og:site_name\" content=\"New Life Community Church\" \/>\n<meta property=\"article:publisher\" content=\"https:\/\/facebook.com\/newlifechicago\" \/>\n<meta property=\"article:modified_time\" content=\"2025-10-04T14:15:20+00:00\" \/>\n<meta property=\"og:image\" content=\"https:\/\/newlifecommunity.church\/wp-content\/uploads\/2022\/02\/little-village-arch.jpg\" \/>\n\t<meta property=\"og:image:width\" content=\"715\" \/>\n\t<meta property=\"og:image:height\" content=\"402\" \/>\n\t<meta property=\"og:image:type\" content=\"image\/jpeg\" \/>\n<meta name=\"twitter:card\" content=\"summary_large_image\" \/>\n<meta name=\"twitter:site\" content=\"@newlifechicago\" \/>\n<meta name=\"twitter:label1\" content=\"Tiempo de lectura\" \/>\n\t<meta name=\"twitter:data1\" content=\"2 minutos\" \/>\n<script type=\"application\/ld+json\" class=\"yoast-schema-graph\">{\"@context\":\"https:\\\/\\\/schema.org\",\"@graph\":[{\"@type\":\"WebPage\",\"@id\":\"https:\\\/\\\/newlifecommunity.church\\\/la-villita\\\/\",\"url\":\"https:\\\/\\\/newlifecommunity.church\\\/la-villita\\\/\",\"name\":\"La Villita - New Life Community Church\",\"isPartOf\":{\"@id\":\"https:\\\/\\\/newlifecommunity.church\\\/#website\"},\"primaryImageOfPage\":{\"@id\":\"https:\\\/\\\/newlifecommunity.church\\\/la-villita\\\/#primaryimage\"},\"image\":{\"@id\":\"https:\\\/\\\/newlifecommunity.church\\\/la-villita\\\/#primaryimage\"},\"thumbnailUrl\":\"https:\\\/\\\/newlifecommunity.church\\\/wp-content\\\/uploads\\\/2022\\\/02\\\/little-village-arch.jpg\",\"datePublished\":\"2020-03-20T18:20:35+00:00\",\"dateModified\":\"2025-10-04T14:15:20+00:00\",\"breadcrumb\":{\"@id\":\"https:\\\/\\\/newlifecommunity.church\\\/la-villita\\\/#breadcrumb\"},\"inLanguage\":\"es-MX\",\"potentialAction\":[{\"@type\":\"ReadAction\",\"target\":[\"https:\\\/\\\/newlifecommunity.church\\\/la-villita\\\/\"]}]},{\"@type\":\"ImageObject\",\"inLanguage\":\"es-MX\",\"@id\":\"https:\\\/\\\/newlifecommunity.church\\\/la-villita\\\/#primaryimage\",\"url\":\"https:\\\/\\\/newlifecommunity.church\\\/wp-content\\\/uploads\\\/2022\\\/02\\\/little-village-arch.jpg\",\"contentUrl\":\"https:\\\/\\\/newlifecommunity.church\\\/wp-content\\\/uploads\\\/2022\\\/02\\\/little-village-arch.jpg\",\"width\":715,\"height\":402},{\"@type\":\"BreadcrumbList\",\"@id\":\"https:\\\/\\\/newlifecommunity.church\\\/la-villita\\\/#breadcrumb\",\"itemListElement\":[{\"@type\":\"ListItem\",\"position\":1,\"name\":\"Home\",\"item\":\"https:\\\/\\\/newlifecommunity.church\\\/\"},{\"@type\":\"ListItem\",\"position\":2,\"name\":\"La Villita\"}]},{\"@type\":\"WebSite\",\"@id\":\"https:\\\/\\\/newlifecommunity.church\\\/#website\",\"url\":\"https:\\\/\\\/newlifecommunity.church\\\/\",\"name\":\"New Life Community Church\",\"description\":\"One Church, Many Locations\",\"publisher\":{\"@id\":\"https:\\\/\\\/newlifecommunity.church\\\/#organization\"},\"potentialAction\":[{\"@type\":\"SearchAction\",\"target\":{\"@type\":\"EntryPoint\",\"urlTemplate\":\"https:\\\/\\\/newlifecommunity.church\\\/?s={search_term_string}\"},\"query-input\":{\"@type\":\"PropertyValueSpecification\",\"valueRequired\":true,\"valueName\":\"search_term_string\"}}],\"inLanguage\":\"es-MX\"},{\"@type\":\"Organization\",\"@id\":\"https:\\\/\\\/newlifecommunity.church\\\/#organization\",\"name\":\"New Life Community Church\",\"url\":\"https:\\\/\\\/newlifecommunity.church\\\/\",\"logo\":{\"@type\":\"ImageObject\",\"inLanguage\":\"es-MX\",\"@id\":\"https:\\\/\\\/newlifecommunity.church\\\/#\\\/schema\\\/logo\\\/image\\\/\",\"url\":\"https:\\\/\\\/newlifecommunity.church\\\/wp-content\\\/uploads\\\/2022\\\/02\\\/NewLife_RGB_Primary.png\",\"contentUrl\":\"https:\\\/\\\/newlifecommunity.church\\\/wp-content\\\/uploads\\\/2022\\\/02\\\/NewLife_RGB_Primary.png\",\"width\":6250,\"height\":2151,\"caption\":\"New Life Community Church\"},\"image\":{\"@id\":\"https:\\\/\\\/newlifecommunity.church\\\/#\\\/schema\\\/logo\\\/image\\\/\"},\"sameAs\":[\"https:\\\/\\\/facebook.com\\\/newlifechicago\",\"https:\\\/\\\/x.com\\\/newlifechicago\",\"https:\\\/\\\/www.linkedin.com\\\/company\\\/newlifechicago\",\"https:\\\/\\\/www.youtube.com\\\/newlifemidway\",\"https:\\\/\\\/www.instagram.com\\\/newlifechicago\\\/\"]}]}<\/script>\n<!-- \/ Yoast SEO plugin. -->","yoast_head_json":{"title":"La Villita - New Life Community Church","robots":{"index":"index","follow":"follow","max-snippet":"max-snippet:-1","max-image-preview":"max-image-preview:large","max-video-preview":"max-video-preview:-1"},"canonical":"https:\/\/newlifecommunity.church\/es\/la-villita\/","og_locale":"es_MX","og_type":"article","og_title":"La Villita - New Life Community Church","og_description":"La Villita Domingos a las 8:00AM Y 12:00PM 2657 S Lawndale Ave, Chicago, IL 60623 littlevillage@newlifechicago.org 773-762-0270 Dar Acerca de Nosotros Nuestro prop\u00f3sito es ser una familia de amor que coopere con Dios para hacer que los seguidores de Cristo sean devotos permanentemente. Nos encantar\u00eda verte este domingo en Nueva Vida. \u00a1Mira nuestro video de&hellip;","og_url":"https:\/\/newlifecommunity.church\/es\/la-villita\/","og_site_name":"New Life Community Church","article_publisher":"https:\/\/facebook.com\/newlifechicago","article_modified_time":"2025-10-04T14:15:20+00:00","og_image":[{"width":715,"height":402,"url":"https:\/\/newlifecommunity.church\/wp-content\/uploads\/2022\/02\/little-village-arch.jpg","type":"image\/jpeg"}],"twitter_card":"summary_large_image","twitter_site":"@newlifechicago","twitter_misc":{"Tiempo de lectura":"2 minutos"},"schema":{"@context":"https:\/\/schema.org","@graph":[{"@type":"WebPage","@id":"https:\/\/newlifecommunity.church\/la-villita\/","url":"https:\/\/newlifecommunity.church\/la-villita\/","name":"La Villita - New Life Community Church","isPartOf":{"@id":"https:\/\/newlifecommunity.church\/#website"},"primaryImageOfPage":{"@id":"https:\/\/newlifecommunity.church\/la-villita\/#primaryimage"},"image":{"@id":"https:\/\/newlifecommunity.church\/la-villita\/#primaryimage"},"thumbnailUrl":"https:\/\/newlifecommunity.church\/wp-content\/uploads\/2022\/02\/little-village-arch.jpg","datePublished":"2020-03-20T18:20:35+00:00","dateModified":"2025-10-04T14:15:20+00:00","breadcrumb":{"@id":"https:\/\/newlifecommunity.church\/la-villita\/#breadcrumb"},"inLanguage":"es-MX","potentialAction":[{"@type":"ReadAction","target":["https:\/\/newlifecommunity.church\/la-villita\/"]}]},{"@type":"ImageObject","inLanguage":"es-MX","@id":"https:\/\/newlifecommunity.church\/la-villita\/#primaryimage","url":"https:\/\/newlifecommunity.church\/wp-content\/uploads\/2022\/02\/little-village-arch.jpg","contentUrl":"https:\/\/newlifecommunity.church\/wp-content\/uploads\/2022\/02\/little-village-arch.jpg","width":715,"height":402},{"@type":"BreadcrumbList","@id":"https:\/\/newlifecommunity.church\/la-villita\/#breadcrumb","itemListElement":[{"@type":"ListItem","position":1,"name":"Home","item":"https:\/\/newlifecommunity.church\/"},{"@type":"ListItem","position":2,"name":"La Villita"}]},{"@type":"WebSite","@id":"https:\/\/newlifecommunity.church\/#website","url":"https:\/\/newlifecommunity.church\/","name":"Iglesia Comunidad Nueva Vida","description":"Una iglesia, por toda la ciudad","publisher":{"@id":"https:\/\/newlifecommunity.church\/#organization"},"potentialAction":[{"@type":"SearchAction","target":{"@type":"EntryPoint","urlTemplate":"https:\/\/newlifecommunity.church\/?s={search_term_string}"},"query-input":{"@type":"PropertyValueSpecification","valueRequired":true,"valueName":"search_term_string"}}],"inLanguage":"es-MX"},{"@type":"Organization","@id":"https:\/\/newlifecommunity.church\/#organization","name":"Iglesia Comunidad Nueva Vida","url":"https:\/\/newlifecommunity.church\/","logo":{"@type":"ImageObject","inLanguage":"es-MX","@id":"https:\/\/newlifecommunity.church\/#\/schema\/logo\/image\/","url":"https:\/\/newlifecommunity.church\/wp-content\/uploads\/2022\/02\/NewLife_RGB_Primary.png","contentUrl":"https:\/\/newlifecommunity.church\/wp-content\/uploads\/2022\/02\/NewLife_RGB_Primary.png","width":6250,"height":2151,"caption":"New Life Community Church"},"image":{"@id":"https:\/\/newlifecommunity.church\/#\/schema\/logo\/image\/"},"sameAs":["https:\/\/facebook.com\/newlifechicago","https:\/\/x.com\/newlifechicago","https:\/\/www.linkedin.com\/company\/newlifechicago","https:\/\/www.youtube.com\/newlifemidway","https:\/\/www.instagram.com\/newlifechicago\/"]}]}},"_links":{"self":[{"href":"https:\/\/newlifecommunity.church\/es\/wp-json\/wp\/v2\/pages\/1458","targetHints":{"allow":["GET"]}}],"collection":[{"href":"https:\/\/newlifecommunity.church\/es\/wp-json\/wp\/v2\/pages"}],"about":[{"href":"https:\/\/newlifecommunity.church\/es\/wp-json\/wp\/v2\/types\/page"}],"author":[{"embeddable":true,"href":"https:\/\/newlifecommunity.church\/es\/wp-json\/wp\/v2\/users\/2"}],"replies":[{"embeddable":true,"href":"https:\/\/newlifecommunity.church\/es\/wp-json\/wp\/v2\/comments?post=1458"}],"version-history":[{"count":0,"href":"https:\/\/newlifecommunity.church\/es\/wp-json\/wp\/v2\/pages\/1458\/revisions"}],"wp:featuredmedia":[{"embeddable":true,"href":"https:\/\/newlifecommunity.church\/es\/wp-json\/wp\/v2\/media\/2375"}],"wp:attachment":[{"href":"https:\/\/newlifecommunity.church\/es\/wp-json\/wp\/v2\/media?parent=1458"}],"wp:term":[{"taxonomy":"category","embeddable":true,"href":"https:\/\/newlifecommunity.church\/es\/wp-json\/wp\/v2\/categories?post=1458"},{"taxonomy":"post_tag","embeddable":true,"href":"https:\/\/newlifecommunity.church\/es\/wp-json\/wp\/v2\/tags?post=1458"}],"curies":[{"name":"wp","href":"https:\/\/api.w.org\/{rel}","templated":true}]}}