{"id":1460,"date":"2020-03-20T18:27:49","date_gmt":"2020-03-20T18:27:49","guid":{"rendered":"https:\/\/newlifecommunity.church\/?page_id=1460"},"modified":"2021-05-25T18:22:04","modified_gmt":"2021-05-25T18:22:04","slug":"nueva-vida-norwood-park","status":"publish","type":"page","link":"https:\/\/newlifecommunity.church\/es\/nueva-vida-norwood-park\/","title":{"rendered":"Nueva Vida Norwood Park"},"content":{"rendered":"<h1>\n\t\t<br \/>Norwood Park\n\t<\/h1>\n\t\n\n\n\n\t\t\t<a href=\"https:\/\/goo.gl\/maps\/35DgfBGuQdp\" target=\"_blank\" role=\"button\" rel=\"noopener\">\n\t\t\t\t\t\tOBTENER DIRECCIONES\n\t\t\t\t\t<\/a>\n<h1>\n\t\tAcerca de Nosotros\n\t<\/h1>\n\t<p>Nuestro prop\u00f3sito es ser una familia de amor que coopere con Dios para hacer que los seguidores de Cristo sean devotos permanentemente. Nos encantar\u00eda verte este domingo en Nueva Vida. \u00a1Mira nuestro video de bienvenida y aprende m\u00e1s a continuaci\u00f3n!<\/p>\n\t<iframe loading=\"lazy\" width=\"1920\" height=\"1080\" src=\"https:\/\/www.youtube.com\/embed\/IyFyeuhk7VU?rel=0&amp;showinfo=0\" frameborder=\"0\" allow=\"autoplay; encrypted-media\" allowfullscreen><\/iframe>\n\t\t\t<a href=\"#\" id=\"fl-accordion--label-0\" tabindex=\"0\" aria-controls=\"fl-accordion--panel-0\"><b>Su primera visita<\/b><\/a>\n\t\t\t\t\t\t\t<a href=\"#\" id=\"fl-accordion--icon-0\" tabindex=\"0\" aria-controls=\"fl-accordion--panel-0\"><i>Expandir<\/i><\/a>\n\t\t<p>Sabemos que presentarse a un lugar nuevo por primera vez puede ser intimidante, pero en Iglesia Comunidad Nueva Vida es nuestro deseo que te sientas como en casa desde el momento en que entras en el estacionamiento. Como invitado por primera vez, tu es VIP para nosotros, \u00a1as\u00ed que estaremos all\u00ed contigo en cada paso del camino! \u00a1Incluso tenemos un regalo solo para ti!<\/p>\n\t\t\t<a href=\"#\" id=\"fl-accordion--label-0\" tabindex=\"0\" aria-controls=\"fl-accordion--panel-0\"><b>Ser uno mismo<\/b><\/a>\n\t\t\t\t\t\t\t<a href=\"#\" id=\"fl-accordion--icon-0\" tabindex=\"0\" aria-controls=\"fl-accordion--panel-0\"><i>Expandir<\/i><\/a>\n\t\t<p>\u00a1En la Iglesia Comunidad Nueva Vida, no hay c\u00f3digo de vestimenta! Algunas personas se visten con trajes o vestidos, y otras usan camisetas y pantalones vaqueros. \u00a1Queremos que uses lo que te haga sentir c\u00f3modo!<\/p>\n\t\t\t<a href=\"#\" id=\"fl-accordion--label-0\" tabindex=\"0\" aria-controls=\"fl-accordion--panel-0\"><b>Trae a los ni\u00f1os<\/b><\/a>\n\t\t\t\t\t\t\t<a href=\"#\" id=\"fl-accordion--icon-0\" tabindex=\"0\" aria-controls=\"fl-accordion--panel-0\"><i>Expandir<\/i><\/a>\n\t\t<p>Nuestra Zona de Ni\u00f1os est\u00e1 disponible para ni\u00f1os desde el nacimiento hasta el sexto grado. El cuidado y el crecimiento de cada ni\u00f1o es nuestra m\u00e1xima prioridad y nuestra pasi\u00f3n es crear lecciones interactivas e inspiradas en la Biblia, \u00a1especialmente dise\u00f1adas para sus hijos! \u00a1Nuestra Zona de Ni\u00f1os est\u00e1 disponible durante cada servicio de adoraci\u00f3n para que pueda disfrutar de un gran momento sabiendo que su hijo est\u00e1 siendo amado y cuidado!<\/p>\n<h1>\n\t\tConoce a nuestro equipo\n\t<\/h1>\n\t\t\t\t<img loading=\"lazy\" decoding=\"async\" src=\"https:\/\/newlifecommunity.church\/wp-content\/uploads\/2018\/06\/villa-square.jpg\" alt=\"villa-square\" itemprop=\"image\" height=\"1080\" width=\"1080\" title=\"villa-square\" onerror=\"this.style.display='none'\"  \/>\n\t\n<p>Pastor Javier Villa- ha servido en Nueva Vida desde el 2012. Comenz\u00f3 una relaci\u00f3n con Jesus durante su ni\u00f1ez y ha servido al Se\u00f1or desde su juventud en distintos ministerios. Su enfoque, al igual que el de su esposa Karina, es mostrar a otros el amor de Dios, capacitarlos y ayudarles a tomar parte en la misi\u00f3n de Dios. Su anhelo y oraci\u00f3n al Padre es que cada persona pueda tener una relaci\u00f3n ferviente y personal con Jesus y que el poder del Esp\u00edritu Santo llene sus vidas.<\/p>\n<p>&nbsp;<\/p>","protected":false},"excerpt":{"rendered":"<p>Norwood Park OBTENER DIRECCIONES Acerca de Nosotros Nuestro prop\u00f3sito es ser una familia de amor que coopere con Dios para hacer que los seguidores de Cristo sean devotos permanentemente. Nos encantar\u00eda verte este domingo en Nueva Vida. \u00a1Mira nuestro video de bienvenida y aprende m\u00e1s a continuaci\u00f3n! Su primera visita Expand Sabemos que presentarse a&hellip;<\/p>","protected":false},"author":2,"featured_media":0,"parent":0,"menu_order":0,"comment_status":"closed","ping_status":"closed","template":"","meta":{"_acf_changed":false,"_monsterinsights_skip_tracking":false,"_monsterinsights_sitenote_active":false,"_monsterinsights_sitenote_note":"","_monsterinsights_sitenote_category":0,"footnotes":""},"categories":[],"tags":[],"class_list":["post-1460","page","type-page","status-publish","hentry"],"acf":[],"yoast_head":"<!-- This site is optimized with the Yoast SEO plugin v27.5 - https:\/\/yoast.com\/product\/yoast-seo-wordpress\/ -->\n<title>Nueva Vida Norwood Park - New Life Community Church<\/title>\n<meta name=\"robots\" content=\"index, follow, max-snippet:-1, max-image-preview:large, max-video-preview:-1\" \/>\n<link rel=\"canonical\" href=\"https:\/\/newlifecommunity.church\/es\/nueva-vida-norwood-park\/\" \/>\n<meta property=\"og:locale\" content=\"es_MX\" \/>\n<meta property=\"og:type\" content=\"article\" \/>\n<meta property=\"og:title\" content=\"Nueva Vida Norwood Park - New Life Community Church\" \/>\n<meta property=\"og:description\" content=\"Norwood Park OBTENER DIRECCIONES Acerca de Nosotros Nuestro prop\u00f3sito es ser una familia de amor que coopere con Dios para hacer que los seguidores de Cristo sean devotos permanentemente. Nos encantar\u00eda verte este domingo en Nueva Vida. \u00a1Mira nuestro video de bienvenida y aprende m\u00e1s a continuaci\u00f3n! Su primera visita Expand Sabemos que presentarse a&hellip;\" \/>\n<meta property=\"og:url\" content=\"https:\/\/newlifecommunity.church\/es\/nueva-vida-norwood-park\/\" \/>\n<meta property=\"og:site_name\" content=\"New Life Community Church\" \/>\n<meta property=\"article:publisher\" content=\"https:\/\/facebook.com\/newlifechicago\" \/>\n<meta property=\"article:modified_time\" content=\"2021-05-25T18:22:04+00:00\" \/>\n<meta property=\"og:image\" content=\"https:\/\/newlifecommunity.church\/wp-content\/uploads\/2018\/06\/villa-square.jpg\" \/>\n<meta name=\"twitter:card\" content=\"summary_large_image\" \/>\n<meta name=\"twitter:site\" content=\"@newlifechicago\" \/>\n<meta name=\"twitter:label1\" content=\"Tiempo de lectura\" \/>\n\t<meta name=\"twitter:data1\" content=\"2 minutos\" \/>\n<script type=\"application\/ld+json\" class=\"yoast-schema-graph\">{\"@context\":\"https:\\\/\\\/schema.org\",\"@graph\":[{\"@type\":\"WebPage\",\"@id\":\"https:\\\/\\\/newlifecommunity.church\\\/nueva-vida-norwood-park\\\/\",\"url\":\"https:\\\/\\\/newlifecommunity.church\\\/nueva-vida-norwood-park\\\/\",\"name\":\"Nueva Vida Norwood Park - New Life Community Church\",\"isPartOf\":{\"@id\":\"https:\\\/\\\/newlifecommunity.church\\\/#website\"},\"primaryImageOfPage\":{\"@id\":\"https:\\\/\\\/newlifecommunity.church\\\/nueva-vida-norwood-park\\\/#primaryimage\"},\"image\":{\"@id\":\"https:\\\/\\\/newlifecommunity.church\\\/nueva-vida-norwood-park\\\/#primaryimage\"},\"thumbnailUrl\":\"https:\\\/\\\/newlifecommunity.church\\\/wp-content\\\/uploads\\\/2018\\\/06\\\/villa-square.jpg\",\"datePublished\":\"2020-03-20T18:27:49+00:00\",\"dateModified\":\"2021-05-25T18:22:04+00:00\",\"breadcrumb\":{\"@id\":\"https:\\\/\\\/newlifecommunity.church\\\/nueva-vida-norwood-park\\\/#breadcrumb\"},\"inLanguage\":\"es-MX\",\"potentialAction\":[{\"@type\":\"ReadAction\",\"target\":[\"https:\\\/\\\/newlifecommunity.church\\\/nueva-vida-norwood-park\\\/\"]}]},{\"@type\":\"ImageObject\",\"inLanguage\":\"es-MX\",\"@id\":\"https:\\\/\\\/newlifecommunity.church\\\/nueva-vida-norwood-park\\\/#primaryimage\",\"url\":\"https:\\\/\\\/newlifecommunity.church\\\/wp-content\\\/uploads\\\/2018\\\/06\\\/villa-square.jpg\",\"contentUrl\":\"https:\\\/\\\/newlifecommunity.church\\\/wp-content\\\/uploads\\\/2018\\\/06\\\/villa-square.jpg\"},{\"@type\":\"BreadcrumbList\",\"@id\":\"https:\\\/\\\/newlifecommunity.church\\\/nueva-vida-norwood-park\\\/#breadcrumb\",\"itemListElement\":[{\"@type\":\"ListItem\",\"position\":1,\"name\":\"Home\",\"item\":\"https:\\\/\\\/newlifecommunity.church\\\/\"},{\"@type\":\"ListItem\",\"position\":2,\"name\":\"Nueva Vida Norwood Park\"}]},{\"@type\":\"WebSite\",\"@id\":\"https:\\\/\\\/newlifecommunity.church\\\/#website\",\"url\":\"https:\\\/\\\/newlifecommunity.church\\\/\",\"name\":\"New Life Community Church\",\"description\":\"One Church, Many Locations\",\"publisher\":{\"@id\":\"https:\\\/\\\/newlifecommunity.church\\\/#organization\"},\"potentialAction\":[{\"@type\":\"SearchAction\",\"target\":{\"@type\":\"EntryPoint\",\"urlTemplate\":\"https:\\\/\\\/newlifecommunity.church\\\/?s={search_term_string}\"},\"query-input\":{\"@type\":\"PropertyValueSpecification\",\"valueRequired\":true,\"valueName\":\"search_term_string\"}}],\"inLanguage\":\"es-MX\"},{\"@type\":\"Organization\",\"@id\":\"https:\\\/\\\/newlifecommunity.church\\\/#organization\",\"name\":\"New Life Community Church\",\"url\":\"https:\\\/\\\/newlifecommunity.church\\\/\",\"logo\":{\"@type\":\"ImageObject\",\"inLanguage\":\"es-MX\",\"@id\":\"https:\\\/\\\/newlifecommunity.church\\\/#\\\/schema\\\/logo\\\/image\\\/\",\"url\":\"https:\\\/\\\/newlifecommunity.church\\\/wp-content\\\/uploads\\\/2022\\\/02\\\/NewLife_RGB_Primary.png\",\"contentUrl\":\"https:\\\/\\\/newlifecommunity.church\\\/wp-content\\\/uploads\\\/2022\\\/02\\\/NewLife_RGB_Primary.png\",\"width\":6250,\"height\":2151,\"caption\":\"New Life Community Church\"},\"image\":{\"@id\":\"https:\\\/\\\/newlifecommunity.church\\\/#\\\/schema\\\/logo\\\/image\\\/\"},\"sameAs\":[\"https:\\\/\\\/facebook.com\\\/newlifechicago\",\"https:\\\/\\\/x.com\\\/newlifechicago\",\"https:\\\/\\\/www.linkedin.com\\\/company\\\/newlifechicago\",\"https:\\\/\\\/www.youtube.com\\\/newlifemidway\",\"https:\\\/\\\/www.instagram.com\\\/newlifechicago\\\/\"]}]}<\/script>\n<!-- \/ Yoast SEO plugin. -->","yoast_head_json":{"title":"Nueva Vida Norwood Park - New Life Community Church","robots":{"index":"index","follow":"follow","max-snippet":"max-snippet:-1","max-image-preview":"max-image-preview:large","max-video-preview":"max-video-preview:-1"},"canonical":"https:\/\/newlifecommunity.church\/es\/nueva-vida-norwood-park\/","og_locale":"es_MX","og_type":"article","og_title":"Nueva Vida Norwood Park - New Life Community Church","og_description":"Norwood Park OBTENER DIRECCIONES Acerca de Nosotros Nuestro prop\u00f3sito es ser una familia de amor que coopere con Dios para hacer que los seguidores de Cristo sean devotos permanentemente. Nos encantar\u00eda verte este domingo en Nueva Vida. \u00a1Mira nuestro video de bienvenida y aprende m\u00e1s a continuaci\u00f3n! Su primera visita Expand Sabemos que presentarse a&hellip;","og_url":"https:\/\/newlifecommunity.church\/es\/nueva-vida-norwood-park\/","og_site_name":"New Life Community Church","article_publisher":"https:\/\/facebook.com\/newlifechicago","article_modified_time":"2021-05-25T18:22:04+00:00","og_image":[{"url":"https:\/\/newlifecommunity.church\/wp-content\/uploads\/2018\/06\/villa-square.jpg","type":"","width":"","height":""}],"twitter_card":"summary_large_image","twitter_site":"@newlifechicago","twitter_misc":{"Tiempo de lectura":"2 minutos"},"schema":{"@context":"https:\/\/schema.org","@graph":[{"@type":"WebPage","@id":"https:\/\/newlifecommunity.church\/nueva-vida-norwood-park\/","url":"https:\/\/newlifecommunity.church\/nueva-vida-norwood-park\/","name":"Nueva Vida Norwood Park - New Life Community Church","isPartOf":{"@id":"https:\/\/newlifecommunity.church\/#website"},"primaryImageOfPage":{"@id":"https:\/\/newlifecommunity.church\/nueva-vida-norwood-park\/#primaryimage"},"image":{"@id":"https:\/\/newlifecommunity.church\/nueva-vida-norwood-park\/#primaryimage"},"thumbnailUrl":"https:\/\/newlifecommunity.church\/wp-content\/uploads\/2018\/06\/villa-square.jpg","datePublished":"2020-03-20T18:27:49+00:00","dateModified":"2021-05-25T18:22:04+00:00","breadcrumb":{"@id":"https:\/\/newlifecommunity.church\/nueva-vida-norwood-park\/#breadcrumb"},"inLanguage":"es-MX","potentialAction":[{"@type":"ReadAction","target":["https:\/\/newlifecommunity.church\/nueva-vida-norwood-park\/"]}]},{"@type":"ImageObject","inLanguage":"es-MX","@id":"https:\/\/newlifecommunity.church\/nueva-vida-norwood-park\/#primaryimage","url":"https:\/\/newlifecommunity.church\/wp-content\/uploads\/2018\/06\/villa-square.jpg","contentUrl":"https:\/\/newlifecommunity.church\/wp-content\/uploads\/2018\/06\/villa-square.jpg"},{"@type":"BreadcrumbList","@id":"https:\/\/newlifecommunity.church\/nueva-vida-norwood-park\/#breadcrumb","itemListElement":[{"@type":"ListItem","position":1,"name":"Home","item":"https:\/\/newlifecommunity.church\/"},{"@type":"ListItem","position":2,"name":"Nueva Vida Norwood Park"}]},{"@type":"WebSite","@id":"https:\/\/newlifecommunity.church\/#website","url":"https:\/\/newlifecommunity.church\/","name":"Iglesia Comunidad Nueva Vida","description":"Una iglesia, por toda la ciudad","publisher":{"@id":"https:\/\/newlifecommunity.church\/#organization"},"potentialAction":[{"@type":"SearchAction","target":{"@type":"EntryPoint","urlTemplate":"https:\/\/newlifecommunity.church\/?s={search_term_string}"},"query-input":{"@type":"PropertyValueSpecification","valueRequired":true,"valueName":"search_term_string"}}],"inLanguage":"es-MX"},{"@type":"Organization","@id":"https:\/\/newlifecommunity.church\/#organization","name":"Iglesia Comunidad Nueva Vida","url":"https:\/\/newlifecommunity.church\/","logo":{"@type":"ImageObject","inLanguage":"es-MX","@id":"https:\/\/newlifecommunity.church\/#\/schema\/logo\/image\/","url":"https:\/\/newlifecommunity.church\/wp-content\/uploads\/2022\/02\/NewLife_RGB_Primary.png","contentUrl":"https:\/\/newlifecommunity.church\/wp-content\/uploads\/2022\/02\/NewLife_RGB_Primary.png","width":6250,"height":2151,"caption":"New Life Community Church"},"image":{"@id":"https:\/\/newlifecommunity.church\/#\/schema\/logo\/image\/"},"sameAs":["https:\/\/facebook.com\/newlifechicago","https:\/\/x.com\/newlifechicago","https:\/\/www.linkedin.com\/company\/newlifechicago","https:\/\/www.youtube.com\/newlifemidway","https:\/\/www.instagram.com\/newlifechicago\/"]}]}},"_links":{"self":[{"href":"https:\/\/newlifecommunity.church\/es\/wp-json\/wp\/v2\/pages\/1460","targetHints":{"allow":["GET"]}}],"collection":[{"href":"https:\/\/newlifecommunity.church\/es\/wp-json\/wp\/v2\/pages"}],"about":[{"href":"https:\/\/newlifecommunity.church\/es\/wp-json\/wp\/v2\/types\/page"}],"author":[{"embeddable":true,"href":"https:\/\/newlifecommunity.church\/es\/wp-json\/wp\/v2\/users\/2"}],"replies":[{"embeddable":true,"href":"https:\/\/newlifecommunity.church\/es\/wp-json\/wp\/v2\/comments?post=1460"}],"version-history":[{"count":0,"href":"https:\/\/newlifecommunity.church\/es\/wp-json\/wp\/v2\/pages\/1460\/revisions"}],"wp:attachment":[{"href":"https:\/\/newlifecommunity.church\/es\/wp-json\/wp\/v2\/media?parent=1460"}],"wp:term":[{"taxonomy":"category","embeddable":true,"href":"https:\/\/newlifecommunity.church\/es\/wp-json\/wp\/v2\/categories?post=1460"},{"taxonomy":"post_tag","embeddable":true,"href":"https:\/\/newlifecommunity.church\/es\/wp-json\/wp\/v2\/tags?post=1460"}],"curies":[{"name":"wp","href":"https:\/\/api.w.org\/{rel}","templated":true}]}}