{"id":1780,"date":"2020-08-27T19:01:41","date_gmt":"2020-08-27T19:01:41","guid":{"rendered":"https:\/\/newlifecommunity.church\/?page_id=1780"},"modified":"2020-08-29T14:08:46","modified_gmt":"2020-08-29T14:08:46","slug":"lider-de-grupo","status":"publish","type":"page","link":"https:\/\/newlifecommunity.church\/es\/lider-de-grupo\/","title":{"rendered":"L\u00edder de Grupo"},"content":{"rendered":"<h1>\n\t\tL\u00edderes de Grupos\n\t<\/h1>\n<h3>\n\t\tAplicaciones, recursos y herramientas para l\u00edderes\n\t<\/h3>\n<h1>\n\t\tT\u00fa eres Esencial\n\t<\/h1>\n\t<p>Como l\u00edderes de grupos peque\u00f1os, ahora m\u00e1s que nunca, \u00a1ustedes son esenciales! Ustedes tienen un lugar importante en el pastoreo y el cuidado del pueblo de Dios. A nombre de todo el equipo pastoral, queremos darte las GRACIAS por todo lo que haces. Estamos orando por una temporada incre\u00edble y esperamos que usted y su grupo crezcan grandemente. Por favor, tomen un momento para ver este corto video.<\/p>\n\t<iframe loading=\"lazy\" title=\"\u00a1T\u00fa eres esencial! | Pastor Chris Ophus | Entrenamiento para L\u00edderes de Grupos Peque\u00f1os\" width=\"500\" height=\"281\" src=\"https:\/\/www.youtube.com\/embed\/3PSlrNTU5LM?feature=oembed\" frameborder=\"0\" allow=\"accelerometer; autoplay; encrypted-media; gyroscope; picture-in-picture\" allowfullscreen><\/iframe>\n\t\t\t\t<a href=\"https:\/\/subsplash.com\/nlcc\/lb\/ms\/+p8zt6t4\" target=\"_blank\" rel=\"noopener noreferrer\" itemprop=\"url\">\n\t\t\t\t<img loading=\"lazy\" decoding=\"async\" src=\"https:\/\/newlifecommunity.church\/wp-content\/uploads\/2020\/08\/What-Now-Digital_4-Banner-Spanish.png\" alt=\"What Now-Digital_4 Banner-Spanish\" itemprop=\"image\" height=\"692\" width=\"1920\" title=\"What Now-Digital_4 Banner-Spanish\" onerror=\"this.style.display='none'\"  \/>\n\t\t\t\t<\/a>\n<h1>\n\t\tAplicaci\u00f3n M\u00f3vil\n\t<\/h1>\n\t<p>Descargue nuestra aplicaci\u00f3n gratuita &#8220;New Life Chicago&#8221; para recursos personales, libros de Primeros Pasos y un plan diario de lectura de la Biblia.<\/p>\n<h1>\n\t\tRightNow Media\n\t<\/h1>\n\t<p>En Nueva Vida, nos apasiona hacer seguidores totalmente devotos y fruct\u00edferos de Cristo. Es nuestro prop\u00f3sito y la raz\u00f3n por la que estamos aqu\u00ed. Y queremos ayudarte a crecer en Cristo, invirtiendo en ti con recursos y equip\u00e1ndote con herramientas b\u00edblicas.<\/p>\n<p>RightNow Media es un recurso lleno de estudios b\u00edblicos, ense\u00f1anzas sobre las relaciones, la crianza de los hijos y las finanzas, junto con una biblioteca completa de videos infantiles divertidos y seguros.<\/p>\n\t<iframe loading=\"lazy\" title=\"RightNow Media Originals\" width=\"500\" height=\"281\" src=\"https:\/\/www.youtube.com\/embed\/a1dKSXSWHdE?feature=oembed\" frameborder=\"0\" allow=\"accelerometer; autoplay; encrypted-media; gyroscope; picture-in-picture\" allowfullscreen><\/iframe>\n\t\t\t<a href=\"https:\/\/accounts.rightnow.org\/Account\/Invite\/newlifechicago?returnUrl=https:\/\/www.rightnowmedia.org\/Account\/Media\/InviteReturn\" target=\"_self\" role=\"button\" rel=\"noopener noreferrer\">\n\t\t\t\t\t\tReg\u00edstrate\n\t\t\t\t\t<\/a>\n\t\t\t<a href=\"https:\/\/www.rightnowmedia.org\/Library\" target=\"_self\" role=\"button\" rel=\"noopener noreferrer\">\n\t\t\t\t\t\tIniciar Sesi\u00f3n\n\t\t\t\t\t<\/a>\n<h1>\n\t\tComunidad en L\u00ednea\n\t<\/h1>\n\t<p>Nuestra comunidad en l\u00ednea les ayudara a mantenerse conectado con su grupo durante toda la semana. \u00a1Invite a los miembros de su grupo, tome asistencia, env\u00ede mensajes y mucho m\u00e1s! Haga clic en el bot\u00f3n de abajo para iniciar sesi\u00f3n o crear una cuenta.<\/p>\n\t\t\t<a href=\"https:\/\/newlifechicago.ccbchurch.com\/goto\/login\" target=\"_blank\" role=\"button\" rel=\"noopener noreferrer\">\n\t\t\t\t\t\tINICIAR SESI\u00d3N\n\t\t\t\t\t<\/a>\n\t<p>Nota: Si necesitas ayuda para configurar grupos en el sistema, por favor comun\u00edquese con el administrador o el coordinador de grupos de su iglesia para obtener ayuda. \u00a1Gracias!<\/p>","protected":false},"excerpt":{"rendered":"<p>L\u00edderes de Grupos Aplicaciones, recursos y herramientas para l\u00edderes T\u00fa eres Esencial Como l\u00edderes de grupos peque\u00f1os, ahora m\u00e1s que nunca, \u00a1ustedes son esenciales! Ustedes tienen un lugar importante en el pastoreo y el cuidado del pueblo de Dios. A nombre de todo el equipo pastoral, queremos darte las GRACIAS por todo lo que haces.&hellip;<\/p>","protected":false},"author":2,"featured_media":1782,"parent":0,"menu_order":0,"comment_status":"closed","ping_status":"closed","template":"","meta":{"_acf_changed":false,"_monsterinsights_skip_tracking":false,"_monsterinsights_sitenote_active":false,"_monsterinsights_sitenote_note":"","_monsterinsights_sitenote_category":0,"footnotes":""},"categories":[],"tags":[],"class_list":["post-1780","page","type-page","status-publish","has-post-thumbnail","hentry"],"acf":[],"yoast_head":"<!-- This site is optimized with the Yoast SEO plugin v27.3 - https:\/\/yoast.com\/product\/yoast-seo-wordpress\/ -->\n<title>L\u00edder de Grupo - New Life Community Church<\/title>\n<meta name=\"robots\" content=\"index, follow, max-snippet:-1, max-image-preview:large, max-video-preview:-1\" \/>\n<link rel=\"canonical\" href=\"https:\/\/newlifecommunity.church\/es\/lider-de-grupo\/\" \/>\n<meta property=\"og:locale\" content=\"es_MX\" \/>\n<meta property=\"og:type\" content=\"article\" \/>\n<meta property=\"og:title\" content=\"L\u00edder de Grupo\" \/>\n<meta property=\"og:description\" content=\"L\u00edderes de Grupos Aplicaciones, recursos y herramientas para l\u00edderes T\u00fa eres Esencial Como l\u00edderes de grupos peque\u00f1os, ahora m\u00e1s que nunca, \u00a1ustedes son esenciales! Ustedes tienen un lugar importante en el pastoreo y el cuidado del pueblo de Dios. A nombre de todo el equipo pastoral, queremos darte las GRACIAS por todo lo que haces.&hellip;\" \/>\n<meta property=\"og:url\" content=\"https:\/\/newlifecommunity.church\/es\/lider-de-grupo\/\" \/>\n<meta property=\"og:site_name\" content=\"New Life Community Church\" \/>\n<meta property=\"article:publisher\" content=\"https:\/\/facebook.com\/newlifechicago\" \/>\n<meta property=\"article:modified_time\" content=\"2020-08-29T14:08:46+00:00\" \/>\n<meta property=\"og:image\" content=\"https:\/\/newlifecommunity.church\/wp-content\/uploads\/2020\/08\/New-App-Promo-Spanish_1920x1080-resources.png\" \/>\n\t<meta property=\"og:image:width\" content=\"1920\" \/>\n\t<meta property=\"og:image:height\" content=\"1080\" \/>\n\t<meta property=\"og:image:type\" content=\"image\/png\" \/>\n<meta name=\"twitter:card\" content=\"summary_large_image\" \/>\n<meta name=\"twitter:image\" content=\"https:\/\/newlifecommunity.church\/wp-content\/uploads\/2020\/08\/New-App-Promo-Spanish_1920x1080-resources.png\" \/>\n<meta name=\"twitter:site\" content=\"@newlifechicago\" \/>\n<meta name=\"twitter:label1\" content=\"Tiempo de lectura\" \/>\n\t<meta name=\"twitter:data1\" content=\"1 minuto\" \/>\n<script type=\"application\/ld+json\" class=\"yoast-schema-graph\">{\"@context\":\"https:\\\/\\\/schema.org\",\"@graph\":[{\"@type\":\"WebPage\",\"@id\":\"https:\\\/\\\/newlifecommunity.church\\\/lider-de-grupo\\\/\",\"url\":\"https:\\\/\\\/newlifecommunity.church\\\/lider-de-grupo\\\/\",\"name\":\"L\u00edder de Grupo - New Life Community Church\",\"isPartOf\":{\"@id\":\"https:\\\/\\\/newlifecommunity.church\\\/#website\"},\"primaryImageOfPage\":{\"@id\":\"https:\\\/\\\/newlifecommunity.church\\\/lider-de-grupo\\\/#primaryimage\"},\"image\":{\"@id\":\"https:\\\/\\\/newlifecommunity.church\\\/lider-de-grupo\\\/#primaryimage\"},\"thumbnailUrl\":\"https:\\\/\\\/newlifecommunity.church\\\/wp-content\\\/uploads\\\/2020\\\/08\\\/New-App-Promo-Spanish_1920x1080-resources.png\",\"datePublished\":\"2020-08-27T19:01:41+00:00\",\"dateModified\":\"2020-08-29T14:08:46+00:00\",\"breadcrumb\":{\"@id\":\"https:\\\/\\\/newlifecommunity.church\\\/lider-de-grupo\\\/#breadcrumb\"},\"inLanguage\":\"es-MX\",\"potentialAction\":[{\"@type\":\"ReadAction\",\"target\":[\"https:\\\/\\\/newlifecommunity.church\\\/lider-de-grupo\\\/\"]}]},{\"@type\":\"ImageObject\",\"inLanguage\":\"es-MX\",\"@id\":\"https:\\\/\\\/newlifecommunity.church\\\/lider-de-grupo\\\/#primaryimage\",\"url\":\"https:\\\/\\\/newlifecommunity.church\\\/wp-content\\\/uploads\\\/2020\\\/08\\\/New-App-Promo-Spanish_1920x1080-resources.png\",\"contentUrl\":\"https:\\\/\\\/newlifecommunity.church\\\/wp-content\\\/uploads\\\/2020\\\/08\\\/New-App-Promo-Spanish_1920x1080-resources.png\",\"width\":1920,\"height\":1080},{\"@type\":\"BreadcrumbList\",\"@id\":\"https:\\\/\\\/newlifecommunity.church\\\/lider-de-grupo\\\/#breadcrumb\",\"itemListElement\":[{\"@type\":\"ListItem\",\"position\":1,\"name\":\"Home\",\"item\":\"https:\\\/\\\/newlifecommunity.church\\\/\"},{\"@type\":\"ListItem\",\"position\":2,\"name\":\"L\u00edder de Grupo\"}]},{\"@type\":\"WebSite\",\"@id\":\"https:\\\/\\\/newlifecommunity.church\\\/#website\",\"url\":\"https:\\\/\\\/newlifecommunity.church\\\/\",\"name\":\"New Life Community Church\",\"description\":\"One Church, Many Locations\",\"publisher\":{\"@id\":\"https:\\\/\\\/newlifecommunity.church\\\/#organization\"},\"potentialAction\":[{\"@type\":\"SearchAction\",\"target\":{\"@type\":\"EntryPoint\",\"urlTemplate\":\"https:\\\/\\\/newlifecommunity.church\\\/?s={search_term_string}\"},\"query-input\":{\"@type\":\"PropertyValueSpecification\",\"valueRequired\":true,\"valueName\":\"search_term_string\"}}],\"inLanguage\":\"es-MX\"},{\"@type\":\"Organization\",\"@id\":\"https:\\\/\\\/newlifecommunity.church\\\/#organization\",\"name\":\"New Life Community Church\",\"url\":\"https:\\\/\\\/newlifecommunity.church\\\/\",\"logo\":{\"@type\":\"ImageObject\",\"inLanguage\":\"es-MX\",\"@id\":\"https:\\\/\\\/newlifecommunity.church\\\/#\\\/schema\\\/logo\\\/image\\\/\",\"url\":\"https:\\\/\\\/newlifecommunity.church\\\/wp-content\\\/uploads\\\/2022\\\/02\\\/NewLife_RGB_Primary.png\",\"contentUrl\":\"https:\\\/\\\/newlifecommunity.church\\\/wp-content\\\/uploads\\\/2022\\\/02\\\/NewLife_RGB_Primary.png\",\"width\":6250,\"height\":2151,\"caption\":\"New Life Community Church\"},\"image\":{\"@id\":\"https:\\\/\\\/newlifecommunity.church\\\/#\\\/schema\\\/logo\\\/image\\\/\"},\"sameAs\":[\"https:\\\/\\\/facebook.com\\\/newlifechicago\",\"https:\\\/\\\/x.com\\\/newlifechicago\",\"https:\\\/\\\/www.linkedin.com\\\/company\\\/newlifechicago\",\"https:\\\/\\\/www.youtube.com\\\/newlifemidway\",\"https:\\\/\\\/www.instagram.com\\\/newlifechicago\\\/\"]}]}<\/script>\n<!-- \/ Yoast SEO plugin. -->","yoast_head_json":{"title":"L\u00edder de Grupo - New Life Community Church","robots":{"index":"index","follow":"follow","max-snippet":"max-snippet:-1","max-image-preview":"max-image-preview:large","max-video-preview":"max-video-preview:-1"},"canonical":"https:\/\/newlifecommunity.church\/es\/lider-de-grupo\/","og_locale":"es_MX","og_type":"article","og_title":"L\u00edder de Grupo","og_description":"L\u00edderes de Grupos Aplicaciones, recursos y herramientas para l\u00edderes T\u00fa eres Esencial Como l\u00edderes de grupos peque\u00f1os, ahora m\u00e1s que nunca, \u00a1ustedes son esenciales! Ustedes tienen un lugar importante en el pastoreo y el cuidado del pueblo de Dios. A nombre de todo el equipo pastoral, queremos darte las GRACIAS por todo lo que haces.&hellip;","og_url":"https:\/\/newlifecommunity.church\/es\/lider-de-grupo\/","og_site_name":"New Life Community Church","article_publisher":"https:\/\/facebook.com\/newlifechicago","article_modified_time":"2020-08-29T14:08:46+00:00","og_image":[{"width":1920,"height":1080,"url":"https:\/\/newlifecommunity.church\/wp-content\/uploads\/2020\/08\/New-App-Promo-Spanish_1920x1080-resources.png","type":"image\/png"}],"twitter_card":"summary_large_image","twitter_image":"https:\/\/newlifecommunity.church\/wp-content\/uploads\/2020\/08\/New-App-Promo-Spanish_1920x1080-resources.png","twitter_site":"@newlifechicago","twitter_misc":{"Tiempo de lectura":"1 minuto"},"schema":{"@context":"https:\/\/schema.org","@graph":[{"@type":"WebPage","@id":"https:\/\/newlifecommunity.church\/lider-de-grupo\/","url":"https:\/\/newlifecommunity.church\/lider-de-grupo\/","name":"L\u00edder de Grupo - New Life Community Church","isPartOf":{"@id":"https:\/\/newlifecommunity.church\/#website"},"primaryImageOfPage":{"@id":"https:\/\/newlifecommunity.church\/lider-de-grupo\/#primaryimage"},"image":{"@id":"https:\/\/newlifecommunity.church\/lider-de-grupo\/#primaryimage"},"thumbnailUrl":"https:\/\/newlifecommunity.church\/wp-content\/uploads\/2020\/08\/New-App-Promo-Spanish_1920x1080-resources.png","datePublished":"2020-08-27T19:01:41+00:00","dateModified":"2020-08-29T14:08:46+00:00","breadcrumb":{"@id":"https:\/\/newlifecommunity.church\/lider-de-grupo\/#breadcrumb"},"inLanguage":"es-MX","potentialAction":[{"@type":"ReadAction","target":["https:\/\/newlifecommunity.church\/lider-de-grupo\/"]}]},{"@type":"ImageObject","inLanguage":"es-MX","@id":"https:\/\/newlifecommunity.church\/lider-de-grupo\/#primaryimage","url":"https:\/\/newlifecommunity.church\/wp-content\/uploads\/2020\/08\/New-App-Promo-Spanish_1920x1080-resources.png","contentUrl":"https:\/\/newlifecommunity.church\/wp-content\/uploads\/2020\/08\/New-App-Promo-Spanish_1920x1080-resources.png","width":1920,"height":1080},{"@type":"BreadcrumbList","@id":"https:\/\/newlifecommunity.church\/lider-de-grupo\/#breadcrumb","itemListElement":[{"@type":"ListItem","position":1,"name":"Home","item":"https:\/\/newlifecommunity.church\/"},{"@type":"ListItem","position":2,"name":"L\u00edder de Grupo"}]},{"@type":"WebSite","@id":"https:\/\/newlifecommunity.church\/#website","url":"https:\/\/newlifecommunity.church\/","name":"Iglesia Comunidad Nueva Vida","description":"Una iglesia, por toda la ciudad","publisher":{"@id":"https:\/\/newlifecommunity.church\/#organization"},"potentialAction":[{"@type":"SearchAction","target":{"@type":"EntryPoint","urlTemplate":"https:\/\/newlifecommunity.church\/?s={search_term_string}"},"query-input":{"@type":"PropertyValueSpecification","valueRequired":true,"valueName":"search_term_string"}}],"inLanguage":"es-MX"},{"@type":"Organization","@id":"https:\/\/newlifecommunity.church\/#organization","name":"Iglesia Comunidad Nueva Vida","url":"https:\/\/newlifecommunity.church\/","logo":{"@type":"ImageObject","inLanguage":"es-MX","@id":"https:\/\/newlifecommunity.church\/#\/schema\/logo\/image\/","url":"https:\/\/newlifecommunity.church\/wp-content\/uploads\/2022\/02\/NewLife_RGB_Primary.png","contentUrl":"https:\/\/newlifecommunity.church\/wp-content\/uploads\/2022\/02\/NewLife_RGB_Primary.png","width":6250,"height":2151,"caption":"New Life Community Church"},"image":{"@id":"https:\/\/newlifecommunity.church\/#\/schema\/logo\/image\/"},"sameAs":["https:\/\/facebook.com\/newlifechicago","https:\/\/x.com\/newlifechicago","https:\/\/www.linkedin.com\/company\/newlifechicago","https:\/\/www.youtube.com\/newlifemidway","https:\/\/www.instagram.com\/newlifechicago\/"]}]}},"_links":{"self":[{"href":"https:\/\/newlifecommunity.church\/es\/wp-json\/wp\/v2\/pages\/1780","targetHints":{"allow":["GET"]}}],"collection":[{"href":"https:\/\/newlifecommunity.church\/es\/wp-json\/wp\/v2\/pages"}],"about":[{"href":"https:\/\/newlifecommunity.church\/es\/wp-json\/wp\/v2\/types\/page"}],"author":[{"embeddable":true,"href":"https:\/\/newlifecommunity.church\/es\/wp-json\/wp\/v2\/users\/2"}],"replies":[{"embeddable":true,"href":"https:\/\/newlifecommunity.church\/es\/wp-json\/wp\/v2\/comments?post=1780"}],"version-history":[{"count":0,"href":"https:\/\/newlifecommunity.church\/es\/wp-json\/wp\/v2\/pages\/1780\/revisions"}],"wp:featuredmedia":[{"embeddable":true,"href":"https:\/\/newlifecommunity.church\/es\/wp-json\/wp\/v2\/media\/1782"}],"wp:attachment":[{"href":"https:\/\/newlifecommunity.church\/es\/wp-json\/wp\/v2\/media?parent=1780"}],"wp:term":[{"taxonomy":"category","embeddable":true,"href":"https:\/\/newlifecommunity.church\/es\/wp-json\/wp\/v2\/categories?post=1780"},{"taxonomy":"post_tag","embeddable":true,"href":"https:\/\/newlifecommunity.church\/es\/wp-json\/wp\/v2\/tags?post=1780"}],"curies":[{"name":"wp","href":"https:\/\/api.w.org\/{rel}","templated":true}]}}