{"id":1877,"date":"2020-11-18T16:13:03","date_gmt":"2020-11-18T16:13:03","guid":{"rendered":"https:\/\/newlifecommunity.church\/?page_id=1877"},"modified":"2025-10-28T16:04:57","modified_gmt":"2025-10-28T16:04:57","slug":"navidad","status":"publish","type":"page","link":"https:\/\/newlifecommunity.church\/es\/navidad\/","title":{"rendered":"Navidad en Nueva Vida"},"content":{"rendered":"<img decoding=\"async\" src=\"https:\/\/newlifecommunity.church\/wp-content\/uploads\/2025\/10\/Christmas-Title-02-scaled.png\" alt=\"Christmas-Title-02\" itemprop=\"image\" height=\"1440\" width=\"2560\" title=\"Christmas-Title-02\" onerror=\"this.style.display='none'\" loading=\"lazy\" \/>\n\t\t\t<a href=\"https:\/\/newlifecommunity.church\/es\/locations\/#locations\" target=\"_self\">\n\t\t\t\t\t\tENCUENTRE UNA CONGREGACI\u00d3N\n\t\t\t\t\t<\/a>\n\t\t\t\t<img decoding=\"async\" src=\"https:\/\/newlifecommunity.church\/wp-content\/uploads\/2025\/10\/1080x1080-Cover-11.png\" alt=\"1080x1080-Cover-11\" itemprop=\"image\" height=\"2250\" width=\"2250\" title=\"1080x1080-Cover-11\" onerror=\"this.style.display='none'\" loading=\"lazy\" \/>\n<h4>\n\t\t\tSerie de Predicaci\u00f3n \t<\/h4>\n<h2  id=\"series\">\n\t\t\tDios con nosotros\t<\/h2>\n\t<p>Cuando pensamos en la definici\u00f3n de una casa, muchos de nosotros pensamos en un lugar o espacio para vivir. Pero, encontrar un hogar verdadero en la presencia de Dios es m\u00e1s que eso.<\/p>\n<p>Nuestra morada con Dios es m\u00e1s que un edificio con puertas y ventanas.<\/p>\n<p>Esta Navidad, recordaremos c\u00f3mo a trav\u00e9s de Jes\u00fas, Dios est\u00e1 con nosotros, nos encuentra donde estamos, y nos da la bienvenida a Su presencia. Nuestro verdadero hogar.<\/p>\n\t\t\t<a href=\"https:\/\/newlifecommunity.church\/es\/messages\/\" target=\"_self\">\n\t\t\t\t\t\tPREDICACIONES \n\t\t\t\t\t<\/a>\n<h4>\n\t\t\tdiciembre 14\t<\/h4>\n<h1>\n\t\t\tOFRENDA NAVIDE\u00d1A\t<\/h1>\n\t\u00a1Tenemos la oportunidad de dar una ofrenda especial este a\u00f1o! Entregue su ofrenda el Domingo en un sobre designado o en l\u00ednea siguiendo los pasos a continuaci\u00f3n.<strong><br \/>\n<\/strong>\n<strong>1. Elija su congregaci\u00f3n<br \/>\n2. Introduzca la cantidad de su regalo<br \/>\n3. Seleccione Ofrenda Navide\u00f1a<\/strong>\n\t\t\t<a href=\"#\" role=\"button\">\n\t\t\t\t\t\tDAR\n\t\t\t\t\t<\/a>\n\t\t\t<h3>Elija una Congregaci\u00f3n:<\/h3><br \/>\n<a href=\"https:\/\/pushpay.com\/g\/nvalbanypark?lang=es\" target=\"_blank\" rel=\"noopener\">Albany Park &gt;<\/a><br \/>\n<a href=\"https:\/\/pushpay.com\/g\/nvblueisland?lang=es\" target=\"_blank\" rel=\"noopener\">Blue Island &gt;<\/a><br \/>\n<a href=\"https:\/\/pushpay.com\/g\/nlbridgeport\" target=\"_blank\" rel=\"noopener\">Bridgeport English &gt;<\/a><br \/>\n<a href=\"https:\/\/pushpay.com\/g\/nlmandarin\" target=\"_blank\" rel=\"noopener\">Bridgeport Mandarin &gt;<\/a><br \/>\n<a href=\"https:\/\/pushpay.com\/g\/nvbrightonpark?lang=es\" target=\"_blank\" rel=\"noopener\">Brighton Park Espa\u00f1ol &gt;<\/a><br \/>\n<a href=\"https:\/\/pushpay.com\/g\/nvcicero?lang=es\" target=\"_blank\" rel=\"noopener\">Cicero English &gt;<\/a><br \/>\n<a href=\"https:\/\/pushpay.com\/g\/nvcicero?lang=es\" target=\"_blank\" rel=\"noopener\">Cicero Espa\u00f1ol &gt;<\/a><br \/>\n<a href=\"https:\/\/pushpay.com\/g\/nleasthumboldtpark\" target=\"_blank\" rel=\"noopener\">East Humboldt Park &gt;<\/a><br \/>\n<a href=\"https:\/\/pushpay.com\/g\/nleastside\" target=\"_blank\" rel=\"noopener\">East Side English &gt;<\/a><br \/>\n<a href=\"https:\/\/pushpay.com\/g\/nveastside\" target=\"_blank\" re\n    =\"noopener\">East Side Espa\u00f1ol &gt;<\/a><br \/>\n<a href=\"https:\/\/pushpay.com\/g\/nlelgin\" target=\"_blank\" rel\n    =\"noopener\">Elgin &gt;<\/a><br \/>\n<a href=\"https:\/\/pushpay.com\/g\/nvhammond\" target=\"_blank\" rel=\"noopener\">Hammond English &gt;<\/a><br \/>\n<a href=\"https:\/\/pushpay.com\/g\/nvhammond\" target=\"_blank\" rel=\"noopener\">Hammond Espa\u00f1ol &gt;<\/a><br \/>\n<a href=\"https:\/\/pushpay.com\/g\/nvhobart\" target=\"_blank\" rel=\"noopener\">Hobart English &gt;<\/a><br \/>\n<a href=\"https:\/\/pushpay.com\/g\/nvhobart\" target=\"_blank\" rel=\"noopener\">Hobart Espa\u00f1ol &gt;<\/a><br \/>\n<a href=\"https:\/\/pushpay.com\/g\/nlhomerglen\" target=\"_blank\" rel=\"noopener\">Homer Glen &gt;<\/a><br \/>\n<a href=\"https:\/\/pushpay.com\/g\/nlhumboldtpark\" target=\"_blank\" rel=\"noopener\">Humboldt Park &gt;<\/a><br \/>\n<a href=\"https:\/\/pushpay.com\/g\/nllakeview\" target=\"_blank\" rel=\"noopener\">Lakeview &gt;<\/a><br \/>\n<a href=\"https:\/\/pushpay.com\/g\/nllincolnpark\" target=\"_blank\" rel=\"noopener\">Lincoln Park &gt;<\/a><br \/>\n<a href=\"https:\/\/pushpay.com\/g\/nvlavillita?lang=es\" target=\"_blank\" rel=\"noopener\">La Villita &gt;<\/a><br \/>\n<a href=\"https:\/\/pushpay.com\/g\/nvlavillita?lang=es\" target=\"_blank\" rel=\"noopener\">Little Village &gt;<\/a><br \/>\n<a href=\"https:\/\/pushpay.com\/g\/nvalbanypark?lang=es\" target=\"_blank\" rel=\"noopener\">Melrose Park English &gt;<\/a><br \/>\n<a href=\"https:\/\/pushpay.com\/g\/nvmelrosepark?lang=es\" target=\"_blank\" rel=\"noopener\">Melrose Park Espa\u00f1ol &gt;<\/a><br \/>\n<a href=\"https:\/\/pushpay.com\/g\/nlmidway\" target=\"_blank\" rel=\"noopener\">Midway English &gt;<\/a><br \/>\n<a href=\"https:\/\/pushpay.com\/g\/nvmidway?lang=es\" target=\"_blank\" rel=\"noopener\">Midway Espa\u00f1ol &gt;<\/a><br \/>\n<a href=\"https:\/\/pushpay.com\/g\/nlmontclare\" target=\"_blank\" rel=\"noopener\">Mont Clare &gt;<\/a><br \/>\n<a href=\"https:\/\/pushpay.com\/g\/nlmontgomery\" target=\"_blank\" rel=\"noopener\">Montgomery &gt;<\/a><br \/>\n<a href=\"https:\/\/pushpay.com\/g\/nlnorwoodpark\" target=\"_blank\" rel=\"noopener\">Norwood Park &gt;<\/a><br \/>\n<a href=\"https:\/\/pushpay.com\/g\/nloakforest\" target=\"_blank\" rel=\"noopener\">Oak Forest &gt;<\/a><br \/>\n<a href=\"https:\/\/pushpay.com\/g\/nloaklawn\" target=\"_blank\" rel=\"noopener\">Oak Lawn &gt;<\/a><br \/>\n<a href=\"https:\/\/pushpay.com\/g\/nlriverside\" target=\"_blank\" rel=\"noopener\">Riverside &gt;<\/a><br \/>\n<a href=\"https:\/\/pushpay.com\/g\/nlrogerspark\" target=\"_blank\" rel=\"noopener\">Rogers Park &gt;<\/a><br \/>\n<a href=\"https:\/\/pushpay.com\/g\/nlvillapark\" target=\"_blank\" rel=\"noopener\">Villa Park &gt;<\/a><br \/>\n<h3>Choose a Ministry:<\/h3><br \/>\n<a href=\"https:\/\/pushpay.com\/g\/nlmissionaries\" target=\"_blank\" rel=\"noopener\">Missionary Support &gt;<\/a><br \/>\n<a href=\"https:\/\/pushpay.com\/g\/nlpastors\" target=\"_blank\" rel=\"noopener\">Pastoral Support &gt;<\/a><br \/>\n<a href=\"https:\/\/pushpay.com\/g\/nlministries\" target=\"_blank\" rel=\"noopener\">New Life Centers &gt;<\/a><br \/>\n<a href=\"https:\/\/pushpay.com\/g\/newlifecommunitychurchchicago\" target=\"_blank\" rel=\"noopener\">Major Needs Benevolence &gt;<\/a><br \/>\t\t\n<h1>\n\t\t\tINVITE A UN AMIGO\t<\/h1>\n\t<p> \u00a1Descargue y comparta estas invitaciones en las redes sociales o env\u00ede un mensaje de texto a un amigo!<\/p>\n\t\t\t\t<a href=\"https:\/\/newlifecommunity.church\/wp-content\/uploads\/2025\/10\/Digital-Invite-04.png\"  target=\"_self\" itemprop=\"url\">\n\t\t\t\t<img decoding=\"async\" src=\"https:\/\/newlifecommunity.church\/wp-content\/uploads\/2025\/10\/Digital-Invite-04.png\" alt=\"Digital-Invite-04\" itemprop=\"image\" height=\"2250\" width=\"2250\" title=\"Digital-Invite-04\" onerror=\"this.style.display='none'\" loading=\"lazy\" \/>\n\t\t\t\t<\/a>\n\t\t\t\t<a href=\"https:\/\/newlifecommunity.church\/wp-content\/uploads\/2025\/10\/Digital-Invite-06.png\"  target=\"_self\" itemprop=\"url\">\n\t\t\t\t<img decoding=\"async\" src=\"https:\/\/newlifecommunity.church\/wp-content\/uploads\/2025\/10\/Digital-Invite-06.png\" alt=\"Digital-Invite-06\" itemprop=\"image\" height=\"2250\" width=\"2250\" title=\"Digital-Invite-06\" onerror=\"this.style.display='none'\" loading=\"lazy\" \/>\n\t\t\t\t<\/a>\n\t\t\t\t<a href=\"https:\/\/newlifecommunity.church\/wp-content\/uploads\/2025\/10\/Digital-Invite-05.png\"  target=\"_self\" itemprop=\"url\">\n\t\t\t\t<img decoding=\"async\" src=\"https:\/\/newlifecommunity.church\/wp-content\/uploads\/2025\/10\/Digital-Invite-05.png\" alt=\"Digital-Invite-05\" itemprop=\"image\" height=\"2250\" width=\"2250\" title=\"Digital-Invite-05\" onerror=\"this.style.display='none'\" loading=\"lazy\" \/>\n\t\t\t\t<\/a>","protected":false},"excerpt":{"rendered":"<p>ENCUENTRE UNA CONGREGACI\u00d3N Serie de Predicaci\u00f3n Dios con nosotros Cuando pensamos en la definici\u00f3n de una casa, muchos de nosotros pensamos en un lugar o espacio para vivir. Pero, encontrar un hogar verdadero en la presencia de Dios es m\u00e1s que eso. Nuestra morada con Dios es m\u00e1s que un edificio con puertas y ventanas.&hellip;<\/p>","protected":false},"author":2,"featured_media":1870,"parent":0,"menu_order":0,"comment_status":"closed","ping_status":"closed","template":"","meta":{"_acf_changed":false,"_monsterinsights_skip_tracking":false,"_monsterinsights_sitenote_active":false,"_monsterinsights_sitenote_note":"","_monsterinsights_sitenote_category":0,"footnotes":""},"categories":[],"tags":[],"class_list":["post-1877","page","type-page","status-publish","has-post-thumbnail","hentry"],"acf":[],"yoast_head":"<!-- This site is optimized with the Yoast SEO plugin v27.5 - https:\/\/yoast.com\/product\/yoast-seo-wordpress\/ -->\n<title>Celebrate Christmas at New Life<\/title>\n<meta name=\"description\" content=\"Christmas at New Life is a time to celebrate! Bring your family and friends and enjoy live worship music, inspiring messages, and a safe, fun Kids Zone.\" \/>\n<meta name=\"robots\" content=\"index, follow, max-snippet:-1, max-image-preview:large, max-video-preview:-1\" \/>\n<link rel=\"canonical\" href=\"https:\/\/newlifecommunity.church\/es\/navidad\/\" \/>\n<meta property=\"og:locale\" content=\"es_MX\" \/>\n<meta property=\"og:type\" content=\"article\" \/>\n<meta property=\"og:title\" content=\"Celebrate Christmas at New Life\" \/>\n<meta property=\"og:description\" content=\"Bring your family and friends and enjoy live worship music, inspiring messages, and a safe, fun Kids Zone.\" \/>\n<meta property=\"og:url\" content=\"https:\/\/newlifecommunity.church\/es\/navidad\/\" \/>\n<meta property=\"og:site_name\" content=\"New Life Community Church\" \/>\n<meta property=\"article:publisher\" content=\"https:\/\/facebook.com\/newlifechicago\" \/>\n<meta property=\"article:modified_time\" content=\"2025-10-28T16:04:57+00:00\" \/>\n<meta property=\"og:image\" content=\"https:\/\/newlifecommunity.church\/wp-content\/uploads\/2020\/11\/Dwell-Digital_2-Message-Spanish.png\" \/>\n\t<meta property=\"og:image:width\" content=\"1920\" \/>\n\t<meta property=\"og:image:height\" content=\"1080\" \/>\n\t<meta property=\"og:image:type\" content=\"image\/png\" \/>\n<meta name=\"twitter:card\" content=\"summary_large_image\" \/>\n<meta name=\"twitter:title\" content=\"Celebrbate Christmas at New Life\" \/>\n<meta name=\"twitter:description\" content=\"Bring your family and friends and enjoy live worship music, inspiring messages, and a safe, fun Kids Zone.\" \/>\n<meta name=\"twitter:image\" content=\"https:\/\/newlifecommunity.church\/wp-content\/uploads\/2020\/11\/Dwell-Digital_2-Message-Spanish.png\" \/>\n<meta name=\"twitter:site\" content=\"@newlifechicago\" \/>\n<meta name=\"twitter:label1\" content=\"Tiempo de lectura\" \/>\n\t<meta name=\"twitter:data1\" content=\"1 minuto\" \/>\n<script type=\"application\/ld+json\" class=\"yoast-schema-graph\">{\"@context\":\"https:\\\/\\\/schema.org\",\"@graph\":[{\"@type\":\"WebPage\",\"@id\":\"https:\\\/\\\/newlifecommunity.church\\\/navidad\\\/\",\"url\":\"https:\\\/\\\/newlifecommunity.church\\\/navidad\\\/\",\"name\":\"Celebrate Christmas at New Life\",\"isPartOf\":{\"@id\":\"https:\\\/\\\/newlifecommunity.church\\\/#website\"},\"primaryImageOfPage\":{\"@id\":\"https:\\\/\\\/newlifecommunity.church\\\/navidad\\\/#primaryimage\"},\"image\":{\"@id\":\"https:\\\/\\\/newlifecommunity.church\\\/navidad\\\/#primaryimage\"},\"thumbnailUrl\":\"https:\\\/\\\/newlifecommunity.church\\\/wp-content\\\/uploads\\\/2020\\\/11\\\/Dwell-Digital_2-Message-Spanish.png\",\"datePublished\":\"2020-11-18T16:13:03+00:00\",\"dateModified\":\"2025-10-28T16:04:57+00:00\",\"description\":\"Christmas at New Life is a time to celebrate! Bring your family and friends and enjoy live worship music, inspiring messages, and a safe, fun Kids Zone.\",\"breadcrumb\":{\"@id\":\"https:\\\/\\\/newlifecommunity.church\\\/navidad\\\/#breadcrumb\"},\"inLanguage\":\"es-MX\",\"potentialAction\":[{\"@type\":\"ReadAction\",\"target\":[\"https:\\\/\\\/newlifecommunity.church\\\/navidad\\\/\"]}]},{\"@type\":\"ImageObject\",\"inLanguage\":\"es-MX\",\"@id\":\"https:\\\/\\\/newlifecommunity.church\\\/navidad\\\/#primaryimage\",\"url\":\"https:\\\/\\\/newlifecommunity.church\\\/wp-content\\\/uploads\\\/2020\\\/11\\\/Dwell-Digital_2-Message-Spanish.png\",\"contentUrl\":\"https:\\\/\\\/newlifecommunity.church\\\/wp-content\\\/uploads\\\/2020\\\/11\\\/Dwell-Digital_2-Message-Spanish.png\",\"width\":1920,\"height\":1080},{\"@type\":\"BreadcrumbList\",\"@id\":\"https:\\\/\\\/newlifecommunity.church\\\/navidad\\\/#breadcrumb\",\"itemListElement\":[{\"@type\":\"ListItem\",\"position\":1,\"name\":\"Home\",\"item\":\"https:\\\/\\\/newlifecommunity.church\\\/\"},{\"@type\":\"ListItem\",\"position\":2,\"name\":\"Navidad en Nueva Vida\"}]},{\"@type\":\"WebSite\",\"@id\":\"https:\\\/\\\/newlifecommunity.church\\\/#website\",\"url\":\"https:\\\/\\\/newlifecommunity.church\\\/\",\"name\":\"New Life Community Church\",\"description\":\"One Church, Many Locations\",\"publisher\":{\"@id\":\"https:\\\/\\\/newlifecommunity.church\\\/#organization\"},\"potentialAction\":[{\"@type\":\"SearchAction\",\"target\":{\"@type\":\"EntryPoint\",\"urlTemplate\":\"https:\\\/\\\/newlifecommunity.church\\\/?s={search_term_string}\"},\"query-input\":{\"@type\":\"PropertyValueSpecification\",\"valueRequired\":true,\"valueName\":\"search_term_string\"}}],\"inLanguage\":\"es-MX\"},{\"@type\":\"Organization\",\"@id\":\"https:\\\/\\\/newlifecommunity.church\\\/#organization\",\"name\":\"New Life Community Church\",\"url\":\"https:\\\/\\\/newlifecommunity.church\\\/\",\"logo\":{\"@type\":\"ImageObject\",\"inLanguage\":\"es-MX\",\"@id\":\"https:\\\/\\\/newlifecommunity.church\\\/#\\\/schema\\\/logo\\\/image\\\/\",\"url\":\"https:\\\/\\\/newlifecommunity.church\\\/wp-content\\\/uploads\\\/2022\\\/02\\\/NewLife_RGB_Primary.png\",\"contentUrl\":\"https:\\\/\\\/newlifecommunity.church\\\/wp-content\\\/uploads\\\/2022\\\/02\\\/NewLife_RGB_Primary.png\",\"width\":6250,\"height\":2151,\"caption\":\"New Life Community Church\"},\"image\":{\"@id\":\"https:\\\/\\\/newlifecommunity.church\\\/#\\\/schema\\\/logo\\\/image\\\/\"},\"sameAs\":[\"https:\\\/\\\/facebook.com\\\/newlifechicago\",\"https:\\\/\\\/x.com\\\/newlifechicago\",\"https:\\\/\\\/www.linkedin.com\\\/company\\\/newlifechicago\",\"https:\\\/\\\/www.youtube.com\\\/newlifemidway\",\"https:\\\/\\\/www.instagram.com\\\/newlifechicago\\\/\"]}]}<\/script>\n<!-- \/ Yoast SEO plugin. -->","yoast_head_json":{"title":"Celebrate Christmas at New Life","description":"Christmas at New Life is a time to celebrate! Bring your family and friends and enjoy live worship music, inspiring messages, and a safe, fun Kids Zone.","robots":{"index":"index","follow":"follow","max-snippet":"max-snippet:-1","max-image-preview":"max-image-preview:large","max-video-preview":"max-video-preview:-1"},"canonical":"https:\/\/newlifecommunity.church\/es\/navidad\/","og_locale":"es_MX","og_type":"article","og_title":"Celebrate Christmas at New Life","og_description":"Bring your family and friends and enjoy live worship music, inspiring messages, and a safe, fun Kids Zone.","og_url":"https:\/\/newlifecommunity.church\/es\/navidad\/","og_site_name":"New Life Community Church","article_publisher":"https:\/\/facebook.com\/newlifechicago","article_modified_time":"2025-10-28T16:04:57+00:00","og_image":[{"width":1920,"height":1080,"url":"https:\/\/newlifecommunity.church\/wp-content\/uploads\/2020\/11\/Dwell-Digital_2-Message-Spanish.png","type":"image\/png"}],"twitter_card":"summary_large_image","twitter_title":"Celebrbate Christmas at New Life","twitter_description":"Bring your family and friends and enjoy live worship music, inspiring messages, and a safe, fun Kids Zone.","twitter_image":"https:\/\/newlifecommunity.church\/wp-content\/uploads\/2020\/11\/Dwell-Digital_2-Message-Spanish.png","twitter_site":"@newlifechicago","twitter_misc":{"Tiempo de lectura":"1 minuto"},"schema":{"@context":"https:\/\/schema.org","@graph":[{"@type":"WebPage","@id":"https:\/\/newlifecommunity.church\/navidad\/","url":"https:\/\/newlifecommunity.church\/navidad\/","name":"Celebrate Christmas at New Life","isPartOf":{"@id":"https:\/\/newlifecommunity.church\/#website"},"primaryImageOfPage":{"@id":"https:\/\/newlifecommunity.church\/navidad\/#primaryimage"},"image":{"@id":"https:\/\/newlifecommunity.church\/navidad\/#primaryimage"},"thumbnailUrl":"https:\/\/newlifecommunity.church\/wp-content\/uploads\/2020\/11\/Dwell-Digital_2-Message-Spanish.png","datePublished":"2020-11-18T16:13:03+00:00","dateModified":"2025-10-28T16:04:57+00:00","description":"Christmas at New Life is a time to celebrate! Bring your family and friends and enjoy live worship music, inspiring messages, and a safe, fun Kids Zone.","breadcrumb":{"@id":"https:\/\/newlifecommunity.church\/navidad\/#breadcrumb"},"inLanguage":"es-MX","potentialAction":[{"@type":"ReadAction","target":["https:\/\/newlifecommunity.church\/navidad\/"]}]},{"@type":"ImageObject","inLanguage":"es-MX","@id":"https:\/\/newlifecommunity.church\/navidad\/#primaryimage","url":"https:\/\/newlifecommunity.church\/wp-content\/uploads\/2020\/11\/Dwell-Digital_2-Message-Spanish.png","contentUrl":"https:\/\/newlifecommunity.church\/wp-content\/uploads\/2020\/11\/Dwell-Digital_2-Message-Spanish.png","width":1920,"height":1080},{"@type":"BreadcrumbList","@id":"https:\/\/newlifecommunity.church\/navidad\/#breadcrumb","itemListElement":[{"@type":"ListItem","position":1,"name":"Home","item":"https:\/\/newlifecommunity.church\/"},{"@type":"ListItem","position":2,"name":"Navidad en Nueva Vida"}]},{"@type":"WebSite","@id":"https:\/\/newlifecommunity.church\/#website","url":"https:\/\/newlifecommunity.church\/","name":"Iglesia Comunidad Nueva Vida","description":"Una iglesia, por toda la ciudad","publisher":{"@id":"https:\/\/newlifecommunity.church\/#organization"},"potentialAction":[{"@type":"SearchAction","target":{"@type":"EntryPoint","urlTemplate":"https:\/\/newlifecommunity.church\/?s={search_term_string}"},"query-input":{"@type":"PropertyValueSpecification","valueRequired":true,"valueName":"search_term_string"}}],"inLanguage":"es-MX"},{"@type":"Organization","@id":"https:\/\/newlifecommunity.church\/#organization","name":"Iglesia Comunidad Nueva Vida","url":"https:\/\/newlifecommunity.church\/","logo":{"@type":"ImageObject","inLanguage":"es-MX","@id":"https:\/\/newlifecommunity.church\/#\/schema\/logo\/image\/","url":"https:\/\/newlifecommunity.church\/wp-content\/uploads\/2022\/02\/NewLife_RGB_Primary.png","contentUrl":"https:\/\/newlifecommunity.church\/wp-content\/uploads\/2022\/02\/NewLife_RGB_Primary.png","width":6250,"height":2151,"caption":"New Life Community Church"},"image":{"@id":"https:\/\/newlifecommunity.church\/#\/schema\/logo\/image\/"},"sameAs":["https:\/\/facebook.com\/newlifechicago","https:\/\/x.com\/newlifechicago","https:\/\/www.linkedin.com\/company\/newlifechicago","https:\/\/www.youtube.com\/newlifemidway","https:\/\/www.instagram.com\/newlifechicago\/"]}]}},"_links":{"self":[{"href":"https:\/\/newlifecommunity.church\/es\/wp-json\/wp\/v2\/pages\/1877","targetHints":{"allow":["GET"]}}],"collection":[{"href":"https:\/\/newlifecommunity.church\/es\/wp-json\/wp\/v2\/pages"}],"about":[{"href":"https:\/\/newlifecommunity.church\/es\/wp-json\/wp\/v2\/types\/page"}],"author":[{"embeddable":true,"href":"https:\/\/newlifecommunity.church\/es\/wp-json\/wp\/v2\/users\/2"}],"replies":[{"embeddable":true,"href":"https:\/\/newlifecommunity.church\/es\/wp-json\/wp\/v2\/comments?post=1877"}],"version-history":[{"count":0,"href":"https:\/\/newlifecommunity.church\/es\/wp-json\/wp\/v2\/pages\/1877\/revisions"}],"wp:featuredmedia":[{"embeddable":true,"href":"https:\/\/newlifecommunity.church\/es\/wp-json\/wp\/v2\/media\/1870"}],"wp:attachment":[{"href":"https:\/\/newlifecommunity.church\/es\/wp-json\/wp\/v2\/media?parent=1877"}],"wp:term":[{"taxonomy":"category","embeddable":true,"href":"https:\/\/newlifecommunity.church\/es\/wp-json\/wp\/v2\/categories?post=1877"},{"taxonomy":"post_tag","embeddable":true,"href":"https:\/\/newlifecommunity.church\/es\/wp-json\/wp\/v2\/tags?post=1877"}],"curies":[{"name":"wp","href":"https:\/\/api.w.org\/{rel}","templated":true}]}}