{"id":1986,"date":"2021-02-24T14:39:18","date_gmt":"2021-02-24T14:39:18","guid":{"rendered":"https:\/\/newlifecommunity.church\/?page_id=1986"},"modified":"2026-02-04T21:45:34","modified_gmt":"2026-02-04T21:45:34","slug":"east-humboldt-park","status":"publish","type":"page","link":"https:\/\/newlifecommunity.church\/es\/east-humboldt-park\/","title":{"rendered":"East Humboldt Park"},"content":{"rendered":"<h1>East Humboldt Park<\/h1>\r\n<h3>Sundays at 10:00AM<\/h3>\r\n<p>872-802-1616| <a href=\"mailto:easthumboldtpark@newlifechicago.org\">Cont\u00e1ctanos<\/a><\/p>\r\n<p><a href=\"https:\/\/www.youtube.com\/channel\/UCl2_Do8E4J9L7N92czKf9Mg\" target=\"_blank\" rel=\"noopener\"> VER EN L\u00cdNEA <\/a> <a href=\"https:\/\/pushpay.com\/g\/nleasthumboldtpark\" target=\"_blank\" rel=\"noopener\"> Dar <\/a><\/p>\r\n<h3>Bienvenidos a Nueva Vida<\/h3>\r\n<p>Nuestro prop\u00f3sito es ser una familia de amor que coopere con Dios para hacer que los seguidores de Cristo sean devotos permanentemente. <a href=\"#watch\">Watch our welcome video<\/a> to learn about our church and connect with us today.<\/p>\r\n<h2>Let&#8217;s Connect<\/h2>\r\n<p><img decoding=\"async\" title=\"3180_09210350_C005.00_00_54_04.Still002\" src=\"https:\/\/newlifecommunity.church\/wp-content\/uploads\/2023\/11\/3180_09210350_C005.00_00_54_04.Still002.jpg\" alt=\"\" \/> Play Video<\/p>\r\n<h3>\u00bfEs tu primera vez aqu\u00ed?<\/h3>\r\n<p>We know that showing up to a new place for the first time can be intimidating. At New Life Community Church it&#8217;s our desire that you feel right at home from the moment you pull into the parking lot! As a first-time guest, you are VIP to us so we&#8217;ll be there with you every step of the way!<\/p>\r\n<figure><img loading=\"lazy\" decoding=\"async\" title=\"new-life-kids\" src=\"https:\/\/newlifecommunity.church\/wp-content\/uploads\/2023\/03\/new-life-kids.jpg\" alt=\"new-life-kids\" width=\"1080\" height=\"1080\" \/><\/figure>\r\n<h3>\u00bfY mis hijos?<\/h3>\r\n<p>Nuestra escuela dominical est\u00e1 disponible para ni\u00f1os (desde nacimiento hasta el sexto grado) en cada servicio. El crecimiento espiritual de cada ni\u00f1o es nuestra m\u00e1xima prioridad y nuestra pasi\u00f3n es crear lecciones divertidas, guiadas por la Biblia e interactivas, especialmente dise\u00f1adas para ellos.<\/p>\r\n<h3>\u00bfQu\u00e9 ropa debo usar?<\/h3>\r\n<p>At New Life Community Church, there&#8217;s no dress code and no judgement. Some show up in suits or dresses, and others wear t-shirts and jeans. We want you to wear whatever makes you feel comfortable!<\/p>\r\n<h2>Conoce a nuestro equipo<\/h2>\r\n<ul>\r\n<li><img decoding=\"async\" src=\"https:\/\/newlifecommunity.church\/wp-content\/uploads\/2023\/03\/Mothers-Day-NLCC-21-Melody-Joy-Co-171_websize16.jpeg\" alt=\"\" \/>\r\n<h3>Pastor Danny and Cyrene Lopez<\/h3>\r\n<p>Danny Lopez is a native of Chicago. Pastor Danny grew up in Humboldt Park in a home where drugs, alcohol, gang activity and witchcraft was prevalent. At the age of thirteen God&#8217;s grace changed the course of his life. He graduated from Moody Bible Institute with a degree in Bible Theology and is well known in the city for his 25 years of youth ministry to the teens in churches and the local high schools. Danny is married to Cyrene and they have three grown children who are serving the Lord in various areas of ministry. Danny is a dynamic speaker who is passionate about Jesus.<\/p>\r\n<img decoding=\"async\" src=\"https:\/\/newlifecommunity.church\/wp-content\/uploads\/2023\/03\/Mothers-Day-NLCC-21-Melody-Joy-Co-171_websize16.jpeg\" alt=\"\" \/><\/li>\r\n<\/ul>\r\n<figure><img loading=\"lazy\" decoding=\"async\" title=\"Fortify Our Future-Logo blue_900x900-Square\" src=\"https:\/\/newlifecommunity.church\/wp-content\/uploads\/2023\/11\/Fortify-Our-Future-Logo-blue_900x900-Square.png\" alt=\"Fortify Our Future-Logo blue_900x900-Square\" width=\"1876\" height=\"1876\" \/><\/figure>\r\n<h2>Fortify Our Future<\/h2>\r\n<p><em>Proverbs 18:10 &#8211; &#8220;The name of the Lord is a fortified tower; the righteous run to it and are safe.&#8221;<\/em><\/p>\r\n<p><strong>Our goal is to Fortify Our Future in three main areas:<\/strong><\/p>\r\n<blockquote>1. Fortify our Spiritual Training<br \/>2. Fortify our Community Partnerships<br \/>3.\u00a0 Fortify our Future for the Next Generation<\/blockquote>\r\n<p>This will be a stretch for all of us, but a sacrifice is not a sacrifice unless it cost us something. Think about the possibilities and all the people who will encounter God and have their life changed just because we are here, YOU are here.<\/p>\r\n<p><a href=\"https:\/\/newlifecommunity.church\/wp-content\/uploads\/2024\/10\/Fortify-the-Future-Letter.pdf\" target=\"_self\"> aprende <\/a> <a href=\"https:\/\/pushpay.com\/c\/b611f36f3fee468fbf53a4d44956b5fa\/wkdCEw-U7DjR7zuJsYGcBw\" target=\"_blank\" rel=\"noopener\"> Dar Aqui <\/a><\/p>","protected":false},"excerpt":{"rendered":"<p>East Humboldt Park Sundays at 10:00AM 872-802-1616| Email Us Watch Online Give Now Welcome to New Life Our purpose is to be a family of love that cooperates with God in making fully devoted fruitful followers of Christ. Watch our welcome video to learn about our church and connect with us today. Let&#8217;s Connect Play&hellip;<\/p>","protected":false},"author":2,"featured_media":2560,"parent":0,"menu_order":0,"comment_status":"closed","ping_status":"closed","template":"","meta":{"_acf_changed":false,"_monsterinsights_skip_tracking":false,"_monsterinsights_sitenote_active":false,"_monsterinsights_sitenote_note":"","_monsterinsights_sitenote_category":0,"footnotes":""},"categories":[],"tags":[],"class_list":["post-1986","page","type-page","status-publish","has-post-thumbnail","hentry"],"acf":[],"yoast_head":"<!-- This site is optimized with the Yoast SEO plugin v27.5 - https:\/\/yoast.com\/product\/yoast-seo-wordpress\/ -->\n<title>East Humboldt Park - New Life Community Church<\/title>\n<meta name=\"robots\" content=\"index, follow, max-snippet:-1, max-image-preview:large, max-video-preview:-1\" \/>\n<link rel=\"canonical\" href=\"https:\/\/newlifecommunity.church\/es\/east-humboldt-park\/\" \/>\n<meta property=\"og:locale\" content=\"es_MX\" \/>\n<meta property=\"og:type\" content=\"article\" \/>\n<meta property=\"og:title\" content=\"East Humboldt Park - New Life Community Church\" \/>\n<meta property=\"og:description\" content=\"East Humboldt Park Sundays at 10:00AM 872-802-1616| Email Us Watch Online Give Now Welcome to New Life Our purpose is to be a family of love that cooperates with God in making fully devoted fruitful followers of Christ. Watch our welcome video to learn about our church and connect with us today. Let&#8217;s Connect Play&hellip;\" \/>\n<meta property=\"og:url\" content=\"https:\/\/newlifecommunity.church\/es\/east-humboldt-park\/\" \/>\n<meta property=\"og:site_name\" content=\"New Life Community Church\" \/>\n<meta property=\"article:publisher\" content=\"https:\/\/facebook.com\/newlifechicago\" \/>\n<meta property=\"article:modified_time\" content=\"2026-02-04T21:45:34+00:00\" \/>\n<meta property=\"og:image\" content=\"https:\/\/newlifecommunity.church\/wp-content\/uploads\/2022\/09\/ehp20221-e1664289795464.jpeg\" \/>\n\t<meta property=\"og:image:width\" content=\"1170\" \/>\n\t<meta property=\"og:image:height\" content=\"658\" \/>\n\t<meta property=\"og:image:type\" content=\"image\/jpeg\" \/>\n<meta name=\"twitter:card\" content=\"summary_large_image\" \/>\n<meta name=\"twitter:site\" content=\"@newlifechicago\" \/>\n<meta name=\"twitter:label1\" content=\"Tiempo de lectura\" \/>\n\t<meta name=\"twitter:data1\" content=\"3 minutos\" \/>\n<script type=\"application\/ld+json\" class=\"yoast-schema-graph\">{\"@context\":\"https:\\\/\\\/schema.org\",\"@graph\":[{\"@type\":\"WebPage\",\"@id\":\"https:\\\/\\\/newlifecommunity.church\\\/east-humboldt-park\\\/\",\"url\":\"https:\\\/\\\/newlifecommunity.church\\\/east-humboldt-park\\\/\",\"name\":\"East Humboldt Park - New Life Community Church\",\"isPartOf\":{\"@id\":\"https:\\\/\\\/newlifecommunity.church\\\/#website\"},\"primaryImageOfPage\":{\"@id\":\"https:\\\/\\\/newlifecommunity.church\\\/east-humboldt-park\\\/#primaryimage\"},\"image\":{\"@id\":\"https:\\\/\\\/newlifecommunity.church\\\/east-humboldt-park\\\/#primaryimage\"},\"thumbnailUrl\":\"https:\\\/\\\/newlifecommunity.church\\\/wp-content\\\/uploads\\\/2022\\\/09\\\/ehp20221-e1664289795464.jpeg\",\"datePublished\":\"2021-02-24T14:39:18+00:00\",\"dateModified\":\"2026-02-04T21:45:34+00:00\",\"breadcrumb\":{\"@id\":\"https:\\\/\\\/newlifecommunity.church\\\/east-humboldt-park\\\/#breadcrumb\"},\"inLanguage\":\"es-MX\",\"potentialAction\":[{\"@type\":\"ReadAction\",\"target\":[\"https:\\\/\\\/newlifecommunity.church\\\/east-humboldt-park\\\/\"]}]},{\"@type\":\"ImageObject\",\"inLanguage\":\"es-MX\",\"@id\":\"https:\\\/\\\/newlifecommunity.church\\\/east-humboldt-park\\\/#primaryimage\",\"url\":\"https:\\\/\\\/newlifecommunity.church\\\/wp-content\\\/uploads\\\/2022\\\/09\\\/ehp20221-e1664289795464.jpeg\",\"contentUrl\":\"https:\\\/\\\/newlifecommunity.church\\\/wp-content\\\/uploads\\\/2022\\\/09\\\/ehp20221-e1664289795464.jpeg\",\"width\":1170,\"height\":658},{\"@type\":\"BreadcrumbList\",\"@id\":\"https:\\\/\\\/newlifecommunity.church\\\/east-humboldt-park\\\/#breadcrumb\",\"itemListElement\":[{\"@type\":\"ListItem\",\"position\":1,\"name\":\"Home\",\"item\":\"https:\\\/\\\/newlifecommunity.church\\\/\"},{\"@type\":\"ListItem\",\"position\":2,\"name\":\"East Humboldt Park\"}]},{\"@type\":\"WebSite\",\"@id\":\"https:\\\/\\\/newlifecommunity.church\\\/#website\",\"url\":\"https:\\\/\\\/newlifecommunity.church\\\/\",\"name\":\"New Life Community Church\",\"description\":\"One Church, Many Locations\",\"publisher\":{\"@id\":\"https:\\\/\\\/newlifecommunity.church\\\/#organization\"},\"potentialAction\":[{\"@type\":\"SearchAction\",\"target\":{\"@type\":\"EntryPoint\",\"urlTemplate\":\"https:\\\/\\\/newlifecommunity.church\\\/?s={search_term_string}\"},\"query-input\":{\"@type\":\"PropertyValueSpecification\",\"valueRequired\":true,\"valueName\":\"search_term_string\"}}],\"inLanguage\":\"es-MX\"},{\"@type\":\"Organization\",\"@id\":\"https:\\\/\\\/newlifecommunity.church\\\/#organization\",\"name\":\"New Life Community Church\",\"url\":\"https:\\\/\\\/newlifecommunity.church\\\/\",\"logo\":{\"@type\":\"ImageObject\",\"inLanguage\":\"es-MX\",\"@id\":\"https:\\\/\\\/newlifecommunity.church\\\/#\\\/schema\\\/logo\\\/image\\\/\",\"url\":\"https:\\\/\\\/newlifecommunity.church\\\/wp-content\\\/uploads\\\/2022\\\/02\\\/NewLife_RGB_Primary.png\",\"contentUrl\":\"https:\\\/\\\/newlifecommunity.church\\\/wp-content\\\/uploads\\\/2022\\\/02\\\/NewLife_RGB_Primary.png\",\"width\":6250,\"height\":2151,\"caption\":\"New Life Community Church\"},\"image\":{\"@id\":\"https:\\\/\\\/newlifecommunity.church\\\/#\\\/schema\\\/logo\\\/image\\\/\"},\"sameAs\":[\"https:\\\/\\\/facebook.com\\\/newlifechicago\",\"https:\\\/\\\/x.com\\\/newlifechicago\",\"https:\\\/\\\/www.linkedin.com\\\/company\\\/newlifechicago\",\"https:\\\/\\\/www.youtube.com\\\/newlifemidway\",\"https:\\\/\\\/www.instagram.com\\\/newlifechicago\\\/\"]}]}<\/script>\n<!-- \/ Yoast SEO plugin. -->","yoast_head_json":{"title":"East Humboldt Park - New Life Community Church","robots":{"index":"index","follow":"follow","max-snippet":"max-snippet:-1","max-image-preview":"max-image-preview:large","max-video-preview":"max-video-preview:-1"},"canonical":"https:\/\/newlifecommunity.church\/es\/east-humboldt-park\/","og_locale":"es_MX","og_type":"article","og_title":"East Humboldt Park - New Life Community Church","og_description":"East Humboldt Park Sundays at 10:00AM 872-802-1616| Email Us Watch Online Give Now Welcome to New Life Our purpose is to be a family of love that cooperates with God in making fully devoted fruitful followers of Christ. Watch our welcome video to learn about our church and connect with us today. Let&#8217;s Connect Play&hellip;","og_url":"https:\/\/newlifecommunity.church\/es\/east-humboldt-park\/","og_site_name":"New Life Community Church","article_publisher":"https:\/\/facebook.com\/newlifechicago","article_modified_time":"2026-02-04T21:45:34+00:00","og_image":[{"width":1170,"height":658,"url":"https:\/\/newlifecommunity.church\/wp-content\/uploads\/2022\/09\/ehp20221-e1664289795464.jpeg","type":"image\/jpeg"}],"twitter_card":"summary_large_image","twitter_site":"@newlifechicago","twitter_misc":{"Tiempo de lectura":"3 minutos"},"schema":{"@context":"https:\/\/schema.org","@graph":[{"@type":"WebPage","@id":"https:\/\/newlifecommunity.church\/east-humboldt-park\/","url":"https:\/\/newlifecommunity.church\/east-humboldt-park\/","name":"East Humboldt Park - New Life Community Church","isPartOf":{"@id":"https:\/\/newlifecommunity.church\/#website"},"primaryImageOfPage":{"@id":"https:\/\/newlifecommunity.church\/east-humboldt-park\/#primaryimage"},"image":{"@id":"https:\/\/newlifecommunity.church\/east-humboldt-park\/#primaryimage"},"thumbnailUrl":"https:\/\/newlifecommunity.church\/wp-content\/uploads\/2022\/09\/ehp20221-e1664289795464.jpeg","datePublished":"2021-02-24T14:39:18+00:00","dateModified":"2026-02-04T21:45:34+00:00","breadcrumb":{"@id":"https:\/\/newlifecommunity.church\/east-humboldt-park\/#breadcrumb"},"inLanguage":"es-MX","potentialAction":[{"@type":"ReadAction","target":["https:\/\/newlifecommunity.church\/east-humboldt-park\/"]}]},{"@type":"ImageObject","inLanguage":"es-MX","@id":"https:\/\/newlifecommunity.church\/east-humboldt-park\/#primaryimage","url":"https:\/\/newlifecommunity.church\/wp-content\/uploads\/2022\/09\/ehp20221-e1664289795464.jpeg","contentUrl":"https:\/\/newlifecommunity.church\/wp-content\/uploads\/2022\/09\/ehp20221-e1664289795464.jpeg","width":1170,"height":658},{"@type":"BreadcrumbList","@id":"https:\/\/newlifecommunity.church\/east-humboldt-park\/#breadcrumb","itemListElement":[{"@type":"ListItem","position":1,"name":"Home","item":"https:\/\/newlifecommunity.church\/"},{"@type":"ListItem","position":2,"name":"East Humboldt Park"}]},{"@type":"WebSite","@id":"https:\/\/newlifecommunity.church\/#website","url":"https:\/\/newlifecommunity.church\/","name":"Iglesia Comunidad Nueva Vida","description":"Una iglesia, por toda la ciudad","publisher":{"@id":"https:\/\/newlifecommunity.church\/#organization"},"potentialAction":[{"@type":"SearchAction","target":{"@type":"EntryPoint","urlTemplate":"https:\/\/newlifecommunity.church\/?s={search_term_string}"},"query-input":{"@type":"PropertyValueSpecification","valueRequired":true,"valueName":"search_term_string"}}],"inLanguage":"es-MX"},{"@type":"Organization","@id":"https:\/\/newlifecommunity.church\/#organization","name":"Iglesia Comunidad Nueva Vida","url":"https:\/\/newlifecommunity.church\/","logo":{"@type":"ImageObject","inLanguage":"es-MX","@id":"https:\/\/newlifecommunity.church\/#\/schema\/logo\/image\/","url":"https:\/\/newlifecommunity.church\/wp-content\/uploads\/2022\/02\/NewLife_RGB_Primary.png","contentUrl":"https:\/\/newlifecommunity.church\/wp-content\/uploads\/2022\/02\/NewLife_RGB_Primary.png","width":6250,"height":2151,"caption":"New Life Community Church"},"image":{"@id":"https:\/\/newlifecommunity.church\/#\/schema\/logo\/image\/"},"sameAs":["https:\/\/facebook.com\/newlifechicago","https:\/\/x.com\/newlifechicago","https:\/\/www.linkedin.com\/company\/newlifechicago","https:\/\/www.youtube.com\/newlifemidway","https:\/\/www.instagram.com\/newlifechicago\/"]}]}},"_links":{"self":[{"href":"https:\/\/newlifecommunity.church\/es\/wp-json\/wp\/v2\/pages\/1986","targetHints":{"allow":["GET"]}}],"collection":[{"href":"https:\/\/newlifecommunity.church\/es\/wp-json\/wp\/v2\/pages"}],"about":[{"href":"https:\/\/newlifecommunity.church\/es\/wp-json\/wp\/v2\/types\/page"}],"author":[{"embeddable":true,"href":"https:\/\/newlifecommunity.church\/es\/wp-json\/wp\/v2\/users\/2"}],"replies":[{"embeddable":true,"href":"https:\/\/newlifecommunity.church\/es\/wp-json\/wp\/v2\/comments?post=1986"}],"version-history":[{"count":0,"href":"https:\/\/newlifecommunity.church\/es\/wp-json\/wp\/v2\/pages\/1986\/revisions"}],"wp:featuredmedia":[{"embeddable":true,"href":"https:\/\/newlifecommunity.church\/es\/wp-json\/wp\/v2\/media\/2560"}],"wp:attachment":[{"href":"https:\/\/newlifecommunity.church\/es\/wp-json\/wp\/v2\/media?parent=1986"}],"wp:term":[{"taxonomy":"category","embeddable":true,"href":"https:\/\/newlifecommunity.church\/es\/wp-json\/wp\/v2\/categories?post=1986"},{"taxonomy":"post_tag","embeddable":true,"href":"https:\/\/newlifecommunity.church\/es\/wp-json\/wp\/v2\/tags?post=1986"}],"curies":[{"name":"wp","href":"https:\/\/api.w.org\/{rel}","templated":true}]}}