{"id":2314,"date":"2022-01-11T13:54:10","date_gmt":"2022-01-11T13:54:10","guid":{"rendered":"https:\/\/newlifecommunity.church\/?page_id=2314"},"modified":"2022-12-16T14:05:07","modified_gmt":"2022-12-16T14:05:07","slug":"ayuno","status":"publish","type":"page","link":"https:\/\/newlifecommunity.church\/es\/ayuno\/","title":{"rendered":"GUIA PARA LA ORACI\u00d3N Y AYUNO"},"content":{"rendered":"<img loading=\"lazy\" decoding=\"async\" src=\"https:\/\/newlifecommunity.church\/wp-content\/uploads\/2022\/12\/21-Days-of-Fasting-and-Prayer_1920x1080-Cover-Spanish-Alt1.png\" alt=\"21 Days of Fasting and Prayer_1920x1080-Cover-Spanish-Alt1\" itemprop=\"image\" height=\"1080\" width=\"1920\" title=\"21 Days of Fasting and Prayer_1920x1080-Cover-Spanish-Alt1\" onerror=\"this.style.display='none'\"  \/>\n<h1>\n\t\tGUIA PARA LA ORACI\u00d3N Y AYUNO\n\t<\/h1>\n\t<h2><strong>\u00bfPORQUE AYUNAMOS?\u00a0<\/strong><\/h2>\n<p>La Iglesia Comunidad Nueva Vida comienza cada a\u00f1o con un tiempo de ayuno y de oraci\u00f3n. El prop\u00f3sito es remover el enfoque de las preocupaciones terrenales y escuchar lo que Dios tiene para nosotros como iglesia e individualmente en el a\u00f1o nuevo.<\/p>\n<p><strong>Ayunar es B\u00edblico.<\/strong> La oraci\u00f3n y el ayuno son practicados regularmente a trav\u00e9s de la Biblia. Vemos al pueblo de Dios en el Antiguo y Nuevo Testamento, orando y ayunando para buscar el rostro de Dios y para lo que \u00c9l les est\u00e1 llamando. L\u00e9ase en: Nehem\u00edas 9, Esther 4 y Mateo 4.<\/p>\n<p><strong>Ayunar es algo que debemos hacer.\u00a0<\/strong>Cuando le preguntaron a Jes\u00fas porque no ayunaban sus disc\u00edpulos, dijo: &#8220;Pero vendr\u00e1n d\u00edas cuando el esposo les ser\u00e1 quitado, y entonces ayunar\u00e1n.&#8221; (Mateo 9:15) Noten que Jes\u00fas no dijo que sus disc\u00edpulos <em>tal vez ayunar\u00edan<\/em> sino <em>ayunar<\/em>. \u00a1\u00c9l nos gu\u00eda como Sus seguidores suyos a hacer lo mismo!<\/p>\n<hr \/>\n<h2><strong>\u00bfC\u00d3MO DEBO AYUNAR? <\/strong><\/h2>\n<p>Tenemos varias formas de practicar el mandamiento de Dios para ayunar.\u00a0Ore para decidir cu\u00e1l elegir\u00e1:<\/p>\n<ul>\n<li><strong>Ayuno con Agua <\/strong>&#8211; en este ayuno, no comer\u00e1 nada ni beber\u00e1 l\u00edquidos, s\u00f3lo tomar\u00e1 agua.<\/li>\n<li><strong>Ayuno con Jugo<\/strong> &#8211; solo tomaran jugos hechos con frutas frescas y verduras en lugar de alimentos s\u00f3lidos\/otras bebidas.<\/li>\n<li><strong>Ayuno de Daniel<\/strong> &#8211; basado en el ayuno de Daniel en la biblia, este ayuno consiste en consumir principalmente frutas, verduras y agua. Aseg\u00farese de consultar con su m\u00e9dico antes de comenzar uno de estos ayunos.<\/li>\n<li><strong>Ayuno de Redes Sociales <\/strong>&#8211; nuestra dependencia de los medios de comunicaci\u00f3n, no nos permiten un tiempo de desconexi\u00f3n o silencio. Elije uno de los siguientes elementos para ayunar: televisi\u00f3n, noticias, pel\u00edculas, m\u00fasica, radio, medios sociales, juegos de video.<\/li>\n<\/ul>\n<hr \/>\n<h2><strong>\u00bfC\u00d3MO ES LA ORACI\u00d3N DIFERENTE DURANTE EL AYUNO?<\/strong><\/h2>\n<p>El ayuno es vac\u00edo sin el componente principal de la oraci\u00f3n. Cuando oramos durante el ayuno, dejamos por un lado nuestras preocupaciones f\u00edsicas y diligentemente buscamos el coraz\u00f3n de Dios a trav\u00e9s de la oraci\u00f3n. Remplaza con oraci\u00f3n y medita en la palabra de Dios.<\/p>\n<hr \/>\n<h2><strong>ANTES DE AYUNAR&#8230;<\/strong><\/h2>\n<p><strong>\u00bfPorque ayunar?<\/strong><\/p>\n<p>Aparte de ser una buena pr\u00e1ctica para purificar nuestros cuerpos, en Mateo 6:16-18 Jes\u00fas se refiere al ayuno como una expectativa normal para cada uno de sus disc\u00edpulos. En G\u00e1latas 5:16 el Ap\u00f3stol Pablo reta a los creyentes a que sean guiados por el esp\u00edritu de Dios en vez de los deseos naturales de nuestro cuerpo.<\/p>\n<p><strong>\u00bfQue es un ayuno?<\/strong><\/p>\n<p>De acuerdo con el diccionario, la palabra &#8220;ayuno&#8221; significa &#8220;sufrir de hambre&#8221; o &#8220;abstenerse de comer o beber&#8221;. Hay cientos de vers\u00edculos b\u00edblicos que hablan sobre el ayuno. Medita en estos: 1 Corintios 9:27, Ester 4:16, Jon\u00e1s 3:5-9. El prop\u00f3sito de ayunar es crear un espacio de tu tiempo para desarrollar intensidad espiritual y para perseguir cercan\u00eda con Dios. Por esta raz\u00f3n, el ayuno sin oraci\u00f3n no es una actividad b\u00edblica. Es importante mencionar que un verdadero ayuno siempre incluye abstenerse de comida. Es por eso que alguien que escoge abstenerse de Facebook, ir de compras, o &#8220;dejar el chocolate&#8221; no esta necesariamente \u00a0ayunando. El ayuno no es una medida para manipular a Dios. Una gente piensa equivocadamente que si ayunan, Dios les va a deber alg\u00fan favor. No ayunamos para forzar la mano de Dios a que haga nuestra voluntad pero para acercarnos a \u00e9l y estar m\u00e1s disponibles para escuchar su voz.<\/p>\n<p><strong>\u00bfCual deber\u00eda ser el objetivo principal de mi ayuno?<\/strong><\/p>\n<p>El objetivo principal para el ayuno deber\u00eda ser\u00a0 cercan\u00eda con Dios. En Am\u00f3s 5:4 Dios reta a su gente &#8220;b\u00fasquenme y vivir\u00e1n.&#8221; Es bueno ayunar por peticiones urgentes pero es esencial fijar nuestros corazones en buscar a Dios primero, encima de cualquier otra b\u00fasqueda de nuestro coraz\u00f3n.<\/p>\n<p><strong>\u00bfQu\u00e9 tipos de ayunos hacemos en Nueva Vida?<\/strong><\/p>\n<p>Aunque la Biblia menciona todo tipo de ayunos, en Nueva Vida animamos a nuestros miembros que hagan ayuno de l\u00edquidos. Para este tipo de ayuno, rendimos todo tipo de comida s\u00f3lida e ingerimos s\u00f3lo l\u00edquidos como jugos, caldos, y agua. Tambi\u00e9n eliminamos cualquier tipo de actividades adicionales que no son esenciales a nuestras responsabilidades diarias como tomar caf\u00e9, ir de compras, Facebook, y otras formas de entretenimiento.<strong>\u00a0<\/strong><\/p>\n<p><strong>\u00bfC\u00f3mo me preparo para mi ayuno?<\/strong><\/p>\n<ul>\n<li>Reduce tu consumo de comida progresivamente, deshazte de las cosas que no son esenciales como el caf\u00e9, la soda, az\u00facares, botanas, etc.<\/li>\n<li>Ve de compras por frutas, vegetales, jugos y agua, antes de tu ayuno. De esa manera evitar\u00e1s distracciones de la tienda durante tu ayuno.<\/li>\n<li>Antes de tiempo, ampl\u00eda tu calendario para hacer un espacio para tiempos intencionales con Dios.<\/li>\n<li>Por \u00faltimo, fija metas claras para el ayuno. \u00bfCu\u00e1ntos d\u00edas vas a ayunar? \u00bfCuales comidas? \u00bfDonde vas a orar? \u00bfCuando vas a orar?<\/li>\n<\/ul>\n<p><strong>\u00bfQue tal si tengo enfermedades que me previenen ayunar?<\/strong><\/p>\n<p>Si tienes una condici\u00f3n m\u00e9dica que te previene ayunar, consulta a tu doctor primero. Dicho esto, debes entender que ayunar te va a forzar a que decidas entre cosas normales en tu vida, que no son esenciales, y la opci\u00f3n de buscar a Dios sacrificialmente. Cualquiera puede dejar la cafe\u00edna, el chisme de la radio, las telenovelas, juegos de computadora y comidas chatarras sin el permiso de un doctor.<\/p>\n<p><strong>\u00bfQue tal si mi trabajo exige mucho f\u00edsicamente?<\/strong><\/p>\n<p>Miles de Cristianos a lo largo de la historia y en todo el mundo que est\u00e1n viviendo bajo presiones extremas encuentran momentos para ayunar. Recuerda que Dios te invita a que te acerques a \u00c9l (Santiago 4:8). Deber\u00edas evaluar las exigencias de tu trabajo y buscar dar lo mejor de ti a pesar de si puedes ayunar o no. Como todo lo que hacemos es una reflexi\u00f3n de la obra de Dios en nosotros, nuestro rendimiento en el\u00a0 trabajo es una parte esencial en nuestro testimonio. Por esa raz\u00f3n, pedimos que no pongas tu vida en peligro sin una convicci\u00f3n clara de Dios. Puedes por ejemplo, consumir una comida y ayunar el resto del d\u00eda.<\/p>\n<hr \/>\n<h2><strong>\u00a0<\/strong><strong>DURANTE EL AYUNO&#8230;<\/strong><\/h2>\n<p><strong>\u00bfQue debo hacer durante mi ayuno?<\/strong><\/p>\n<p>Establecer una rutina de oraci\u00f3n diaria con suficiente tiempo para buscar y escuchar de Dios es absolutamente esencial durante el ayuno. Tal vez querr\u00e1s seguir un libro. Mantener un diario. Tambi\u00e9n recomendamos apartar un tiempo para unirte con otros en adoraci\u00f3n, oraci\u00f3n, y para recibir \u00e1nimo.<\/p>\n<p><strong>\u00bfQue batallas puedo esperar durante mi ayuno?<\/strong><\/p>\n<p>Al comenzar el ayuno, puede que experimentes una variedad de s\u00edntomas incluyendo dolores de cabeza intensos, fatiga extrema, pensamientos confusos, diarrea, escalofr\u00edos, y m\u00e1s. Ten en mente que durante los primeros d\u00edas de tu ayuno, tu cuerpo va a experimentar s\u00edntomas raros y fuera de lo com\u00fan. Si estos s\u00edntomas persisten y se vuelven un obst\u00e1culo para tus responsabilidades diarias, primero contacta a tu m\u00e9dico y despu\u00e9s busca asesoramiento de una persona con experiencia con el ayuno. Los primeros tres d\u00edas son t\u00edpicamente cuando el cuerpo est\u00e1 siendo lavado y escurrido de todas las impurezas y excesos de nuestras malas pr\u00e1cticas.<\/p>\n<p><strong>\u00bfQue pasa si fracaso?<\/strong><\/p>\n<p>Las tentaciones siempre son dif\u00edciles y durante un ayuno, la cosa m\u00e1s peque\u00f1a puede convertirse en una gran batalla. No te habr\u00edas imaginado que dif\u00edcil ser\u00eda decir no a una papa frita. Toda persona que ha hecho un compromiso serio durante el ayuno puede contar historias de c\u00f3mo un amigo del que no escuchaba hace tiempo se aparece y le invita a una cena de bistec lujosa en el mismo momento en que comienza su ayuno. \u00a1Si, ayunar puede ser agotador! Pero piensa esto: Dios no es un amo de esclavos, el es tu Padre celestial amoroso. Elige buscarlo por amor y no por obligaci\u00f3n. As\u00ed que, si tropiezas en tu ayuno&#8230;lev\u00e1ntate, sac\u00fadete, y persevera. Comparte tus luchas diarias con Dios y busca a un buen hermano o hermana que tambi\u00e9n est\u00e1 ayunando para que camine junto contigo. La victoria de un coraz\u00f3n cerca de Dios es m\u00e1s dulce que cualquier banquete que este mundo puede ofrecerte.<\/p>\n<hr \/>\n<h2><strong>\u00a0<\/strong><strong>DESPU\u00c9S DE AYUNAR&#8230;<\/strong><\/h2>\n<p><strong>\u00bfComo puedo estar seguro que los efectos de mi ayuno van a ser permanentes?<\/strong><\/p>\n<ol>\n<li>Responde con adoraci\u00f3n a todas las bendiciones que has recibido. Querr\u00e1s darle voz a tu testimonio del ayuno en tu grupo peque\u00f1o, celebraci\u00f3n del Domingo, o en Facebook. \u00a1Proclama la generosidad de Dios!<\/li>\n<li>Haz una lista de tus bendiciones aqu\u00ed:<\/li>\n<li>Persevera en la rutina de la oraci\u00f3n que haz comenzado. Considera ayunar una vez al mes, una vez a la semana, o como Dios te dirija.<\/li>\n<li>Finalmente, examina tu vida, busca consejo, y pregunta al Se\u00f1or si algunas de las comidas o actividades de las que te has desecho durante el ayuno deber\u00edan ser eliminadas de tu vida. \u00a1Por completo!<\/li>\n<\/ol>\n<hr \/>\n<h2><strong>Recursos Adicionales<\/strong><\/h2>\n<ul>\n<li>Descarga nuestra aplicaci\u00f3n gratuita New Life Chicago de la App Store.<\/li>\n<\/ul>","protected":false},"excerpt":{"rendered":"<p>GUIA PARA LA ORACI\u00d3N Y AYUNO \u00bfPORQUE AYUNAMOS?\u00a0 La Iglesia Comunidad Nueva Vida comienza cada a\u00f1o con un tiempo de ayuno y de oraci\u00f3n. El prop\u00f3sito es remover el enfoque de las preocupaciones terrenales y escuchar lo que Dios tiene para nosotros como iglesia e individualmente en el a\u00f1o nuevo. Ayunar es B\u00edblico. La oraci\u00f3n&hellip;<\/p>","protected":false},"author":2,"featured_media":2315,"parent":0,"menu_order":0,"comment_status":"closed","ping_status":"closed","template":"tpl-no-header-footer.php","meta":{"_acf_changed":false,"_monsterinsights_skip_tracking":false,"_monsterinsights_sitenote_active":false,"_monsterinsights_sitenote_note":"","_monsterinsights_sitenote_category":0,"footnotes":""},"categories":[],"tags":[],"class_list":["post-2314","page","type-page","status-publish","has-post-thumbnail","hentry"],"acf":[],"yoast_head":"<!-- This site is optimized with the Yoast SEO plugin v27.5 - https:\/\/yoast.com\/product\/yoast-seo-wordpress\/ -->\n<title>GUIA PARA LA ORACI\u00d3N Y AYUNO - New Life Community Church<\/title>\n<meta name=\"description\" content=\"La Iglesia Comunidad Nueva Vida comienza cada a\u00f1o con un tiempo de ayuno y de oraci\u00f3n.\" \/>\n<meta name=\"robots\" content=\"index, follow, max-snippet:-1, max-image-preview:large, max-video-preview:-1\" \/>\n<link rel=\"canonical\" href=\"https:\/\/newlifecommunity.church\/es\/ayuno\/\" \/>\n<meta property=\"og:locale\" content=\"es_MX\" \/>\n<meta property=\"og:type\" content=\"article\" \/>\n<meta property=\"og:title\" content=\"21 Dias de Ayuno y Oraci\u00f3n\" \/>\n<meta property=\"og:description\" content=\"La Iglesia Comunidad Nueva Vida comienza cada a\u00f1o con un tiempo de ayuno y de oraci\u00f3n.\" \/>\n<meta property=\"og:url\" content=\"https:\/\/newlifecommunity.church\/es\/ayuno\/\" \/>\n<meta property=\"og:site_name\" content=\"New Life Community Church\" \/>\n<meta property=\"article:publisher\" content=\"https:\/\/facebook.com\/newlifechicago\" \/>\n<meta property=\"article:modified_time\" content=\"2022-12-16T14:05:07+00:00\" \/>\n<meta property=\"og:image\" content=\"https:\/\/newlifecommunity.church\/wp-content\/uploads\/2022\/01\/21-Dias-Digital_2-1920x1080-1-1024x576.png\" \/>\n\t<meta property=\"og:image:width\" content=\"1024\" \/>\n\t<meta property=\"og:image:height\" content=\"576\" \/>\n\t<meta property=\"og:image:type\" content=\"image\/png\" \/>\n<meta name=\"twitter:card\" content=\"summary_large_image\" \/>\n<meta name=\"twitter:title\" content=\"21 Dias de Ayuno y Oraci\u00f3n\" \/>\n<meta name=\"twitter:description\" content=\"La Iglesia Comunidad Nueva Vida comienza cada a\u00f1o con un tiempo de ayuno y de oraci\u00f3n.\" \/>\n<meta name=\"twitter:image\" content=\"https:\/\/newlifecommunity.church\/wp-content\/uploads\/2022\/01\/21-Dias-Digital_2-1920x1080-1.png\" \/>\n<meta name=\"twitter:site\" content=\"@newlifechicago\" \/>\n<meta name=\"twitter:label1\" content=\"Tiempo de lectura\" \/>\n\t<meta name=\"twitter:data1\" content=\"8 minutos\" \/>\n<script type=\"application\/ld+json\" class=\"yoast-schema-graph\">{\"@context\":\"https:\\\/\\\/schema.org\",\"@graph\":[{\"@type\":\"WebPage\",\"@id\":\"https:\\\/\\\/newlifecommunity.church\\\/ayuno\\\/\",\"url\":\"https:\\\/\\\/newlifecommunity.church\\\/ayuno\\\/\",\"name\":\"GUIA PARA LA ORACI\u00d3N Y AYUNO - New Life Community Church\",\"isPartOf\":{\"@id\":\"https:\\\/\\\/newlifecommunity.church\\\/#website\"},\"primaryImageOfPage\":{\"@id\":\"https:\\\/\\\/newlifecommunity.church\\\/ayuno\\\/#primaryimage\"},\"image\":{\"@id\":\"https:\\\/\\\/newlifecommunity.church\\\/ayuno\\\/#primaryimage\"},\"thumbnailUrl\":\"https:\\\/\\\/newlifecommunity.church\\\/wp-content\\\/uploads\\\/2022\\\/01\\\/21-Dias-Digital_2-1920x1080-1.png\",\"datePublished\":\"2022-01-11T13:54:10+00:00\",\"dateModified\":\"2022-12-16T14:05:07+00:00\",\"description\":\"La Iglesia Comunidad Nueva Vida comienza cada a\u00f1o con un tiempo de ayuno y de oraci\u00f3n.\",\"breadcrumb\":{\"@id\":\"https:\\\/\\\/newlifecommunity.church\\\/ayuno\\\/#breadcrumb\"},\"inLanguage\":\"es-MX\",\"potentialAction\":[{\"@type\":\"ReadAction\",\"target\":[\"https:\\\/\\\/newlifecommunity.church\\\/ayuno\\\/\"]}]},{\"@type\":\"ImageObject\",\"inLanguage\":\"es-MX\",\"@id\":\"https:\\\/\\\/newlifecommunity.church\\\/ayuno\\\/#primaryimage\",\"url\":\"https:\\\/\\\/newlifecommunity.church\\\/wp-content\\\/uploads\\\/2022\\\/01\\\/21-Dias-Digital_2-1920x1080-1.png\",\"contentUrl\":\"https:\\\/\\\/newlifecommunity.church\\\/wp-content\\\/uploads\\\/2022\\\/01\\\/21-Dias-Digital_2-1920x1080-1.png\",\"width\":1920,\"height\":1080},{\"@type\":\"BreadcrumbList\",\"@id\":\"https:\\\/\\\/newlifecommunity.church\\\/ayuno\\\/#breadcrumb\",\"itemListElement\":[{\"@type\":\"ListItem\",\"position\":1,\"name\":\"Home\",\"item\":\"https:\\\/\\\/newlifecommunity.church\\\/\"},{\"@type\":\"ListItem\",\"position\":2,\"name\":\"GUIA PARA LA ORACI\u00d3N Y AYUNO\"}]},{\"@type\":\"WebSite\",\"@id\":\"https:\\\/\\\/newlifecommunity.church\\\/#website\",\"url\":\"https:\\\/\\\/newlifecommunity.church\\\/\",\"name\":\"New Life Community Church\",\"description\":\"One Church, Many Locations\",\"publisher\":{\"@id\":\"https:\\\/\\\/newlifecommunity.church\\\/#organization\"},\"potentialAction\":[{\"@type\":\"SearchAction\",\"target\":{\"@type\":\"EntryPoint\",\"urlTemplate\":\"https:\\\/\\\/newlifecommunity.church\\\/?s={search_term_string}\"},\"query-input\":{\"@type\":\"PropertyValueSpecification\",\"valueRequired\":true,\"valueName\":\"search_term_string\"}}],\"inLanguage\":\"es-MX\"},{\"@type\":\"Organization\",\"@id\":\"https:\\\/\\\/newlifecommunity.church\\\/#organization\",\"name\":\"New Life Community Church\",\"url\":\"https:\\\/\\\/newlifecommunity.church\\\/\",\"logo\":{\"@type\":\"ImageObject\",\"inLanguage\":\"es-MX\",\"@id\":\"https:\\\/\\\/newlifecommunity.church\\\/#\\\/schema\\\/logo\\\/image\\\/\",\"url\":\"https:\\\/\\\/newlifecommunity.church\\\/wp-content\\\/uploads\\\/2022\\\/02\\\/NewLife_RGB_Primary.png\",\"contentUrl\":\"https:\\\/\\\/newlifecommunity.church\\\/wp-content\\\/uploads\\\/2022\\\/02\\\/NewLife_RGB_Primary.png\",\"width\":6250,\"height\":2151,\"caption\":\"New Life Community Church\"},\"image\":{\"@id\":\"https:\\\/\\\/newlifecommunity.church\\\/#\\\/schema\\\/logo\\\/image\\\/\"},\"sameAs\":[\"https:\\\/\\\/facebook.com\\\/newlifechicago\",\"https:\\\/\\\/x.com\\\/newlifechicago\",\"https:\\\/\\\/www.linkedin.com\\\/company\\\/newlifechicago\",\"https:\\\/\\\/www.youtube.com\\\/newlifemidway\",\"https:\\\/\\\/www.instagram.com\\\/newlifechicago\\\/\"]}]}<\/script>\n<!-- \/ Yoast SEO plugin. -->","yoast_head_json":{"title":"GUIA PARA LA ORACI\u00d3N Y AYUNO - New Life Community Church","description":"La Iglesia Comunidad Nueva Vida comienza cada a\u00f1o con un tiempo de ayuno y de oraci\u00f3n.","robots":{"index":"index","follow":"follow","max-snippet":"max-snippet:-1","max-image-preview":"max-image-preview:large","max-video-preview":"max-video-preview:-1"},"canonical":"https:\/\/newlifecommunity.church\/es\/ayuno\/","og_locale":"es_MX","og_type":"article","og_title":"21 Dias de Ayuno y Oraci\u00f3n","og_description":"La Iglesia Comunidad Nueva Vida comienza cada a\u00f1o con un tiempo de ayuno y de oraci\u00f3n.","og_url":"https:\/\/newlifecommunity.church\/es\/ayuno\/","og_site_name":"New Life Community Church","article_publisher":"https:\/\/facebook.com\/newlifechicago","article_modified_time":"2022-12-16T14:05:07+00:00","og_image":[{"width":1024,"height":576,"url":"https:\/\/newlifecommunity.church\/wp-content\/uploads\/2022\/01\/21-Dias-Digital_2-1920x1080-1-1024x576.png","type":"image\/png"}],"twitter_card":"summary_large_image","twitter_title":"21 Dias de Ayuno y Oraci\u00f3n","twitter_description":"La Iglesia Comunidad Nueva Vida comienza cada a\u00f1o con un tiempo de ayuno y de oraci\u00f3n.","twitter_image":"https:\/\/newlifecommunity.church\/wp-content\/uploads\/2022\/01\/21-Dias-Digital_2-1920x1080-1.png","twitter_site":"@newlifechicago","twitter_misc":{"Tiempo de lectura":"8 minutos"},"schema":{"@context":"https:\/\/schema.org","@graph":[{"@type":"WebPage","@id":"https:\/\/newlifecommunity.church\/ayuno\/","url":"https:\/\/newlifecommunity.church\/ayuno\/","name":"GUIA PARA LA ORACI\u00d3N Y AYUNO - New Life Community Church","isPartOf":{"@id":"https:\/\/newlifecommunity.church\/#website"},"primaryImageOfPage":{"@id":"https:\/\/newlifecommunity.church\/ayuno\/#primaryimage"},"image":{"@id":"https:\/\/newlifecommunity.church\/ayuno\/#primaryimage"},"thumbnailUrl":"https:\/\/newlifecommunity.church\/wp-content\/uploads\/2022\/01\/21-Dias-Digital_2-1920x1080-1.png","datePublished":"2022-01-11T13:54:10+00:00","dateModified":"2022-12-16T14:05:07+00:00","description":"La Iglesia Comunidad Nueva Vida comienza cada a\u00f1o con un tiempo de ayuno y de oraci\u00f3n.","breadcrumb":{"@id":"https:\/\/newlifecommunity.church\/ayuno\/#breadcrumb"},"inLanguage":"es-MX","potentialAction":[{"@type":"ReadAction","target":["https:\/\/newlifecommunity.church\/ayuno\/"]}]},{"@type":"ImageObject","inLanguage":"es-MX","@id":"https:\/\/newlifecommunity.church\/ayuno\/#primaryimage","url":"https:\/\/newlifecommunity.church\/wp-content\/uploads\/2022\/01\/21-Dias-Digital_2-1920x1080-1.png","contentUrl":"https:\/\/newlifecommunity.church\/wp-content\/uploads\/2022\/01\/21-Dias-Digital_2-1920x1080-1.png","width":1920,"height":1080},{"@type":"BreadcrumbList","@id":"https:\/\/newlifecommunity.church\/ayuno\/#breadcrumb","itemListElement":[{"@type":"ListItem","position":1,"name":"Home","item":"https:\/\/newlifecommunity.church\/"},{"@type":"ListItem","position":2,"name":"GUIA PARA LA ORACI\u00d3N Y AYUNO"}]},{"@type":"WebSite","@id":"https:\/\/newlifecommunity.church\/#website","url":"https:\/\/newlifecommunity.church\/","name":"Iglesia Comunidad Nueva Vida","description":"Una iglesia, por toda la ciudad","publisher":{"@id":"https:\/\/newlifecommunity.church\/#organization"},"potentialAction":[{"@type":"SearchAction","target":{"@type":"EntryPoint","urlTemplate":"https:\/\/newlifecommunity.church\/?s={search_term_string}"},"query-input":{"@type":"PropertyValueSpecification","valueRequired":true,"valueName":"search_term_string"}}],"inLanguage":"es-MX"},{"@type":"Organization","@id":"https:\/\/newlifecommunity.church\/#organization","name":"Iglesia Comunidad Nueva Vida","url":"https:\/\/newlifecommunity.church\/","logo":{"@type":"ImageObject","inLanguage":"es-MX","@id":"https:\/\/newlifecommunity.church\/#\/schema\/logo\/image\/","url":"https:\/\/newlifecommunity.church\/wp-content\/uploads\/2022\/02\/NewLife_RGB_Primary.png","contentUrl":"https:\/\/newlifecommunity.church\/wp-content\/uploads\/2022\/02\/NewLife_RGB_Primary.png","width":6250,"height":2151,"caption":"New Life Community Church"},"image":{"@id":"https:\/\/newlifecommunity.church\/#\/schema\/logo\/image\/"},"sameAs":["https:\/\/facebook.com\/newlifechicago","https:\/\/x.com\/newlifechicago","https:\/\/www.linkedin.com\/company\/newlifechicago","https:\/\/www.youtube.com\/newlifemidway","https:\/\/www.instagram.com\/newlifechicago\/"]}]}},"_links":{"self":[{"href":"https:\/\/newlifecommunity.church\/es\/wp-json\/wp\/v2\/pages\/2314","targetHints":{"allow":["GET"]}}],"collection":[{"href":"https:\/\/newlifecommunity.church\/es\/wp-json\/wp\/v2\/pages"}],"about":[{"href":"https:\/\/newlifecommunity.church\/es\/wp-json\/wp\/v2\/types\/page"}],"author":[{"embeddable":true,"href":"https:\/\/newlifecommunity.church\/es\/wp-json\/wp\/v2\/users\/2"}],"replies":[{"embeddable":true,"href":"https:\/\/newlifecommunity.church\/es\/wp-json\/wp\/v2\/comments?post=2314"}],"version-history":[{"count":0,"href":"https:\/\/newlifecommunity.church\/es\/wp-json\/wp\/v2\/pages\/2314\/revisions"}],"wp:featuredmedia":[{"embeddable":true,"href":"https:\/\/newlifecommunity.church\/es\/wp-json\/wp\/v2\/media\/2315"}],"wp:attachment":[{"href":"https:\/\/newlifecommunity.church\/es\/wp-json\/wp\/v2\/media?parent=2314"}],"wp:term":[{"taxonomy":"category","embeddable":true,"href":"https:\/\/newlifecommunity.church\/es\/wp-json\/wp\/v2\/categories?post=2314"},{"taxonomy":"post_tag","embeddable":true,"href":"https:\/\/newlifecommunity.church\/es\/wp-json\/wp\/v2\/tags?post=2314"}],"curies":[{"name":"wp","href":"https:\/\/api.w.org\/{rel}","templated":true}]}}