{"id":2358,"date":"2022-02-12T20:25:24","date_gmt":"2022-02-12T20:25:24","guid":{"rendered":"https:\/\/newlifecommunity.church\/?page_id=2358"},"modified":"2022-02-12T21:48:49","modified_gmt":"2022-02-12T21:48:49","slug":"eventos","status":"publish","type":"page","link":"https:\/\/newlifecommunity.church\/es\/eventos\/","title":{"rendered":"Eventos"},"content":{"rendered":"<h1>\n\t\tEventos\n\t<\/h1>\n<h3>\n\t\tRegistro en l\u00ednea\n\t<\/h3>\n\t\t\t\t<a href=\"https:\/\/newlifechicago.ccbchurch.com\/goto\/forms\/657\/responses\/new\" target=\"_blank\" rel=\"noopener\" itemprop=\"url\">\n\t\t\t\t<img loading=\"lazy\" decoding=\"async\" src=\"https:\/\/newlifecommunity.church\/wp-content\/uploads\/2022\/01\/Engage-Summit-Digital_2-1920x1080-2.png\" alt=\"Engage Summit-Digital_2-1920x1080\" itemprop=\"image\" height=\"1080\" width=\"1920\" title=\"Engage Summit-Digital_2-1920x1080\" onerror=\"this.style.display='none'\"  \/>\n\t\t\t\t<\/a>\n<h3>\n\t\tCUMBRE DE PARTICIPACI\u00d3N\n\t<\/h3>\n<h4>\n\t\ts\u00e1bado, 19 de febrero de 2022 <br \/> 9:00am to 12:00pm\n\t<\/h4>\n\tNuestra Cumbre Participaci\u00f3n (Engage Summit) es para l\u00edderes de ministerios dominicales que buscan aprender, crecer y conectarse con otros l\u00edderes en las \u00e1reas de servicios para visitantes, ministerio infantil, adoraci\u00f3n, tecnolog\u00eda, j\u00f3venes y m\u00e1s.\n\t\t\t<a href=\"https:\/\/newlifechicago.ccbchurch.com\/goto\/forms\/657\/responses\/new\" target=\"_blank\" role=\"button\" rel=\"noopener\">\n\t\t\t\t\t\t\tRegistrarse\n\t\t\t\t\t<\/a>\n\t\t\t\t<a href=\"https:\/\/newlifechicago.ccbchurch.com\/goto\/forms\/667\/responses\/new\" target=\"_blank\" rel=\"noopener\" itemprop=\"url\">\n\t\t\t\t<img loading=\"lazy\" decoding=\"async\" src=\"https:\/\/newlifecommunity.church\/wp-content\/uploads\/2022\/02\/Retiro-de-Hombres-Digital_1920x1080.png\" alt=\"Retiro de Hombres-Digital_1920x1080\" itemprop=\"image\" height=\"1080\" width=\"1920\" title=\"Retiro de Hombres-Digital_1920x1080\" onerror=\"this.style.display='none'\"  \/>\n\t\t\t\t<\/a>\n<h3>\n\t\tRetiro Encuentro de Hombres\n\t<\/h3>\n<h4>\n\t\ts\u00e1bado, 12 de marzo de 9:00am a 5:00pm\n\t<\/h4>\n<h4>\n\t\t9241 Camp Lake Rd, Salem, WI 53168\n\t<\/h4>\n\t<p>Nuestro Retiro de encuentro de hombres es una experiencia que cambia la vida en la que te encontrar\u00e1s con Dios a trav\u00e9s de poderosos momentos de adoraci\u00f3n, ense\u00f1anza y conversaciones reales. Cada sesi\u00f3n lo ayudar\u00e1 a identificar las fortalezas en su vida, los ciclos que debe romper y los pasos audaces que debe tomar para avanzar en su viaje espiritual. El costo es de $50 que incluye retiro, materiales y almuerzo el s\u00e1bado.<\/p>\n\t\t\t<a href=\"https:\/\/newlifechicago.ccbchurch.com\/goto\/forms\/667\/responses\/new\" target=\"_blank\" role=\"button\" rel=\"noopener\">\n\t\t\t\t\t\t\tRegistrarse\n\t\t\t\t\t<\/a>\n\t\t\t<a href=\"#\" role=\"button\">\n\t\t\t\t\t\t\tPrograma\n\t\t\t\t\t<\/a>\n\t\t<h3>s\u00e1bado, marzo 12<\/h3>\n<hr \/>\n8:00am &#8211; Doors Open<br \/>\n9:00am &#8211; Session 1<br \/>\n10:30am &#8211; Session 2<br \/>\n12:00pm &#8211; Lunch Break<br \/>\n1:30pm &#8211; Session 3<br \/>\n3:00pm &#8211; Session 4<br \/>\n4:00pm &#8211; Closing Session<br \/>\n5:00pm &#8211; Dismiss\t\n\t\t\t<a href=\"https:\/\/goo.gl\/maps\/2pLQXBrPE6r7v2p58\" target=\"_blank\" role=\"button\" rel=\"noopener\">\n\t\t\t\t\t\t\tDirecciones\n\t\t\t\t\t<\/a>\n\t\t\t\t<a href=\"https:\/\/newlifechicago.ccbchurch.com\/goto\/forms\/670\/responses\/new\" target=\"_blank\" rel=\"noopener\" itemprop=\"url\">\n\t\t\t\t<img loading=\"lazy\" decoding=\"async\" src=\"https:\/\/newlifecommunity.church\/wp-content\/uploads\/2022\/02\/Retiro-de-Mujeres-Digital_1920x1080.png\" alt=\"Retiro de Mujeres-Digital_1920x1080\" itemprop=\"image\" height=\"1080\" width=\"1920\" title=\"Retiro de Mujeres-Digital_1920x1080\" onerror=\"this.style.display='none'\"  \/>\n\t\t\t\t<\/a>\n\t\t\t\t<img decoding=\"async\" src=\"https:\/\/newlifecommunity.church\/wp-content\/plugins\/bb-plugin\/img\/pixel.png\" alt=\"\" itemprop=\"image\" onerror=\"this.style.display='none'\"  \/>\n<h3>\n\t\tRetiro Encuentro de Mujeres<br \/>abril 1-2\n\t<\/h3>\n<h4>\n\t\tEl viernes las puertas abren a las 6:00pm <br \/> la sesi\u00f3n comienza a las 7:00pm <br \/> S\u00e1bado puertas abren de 8:00am a 4:00pm\n\t<\/h4>\n<h4>\n\t\tMoody Bible Institute | 821 N. Wells St. Chicago, IL 60610\n\t<\/h4>\n\t<p>Nuestro Retiro de Encuentro de Mujeres es para todas las mujeres que buscan experimentar avances, sanaci\u00f3n y caminar en libertad hacia un nuevo futuro. Cada sesi\u00f3n lo ayudar\u00e1 a identificar fortalezas, romper ciclos y dar pasos audaces hacia adelante en su nueva identidad con Cristo. El costo es de $50 que incluye retiro, materiales, desayuno continental y almuerzo en caja el s\u00e1bado.<\/p>\n\t\t\t<a href=\"https:\/\/newlifechicago.ccbchurch.com\/goto\/forms\/670\/responses\/new\" target=\"_blank\" role=\"button\" rel=\"noopener\">\n\t\t\t\t\t\t\tRegistrarse\n\t\t\t\t\t<\/a>\n\t\t\t<a href=\"#\" role=\"button\">\n\t\t\t\t\t\t\tPrograma\n\t\t\t\t\t<\/a>\n\t\t<h3>viernes, abril 1<\/h3>\n6:00pm &#8211; Doors Open<br \/>\n7:00pm &#8211; Session 1<br \/>\n<hr \/>\n<h3>s\u00e1bado, arbil 2<\/h3>\n8:00am &#8211; Doors Open, Continental Breakfast<br \/>\n9:00am &#8211; Session 2<br \/>\n10:30am &#8211; Session 3<br \/>\n12:00pm &#8211; Boxed Lunch on site<br \/>\n1:30pm &#8211; Session 4<br \/>\n3:00pm &#8211; Closing Session<br \/>\n4:00pm &#8211; Dismiss\t\n\t\t\t<a href=\"#\" role=\"button\">\n\t\t\t\t\t\t\tDirecciones\n\t\t\t\t\t<\/a>\n\t\tEl evento se llevar\u00e1 a cabo en Moody Bible Institute.<br \/>\n\u2022 Entrada principal: 821 N. Wells St. Chicago, IL 60610<br \/>\n\u2022 Estacionamiento: 208 W Institute Pl. Chicago, IL 60610<br \/>\n<a href=\"https:\/\/www.moody.edu\/campus-info\/chicago-parking-directions\/\" target=\"_blank\" rel=\"noopener\">Direcciones de Estacionamiento<\/a>\n<hr \/>\nOpcional: Tenemos un descuento en hoteles asociados a trav\u00e9s de Moody. Por favor, informe al hotel que participar\u00e1 en el evento de Moody, al hacer su reserva.\n<hr \/>\nBest Western River North<br \/>\n125 W Ohio St, Chicago, IL 60654 | (312) 467-0800\n<hr \/>\nHampton Inn &#038; Suites Chicago Downtown<br \/>\n33 W Illinois St, Chicago, IL 60654 | (800) 429-1152\t\n\t\t\t\t<img loading=\"lazy\" decoding=\"async\" src=\"https:\/\/newlifecommunity.church\/wp-content\/uploads\/2021\/12\/FULL-THROTTLE-Postponed_1920x1080.png\" alt=\"FULL THROTTLE-Postponed_1920x1080\" itemprop=\"image\" height=\"1080\" width=\"1920\" title=\"FULL THROTTLE-Postponed_1920x1080\" onerror=\"this.style.display='none'\"  \/>\n<h3>\n\t\tONE YTH DE INVIERNO 2022\n\t<\/h3>\n<h4>\n\t\tAPLAZADO AL 15-17 DE JULIO\n\t<\/h4>\n\t<p>3&#8230;2&#8230;1&#8230;\u00a1Vamos! Prep\u00e1rate para ponerte todo tu equipo en nuestro retiro de invierno YTH. Nuestro tema es Full Throttle (A toda velocidad) y te desafiar\u00e1 a dar todo a Dios. Este fin de semana est\u00e1 repleto de adoraci\u00f3n, juegos y hacer amigos. Nuestro orador es el pastor Danny Lopez de New Life East Humboldt Park.<\/p>\n\t\t\t<a href=\"\" target=\"_self\" role=\"button\" rel=\"noopener\">\n\t\t\t\t\t\t\tAPLAZADO\n\t\t\t\t\t<\/a>\n\t\t\t\t<img decoding=\"async\" src=\"https:\/\/newlifecommunity.church\/wp-content\/plugins\/bb-plugin\/img\/pixel.png\" alt=\"\" itemprop=\"image\" onerror=\"this.style.display='none'\"  \/>\n<h3>\n\t\tConferencia Esenciales\n\t<\/h3>\n<h4>\n\t\ts\u00e1bado, 27 de agosto de 2022\n\t<\/h4>\n\t<p>\u00a1Detalles muy pronto!<\/p>\n\t\t\t<a href=\"\" target=\"_blank\" role=\"button\" rel=\"noopener\">\n\t\t\t\t\t\t\tPR\u00d3XIMAMENTE\n\t\t\t\t\t<\/a>","protected":false},"excerpt":{"rendered":"<p>Eventos Registro en l\u00ednea CUMBRE DE PARTICIPACI\u00d3N s\u00e1bado, 19 de febrero de 2022 9:00am to 12:00pm Nuestra Cumbre Participaci\u00f3n (Engage Summit) es para l\u00edderes de ministerios dominicales que buscan aprender, crecer y conectarse con otros l\u00edderes en las \u00e1reas de servicios para visitantes, ministerio infantil, adoraci\u00f3n, tecnolog\u00eda, j\u00f3venes y m\u00e1s. Registrarse Retiro Encuentro de Hombres&hellip;<\/p>","protected":false},"author":2,"featured_media":2186,"parent":0,"menu_order":0,"comment_status":"closed","ping_status":"closed","template":"","meta":{"_acf_changed":false,"_monsterinsights_skip_tracking":false,"_monsterinsights_sitenote_active":false,"_monsterinsights_sitenote_note":"","_monsterinsights_sitenote_category":0,"footnotes":""},"categories":[],"tags":[],"class_list":["post-2358","page","type-page","status-publish","has-post-thumbnail","hentry"],"acf":[],"yoast_head":"<!-- This site is optimized with the Yoast SEO plugin v27.4 - https:\/\/yoast.com\/product\/yoast-seo-wordpress\/ -->\n<title>Eventos - New Life Community Church<\/title>\n<meta name=\"description\" content=\"Los pr\u00f3ximos eventos en Nueva Vida son una excelente manera de conectarse con otros y crecer en su relaci\u00f3n con Dios.\" \/>\n<meta name=\"robots\" content=\"index, follow, max-snippet:-1, max-image-preview:large, max-video-preview:-1\" \/>\n<link rel=\"canonical\" href=\"https:\/\/newlifecommunity.church\/es\/eventos\/\" \/>\n<meta property=\"og:locale\" content=\"es_MX\" \/>\n<meta property=\"og:type\" content=\"article\" \/>\n<meta property=\"og:title\" content=\"Eventos en Nueva Vida\" \/>\n<meta property=\"og:description\" content=\"Los pr\u00f3ximos eventos en Nueva Vida son una excelente manera de conectarse con otros y crecer en su relaci\u00f3n con Dios.\" \/>\n<meta property=\"og:url\" content=\"https:\/\/newlifecommunity.church\/es\/eventos\/\" \/>\n<meta property=\"og:site_name\" content=\"New Life Community Church\" \/>\n<meta property=\"article:publisher\" content=\"https:\/\/facebook.com\/newlifechicago\" \/>\n<meta property=\"article:modified_time\" content=\"2022-02-12T21:48:49+00:00\" \/>\n<meta property=\"og:image\" content=\"https:\/\/newlifecommunity.church\/wp-content\/uploads\/2018\/07\/websiteheader-5.jpg\" \/>\n\t<meta property=\"og:image:width\" content=\"1920\" \/>\n\t<meta property=\"og:image:height\" content=\"1280\" \/>\n\t<meta property=\"og:image:type\" content=\"image\/jpeg\" \/>\n<meta name=\"twitter:card\" content=\"summary_large_image\" \/>\n<meta name=\"twitter:site\" content=\"@newlifechicago\" \/>\n<meta name=\"twitter:label1\" content=\"Tiempo de lectura\" \/>\n\t<meta name=\"twitter:data1\" content=\"2 minutos\" \/>\n<script type=\"application\/ld+json\" class=\"yoast-schema-graph\">{\"@context\":\"https:\\\/\\\/schema.org\",\"@graph\":[{\"@type\":\"WebPage\",\"@id\":\"https:\\\/\\\/newlifecommunity.church\\\/eventos\\\/\",\"url\":\"https:\\\/\\\/newlifecommunity.church\\\/eventos\\\/\",\"name\":\"Eventos - New Life Community Church\",\"isPartOf\":{\"@id\":\"https:\\\/\\\/newlifecommunity.church\\\/#website\"},\"primaryImageOfPage\":{\"@id\":\"https:\\\/\\\/newlifecommunity.church\\\/eventos\\\/#primaryimage\"},\"image\":{\"@id\":\"https:\\\/\\\/newlifecommunity.church\\\/eventos\\\/#primaryimage\"},\"thumbnailUrl\":\"https:\\\/\\\/newlifecommunity.church\\\/wp-content\\\/uploads\\\/2021\\\/06\\\/events-2.jpg\",\"datePublished\":\"2022-02-12T20:25:24+00:00\",\"dateModified\":\"2022-02-12T21:48:49+00:00\",\"description\":\"Los pr\u00f3ximos eventos en Nueva Vida son una excelente manera de conectarse con otros y crecer en su relaci\u00f3n con Dios.\",\"breadcrumb\":{\"@id\":\"https:\\\/\\\/newlifecommunity.church\\\/eventos\\\/#breadcrumb\"},\"inLanguage\":\"es-MX\",\"potentialAction\":[{\"@type\":\"ReadAction\",\"target\":[\"https:\\\/\\\/newlifecommunity.church\\\/eventos\\\/\"]}]},{\"@type\":\"ImageObject\",\"inLanguage\":\"es-MX\",\"@id\":\"https:\\\/\\\/newlifecommunity.church\\\/eventos\\\/#primaryimage\",\"url\":\"https:\\\/\\\/newlifecommunity.church\\\/wp-content\\\/uploads\\\/2021\\\/06\\\/events-2.jpg\",\"contentUrl\":\"https:\\\/\\\/newlifecommunity.church\\\/wp-content\\\/uploads\\\/2021\\\/06\\\/events-2.jpg\",\"width\":1080,\"height\":1080},{\"@type\":\"BreadcrumbList\",\"@id\":\"https:\\\/\\\/newlifecommunity.church\\\/eventos\\\/#breadcrumb\",\"itemListElement\":[{\"@type\":\"ListItem\",\"position\":1,\"name\":\"Home\",\"item\":\"https:\\\/\\\/newlifecommunity.church\\\/\"},{\"@type\":\"ListItem\",\"position\":2,\"name\":\"Eventos\"}]},{\"@type\":\"WebSite\",\"@id\":\"https:\\\/\\\/newlifecommunity.church\\\/#website\",\"url\":\"https:\\\/\\\/newlifecommunity.church\\\/\",\"name\":\"New Life Community Church\",\"description\":\"One Church, Many Locations\",\"publisher\":{\"@id\":\"https:\\\/\\\/newlifecommunity.church\\\/#organization\"},\"potentialAction\":[{\"@type\":\"SearchAction\",\"target\":{\"@type\":\"EntryPoint\",\"urlTemplate\":\"https:\\\/\\\/newlifecommunity.church\\\/?s={search_term_string}\"},\"query-input\":{\"@type\":\"PropertyValueSpecification\",\"valueRequired\":true,\"valueName\":\"search_term_string\"}}],\"inLanguage\":\"es-MX\"},{\"@type\":\"Organization\",\"@id\":\"https:\\\/\\\/newlifecommunity.church\\\/#organization\",\"name\":\"New Life Community Church\",\"url\":\"https:\\\/\\\/newlifecommunity.church\\\/\",\"logo\":{\"@type\":\"ImageObject\",\"inLanguage\":\"es-MX\",\"@id\":\"https:\\\/\\\/newlifecommunity.church\\\/#\\\/schema\\\/logo\\\/image\\\/\",\"url\":\"https:\\\/\\\/newlifecommunity.church\\\/wp-content\\\/uploads\\\/2022\\\/02\\\/NewLife_RGB_Primary.png\",\"contentUrl\":\"https:\\\/\\\/newlifecommunity.church\\\/wp-content\\\/uploads\\\/2022\\\/02\\\/NewLife_RGB_Primary.png\",\"width\":6250,\"height\":2151,\"caption\":\"New Life Community Church\"},\"image\":{\"@id\":\"https:\\\/\\\/newlifecommunity.church\\\/#\\\/schema\\\/logo\\\/image\\\/\"},\"sameAs\":[\"https:\\\/\\\/facebook.com\\\/newlifechicago\",\"https:\\\/\\\/x.com\\\/newlifechicago\",\"https:\\\/\\\/www.linkedin.com\\\/company\\\/newlifechicago\",\"https:\\\/\\\/www.youtube.com\\\/newlifemidway\",\"https:\\\/\\\/www.instagram.com\\\/newlifechicago\\\/\"]}]}<\/script>\n<!-- \/ Yoast SEO plugin. -->","yoast_head_json":{"title":"Eventos - New Life Community Church","description":"Los pr\u00f3ximos eventos en Nueva Vida son una excelente manera de conectarse con otros y crecer en su relaci\u00f3n con Dios.","robots":{"index":"index","follow":"follow","max-snippet":"max-snippet:-1","max-image-preview":"max-image-preview:large","max-video-preview":"max-video-preview:-1"},"canonical":"https:\/\/newlifecommunity.church\/es\/eventos\/","og_locale":"es_MX","og_type":"article","og_title":"Eventos en Nueva Vida","og_description":"Los pr\u00f3ximos eventos en Nueva Vida son una excelente manera de conectarse con otros y crecer en su relaci\u00f3n con Dios.","og_url":"https:\/\/newlifecommunity.church\/es\/eventos\/","og_site_name":"New Life Community Church","article_publisher":"https:\/\/facebook.com\/newlifechicago","article_modified_time":"2022-02-12T21:48:49+00:00","og_image":[{"width":1920,"height":1280,"url":"https:\/\/newlifecommunity.church\/wp-content\/uploads\/2018\/07\/websiteheader-5.jpg","type":"image\/jpeg"}],"twitter_card":"summary_large_image","twitter_site":"@newlifechicago","twitter_misc":{"Tiempo de lectura":"2 minutos"},"schema":{"@context":"https:\/\/schema.org","@graph":[{"@type":"WebPage","@id":"https:\/\/newlifecommunity.church\/eventos\/","url":"https:\/\/newlifecommunity.church\/eventos\/","name":"Eventos - New Life Community Church","isPartOf":{"@id":"https:\/\/newlifecommunity.church\/#website"},"primaryImageOfPage":{"@id":"https:\/\/newlifecommunity.church\/eventos\/#primaryimage"},"image":{"@id":"https:\/\/newlifecommunity.church\/eventos\/#primaryimage"},"thumbnailUrl":"https:\/\/newlifecommunity.church\/wp-content\/uploads\/2021\/06\/events-2.jpg","datePublished":"2022-02-12T20:25:24+00:00","dateModified":"2022-02-12T21:48:49+00:00","description":"Los pr\u00f3ximos eventos en Nueva Vida son una excelente manera de conectarse con otros y crecer en su relaci\u00f3n con Dios.","breadcrumb":{"@id":"https:\/\/newlifecommunity.church\/eventos\/#breadcrumb"},"inLanguage":"es-MX","potentialAction":[{"@type":"ReadAction","target":["https:\/\/newlifecommunity.church\/eventos\/"]}]},{"@type":"ImageObject","inLanguage":"es-MX","@id":"https:\/\/newlifecommunity.church\/eventos\/#primaryimage","url":"https:\/\/newlifecommunity.church\/wp-content\/uploads\/2021\/06\/events-2.jpg","contentUrl":"https:\/\/newlifecommunity.church\/wp-content\/uploads\/2021\/06\/events-2.jpg","width":1080,"height":1080},{"@type":"BreadcrumbList","@id":"https:\/\/newlifecommunity.church\/eventos\/#breadcrumb","itemListElement":[{"@type":"ListItem","position":1,"name":"Home","item":"https:\/\/newlifecommunity.church\/"},{"@type":"ListItem","position":2,"name":"Eventos"}]},{"@type":"WebSite","@id":"https:\/\/newlifecommunity.church\/#website","url":"https:\/\/newlifecommunity.church\/","name":"Iglesia Comunidad Nueva Vida","description":"Una iglesia, por toda la ciudad","publisher":{"@id":"https:\/\/newlifecommunity.church\/#organization"},"potentialAction":[{"@type":"SearchAction","target":{"@type":"EntryPoint","urlTemplate":"https:\/\/newlifecommunity.church\/?s={search_term_string}"},"query-input":{"@type":"PropertyValueSpecification","valueRequired":true,"valueName":"search_term_string"}}],"inLanguage":"es-MX"},{"@type":"Organization","@id":"https:\/\/newlifecommunity.church\/#organization","name":"Iglesia Comunidad Nueva Vida","url":"https:\/\/newlifecommunity.church\/","logo":{"@type":"ImageObject","inLanguage":"es-MX","@id":"https:\/\/newlifecommunity.church\/#\/schema\/logo\/image\/","url":"https:\/\/newlifecommunity.church\/wp-content\/uploads\/2022\/02\/NewLife_RGB_Primary.png","contentUrl":"https:\/\/newlifecommunity.church\/wp-content\/uploads\/2022\/02\/NewLife_RGB_Primary.png","width":6250,"height":2151,"caption":"New Life Community Church"},"image":{"@id":"https:\/\/newlifecommunity.church\/#\/schema\/logo\/image\/"},"sameAs":["https:\/\/facebook.com\/newlifechicago","https:\/\/x.com\/newlifechicago","https:\/\/www.linkedin.com\/company\/newlifechicago","https:\/\/www.youtube.com\/newlifemidway","https:\/\/www.instagram.com\/newlifechicago\/"]}]}},"_links":{"self":[{"href":"https:\/\/newlifecommunity.church\/es\/wp-json\/wp\/v2\/pages\/2358","targetHints":{"allow":["GET"]}}],"collection":[{"href":"https:\/\/newlifecommunity.church\/es\/wp-json\/wp\/v2\/pages"}],"about":[{"href":"https:\/\/newlifecommunity.church\/es\/wp-json\/wp\/v2\/types\/page"}],"author":[{"embeddable":true,"href":"https:\/\/newlifecommunity.church\/es\/wp-json\/wp\/v2\/users\/2"}],"replies":[{"embeddable":true,"href":"https:\/\/newlifecommunity.church\/es\/wp-json\/wp\/v2\/comments?post=2358"}],"version-history":[{"count":0,"href":"https:\/\/newlifecommunity.church\/es\/wp-json\/wp\/v2\/pages\/2358\/revisions"}],"wp:featuredmedia":[{"embeddable":true,"href":"https:\/\/newlifecommunity.church\/es\/wp-json\/wp\/v2\/media\/2186"}],"wp:attachment":[{"href":"https:\/\/newlifecommunity.church\/es\/wp-json\/wp\/v2\/media?parent=2358"}],"wp:term":[{"taxonomy":"category","embeddable":true,"href":"https:\/\/newlifecommunity.church\/es\/wp-json\/wp\/v2\/categories?post=2358"},{"taxonomy":"post_tag","embeddable":true,"href":"https:\/\/newlifecommunity.church\/es\/wp-json\/wp\/v2\/tags?post=2358"}],"curies":[{"name":"wp","href":"https:\/\/api.w.org\/{rel}","templated":true}]}}