{"id":2570,"date":"2022-09-30T20:49:03","date_gmt":"2022-09-30T20:49:03","guid":{"rendered":"https:\/\/newlifecommunity.church\/?page_id=2570"},"modified":"2022-10-11T16:35:58","modified_gmt":"2022-10-11T16:35:58","slug":"9-week-challenge","status":"publish","type":"page","link":"https:\/\/newlifecommunity.church\/es\/9-week-challenge\/","title":{"rendered":"Reto de 9 Semanas"},"content":{"rendered":"<img loading=\"lazy\" decoding=\"async\" src=\"https:\/\/newlifecommunity.church\/wp-content\/uploads\/2022\/10\/Reto-de-9-Semanas-Digital_01-Screen-Title-1920x1080-1.png\" alt=\"9 Week Challenge-Digital_01 Screen Title 1920x1080\" itemprop=\"image\" height=\"1080\" width=\"1920\" title=\"9 Week Challenge-Digital_01 Screen Title 1920x1080\" onerror=\"this.style.display='none'\"  \/>\n\t<p><strong>Share your story &#8211; use #9weekchallenge tag @newlifechicago or send us a DM!<\/strong><\/p>\n\t\t\t<a href=\"https:\/\/pushpay.com\/get?handle=newlifecommunitychurchchicago\" target=\"_blank\" role=\"button\" rel=\"noopener\">\n\t\t\t\t\t\t\tGet the App\n\t\t\t\t\t<\/a>\n<h2>\n\t\tReto de 9 Semanas\n\t<\/h2>\n\t<p>Get ready for the 9 Week Challenge! Over the next 9 weeks, we&#8217;ll be looking at different spiritual practices and calling you to action. James 1:22 says, &#8220;Do not merely listen to the word, and so deceive yourselves. Do what it says.&#8221; The Bible is meant to be lived out and we&#8217;re going to do that together one week at a time.<\/p>\n\t\t\t\t\t<a href=\"#\" id=\"fl-accordion--label-0\" tabindex=\"0\" aria-controls=\"fl-accordion--panel-0\">Semana 1: Identidad<\/a>\n\t\t\t\t\t\t\t\t\t\t\t<a href=\"#\" id=\"fl-accordion--icon-0\" tabindex=\"0\" aria-controls=\"fl-accordion--panel-0\"><i>Expandir<\/i><\/a>\n\t\t\t\t\t<p>Cada ma\u00f1ana, antes de continuar con su d\u00eda, lea estas declaraciones en voz alta, record\u00e1ndose su identidad en Jes\u00fas.<\/p>\n<b>Soy HIJO DE DIOS.<br \/>\n<\/b><i>And by him we cry, &#8220;Abba, Father.&#8221; The Spirit himself testifies with our spirit that we are God&#8217;s children. Romans 8:15-16 <\/i>\n<b>Soy EMBAJADOR.<br \/>\n<\/b><i>As\u00ed que, somos embajadores en nombre de Cristo, como si Dios rogase por medio de nosotros; os rogamos en nombre de Cristo: Reconciliaos con Dios. 2 Corintios 5:20 <\/i>\n<b>Soy AMADO.<br \/>\n<\/b><i>Mirad cu\u00e1l amor nos ha dado el Padre, para que seamos llamados hijos de Dios; por esto el mundo no nos conoce, porque no le conoci\u00f3 a \u00e9l. 1 Juan 3:1 <\/i>\n<b>I am part of GOD&#8217;S FAMILY<br \/>\n<\/b><i>You are no longer foreigners and strangers, but fellow citizens with God&#8217;s people and also members of his household. Ephesians 2:19 <\/i>\n<b>Soy HECHO NUEVO.<br \/>\n<\/b><i>If anyone is in Christ, the new creation has come: The old has gone, the new is here!&#8221; 2 Corinthians 5:17 <\/i>\n<b>Soy REDIMIDO.<br \/>\n<\/b><i>en quien tenemos redenci\u00f3n por su sangre, el perd\u00f3n de pecados seg\u00fan las riquezas de su gracia, Efesios 1:7 <\/i>\n<b>Soy CREADO POR UN PROP\u00d3SITO.<br \/>\n<\/b><i>For we are God&#8217;s handiwork, created in Christ Jesus to do good works, which God prepared in advance for us to do. Ephesians 2:10 <\/i>\n<b>Soy alguien con ESPERANZA.<br \/>\n<\/b><i>3 Bendito el Dios y Padre de nuestro Se\u00f1or Jesucristo, que seg\u00fan su grande misericordia nos hizo renacer para una esperanza viva, por la resurrecci\u00f3n de Jesucristo de los muertos, 4 para una herencia incorruptible, incontaminada e inmarcesible, reservada en los cielos para vosotros, 1 Pedro 1:3-4<\/i>\n<b>Soy alguien que DIOS NO ABANDONA.<br \/>\n<\/b><i>&#8230;being confident of this, that he who began a good work in you will carry it on to completion until the day of Christ Jesus. Philippians 1:6 <\/i>\n\t\t\t\t\t<a href=\"#\" id=\"fl-accordion--label-1\" tabindex=\"0\" aria-controls=\"fl-accordion--panel-1\">Semana 2: Biblia<\/a>\n\t\t\t\t\t\t\t\t\t\t\t<a href=\"#\" id=\"fl-accordion--icon-1\" tabindex=\"0\" aria-controls=\"fl-accordion--panel-1\"><i>Expandir<\/i><\/a>\n\t\t\t\t\t<p><strong>Lee tu Biblia por 5 d\u00edas seguidos siguiendo el libro de Santiago.<\/strong><\/p>\n<hr \/>\n<strong>Day 1 &#8211; James 1<br \/>\n<\/strong>Prayer: &#8220;Lord help me to persevere when I face trials in life.&#8221;\n<hr \/>\n<strong>Day 2 &#8211; James 2<br \/>\n<\/strong>Prayer: &#8220;Lord help me to love you and love others well.&#8221;\n<hr \/>\n<strong>Day 3 &#8211; James 3<br \/>\n<\/strong>Prayer: &#8220;Lord help me to guard my words, thoughts, and actions.&#8221;\n<hr \/>\n<strong>Day 4 &#8211; James 4<br \/>\n<\/strong>Prayer: &#8220;Lord help me to walk in humility and submit to your will.&#8221;\n<hr \/>\n<strong>Day 5 &#8211; James 5<br \/>\n<\/strong>Prayer: &#8220;Lord help me to receive your grace and mercy.&#8221;\n\t\t\t\t\t<a href=\"#\" id=\"fl-accordion--label-2\" tabindex=\"0\" aria-controls=\"fl-accordion--panel-2\">Semana 3 : Meditar <\/a>\n\t\t\t\t\t\t\t\t\t\t\t<a href=\"#\" id=\"fl-accordion--icon-2\" tabindex=\"0\" aria-controls=\"fl-accordion--panel-2\"><i>Expandir<\/i><\/a>\n\t\t\t\t\t<p><strong>Read Psalm 119 and reflect on God&#8217;s Word using these questions:<\/strong><\/p>\n<p>1.\u00bfHay alg\u00fan ejemplo que deba seguir?<\/p>\n<p>\u00bfHay alg\u00fan pecado que deba evitar?<\/p>\n<p>\u00bfHay una promesa para reclamar?<\/p>\n<p>\u00bfHay una oraci\u00f3n para repetir?<\/p>\n<p>\u00bfHay un mandato que obedecer?<\/p>\n<p>\u00bfHay alguna condici\u00f3n que cumplir?<\/p>\n<p>\u00bfHay alg\u00fan vers\u00edculo para memorizar?<\/p>\n<p>\u00bfHay alg\u00fan error para marcar?<\/p>\n<p>\u00bfHay alg\u00fan reto que afrontar?<\/p>\n<p><em>Tomado de Vivir Seg\u00fan el Libro por Howard Hendricks<\/em><\/p>\n\t\t\t\t\t<a href=\"#\" id=\"fl-accordion--label-3\" tabindex=\"0\" aria-controls=\"fl-accordion--panel-3\">Semana 4: Hospitalidad<\/a>\n\t\t\t\t\t\t\t\t\t\t\t<a href=\"#\" id=\"fl-accordion--icon-3\" tabindex=\"0\" aria-controls=\"fl-accordion--panel-3\"><i>Expandir<\/i><\/a>\n\t\t\t\t\t<p>Durante esta pr\u00f3xima semana tenga una comida con un grupo de personas dentro de una casa (cristianos y\/o no cristianos). Para completar este reto, puede organizar la reuni\u00f3n o asistir a una reuni\u00f3n, pero la clave es hacerlo dentro de un hogar. Durante la comida, pase y comparta los altibajos de la semana pasada. \u00a1Oren unos por otros!<\/p>\n\t\t\t\t\t<a href=\"#\" id=\"fl-accordion--label-4\" tabindex=\"0\" aria-controls=\"fl-accordion--panel-4\">Semana 6: Comparte tu historia<\/a>\n\t\t\t\t\t\t\t\t\t\t\t<a href=\"#\" id=\"fl-accordion--icon-4\" tabindex=\"0\" aria-controls=\"fl-accordion--panel-4\"><i>Expandir<\/i><\/a>\n\t\t\t\t\t<p>Escribe la historia de c\u00f3mo te encontraste con Jes\u00fas. Haga esto respondiendo estas tres preguntas: #1: \u00bfC\u00f3mo era su vida antes de Jes\u00fas? #2: \u00bfC\u00f3mo conociste a Jes\u00fas y qu\u00e9 pas\u00f3? #3: \u00bfQu\u00e9 ha cambiado en tu vida ahora que Jes\u00fas es tu Se\u00f1or? Aseg\u00farese de que la historia completa se pueda compartir en cinco minutos o menos. \u00a1AHORA, comparte esta historia con alguien m\u00e1s (preferiblemente un no creyente) o en las redes sociales!<\/p>\n\t\t\t\t\t<a href=\"#\" id=\"fl-accordion--label-5\" tabindex=\"0\" aria-controls=\"fl-accordion--panel-5\">Semana 6: Caminata de Oraci\u00f3n<\/a>\n\t\t\t\t\t\t\t\t\t\t\t<a href=\"#\" id=\"fl-accordion--icon-5\" tabindex=\"0\" aria-controls=\"fl-accordion--panel-5\"><i>Expandir<\/i><\/a>\n\t\t\t\t\t<p>Reserve una hora dentro de la pr\u00f3xima semana para caminar en oraci\u00f3n por su vecindario. Ore antes de salir para que Dios gu\u00ede esta hora y abra puertas para conversaciones espirituales. Mientras camina, ore por cada casa, negocio y persona que pase (puede orar en voz alta). Busque oportunidades para hablar con la gente mientras camina. Si empieza una conversaci\u00f3n, primero escuche a la otra persona y luego comparta que est\u00e1 orando por la comunidad. \u00a1Pregunte si hay algo por lo que USTED pueda orar por ELLOS!<\/p>\n\t\t\t\t\t<a href=\"#\" id=\"fl-accordion--label-6\" tabindex=\"0\" aria-controls=\"fl-accordion--panel-6\">Semana 7: Generosidad<\/a>\n\t\t\t\t\t\t\t\t\t\t\t<a href=\"#\" id=\"fl-accordion--icon-6\" tabindex=\"0\" aria-controls=\"fl-accordion--panel-6\"><i>Expandir<\/i><\/a>\n\t\t\t\t\t<p>Find someone to give to in a stretching way. Examples: pay for a meal, pay for someone&#8217;s gas, pay for someone behind you in a drive through, pay for someone&#8217;s groceries, give someone in need money<\/p>\n\t\t\t\t\t<a href=\"#\" id=\"fl-accordion--label-7\" tabindex=\"0\" aria-controls=\"fl-accordion--panel-7\">Semana 8: Administraci\u00f3n<\/a>\n\t\t\t\t\t\t\t\t\t\t\t<a href=\"#\" id=\"fl-accordion--icon-7\" tabindex=\"0\" aria-controls=\"fl-accordion--panel-7\"><i>Expandir<\/i><\/a>\n\t\t\t\t\t<p>Complete una hoja de trabajo de planificaci\u00f3n presupuestaria simple. <a href=\"https:\/\/www.ramseysolutions.com\/budgeting\/useful-forms\">Descargue aqui<\/a><\/p>\n\t\t\t\t\t<a href=\"#\" id=\"fl-accordion--label-8\" tabindex=\"0\" aria-controls=\"fl-accordion--panel-8\">Semana 9: Gratitud<\/a>\n\t\t\t\t\t\t\t\t\t\t\t<a href=\"#\" id=\"fl-accordion--icon-8\" tabindex=\"0\" aria-controls=\"fl-accordion--panel-8\"><i>Expandir<\/i><\/a>\n\t\t\t\t\t<p>Escriba dos tarjetas de agradecimiento y env\u00edelas a un amigo, familiar, compa\u00f1ero de trabajo o vecino.<\/p>","protected":false},"excerpt":{"rendered":"<p>Share your story &#8211; use #9weekchallenge tag @newlifechicago or send us a DM! Get the App 9 Week Challenge Get ready for the 9 Week Challenge! Over the next 9 weeks, we&#8217;ll be looking at different spiritual practices and calling you to action. James 1:22 says, &#8220;Do not merely listen to the word, and so&hellip;<\/p>","protected":false},"author":2,"featured_media":0,"parent":0,"menu_order":0,"comment_status":"closed","ping_status":"closed","template":"","meta":{"_acf_changed":false,"_monsterinsights_skip_tracking":false,"_monsterinsights_sitenote_active":false,"_monsterinsights_sitenote_note":"","_monsterinsights_sitenote_category":0,"footnotes":""},"categories":[],"tags":[],"class_list":["post-2570","page","type-page","status-publish","hentry"],"acf":[],"yoast_head":"<!-- This site is optimized with the Yoast SEO plugin v27.3 - https:\/\/yoast.com\/product\/yoast-seo-wordpress\/ -->\n<title>9 Week Challenge - New Life Community Church<\/title>\n<meta name=\"robots\" content=\"index, follow, max-snippet:-1, max-image-preview:large, max-video-preview:-1\" \/>\n<link rel=\"canonical\" href=\"https:\/\/newlifecommunity.church\/es\/9-week-challenge\/\" \/>\n<meta property=\"og:locale\" content=\"es_MX\" \/>\n<meta property=\"og:type\" content=\"article\" \/>\n<meta property=\"og:title\" content=\"9 Week Challenge - New Life Community Church\" \/>\n<meta property=\"og:description\" content=\"Share your story &#8211; use #9weekchallenge tag @newlifechicago or send us a DM! Get the App 9 Week Challenge Get ready for the 9 Week Challenge! Over the next 9 weeks, we&#8217;ll be looking at different spiritual practices and calling you to action. James 1:22 says, &#8220;Do not merely listen to the word, and so&hellip;\" \/>\n<meta property=\"og:url\" content=\"https:\/\/newlifecommunity.church\/es\/9-week-challenge\/\" \/>\n<meta property=\"og:site_name\" content=\"New Life Community Church\" \/>\n<meta property=\"article:publisher\" content=\"https:\/\/facebook.com\/newlifechicago\" \/>\n<meta property=\"article:modified_time\" content=\"2022-10-11T16:35:58+00:00\" \/>\n<meta property=\"og:image\" content=\"https:\/\/newlifecommunity.church\/wp-content\/uploads\/2022\/09\/9-Week-Challenge-Digital_01-Screen-Title-1920x1080-1.png\" \/>\n<meta name=\"twitter:card\" content=\"summary_large_image\" \/>\n<meta name=\"twitter:site\" content=\"@newlifechicago\" \/>\n<meta name=\"twitter:label1\" content=\"Tiempo de lectura\" \/>\n\t<meta name=\"twitter:data1\" content=\"1 minuto\" \/>\n<script type=\"application\/ld+json\" class=\"yoast-schema-graph\">{\"@context\":\"https:\\\/\\\/schema.org\",\"@graph\":[{\"@type\":\"WebPage\",\"@id\":\"https:\\\/\\\/newlifecommunity.church\\\/9-week-challenge\\\/\",\"url\":\"https:\\\/\\\/newlifecommunity.church\\\/9-week-challenge\\\/\",\"name\":\"9 Week Challenge - New Life Community Church\",\"isPartOf\":{\"@id\":\"https:\\\/\\\/newlifecommunity.church\\\/#website\"},\"primaryImageOfPage\":{\"@id\":\"https:\\\/\\\/newlifecommunity.church\\\/9-week-challenge\\\/#primaryimage\"},\"image\":{\"@id\":\"https:\\\/\\\/newlifecommunity.church\\\/9-week-challenge\\\/#primaryimage\"},\"thumbnailUrl\":\"https:\\\/\\\/newlifecommunity.church\\\/wp-content\\\/uploads\\\/2022\\\/09\\\/9-Week-Challenge-Digital_01-Screen-Title-1920x1080-1.png\",\"datePublished\":\"2022-09-30T20:49:03+00:00\",\"dateModified\":\"2022-10-11T16:35:58+00:00\",\"breadcrumb\":{\"@id\":\"https:\\\/\\\/newlifecommunity.church\\\/9-week-challenge\\\/#breadcrumb\"},\"inLanguage\":\"es-MX\",\"potentialAction\":[{\"@type\":\"ReadAction\",\"target\":[\"https:\\\/\\\/newlifecommunity.church\\\/9-week-challenge\\\/\"]}]},{\"@type\":\"ImageObject\",\"inLanguage\":\"es-MX\",\"@id\":\"https:\\\/\\\/newlifecommunity.church\\\/9-week-challenge\\\/#primaryimage\",\"url\":\"https:\\\/\\\/newlifecommunity.church\\\/wp-content\\\/uploads\\\/2022\\\/09\\\/9-Week-Challenge-Digital_01-Screen-Title-1920x1080-1.png\",\"contentUrl\":\"https:\\\/\\\/newlifecommunity.church\\\/wp-content\\\/uploads\\\/2022\\\/09\\\/9-Week-Challenge-Digital_01-Screen-Title-1920x1080-1.png\"},{\"@type\":\"BreadcrumbList\",\"@id\":\"https:\\\/\\\/newlifecommunity.church\\\/9-week-challenge\\\/#breadcrumb\",\"itemListElement\":[{\"@type\":\"ListItem\",\"position\":1,\"name\":\"Home\",\"item\":\"https:\\\/\\\/newlifecommunity.church\\\/\"},{\"@type\":\"ListItem\",\"position\":2,\"name\":\"9 Week Challenge\"}]},{\"@type\":\"WebSite\",\"@id\":\"https:\\\/\\\/newlifecommunity.church\\\/#website\",\"url\":\"https:\\\/\\\/newlifecommunity.church\\\/\",\"name\":\"New Life Community Church\",\"description\":\"One Church, Many Locations\",\"publisher\":{\"@id\":\"https:\\\/\\\/newlifecommunity.church\\\/#organization\"},\"potentialAction\":[{\"@type\":\"SearchAction\",\"target\":{\"@type\":\"EntryPoint\",\"urlTemplate\":\"https:\\\/\\\/newlifecommunity.church\\\/?s={search_term_string}\"},\"query-input\":{\"@type\":\"PropertyValueSpecification\",\"valueRequired\":true,\"valueName\":\"search_term_string\"}}],\"inLanguage\":\"es-MX\"},{\"@type\":\"Organization\",\"@id\":\"https:\\\/\\\/newlifecommunity.church\\\/#organization\",\"name\":\"New Life Community Church\",\"url\":\"https:\\\/\\\/newlifecommunity.church\\\/\",\"logo\":{\"@type\":\"ImageObject\",\"inLanguage\":\"es-MX\",\"@id\":\"https:\\\/\\\/newlifecommunity.church\\\/#\\\/schema\\\/logo\\\/image\\\/\",\"url\":\"https:\\\/\\\/newlifecommunity.church\\\/wp-content\\\/uploads\\\/2022\\\/02\\\/NewLife_RGB_Primary.png\",\"contentUrl\":\"https:\\\/\\\/newlifecommunity.church\\\/wp-content\\\/uploads\\\/2022\\\/02\\\/NewLife_RGB_Primary.png\",\"width\":6250,\"height\":2151,\"caption\":\"New Life Community Church\"},\"image\":{\"@id\":\"https:\\\/\\\/newlifecommunity.church\\\/#\\\/schema\\\/logo\\\/image\\\/\"},\"sameAs\":[\"https:\\\/\\\/facebook.com\\\/newlifechicago\",\"https:\\\/\\\/x.com\\\/newlifechicago\",\"https:\\\/\\\/www.linkedin.com\\\/company\\\/newlifechicago\",\"https:\\\/\\\/www.youtube.com\\\/newlifemidway\",\"https:\\\/\\\/www.instagram.com\\\/newlifechicago\\\/\"]}]}<\/script>\n<!-- \/ Yoast SEO plugin. -->","yoast_head_json":{"title":"9 Week Challenge - New Life Community Church","robots":{"index":"index","follow":"follow","max-snippet":"max-snippet:-1","max-image-preview":"max-image-preview:large","max-video-preview":"max-video-preview:-1"},"canonical":"https:\/\/newlifecommunity.church\/es\/9-week-challenge\/","og_locale":"es_MX","og_type":"article","og_title":"9 Week Challenge - New Life Community Church","og_description":"Share your story &#8211; use #9weekchallenge tag @newlifechicago or send us a DM! Get the App 9 Week Challenge Get ready for the 9 Week Challenge! Over the next 9 weeks, we&#8217;ll be looking at different spiritual practices and calling you to action. James 1:22 says, &#8220;Do not merely listen to the word, and so&hellip;","og_url":"https:\/\/newlifecommunity.church\/es\/9-week-challenge\/","og_site_name":"New Life Community Church","article_publisher":"https:\/\/facebook.com\/newlifechicago","article_modified_time":"2022-10-11T16:35:58+00:00","og_image":[{"url":"https:\/\/newlifecommunity.church\/wp-content\/uploads\/2022\/09\/9-Week-Challenge-Digital_01-Screen-Title-1920x1080-1.png","type":"","width":"","height":""}],"twitter_card":"summary_large_image","twitter_site":"@newlifechicago","twitter_misc":{"Tiempo de lectura":"1 minuto"},"schema":{"@context":"https:\/\/schema.org","@graph":[{"@type":"WebPage","@id":"https:\/\/newlifecommunity.church\/9-week-challenge\/","url":"https:\/\/newlifecommunity.church\/9-week-challenge\/","name":"9 Week Challenge - New Life Community Church","isPartOf":{"@id":"https:\/\/newlifecommunity.church\/#website"},"primaryImageOfPage":{"@id":"https:\/\/newlifecommunity.church\/9-week-challenge\/#primaryimage"},"image":{"@id":"https:\/\/newlifecommunity.church\/9-week-challenge\/#primaryimage"},"thumbnailUrl":"https:\/\/newlifecommunity.church\/wp-content\/uploads\/2022\/09\/9-Week-Challenge-Digital_01-Screen-Title-1920x1080-1.png","datePublished":"2022-09-30T20:49:03+00:00","dateModified":"2022-10-11T16:35:58+00:00","breadcrumb":{"@id":"https:\/\/newlifecommunity.church\/9-week-challenge\/#breadcrumb"},"inLanguage":"es-MX","potentialAction":[{"@type":"ReadAction","target":["https:\/\/newlifecommunity.church\/9-week-challenge\/"]}]},{"@type":"ImageObject","inLanguage":"es-MX","@id":"https:\/\/newlifecommunity.church\/9-week-challenge\/#primaryimage","url":"https:\/\/newlifecommunity.church\/wp-content\/uploads\/2022\/09\/9-Week-Challenge-Digital_01-Screen-Title-1920x1080-1.png","contentUrl":"https:\/\/newlifecommunity.church\/wp-content\/uploads\/2022\/09\/9-Week-Challenge-Digital_01-Screen-Title-1920x1080-1.png"},{"@type":"BreadcrumbList","@id":"https:\/\/newlifecommunity.church\/9-week-challenge\/#breadcrumb","itemListElement":[{"@type":"ListItem","position":1,"name":"Home","item":"https:\/\/newlifecommunity.church\/"},{"@type":"ListItem","position":2,"name":"9 Week Challenge"}]},{"@type":"WebSite","@id":"https:\/\/newlifecommunity.church\/#website","url":"https:\/\/newlifecommunity.church\/","name":"Iglesia Comunidad Nueva Vida","description":"Una iglesia, por toda la ciudad","publisher":{"@id":"https:\/\/newlifecommunity.church\/#organization"},"potentialAction":[{"@type":"SearchAction","target":{"@type":"EntryPoint","urlTemplate":"https:\/\/newlifecommunity.church\/?s={search_term_string}"},"query-input":{"@type":"PropertyValueSpecification","valueRequired":true,"valueName":"search_term_string"}}],"inLanguage":"es-MX"},{"@type":"Organization","@id":"https:\/\/newlifecommunity.church\/#organization","name":"Iglesia Comunidad Nueva Vida","url":"https:\/\/newlifecommunity.church\/","logo":{"@type":"ImageObject","inLanguage":"es-MX","@id":"https:\/\/newlifecommunity.church\/#\/schema\/logo\/image\/","url":"https:\/\/newlifecommunity.church\/wp-content\/uploads\/2022\/02\/NewLife_RGB_Primary.png","contentUrl":"https:\/\/newlifecommunity.church\/wp-content\/uploads\/2022\/02\/NewLife_RGB_Primary.png","width":6250,"height":2151,"caption":"New Life Community Church"},"image":{"@id":"https:\/\/newlifecommunity.church\/#\/schema\/logo\/image\/"},"sameAs":["https:\/\/facebook.com\/newlifechicago","https:\/\/x.com\/newlifechicago","https:\/\/www.linkedin.com\/company\/newlifechicago","https:\/\/www.youtube.com\/newlifemidway","https:\/\/www.instagram.com\/newlifechicago\/"]}]}},"_links":{"self":[{"href":"https:\/\/newlifecommunity.church\/es\/wp-json\/wp\/v2\/pages\/2570","targetHints":{"allow":["GET"]}}],"collection":[{"href":"https:\/\/newlifecommunity.church\/es\/wp-json\/wp\/v2\/pages"}],"about":[{"href":"https:\/\/newlifecommunity.church\/es\/wp-json\/wp\/v2\/types\/page"}],"author":[{"embeddable":true,"href":"https:\/\/newlifecommunity.church\/es\/wp-json\/wp\/v2\/users\/2"}],"replies":[{"embeddable":true,"href":"https:\/\/newlifecommunity.church\/es\/wp-json\/wp\/v2\/comments?post=2570"}],"version-history":[{"count":0,"href":"https:\/\/newlifecommunity.church\/es\/wp-json\/wp\/v2\/pages\/2570\/revisions"}],"wp:attachment":[{"href":"https:\/\/newlifecommunity.church\/es\/wp-json\/wp\/v2\/media?parent=2570"}],"wp:term":[{"taxonomy":"category","embeddable":true,"href":"https:\/\/newlifecommunity.church\/es\/wp-json\/wp\/v2\/categories?post=2570"},{"taxonomy":"post_tag","embeddable":true,"href":"https:\/\/newlifecommunity.church\/es\/wp-json\/wp\/v2\/tags?post=2570"}],"curies":[{"name":"wp","href":"https:\/\/api.w.org\/{rel}","templated":true}]}}