{"id":4151,"date":"2025-08-05T15:13:54","date_gmt":"2025-08-05T15:13:54","guid":{"rendered":"https:\/\/newlifecommunity.church\/?page_id=4151"},"modified":"2026-01-07T19:28:08","modified_gmt":"2026-01-07T19:28:08","slug":"21days","status":"publish","type":"page","link":"https:\/\/newlifecommunity.church\/es\/21days\/","title":{"rendered":"21 D\u00edas de Oraci\u00f3n"},"content":{"rendered":"<h2>\n\t\t\tMove in us: 21 days of prayer &#038; fasting\t<\/h2>\n<h3>\n\t\t\tEnero 4-5\t<\/h3>\n\t<p>Al comenzar un nuevo a\u00f1o <strong data-start=\"229\" data-end=\"258\">Iglesia Comunidad Nueva Vida<\/strong> aparta <strong data-start=\"276\" data-end=\"308\">21 d\u00edas para buscar a Dios juntos<\/strong> con una fe renovada, humildad y expectativa. Creemos que todo mover de Dios comienza cuando Su pueblo hace espacio para \u00c9l.<\/p>\nDon&#8217;t miss this set-apart season to press in, prepare your heart, and believe for renewal and breakthrough. <strong data-start=\"972\" data-end=\"1009\">Cuando lo buscamos primero, \u00c9l se mueve.<\/strong>\nConsulta en tu localidad de New Life este domingo para conocer los horarios espec\u00edficos de oraci\u00f3n y adoraci\u00f3n.\n\t\t\t<a href=\"https:\/\/newlifecommunity.church\/es\/locations\/\" target=\"_self\">\n\t\t\t\t\t\t\tubicaci\u00f3nes\n\t\t\t\t\t<\/a>\n\t<h3>Gu\u00eda de oraci\u00f3n y ayuno<\/h3>\n<p>Sigue este gu\u00eda diario de oraci\u00f3n y escrituras durante los 21 d\u00edas. Adem\u00e1s, participa en momentos especiales de oraci\u00f3n y adoraci\u00f3n en tu ubicaci\u00f3n.<\/p>\n\t\t\t<a href=\"https:\/\/newlifecommunity.church\/es\/courses\/21-days-fasting-prayer\/\" target=\"_blank\" rel=\"noopener\">\n\t\t\t\t\t\t\tVer\n\t\t\t\t\t<\/a>\n<h1>\n\t\t\tMu\u00e9vete en Nosotros\t<\/h1>\n\t<iframe allowfullscreen allow=\"autoplay\" data-src=\"https:\/\/www.youtube.com\/embed\/xPb0qyaNrng?feature=oembed&amp;start&amp;end&amp;wmode=opaque&amp;loop=0&amp;controls=1&amp;mute=0&amp;rel=0&amp;modestbranding=0\"><\/iframe>\t\t\n\t\t\t\t\tPlay Video\n<h2>\n\t\t\t&#8220;Fasting Is Removing Something You Want To Receive Something You Need From God.&#8221; &#8211; Pastor Josiah Jobe\t<\/h2>\n\t\t\t<a href=\"#\" role=\"button\">\n\t\t\t\t\t\t\tEspa\u00f1ol\n\t\t\t\t\t<\/a>\n\t\t\t<iframe loading=\"lazy\" width=\"560\" height=\"315\" src=\"https:\/\/www.youtube.com\/embed\/k7CyjkwQ19k?si=mmmIdfE87y3QUB8q\" title=\"YouTube video player\" frameborder=\"0\" allow=\"accelerometer; autoplay; clipboard-write; encrypted-media; gyroscope; picture-in-picture; web-share\" referrerpolicy=\"strict-origin-when-cross-origin\" allowfullscreen><\/iframe>\t\t\n\t\t\t\t<a href=\"https:\/\/newlifecommunity.church\/wp-content\/uploads\/2025\/12\/GuiadeOracion.png\"  target=\"_self\" itemprop=\"url\">\n\t\t\t\t<img decoding=\"async\" src=\"https:\/\/newlifecommunity.church\/wp-content\/uploads\/2025\/12\/GuiadeOracion.png\" alt=\"GuiaOracion\" itemprop=\"image\" height=\"1000\" width=\"1000\" title=\"GuiaOracion\" onerror=\"this.style.display='none'\" loading=\"lazy\" \/>\n\t\t\t\t<\/a>\n<h3>\n\t\t\tGu\u00edas adicionales de oraci\u00f3n\t<\/h3>\n\t\t\t<a href=\"https:\/\/assets.highlands.io\/21days\/2024\/the-lords-prayer.pdf\" target=\"_self\">\n\t\t\t\t\t\t\tThe Lord&#8217;s Prayer\n\t\t\t\t\t<\/a>\n\t\t\t<a href=\"https:\/\/assets.highlands.io\/21days\/2024\/praying-scripture.pdf\" target=\"_self\">\n\t\t\t\t\t\t\tOrando con las Escrituras\n\t\t\t\t\t<\/a>\n\t\t\t<a href=\"https:\/\/assets.highlands.io\/21days\/2024\/those-who-need-god.pdf\" target=\"_self\">\n\t\t\t\t\t\t\tAquellos que necesitan a Dios\n\t\t\t\t\t<\/a>\n\t\t\t<a href=\"https:\/\/assets.highlands.io\/21days\/2024\/tabernacle-prayer.pdf\" target=\"_self\">\n\t\t\t\t\t\t\tOraci\u00f3n del Tabern\u00e1culo\n\t\t\t\t\t<\/a>\n\t\t\t<a href=\"https:\/\/assets.highlands.io\/21days\/2024\/warefare-prayers.pdf\" target=\"_self\">\n\t\t\t\t\t\t\tOraciones de guerra\n\t\t\t\t\t<\/a>\n\t\t\t<a href=\"https:\/\/assets.highlands.io\/21days\/2024\/the-prayer-of-jabez.pdf\" target=\"_self\">\n\t\t\t\t\t\t\tLa oraci\u00f3n de Jabes\n\t\t\t\t\t<\/a>","protected":false},"excerpt":{"rendered":"<p>Move in us: 21 days of prayer &#038; fasting january 4th-25th As we begin a new year, New Life Community Church is setting aside 21 days to seek God together with fresh faith, humility, and expectation. We believe every move of God begins when His people make space for Him. Don&#8217;t miss this set-apart season&hellip;<\/p>","protected":false},"author":2,"featured_media":4155,"parent":0,"menu_order":0,"comment_status":"closed","ping_status":"closed","template":"","meta":{"_acf_changed":false,"_monsterinsights_skip_tracking":false,"_monsterinsights_sitenote_active":false,"_monsterinsights_sitenote_note":"","_monsterinsights_sitenote_category":0,"footnotes":""},"categories":[],"tags":[],"class_list":["post-4151","page","type-page","status-publish","has-post-thumbnail","hentry"],"acf":[],"yoast_head":"<!-- This site is optimized with the Yoast SEO plugin v27.3 - https:\/\/yoast.com\/product\/yoast-seo-wordpress\/ -->\n<title>21 Days of Prayer - New Life Community Church<\/title>\n<meta name=\"robots\" content=\"index, follow, max-snippet:-1, max-image-preview:large, max-video-preview:-1\" \/>\n<link rel=\"canonical\" href=\"https:\/\/newlifecommunity.church\/es\/21days\/\" \/>\n<meta property=\"og:locale\" content=\"es_MX\" \/>\n<meta property=\"og:type\" content=\"article\" \/>\n<meta property=\"og:title\" content=\"21 Days of Prayer - New Life Community Church\" \/>\n<meta property=\"og:description\" content=\"Move in us: 21 days of prayer &#038; fasting january 4th-25th As we begin a new year, New Life Community Church is setting aside 21 days to seek God together with fresh faith, humility, and expectation. We believe every move of God begins when His people make space for Him. Don&#8217;t miss this set-apart season&hellip;\" \/>\n<meta property=\"og:url\" content=\"https:\/\/newlifecommunity.church\/es\/21days\/\" \/>\n<meta property=\"og:site_name\" content=\"New Life Community Church\" \/>\n<meta property=\"article:publisher\" content=\"https:\/\/facebook.com\/newlifechicago\" \/>\n<meta property=\"article:modified_time\" content=\"2026-01-07T19:28:08+00:00\" \/>\n<meta property=\"og:image\" content=\"https:\/\/newlifecommunity.church\/wp-content\/uploads\/2025\/08\/21-Days-of-Prayer-2-1024x576.png\" \/>\n\t<meta property=\"og:image:width\" content=\"1024\" \/>\n\t<meta property=\"og:image:height\" content=\"576\" \/>\n\t<meta property=\"og:image:type\" content=\"image\/png\" \/>\n<meta name=\"twitter:card\" content=\"summary_large_image\" \/>\n<meta name=\"twitter:site\" content=\"@newlifechicago\" \/>\n<meta name=\"twitter:label1\" content=\"Tiempo de lectura\" \/>\n\t<meta name=\"twitter:data1\" content=\"6 minutos\" \/>\n<script type=\"application\/ld+json\" class=\"yoast-schema-graph\">{\"@context\":\"https:\\\/\\\/schema.org\",\"@graph\":[{\"@type\":\"WebPage\",\"@id\":\"https:\\\/\\\/newlifecommunity.church\\\/21days\\\/\",\"url\":\"https:\\\/\\\/newlifecommunity.church\\\/21days\\\/\",\"name\":\"21 Days of Prayer - New Life Community Church\",\"isPartOf\":{\"@id\":\"https:\\\/\\\/newlifecommunity.church\\\/#website\"},\"primaryImageOfPage\":{\"@id\":\"https:\\\/\\\/newlifecommunity.church\\\/21days\\\/#primaryimage\"},\"image\":{\"@id\":\"https:\\\/\\\/newlifecommunity.church\\\/21days\\\/#primaryimage\"},\"thumbnailUrl\":\"https:\\\/\\\/newlifecommunity.church\\\/wp-content\\\/uploads\\\/2025\\\/08\\\/21-Days-of-Prayer-2.png\",\"datePublished\":\"2025-08-05T15:13:54+00:00\",\"dateModified\":\"2026-01-07T19:28:08+00:00\",\"breadcrumb\":{\"@id\":\"https:\\\/\\\/newlifecommunity.church\\\/21days\\\/#breadcrumb\"},\"inLanguage\":\"es-MX\",\"potentialAction\":[{\"@type\":\"ReadAction\",\"target\":[\"https:\\\/\\\/newlifecommunity.church\\\/21days\\\/\"]}]},{\"@type\":\"ImageObject\",\"inLanguage\":\"es-MX\",\"@id\":\"https:\\\/\\\/newlifecommunity.church\\\/21days\\\/#primaryimage\",\"url\":\"https:\\\/\\\/newlifecommunity.church\\\/wp-content\\\/uploads\\\/2025\\\/08\\\/21-Days-of-Prayer-2.png\",\"contentUrl\":\"https:\\\/\\\/newlifecommunity.church\\\/wp-content\\\/uploads\\\/2025\\\/08\\\/21-Days-of-Prayer-2.png\",\"width\":1920,\"height\":1080},{\"@type\":\"BreadcrumbList\",\"@id\":\"https:\\\/\\\/newlifecommunity.church\\\/21days\\\/#breadcrumb\",\"itemListElement\":[{\"@type\":\"ListItem\",\"position\":1,\"name\":\"Home\",\"item\":\"https:\\\/\\\/newlifecommunity.church\\\/\"},{\"@type\":\"ListItem\",\"position\":2,\"name\":\"21 Days of Prayer\"}]},{\"@type\":\"WebSite\",\"@id\":\"https:\\\/\\\/newlifecommunity.church\\\/#website\",\"url\":\"https:\\\/\\\/newlifecommunity.church\\\/\",\"name\":\"New Life Community Church\",\"description\":\"One Church, Many Locations\",\"publisher\":{\"@id\":\"https:\\\/\\\/newlifecommunity.church\\\/#organization\"},\"potentialAction\":[{\"@type\":\"SearchAction\",\"target\":{\"@type\":\"EntryPoint\",\"urlTemplate\":\"https:\\\/\\\/newlifecommunity.church\\\/?s={search_term_string}\"},\"query-input\":{\"@type\":\"PropertyValueSpecification\",\"valueRequired\":true,\"valueName\":\"search_term_string\"}}],\"inLanguage\":\"es-MX\"},{\"@type\":\"Organization\",\"@id\":\"https:\\\/\\\/newlifecommunity.church\\\/#organization\",\"name\":\"New Life Community Church\",\"url\":\"https:\\\/\\\/newlifecommunity.church\\\/\",\"logo\":{\"@type\":\"ImageObject\",\"inLanguage\":\"es-MX\",\"@id\":\"https:\\\/\\\/newlifecommunity.church\\\/#\\\/schema\\\/logo\\\/image\\\/\",\"url\":\"https:\\\/\\\/newlifecommunity.church\\\/wp-content\\\/uploads\\\/2022\\\/02\\\/NewLife_RGB_Primary.png\",\"contentUrl\":\"https:\\\/\\\/newlifecommunity.church\\\/wp-content\\\/uploads\\\/2022\\\/02\\\/NewLife_RGB_Primary.png\",\"width\":6250,\"height\":2151,\"caption\":\"New Life Community Church\"},\"image\":{\"@id\":\"https:\\\/\\\/newlifecommunity.church\\\/#\\\/schema\\\/logo\\\/image\\\/\"},\"sameAs\":[\"https:\\\/\\\/facebook.com\\\/newlifechicago\",\"https:\\\/\\\/x.com\\\/newlifechicago\",\"https:\\\/\\\/www.linkedin.com\\\/company\\\/newlifechicago\",\"https:\\\/\\\/www.youtube.com\\\/newlifemidway\",\"https:\\\/\\\/www.instagram.com\\\/newlifechicago\\\/\"]}]}<\/script>\n<!-- \/ Yoast SEO plugin. -->","yoast_head_json":{"title":"21 Days of Prayer - New Life Community Church","robots":{"index":"index","follow":"follow","max-snippet":"max-snippet:-1","max-image-preview":"max-image-preview:large","max-video-preview":"max-video-preview:-1"},"canonical":"https:\/\/newlifecommunity.church\/es\/21days\/","og_locale":"es_MX","og_type":"article","og_title":"21 Days of Prayer - New Life Community Church","og_description":"Move in us: 21 days of prayer &#038; fasting january 4th-25th As we begin a new year, New Life Community Church is setting aside 21 days to seek God together with fresh faith, humility, and expectation. We believe every move of God begins when His people make space for Him. Don&#8217;t miss this set-apart season&hellip;","og_url":"https:\/\/newlifecommunity.church\/es\/21days\/","og_site_name":"New Life Community Church","article_publisher":"https:\/\/facebook.com\/newlifechicago","article_modified_time":"2026-01-07T19:28:08+00:00","og_image":[{"width":1024,"height":576,"url":"https:\/\/newlifecommunity.church\/wp-content\/uploads\/2025\/08\/21-Days-of-Prayer-2-1024x576.png","type":"image\/png"}],"twitter_card":"summary_large_image","twitter_site":"@newlifechicago","twitter_misc":{"Tiempo de lectura":"6 minutos"},"schema":{"@context":"https:\/\/schema.org","@graph":[{"@type":"WebPage","@id":"https:\/\/newlifecommunity.church\/21days\/","url":"https:\/\/newlifecommunity.church\/21days\/","name":"21 Days of Prayer - New Life Community Church","isPartOf":{"@id":"https:\/\/newlifecommunity.church\/#website"},"primaryImageOfPage":{"@id":"https:\/\/newlifecommunity.church\/21days\/#primaryimage"},"image":{"@id":"https:\/\/newlifecommunity.church\/21days\/#primaryimage"},"thumbnailUrl":"https:\/\/newlifecommunity.church\/wp-content\/uploads\/2025\/08\/21-Days-of-Prayer-2.png","datePublished":"2025-08-05T15:13:54+00:00","dateModified":"2026-01-07T19:28:08+00:00","breadcrumb":{"@id":"https:\/\/newlifecommunity.church\/21days\/#breadcrumb"},"inLanguage":"es-MX","potentialAction":[{"@type":"ReadAction","target":["https:\/\/newlifecommunity.church\/21days\/"]}]},{"@type":"ImageObject","inLanguage":"es-MX","@id":"https:\/\/newlifecommunity.church\/21days\/#primaryimage","url":"https:\/\/newlifecommunity.church\/wp-content\/uploads\/2025\/08\/21-Days-of-Prayer-2.png","contentUrl":"https:\/\/newlifecommunity.church\/wp-content\/uploads\/2025\/08\/21-Days-of-Prayer-2.png","width":1920,"height":1080},{"@type":"BreadcrumbList","@id":"https:\/\/newlifecommunity.church\/21days\/#breadcrumb","itemListElement":[{"@type":"ListItem","position":1,"name":"Home","item":"https:\/\/newlifecommunity.church\/"},{"@type":"ListItem","position":2,"name":"21 Days of Prayer"}]},{"@type":"WebSite","@id":"https:\/\/newlifecommunity.church\/#website","url":"https:\/\/newlifecommunity.church\/","name":"Iglesia Comunidad Nueva Vida","description":"Una iglesia, por toda la ciudad","publisher":{"@id":"https:\/\/newlifecommunity.church\/#organization"},"potentialAction":[{"@type":"SearchAction","target":{"@type":"EntryPoint","urlTemplate":"https:\/\/newlifecommunity.church\/?s={search_term_string}"},"query-input":{"@type":"PropertyValueSpecification","valueRequired":true,"valueName":"search_term_string"}}],"inLanguage":"es-MX"},{"@type":"Organization","@id":"https:\/\/newlifecommunity.church\/#organization","name":"Iglesia Comunidad Nueva Vida","url":"https:\/\/newlifecommunity.church\/","logo":{"@type":"ImageObject","inLanguage":"es-MX","@id":"https:\/\/newlifecommunity.church\/#\/schema\/logo\/image\/","url":"https:\/\/newlifecommunity.church\/wp-content\/uploads\/2022\/02\/NewLife_RGB_Primary.png","contentUrl":"https:\/\/newlifecommunity.church\/wp-content\/uploads\/2022\/02\/NewLife_RGB_Primary.png","width":6250,"height":2151,"caption":"New Life Community Church"},"image":{"@id":"https:\/\/newlifecommunity.church\/#\/schema\/logo\/image\/"},"sameAs":["https:\/\/facebook.com\/newlifechicago","https:\/\/x.com\/newlifechicago","https:\/\/www.linkedin.com\/company\/newlifechicago","https:\/\/www.youtube.com\/newlifemidway","https:\/\/www.instagram.com\/newlifechicago\/"]}]}},"_links":{"self":[{"href":"https:\/\/newlifecommunity.church\/es\/wp-json\/wp\/v2\/pages\/4151","targetHints":{"allow":["GET"]}}],"collection":[{"href":"https:\/\/newlifecommunity.church\/es\/wp-json\/wp\/v2\/pages"}],"about":[{"href":"https:\/\/newlifecommunity.church\/es\/wp-json\/wp\/v2\/types\/page"}],"author":[{"embeddable":true,"href":"https:\/\/newlifecommunity.church\/es\/wp-json\/wp\/v2\/users\/2"}],"replies":[{"embeddable":true,"href":"https:\/\/newlifecommunity.church\/es\/wp-json\/wp\/v2\/comments?post=4151"}],"version-history":[{"count":0,"href":"https:\/\/newlifecommunity.church\/es\/wp-json\/wp\/v2\/pages\/4151\/revisions"}],"wp:featuredmedia":[{"embeddable":true,"href":"https:\/\/newlifecommunity.church\/es\/wp-json\/wp\/v2\/media\/4155"}],"wp:attachment":[{"href":"https:\/\/newlifecommunity.church\/es\/wp-json\/wp\/v2\/media?parent=4151"}],"wp:term":[{"taxonomy":"category","embeddable":true,"href":"https:\/\/newlifecommunity.church\/es\/wp-json\/wp\/v2\/categories?post=4151"},{"taxonomy":"post_tag","embeddable":true,"href":"https:\/\/newlifecommunity.church\/es\/wp-json\/wp\/v2\/tags?post=4151"}],"curies":[{"name":"wp","href":"https:\/\/api.w.org\/{rel}","templated":true}]}}