{"id":4260,"date":"2025-09-23T14:29:15","date_gmt":"2025-09-23T14:29:15","guid":{"rendered":"https:\/\/newlifecommunity.church\/?page_id=4260"},"modified":"2025-09-25T17:51:11","modified_gmt":"2025-09-25T17:51:11","slug":"nueva-vida-hobart","status":"publish","type":"page","link":"https:\/\/newlifecommunity.church\/es\/nueva-vida-hobart\/","title":{"rendered":"Nueva Vida Hobart"},"content":{"rendered":"<h1>\n\t\t\tHobart\t<\/h1>\n<h3>\n\t\t\tDomingos a las 12:30PM | Espa\u00f1ol\t<\/h3>\n<h3>\n\t\t\tSundays at 10:00AM | English\t<\/h3>\n\t<p><a href=\"tel:219-942-0502\">219-942-0502|<\/a> <a href=\"mailto:hobart@newlifechicago.org\">Cont\u00e1ctanos<\/a><\/p>\n\t\t\t<a href=\"https:\/\/www.youtube.com\/@newlifecommunitychurchhoba2989\/streams\" target=\"_blank\" rel=\"noopener\">\n\t\t\t\t\t\t\tVer en l\u00ednea\n\t\t\t\t\t<\/a>\n\t\t\t<a href=\"https:\/\/pushpay.com\/g\/nvhobart\" target=\"_blank\" rel=\"noopener\">\n\t\t\t\t\t\t\tDar\n\t\t\t\t\t<\/a>\n\t\t<h3>Bienvenidos a Nueva Vida<\/h3><p>Nuestro prop\u00f3sito es ser una familia de amor que coopere con Dios para hacer que los seguidores de Cristo sean devotos permanentemente.<\/p>\n<h2>\n\t\t\tVamos A Conectar\t<\/h2>\n\t\t\t<img decoding=\"async\" src=\"https:\/\/i.ytimg.com\/vi\/UBVM3PZxs5A\/hqdefault.jpg\" alt=\"Video\" \/>\t\t\t\t\t\t\t\n\t\t\t\t\tPlay Video\n<h1>\n\t\t\tNuestros Pastores\t<\/h1>\n\t\t\t<img decoding=\"async\" loading=\"false\" src=\"https:\/\/newlifecommunity.church\/wp-content\/uploads\/2024\/10\/ed-guerra-scaled.jpg\" alt=\"\" \/>\t\t\t\n\t\t\t\t<h2>Associate Pastor Eduardo and Agnes Guerra<\/h2><p>Ed y Agnes llevan m\u00e1s de cuatro d\u00e9cadas casados \u200b\u200by disfrutan sirviendo juntos, pasando tiempo con la familia y asesorando a otras parejas en sus matrimonios. Ed complet\u00f3\u00a0sus Estudios B\u00edblicos y Pastorales en el Instituto B\u00edblico Moody. \u00c9l y su esposa crecieron en el barrio East Side de Chicago, sirviendo fielmente juntos en el ministerio durante d\u00e9cadas antes de ayudar a fundar New Life Hobart en 2015 como parte del Equipo de Liderazgo. Apasionado por compartir el evangelio y hacer disc\u00edpulos, Ed tambi\u00e9n ayud\u00f3 a fundar New Life East Side y fue su pastor asociado, predicando y ofreciendo atenci\u00f3n pastoral biling\u00fce (espa\u00f1ol e ingl\u00e9s) a esa comunidad. Tiene el don de servicio, ya sea para limpiar nieve del estacionamiento o ense\u00f1ar mantenimiento de autom\u00f3viles, como para dirigir un grupo de vida, ayudar con el grupo de j\u00f3venes o predicar el domingo por la ma\u00f1ana.<\/p>\n<img decoding=\"async\" loading=\"false\" src=\"https:\/\/newlifecommunity.church\/wp-content\/uploads\/2024\/10\/ed-guerra-scaled.jpg\" alt=\"\" \/>\t\t\t\n\t\t\t<img decoding=\"async\" loading=\"false\" src=\"https:\/\/newlifecommunity.church\/wp-content\/uploads\/2021\/09\/Untitled-design.png\" alt=\"\" \/>\t\t\t\n\t\t\t\t<h2>Pastor Jason Pe\u00f1a<\/h2><p>El pastor Jason Pe\u00f1a creci\u00f3 en el \u00e1rea de Hobart donde actualmente reside. Tras graduarse de la preparatoria, estudi\u00f3 justicia penal en la Universidad de Indiana Northwest. Despu\u00e9s de aproximadamente dos a\u00f1os de estudio, Dios lo llam\u00f3 al ministerio pastoral. Sabiendo que necesitaba capacitaci\u00f3n, Jason se transfiri\u00f3 al Instituto B\u00edblico Moody, donde obtuvo su licenciatura en Estudios B\u00edblicos en 2015. Despu\u00e9s de un a\u00f1o en el Seminario Teol\u00f3gico North Park, regres\u00f3 al Seminario Teol\u00f3gico Moody, donde recientemente obtuvo su Maestr\u00eda en Divinidad en a\u00f1o 2020. El deseo del pastor Jason es que todos conozcan y reciban el amor de Cristo y que acepten el camino de una vida siguiendo y creciendo en Cristo.<\/p>\n<img decoding=\"async\" loading=\"false\" src=\"https:\/\/newlifecommunity.church\/wp-content\/uploads\/2021\/09\/Untitled-design.png\" alt=\"\" \/>","protected":false},"excerpt":{"rendered":"<p>Hobart Domingos a las 12:30PM | Espa\u00f1ol Sundays at 10:00AM | English 219-942-0502| Cont\u00e1ctanos Ver en l\u00ednea Dar Bienvenidos a Nueva Vida Nuestro prop\u00f3sito es ser una familia de amor que coopere con Dios para hacer que los seguidores de Cristo sean devotos permanentemente. Vamos A Conectar Play Video Nuestros Pastores Associate Pastor Eduardo and&hellip;<\/p>","protected":false},"author":2,"featured_media":622,"parent":0,"menu_order":0,"comment_status":"closed","ping_status":"closed","template":"","meta":{"_acf_changed":false,"_monsterinsights_skip_tracking":false,"_monsterinsights_sitenote_active":false,"_monsterinsights_sitenote_note":"","_monsterinsights_sitenote_category":0,"footnotes":""},"categories":[40,42],"tags":[],"class_list":["post-4260","page","type-page","status-publish","has-post-thumbnail","hentry","category-locations","category-spanish"],"acf":[],"yoast_head":"<!-- This site is optimized with the Yoast SEO plugin v27.4 - https:\/\/yoast.com\/product\/yoast-seo-wordpress\/ -->\n<title>Nueva Vida Hobart - New Life Community Church<\/title>\n<meta name=\"robots\" content=\"index, follow, max-snippet:-1, max-image-preview:large, max-video-preview:-1\" \/>\n<link rel=\"canonical\" href=\"https:\/\/newlifecommunity.church\/es\/nueva-vida-hobart\/\" \/>\n<meta property=\"og:locale\" content=\"es_MX\" \/>\n<meta property=\"og:type\" content=\"article\" \/>\n<meta property=\"og:title\" content=\"Nueva Vida Hobart - New Life Community Church\" \/>\n<meta property=\"og:description\" content=\"Hobart Domingos a las 12:30PM | Espa\u00f1ol Sundays at 10:00AM | English 219-942-0502| Cont\u00e1ctanos Ver en l\u00ednea Dar Bienvenidos a Nueva Vida Nuestro prop\u00f3sito es ser una familia de amor que coopere con Dios para hacer que los seguidores de Cristo sean devotos permanentemente. Vamos A Conectar Play Video Nuestros Pastores Associate Pastor Eduardo and&hellip;\" \/>\n<meta property=\"og:url\" content=\"https:\/\/newlifecommunity.church\/es\/nueva-vida-hobart\/\" \/>\n<meta property=\"og:site_name\" content=\"New Life Community Church\" \/>\n<meta property=\"article:publisher\" content=\"https:\/\/facebook.com\/newlifechicago\" \/>\n<meta property=\"article:modified_time\" content=\"2025-09-25T17:51:11+00:00\" \/>\n<meta property=\"og:image\" content=\"https:\/\/newlifecommunity.church\/wp-content\/uploads\/2018\/08\/hobart-e1646137337407.jpg\" \/>\n\t<meta property=\"og:image:width\" content=\"1920\" \/>\n\t<meta property=\"og:image:height\" content=\"1080\" \/>\n\t<meta property=\"og:image:type\" content=\"image\/jpeg\" \/>\n<meta name=\"twitter:card\" content=\"summary_large_image\" \/>\n<meta name=\"twitter:site\" content=\"@newlifechicago\" \/>\n<meta name=\"twitter:label1\" content=\"Tiempo de lectura\" \/>\n\t<meta name=\"twitter:data1\" content=\"4 minutos\" \/>\n<script type=\"application\/ld+json\" class=\"yoast-schema-graph\">{\"@context\":\"https:\\\/\\\/schema.org\",\"@graph\":[{\"@type\":\"WebPage\",\"@id\":\"https:\\\/\\\/newlifecommunity.church\\\/nueva-vida-hobart\\\/\",\"url\":\"https:\\\/\\\/newlifecommunity.church\\\/nueva-vida-hobart\\\/\",\"name\":\"Nueva Vida Hobart - New Life Community Church\",\"isPartOf\":{\"@id\":\"https:\\\/\\\/newlifecommunity.church\\\/#website\"},\"primaryImageOfPage\":{\"@id\":\"https:\\\/\\\/newlifecommunity.church\\\/nueva-vida-hobart\\\/#primaryimage\"},\"image\":{\"@id\":\"https:\\\/\\\/newlifecommunity.church\\\/nueva-vida-hobart\\\/#primaryimage\"},\"thumbnailUrl\":\"https:\\\/\\\/newlifecommunity.church\\\/wp-content\\\/uploads\\\/2018\\\/08\\\/hobart-e1646137337407.jpg\",\"datePublished\":\"2025-09-23T14:29:15+00:00\",\"dateModified\":\"2025-09-25T17:51:11+00:00\",\"breadcrumb\":{\"@id\":\"https:\\\/\\\/newlifecommunity.church\\\/nueva-vida-hobart\\\/#breadcrumb\"},\"inLanguage\":\"es-MX\",\"potentialAction\":[{\"@type\":\"ReadAction\",\"target\":[\"https:\\\/\\\/newlifecommunity.church\\\/nueva-vida-hobart\\\/\"]}]},{\"@type\":\"ImageObject\",\"inLanguage\":\"es-MX\",\"@id\":\"https:\\\/\\\/newlifecommunity.church\\\/nueva-vida-hobart\\\/#primaryimage\",\"url\":\"https:\\\/\\\/newlifecommunity.church\\\/wp-content\\\/uploads\\\/2018\\\/08\\\/hobart-e1646137337407.jpg\",\"contentUrl\":\"https:\\\/\\\/newlifecommunity.church\\\/wp-content\\\/uploads\\\/2018\\\/08\\\/hobart-e1646137337407.jpg\",\"width\":1920,\"height\":1080,\"caption\":\"Hobart\"},{\"@type\":\"BreadcrumbList\",\"@id\":\"https:\\\/\\\/newlifecommunity.church\\\/nueva-vida-hobart\\\/#breadcrumb\",\"itemListElement\":[{\"@type\":\"ListItem\",\"position\":1,\"name\":\"Home\",\"item\":\"https:\\\/\\\/newlifecommunity.church\\\/\"},{\"@type\":\"ListItem\",\"position\":2,\"name\":\"Nueva Vida Hobart\"}]},{\"@type\":\"WebSite\",\"@id\":\"https:\\\/\\\/newlifecommunity.church\\\/#website\",\"url\":\"https:\\\/\\\/newlifecommunity.church\\\/\",\"name\":\"New Life Community Church\",\"description\":\"One Church, Many Locations\",\"publisher\":{\"@id\":\"https:\\\/\\\/newlifecommunity.church\\\/#organization\"},\"potentialAction\":[{\"@type\":\"SearchAction\",\"target\":{\"@type\":\"EntryPoint\",\"urlTemplate\":\"https:\\\/\\\/newlifecommunity.church\\\/?s={search_term_string}\"},\"query-input\":{\"@type\":\"PropertyValueSpecification\",\"valueRequired\":true,\"valueName\":\"search_term_string\"}}],\"inLanguage\":\"es-MX\"},{\"@type\":\"Organization\",\"@id\":\"https:\\\/\\\/newlifecommunity.church\\\/#organization\",\"name\":\"New Life Community Church\",\"url\":\"https:\\\/\\\/newlifecommunity.church\\\/\",\"logo\":{\"@type\":\"ImageObject\",\"inLanguage\":\"es-MX\",\"@id\":\"https:\\\/\\\/newlifecommunity.church\\\/#\\\/schema\\\/logo\\\/image\\\/\",\"url\":\"https:\\\/\\\/newlifecommunity.church\\\/wp-content\\\/uploads\\\/2022\\\/02\\\/NewLife_RGB_Primary.png\",\"contentUrl\":\"https:\\\/\\\/newlifecommunity.church\\\/wp-content\\\/uploads\\\/2022\\\/02\\\/NewLife_RGB_Primary.png\",\"width\":6250,\"height\":2151,\"caption\":\"New Life Community Church\"},\"image\":{\"@id\":\"https:\\\/\\\/newlifecommunity.church\\\/#\\\/schema\\\/logo\\\/image\\\/\"},\"sameAs\":[\"https:\\\/\\\/facebook.com\\\/newlifechicago\",\"https:\\\/\\\/x.com\\\/newlifechicago\",\"https:\\\/\\\/www.linkedin.com\\\/company\\\/newlifechicago\",\"https:\\\/\\\/www.youtube.com\\\/newlifemidway\",\"https:\\\/\\\/www.instagram.com\\\/newlifechicago\\\/\"]}]}<\/script>\n<!-- \/ Yoast SEO plugin. -->","yoast_head_json":{"title":"Nueva Vida Hobart - New Life Community Church","robots":{"index":"index","follow":"follow","max-snippet":"max-snippet:-1","max-image-preview":"max-image-preview:large","max-video-preview":"max-video-preview:-1"},"canonical":"https:\/\/newlifecommunity.church\/es\/nueva-vida-hobart\/","og_locale":"es_MX","og_type":"article","og_title":"Nueva Vida Hobart - New Life Community Church","og_description":"Hobart Domingos a las 12:30PM | Espa\u00f1ol Sundays at 10:00AM | English 219-942-0502| Cont\u00e1ctanos Ver en l\u00ednea Dar Bienvenidos a Nueva Vida Nuestro prop\u00f3sito es ser una familia de amor que coopere con Dios para hacer que los seguidores de Cristo sean devotos permanentemente. Vamos A Conectar Play Video Nuestros Pastores Associate Pastor Eduardo and&hellip;","og_url":"https:\/\/newlifecommunity.church\/es\/nueva-vida-hobart\/","og_site_name":"New Life Community Church","article_publisher":"https:\/\/facebook.com\/newlifechicago","article_modified_time":"2025-09-25T17:51:11+00:00","og_image":[{"width":1920,"height":1080,"url":"https:\/\/newlifecommunity.church\/wp-content\/uploads\/2018\/08\/hobart-e1646137337407.jpg","type":"image\/jpeg"}],"twitter_card":"summary_large_image","twitter_site":"@newlifechicago","twitter_misc":{"Tiempo de lectura":"4 minutos"},"schema":{"@context":"https:\/\/schema.org","@graph":[{"@type":"WebPage","@id":"https:\/\/newlifecommunity.church\/nueva-vida-hobart\/","url":"https:\/\/newlifecommunity.church\/nueva-vida-hobart\/","name":"Nueva Vida Hobart - New Life Community Church","isPartOf":{"@id":"https:\/\/newlifecommunity.church\/#website"},"primaryImageOfPage":{"@id":"https:\/\/newlifecommunity.church\/nueva-vida-hobart\/#primaryimage"},"image":{"@id":"https:\/\/newlifecommunity.church\/nueva-vida-hobart\/#primaryimage"},"thumbnailUrl":"https:\/\/newlifecommunity.church\/wp-content\/uploads\/2018\/08\/hobart-e1646137337407.jpg","datePublished":"2025-09-23T14:29:15+00:00","dateModified":"2025-09-25T17:51:11+00:00","breadcrumb":{"@id":"https:\/\/newlifecommunity.church\/nueva-vida-hobart\/#breadcrumb"},"inLanguage":"es-MX","potentialAction":[{"@type":"ReadAction","target":["https:\/\/newlifecommunity.church\/nueva-vida-hobart\/"]}]},{"@type":"ImageObject","inLanguage":"es-MX","@id":"https:\/\/newlifecommunity.church\/nueva-vida-hobart\/#primaryimage","url":"https:\/\/newlifecommunity.church\/wp-content\/uploads\/2018\/08\/hobart-e1646137337407.jpg","contentUrl":"https:\/\/newlifecommunity.church\/wp-content\/uploads\/2018\/08\/hobart-e1646137337407.jpg","width":1920,"height":1080,"caption":"Hobart"},{"@type":"BreadcrumbList","@id":"https:\/\/newlifecommunity.church\/nueva-vida-hobart\/#breadcrumb","itemListElement":[{"@type":"ListItem","position":1,"name":"Home","item":"https:\/\/newlifecommunity.church\/"},{"@type":"ListItem","position":2,"name":"Nueva Vida Hobart"}]},{"@type":"WebSite","@id":"https:\/\/newlifecommunity.church\/#website","url":"https:\/\/newlifecommunity.church\/","name":"Iglesia Comunidad Nueva Vida","description":"Una iglesia, por toda la ciudad","publisher":{"@id":"https:\/\/newlifecommunity.church\/#organization"},"potentialAction":[{"@type":"SearchAction","target":{"@type":"EntryPoint","urlTemplate":"https:\/\/newlifecommunity.church\/?s={search_term_string}"},"query-input":{"@type":"PropertyValueSpecification","valueRequired":true,"valueName":"search_term_string"}}],"inLanguage":"es-MX"},{"@type":"Organization","@id":"https:\/\/newlifecommunity.church\/#organization","name":"Iglesia Comunidad Nueva Vida","url":"https:\/\/newlifecommunity.church\/","logo":{"@type":"ImageObject","inLanguage":"es-MX","@id":"https:\/\/newlifecommunity.church\/#\/schema\/logo\/image\/","url":"https:\/\/newlifecommunity.church\/wp-content\/uploads\/2022\/02\/NewLife_RGB_Primary.png","contentUrl":"https:\/\/newlifecommunity.church\/wp-content\/uploads\/2022\/02\/NewLife_RGB_Primary.png","width":6250,"height":2151,"caption":"New Life Community Church"},"image":{"@id":"https:\/\/newlifecommunity.church\/#\/schema\/logo\/image\/"},"sameAs":["https:\/\/facebook.com\/newlifechicago","https:\/\/x.com\/newlifechicago","https:\/\/www.linkedin.com\/company\/newlifechicago","https:\/\/www.youtube.com\/newlifemidway","https:\/\/www.instagram.com\/newlifechicago\/"]}]}},"_links":{"self":[{"href":"https:\/\/newlifecommunity.church\/es\/wp-json\/wp\/v2\/pages\/4260","targetHints":{"allow":["GET"]}}],"collection":[{"href":"https:\/\/newlifecommunity.church\/es\/wp-json\/wp\/v2\/pages"}],"about":[{"href":"https:\/\/newlifecommunity.church\/es\/wp-json\/wp\/v2\/types\/page"}],"author":[{"embeddable":true,"href":"https:\/\/newlifecommunity.church\/es\/wp-json\/wp\/v2\/users\/2"}],"replies":[{"embeddable":true,"href":"https:\/\/newlifecommunity.church\/es\/wp-json\/wp\/v2\/comments?post=4260"}],"version-history":[{"count":0,"href":"https:\/\/newlifecommunity.church\/es\/wp-json\/wp\/v2\/pages\/4260\/revisions"}],"wp:featuredmedia":[{"embeddable":true,"href":"https:\/\/newlifecommunity.church\/es\/wp-json\/wp\/v2\/media\/622"}],"wp:attachment":[{"href":"https:\/\/newlifecommunity.church\/es\/wp-json\/wp\/v2\/media?parent=4260"}],"wp:term":[{"taxonomy":"category","embeddable":true,"href":"https:\/\/newlifecommunity.church\/es\/wp-json\/wp\/v2\/categories?post=4260"},{"taxonomy":"post_tag","embeddable":true,"href":"https:\/\/newlifecommunity.church\/es\/wp-json\/wp\/v2\/tags?post=4260"}],"curies":[{"name":"wp","href":"https:\/\/api.w.org\/{rel}","templated":true}]}}