{"id":4267,"date":"2025-10-08T13:38:05","date_gmt":"2025-10-08T13:38:05","guid":{"rendered":"https:\/\/newlifecommunity.church\/?page_id=4267"},"modified":"2025-10-23T20:00:24","modified_gmt":"2025-10-23T20:00:24","slug":"nueva-vida-hammond","status":"publish","type":"page","link":"https:\/\/newlifecommunity.church\/es\/nueva-vida-hammond\/","title":{"rendered":"Nueva Vida Hammond"},"content":{"rendered":"<h1>\n\t\t\tHammond\t<\/h1>\n<h3>\n\t\t\tDomingos a las 9:00AM\t<\/h3>\n<h3>\n\t\t\tSundays at 11:00AM\t<\/h3>\n\t<p><a href=\"tel:219-215-3051\">219-215-3051<\/a>| <a href=\"mailto:hammond@newlifechicago.org\">Cont\u00e1ctanos<\/a><\/p>\n\t\t\t<a href=\"https:\/\/www.youtube.com\/channel\/UCN8vcBGVI6DFv1oog9hFmvw\" target=\"_blank\" rel=\"noopener\">\n\t\t\t\t\t\t\tVer en l\u00ednea\n\t\t\t\t\t<\/a>\n\t\t\t<a href=\"https:\/\/pushpay.com\/g\/nvhammond\" target=\"_blank\" rel=\"noopener\">\n\t\t\t\t\t\t\tDar\n\t\t\t\t\t<\/a>\n\t\t<h3>Bienvenidos a Nueva Vida<\/h3><p>Nuestro prop\u00f3sito es ser una familia de amor que coopere con Dios para hacer que los seguidores de Cristo sean devotos permanentemente.<\/p>\n<h2>\n\t\t\tVamos A Conectar\t<\/h2>\n\t\t\t<img decoding=\"async\" src=\"https:\/\/i.ytimg.com\/vi\/AxspDbyHA4s\/hqdefault.jpg\" alt=\"Video\" \/>\t\t\t\t\t\t\t\n\t\t\t\t\tPlay Video\n<h3>\n\t\t\tPreguntas Frecuentes\t<\/h3>\n\t\t\t\t\t<a href=\"#\"  id=\"fl-accordion--label-0\" tabindex=\"0\" aria-controls=\"fl-accordion--panel-0\">\u00bfEs tu primera vez aqu\u00ed?<\/a>\n\t\t\t\t\t\t\t\t\t\t\t<a href=\"#\" id=\"fl-accordion--icon-0\"  tabindex=\"0\"><i title=\"Expandir\">Expandir<\/i><\/a>\n\t\t\t\t\t<p>Sabemos que visitar un lugar por primera vez puede ser intimidante. Pero en Nueva Vida, \u00a1nuestro deseo es que te sientas como en casa desde el momento en que entras al estacionamiento! Como nuestro invitado, eres muy importante para nosotros, por lo que estaremos contigo en cada paso del camino!<\/p>\n\t\t\t\t\t<a href=\"#\"  id=\"fl-accordion--label-1\" tabindex=\"0\" aria-controls=\"fl-accordion--panel-1\">\u00bfY mis hijos?<\/a>\n\t\t\t\t\t\t\t\t\t\t\t<a href=\"#\" id=\"fl-accordion--icon-1\"  tabindex=\"0\"><i title=\"Expandir\">Expandir<\/i><\/a>\n\t\t\t\t\t<p>Our Kids Zone is available for children kindergarten through fifth grade at every service. The care and spiritual growth of every child is our highest priority and our passion is to create fun, Bible-driven, interactive lessons especially designed for your kids! Kids Zone is available every Sunday except for the 5th Sunday.<\/p>\n\t\t\t\t\t<a href=\"#\"  id=\"fl-accordion--label-2\" tabindex=\"0\" aria-controls=\"fl-accordion--panel-2\">\u00bfQu\u00e9 ropa debo usar?<\/a>\n\t\t\t\t\t\t\t\t\t\t\t<a href=\"#\" id=\"fl-accordion--icon-2\"  tabindex=\"0\"><i title=\"Expandir\">Expandir<\/i><\/a>\n\t\t\t\t\t<p>\u00a1En la Iglesia Comunidad Nueva Vida, no hay c\u00f3digo de vestimenta! Algunas personas se visten con trajes o vestidos, y otras usan camisetas y pantalones vaqueros. \u00a1Queremos que uses lo que te haga sentir c\u00f3modo!<\/p>\n<h2>\n\t\t\tConoce a nuestro equipo\t<\/h2>\n\t\t\t<a href=\"mailto:josep@newlifechicago.org\" target=\"_self\"><img decoding=\"async\" loading=\"false\" src=\"https:\/\/newlifecommunity.church\/wp-content\/uploads\/2025\/05\/perez.jpeg\" alt=\"\" \/><\/a>\t\t\t\n\t\t\t\t<h3>Pastor Jose &#038; Marisela Perez<\/h3><p>Jose y Marisela Perez han servido en Iglesia Comunidad Nueva Vida por m\u00e1s de 26 a\u00f1os. Originarios de M\u00e9xico-Marisela de Puebla y Jose de la Ciudad de M\u00e9xico-se casaron hace m\u00e1s de 28 a\u00f1os y son orgullosos padres de tres hijos que ahora son adultos j\u00f3venes.<\/p>\n<p>Marisela trabaja como gerente de cocina en una guarder\u00eda infantil, mientras que Jose se desempe\u00f1a como asistente de educaci\u00f3n especial. En su tiempo libre, disfrutan ir al cine, bailar y pasar tiempo juntos.<\/p>\n<p>A lo largo de los a\u00f1os, Jose y Marisela han estado activamente involucrados en una amplia variedad de ministerios en Nueva Vida. Han liderado grupos peque\u00f1os, el ministerio de ni\u00f1os (Kids Zone), el ministerio de j\u00f3venes, grupos de vida para matrimonios y evangelismo en diversas comunidades. Tambi\u00e9n han ayudado en la plantaci\u00f3n de iglesias en el \u00e1rea metropolitana de Chicago.<\/p>\n<p>Apasionados por el discipulado, Jose y Marisela est\u00e1n comprometidos con capacitar y equipar a otros en la Palabra de Dios. Han trabajado de cerca con muchas familias, ense\u00f1\u00e1ndoles la importancia de tener a Cristo como fundamento firme en sus hogares y demostrando el amor de Dios en su diario vivir.<\/p>\n<p>Hoy en d\u00eda, Jose y Marisela contin\u00faan invirtiendo sus vidas con dedicaci\u00f3n en la expansi\u00f3n del Reino de Dios y en el servicio a Su pueblo con excelencia y compasi\u00f3n. Se desempe\u00f1an como Pastores Asociados de la Congregaci\u00f3n de Espa\u00f1ol en Nueva Vida Hammond, y permanecen firmes en su compromiso de administrar fielmente todo lo que Dios les ha confiado. Dan toda la gloria al Se\u00f1or por el camino que \u00c9l ha trazado para ellos a lo largo de su trayecto en el ministerio.<\/p>\n\t\t\t<a href=\"mailto:josep@newlifechicago.org\" target=\"_self\">\n\t\t\t\t\t\t\tCont\u00e1ctanos\n\t\t\t\t\t<\/a>\n<a href=\"mailto:josep@newlifechicago.org\"  target=\"_self\"><img decoding=\"async\" loading=\"false\" src=\"https:\/\/newlifecommunity.church\/wp-content\/uploads\/2025\/05\/perez.jpeg\" alt=\"\" \/><\/a>\t\t\t\n\t\t\t<a href=\"mailto:Garretteh@newlifechicago.org\" target=\"_self\"><img decoding=\"async\" loading=\"false\" src=\"https:\/\/newlifecommunity.church\/wp-content\/uploads\/2018\/08\/horne.jpg\" alt=\"\" \/><\/a>\t\t\t\n\t\t\t\t<h3>Pastor Garrette and Tanisha Horne<\/h3><p>Garrette and his wife Tanisha live in Hammond Indiana and are committed to bringing the gospel to urban communities. In addition to his pastoral responsibilities, Garrette has worked in community organizing, education and social services. Tanisha is a Licensed Clinical Professional Counselor with a strong focus on women&#8217;s issues and marriage counseling. They&#8217;ve been married since 2005 and have the privilege of parenting six children together. Having served on the New Life team since 2018, they are excited to see God continue bringing hope and redemption to Northwest Indiana.<\/p>\n\t\t\t<a href=\"mailto:Garretteh@newlifechicago.org\" target=\"_self\">\n\t\t\t\t\t\t\tCont\u00e1ctanos\n\t\t\t\t\t<\/a>\n<a href=\"mailto:Garretteh@newlifechicago.org\"  target=\"_self\"><img decoding=\"async\" loading=\"false\" src=\"https:\/\/newlifecommunity.church\/wp-content\/uploads\/2018\/08\/horne.jpg\" alt=\"\" \/><\/a>\t\t\t\n\t\t\t\t<a href=\"#\" aria-label=\"previous\" role=\"button\">\n<\/a>\n\t\t\t\t<a href=\"#\" aria-label=\"next\" role=\"button\">\n<\/a>","protected":false},"excerpt":{"rendered":"<p>Hammond Domingos a las 9:00AM Sundays at 11:00AM 219-215-3051| Cont\u00e1ctanos Ver en l\u00ednea Dar Bienvenidos a Nueva Vida Nuestro prop\u00f3sito es ser una familia de amor que coopere con Dios para hacer que los seguidores de Cristo sean devotos permanentemente. Vamos A Conectar Play Video Preguntas Frecuentes \u00bfEs tu primera vez aqu\u00ed? Expand Sabemos que&hellip;<\/p>","protected":false},"author":2,"featured_media":627,"parent":0,"menu_order":0,"comment_status":"closed","ping_status":"closed","template":"","meta":{"_acf_changed":false,"_monsterinsights_skip_tracking":false,"_monsterinsights_sitenote_active":false,"_monsterinsights_sitenote_note":"","_monsterinsights_sitenote_category":0,"footnotes":""},"categories":[],"tags":[],"class_list":["post-4267","page","type-page","status-publish","has-post-thumbnail","hentry"],"acf":[],"yoast_head":"<!-- This site is optimized with the Yoast SEO plugin v27.4 - https:\/\/yoast.com\/product\/yoast-seo-wordpress\/ -->\n<title>Nueva Vida Hammond - New Life Community Church<\/title>\n<meta name=\"robots\" content=\"index, follow, max-snippet:-1, max-image-preview:large, max-video-preview:-1\" \/>\n<link rel=\"canonical\" href=\"https:\/\/newlifecommunity.church\/es\/nueva-vida-hammond\/\" \/>\n<meta property=\"og:locale\" content=\"es_MX\" \/>\n<meta property=\"og:type\" content=\"article\" \/>\n<meta property=\"og:title\" content=\"Nueva Vida Hammond - New Life Community Church\" \/>\n<meta property=\"og:description\" content=\"Hammond Domingos a las 9:00AM Sundays at 11:00AM 219-215-3051| Cont\u00e1ctanos Ver en l\u00ednea Dar Bienvenidos a Nueva Vida Nuestro prop\u00f3sito es ser una familia de amor que coopere con Dios para hacer que los seguidores de Cristo sean devotos permanentemente. Vamos A Conectar Play Video Preguntas Frecuentes \u00bfEs tu primera vez aqu\u00ed? Expand Sabemos que&hellip;\" \/>\n<meta property=\"og:url\" content=\"https:\/\/newlifecommunity.church\/es\/nueva-vida-hammond\/\" \/>\n<meta property=\"og:site_name\" content=\"New Life Community Church\" \/>\n<meta property=\"article:publisher\" content=\"https:\/\/facebook.com\/newlifechicago\" \/>\n<meta property=\"article:modified_time\" content=\"2025-10-23T20:00:24+00:00\" \/>\n<meta property=\"og:image\" content=\"https:\/\/newlifecommunity.church\/wp-content\/uploads\/2018\/08\/hammond-building-1024x576.png\" \/>\n\t<meta property=\"og:image:width\" content=\"1024\" \/>\n\t<meta property=\"og:image:height\" content=\"576\" \/>\n\t<meta property=\"og:image:type\" content=\"image\/png\" \/>\n<meta name=\"twitter:card\" content=\"summary_large_image\" \/>\n<meta name=\"twitter:site\" content=\"@newlifechicago\" \/>\n<meta name=\"twitter:label1\" content=\"Tiempo de lectura\" \/>\n\t<meta name=\"twitter:data1\" content=\"4 minutos\" \/>\n<script type=\"application\/ld+json\" class=\"yoast-schema-graph\">{\"@context\":\"https:\\\/\\\/schema.org\",\"@graph\":[{\"@type\":\"WebPage\",\"@id\":\"https:\\\/\\\/newlifecommunity.church\\\/nueva-vida-hammond\\\/\",\"url\":\"https:\\\/\\\/newlifecommunity.church\\\/nueva-vida-hammond\\\/\",\"name\":\"Nueva Vida Hammond - New Life Community Church\",\"isPartOf\":{\"@id\":\"https:\\\/\\\/newlifecommunity.church\\\/#website\"},\"primaryImageOfPage\":{\"@id\":\"https:\\\/\\\/newlifecommunity.church\\\/nueva-vida-hammond\\\/#primaryimage\"},\"image\":{\"@id\":\"https:\\\/\\\/newlifecommunity.church\\\/nueva-vida-hammond\\\/#primaryimage\"},\"thumbnailUrl\":\"https:\\\/\\\/newlifecommunity.church\\\/wp-content\\\/uploads\\\/2018\\\/08\\\/hammond-building.png\",\"datePublished\":\"2025-10-08T13:38:05+00:00\",\"dateModified\":\"2025-10-23T20:00:24+00:00\",\"breadcrumb\":{\"@id\":\"https:\\\/\\\/newlifecommunity.church\\\/nueva-vida-hammond\\\/#breadcrumb\"},\"inLanguage\":\"es-MX\",\"potentialAction\":[{\"@type\":\"ReadAction\",\"target\":[\"https:\\\/\\\/newlifecommunity.church\\\/nueva-vida-hammond\\\/\"]}]},{\"@type\":\"ImageObject\",\"inLanguage\":\"es-MX\",\"@id\":\"https:\\\/\\\/newlifecommunity.church\\\/nueva-vida-hammond\\\/#primaryimage\",\"url\":\"https:\\\/\\\/newlifecommunity.church\\\/wp-content\\\/uploads\\\/2018\\\/08\\\/hammond-building.png\",\"contentUrl\":\"https:\\\/\\\/newlifecommunity.church\\\/wp-content\\\/uploads\\\/2018\\\/08\\\/hammond-building.png\",\"width\":1920,\"height\":1080,\"caption\":\"Hammond\"},{\"@type\":\"BreadcrumbList\",\"@id\":\"https:\\\/\\\/newlifecommunity.church\\\/nueva-vida-hammond\\\/#breadcrumb\",\"itemListElement\":[{\"@type\":\"ListItem\",\"position\":1,\"name\":\"Home\",\"item\":\"https:\\\/\\\/newlifecommunity.church\\\/\"},{\"@type\":\"ListItem\",\"position\":2,\"name\":\"Nueva Vida Hammond\"}]},{\"@type\":\"WebSite\",\"@id\":\"https:\\\/\\\/newlifecommunity.church\\\/#website\",\"url\":\"https:\\\/\\\/newlifecommunity.church\\\/\",\"name\":\"New Life Community Church\",\"description\":\"One Church, Many Locations\",\"publisher\":{\"@id\":\"https:\\\/\\\/newlifecommunity.church\\\/#organization\"},\"potentialAction\":[{\"@type\":\"SearchAction\",\"target\":{\"@type\":\"EntryPoint\",\"urlTemplate\":\"https:\\\/\\\/newlifecommunity.church\\\/?s={search_term_string}\"},\"query-input\":{\"@type\":\"PropertyValueSpecification\",\"valueRequired\":true,\"valueName\":\"search_term_string\"}}],\"inLanguage\":\"es-MX\"},{\"@type\":\"Organization\",\"@id\":\"https:\\\/\\\/newlifecommunity.church\\\/#organization\",\"name\":\"New Life Community Church\",\"url\":\"https:\\\/\\\/newlifecommunity.church\\\/\",\"logo\":{\"@type\":\"ImageObject\",\"inLanguage\":\"es-MX\",\"@id\":\"https:\\\/\\\/newlifecommunity.church\\\/#\\\/schema\\\/logo\\\/image\\\/\",\"url\":\"https:\\\/\\\/newlifecommunity.church\\\/wp-content\\\/uploads\\\/2022\\\/02\\\/NewLife_RGB_Primary.png\",\"contentUrl\":\"https:\\\/\\\/newlifecommunity.church\\\/wp-content\\\/uploads\\\/2022\\\/02\\\/NewLife_RGB_Primary.png\",\"width\":6250,\"height\":2151,\"caption\":\"New Life Community Church\"},\"image\":{\"@id\":\"https:\\\/\\\/newlifecommunity.church\\\/#\\\/schema\\\/logo\\\/image\\\/\"},\"sameAs\":[\"https:\\\/\\\/facebook.com\\\/newlifechicago\",\"https:\\\/\\\/x.com\\\/newlifechicago\",\"https:\\\/\\\/www.linkedin.com\\\/company\\\/newlifechicago\",\"https:\\\/\\\/www.youtube.com\\\/newlifemidway\",\"https:\\\/\\\/www.instagram.com\\\/newlifechicago\\\/\"]}]}<\/script>\n<!-- \/ Yoast SEO plugin. -->","yoast_head_json":{"title":"Nueva Vida Hammond - New Life Community Church","robots":{"index":"index","follow":"follow","max-snippet":"max-snippet:-1","max-image-preview":"max-image-preview:large","max-video-preview":"max-video-preview:-1"},"canonical":"https:\/\/newlifecommunity.church\/es\/nueva-vida-hammond\/","og_locale":"es_MX","og_type":"article","og_title":"Nueva Vida Hammond - New Life Community Church","og_description":"Hammond Domingos a las 9:00AM Sundays at 11:00AM 219-215-3051| Cont\u00e1ctanos Ver en l\u00ednea Dar Bienvenidos a Nueva Vida Nuestro prop\u00f3sito es ser una familia de amor que coopere con Dios para hacer que los seguidores de Cristo sean devotos permanentemente. Vamos A Conectar Play Video Preguntas Frecuentes \u00bfEs tu primera vez aqu\u00ed? Expand Sabemos que&hellip;","og_url":"https:\/\/newlifecommunity.church\/es\/nueva-vida-hammond\/","og_site_name":"New Life Community Church","article_publisher":"https:\/\/facebook.com\/newlifechicago","article_modified_time":"2025-10-23T20:00:24+00:00","og_image":[{"width":1024,"height":576,"url":"https:\/\/newlifecommunity.church\/wp-content\/uploads\/2018\/08\/hammond-building-1024x576.png","type":"image\/png"}],"twitter_card":"summary_large_image","twitter_site":"@newlifechicago","twitter_misc":{"Tiempo de lectura":"4 minutos"},"schema":{"@context":"https:\/\/schema.org","@graph":[{"@type":"WebPage","@id":"https:\/\/newlifecommunity.church\/nueva-vida-hammond\/","url":"https:\/\/newlifecommunity.church\/nueva-vida-hammond\/","name":"Nueva Vida Hammond - New Life Community Church","isPartOf":{"@id":"https:\/\/newlifecommunity.church\/#website"},"primaryImageOfPage":{"@id":"https:\/\/newlifecommunity.church\/nueva-vida-hammond\/#primaryimage"},"image":{"@id":"https:\/\/newlifecommunity.church\/nueva-vida-hammond\/#primaryimage"},"thumbnailUrl":"https:\/\/newlifecommunity.church\/wp-content\/uploads\/2018\/08\/hammond-building.png","datePublished":"2025-10-08T13:38:05+00:00","dateModified":"2025-10-23T20:00:24+00:00","breadcrumb":{"@id":"https:\/\/newlifecommunity.church\/nueva-vida-hammond\/#breadcrumb"},"inLanguage":"es-MX","potentialAction":[{"@type":"ReadAction","target":["https:\/\/newlifecommunity.church\/nueva-vida-hammond\/"]}]},{"@type":"ImageObject","inLanguage":"es-MX","@id":"https:\/\/newlifecommunity.church\/nueva-vida-hammond\/#primaryimage","url":"https:\/\/newlifecommunity.church\/wp-content\/uploads\/2018\/08\/hammond-building.png","contentUrl":"https:\/\/newlifecommunity.church\/wp-content\/uploads\/2018\/08\/hammond-building.png","width":1920,"height":1080,"caption":"Hammond"},{"@type":"BreadcrumbList","@id":"https:\/\/newlifecommunity.church\/nueva-vida-hammond\/#breadcrumb","itemListElement":[{"@type":"ListItem","position":1,"name":"Home","item":"https:\/\/newlifecommunity.church\/"},{"@type":"ListItem","position":2,"name":"Nueva Vida Hammond"}]},{"@type":"WebSite","@id":"https:\/\/newlifecommunity.church\/#website","url":"https:\/\/newlifecommunity.church\/","name":"Iglesia Comunidad Nueva Vida","description":"Una iglesia, por toda la ciudad","publisher":{"@id":"https:\/\/newlifecommunity.church\/#organization"},"potentialAction":[{"@type":"SearchAction","target":{"@type":"EntryPoint","urlTemplate":"https:\/\/newlifecommunity.church\/?s={search_term_string}"},"query-input":{"@type":"PropertyValueSpecification","valueRequired":true,"valueName":"search_term_string"}}],"inLanguage":"es-MX"},{"@type":"Organization","@id":"https:\/\/newlifecommunity.church\/#organization","name":"Iglesia Comunidad Nueva Vida","url":"https:\/\/newlifecommunity.church\/","logo":{"@type":"ImageObject","inLanguage":"es-MX","@id":"https:\/\/newlifecommunity.church\/#\/schema\/logo\/image\/","url":"https:\/\/newlifecommunity.church\/wp-content\/uploads\/2022\/02\/NewLife_RGB_Primary.png","contentUrl":"https:\/\/newlifecommunity.church\/wp-content\/uploads\/2022\/02\/NewLife_RGB_Primary.png","width":6250,"height":2151,"caption":"New Life Community Church"},"image":{"@id":"https:\/\/newlifecommunity.church\/#\/schema\/logo\/image\/"},"sameAs":["https:\/\/facebook.com\/newlifechicago","https:\/\/x.com\/newlifechicago","https:\/\/www.linkedin.com\/company\/newlifechicago","https:\/\/www.youtube.com\/newlifemidway","https:\/\/www.instagram.com\/newlifechicago\/"]}]}},"_links":{"self":[{"href":"https:\/\/newlifecommunity.church\/es\/wp-json\/wp\/v2\/pages\/4267","targetHints":{"allow":["GET"]}}],"collection":[{"href":"https:\/\/newlifecommunity.church\/es\/wp-json\/wp\/v2\/pages"}],"about":[{"href":"https:\/\/newlifecommunity.church\/es\/wp-json\/wp\/v2\/types\/page"}],"author":[{"embeddable":true,"href":"https:\/\/newlifecommunity.church\/es\/wp-json\/wp\/v2\/users\/2"}],"replies":[{"embeddable":true,"href":"https:\/\/newlifecommunity.church\/es\/wp-json\/wp\/v2\/comments?post=4267"}],"version-history":[{"count":0,"href":"https:\/\/newlifecommunity.church\/es\/wp-json\/wp\/v2\/pages\/4267\/revisions"}],"wp:featuredmedia":[{"embeddable":true,"href":"https:\/\/newlifecommunity.church\/es\/wp-json\/wp\/v2\/media\/627"}],"wp:attachment":[{"href":"https:\/\/newlifecommunity.church\/es\/wp-json\/wp\/v2\/media?parent=4267"}],"wp:term":[{"taxonomy":"category","embeddable":true,"href":"https:\/\/newlifecommunity.church\/es\/wp-json\/wp\/v2\/categories?post=4267"},{"taxonomy":"post_tag","embeddable":true,"href":"https:\/\/newlifecommunity.church\/es\/wp-json\/wp\/v2\/tags?post=4267"}],"curies":[{"name":"wp","href":"https:\/\/api.w.org\/{rel}","templated":true}]}}