{"id":427,"date":"2018-07-18T17:02:26","date_gmt":"2018-07-18T17:02:26","guid":{"rendered":"http:\/\/newlifechicago.wpengine.com\/?page_id=427"},"modified":"2026-03-16T15:13:35","modified_gmt":"2026-03-16T15:13:35","slug":"cicero","status":"publish","type":"page","link":"https:\/\/newlifecommunity.church\/es\/cicero\/","title":{"rendered":"Cicero"},"content":{"rendered":"<h1>\n\t\t\tCicero\t<\/h1>\n<h3>\n\t\t\tSundays at 9:00AM &#038; 10:30AM (English)\t<\/h3>\n<h3>\n\t\t\tDomingos a las 12:30 PM (Espa\u00f1ol)\t<\/h3>\n\t<p><a href=\"tel:708-780-5433\">708-780-5433<\/a> | <a href=\"mailto:cicero@newlifechicago.org\">Cont\u00e1ctanos<\/a><\/p>\n\t\t\t<a href=\"https:\/\/www.youtube.com\/@NLCicero\"  target=\"_blank\" rel=\"noopener\">\n\t\t\t\t\t\t\tVER EN L\u00cdNEA\n\t\t\t\t\t<\/a>\n\t\t\t<a href=\"https:\/\/pushpay.com\/g\/nvcicero?lang=es\"  target=\"_blank\" rel=\"noopener\">\n\t\t\t\t\t\t\tDar\n\t\t\t\t\t<\/a>\n\t\t<h3>Bienvenidos a Nueva Vida<\/h3><p>Nuestro prop\u00f3sito es ser una familia de amor que coopere con Dios para hacer que los seguidores de Cristo sean devotos permanentemente. <a href=\"#watch\">Watch our welcome video<\/a> to learn about our church and connect with us today.<\/p>\n<h2>\n\t\t\tLet&#8217;s Connect\t<\/h2>\n\t\t\t<img decoding=\"async\" src=\"https:\/\/newlifecommunity.church\/wp-content\/uploads\/2018\/06\/newlifecicero-1-e1646136850904.jpg\" title=\"newlifecicero\" alt=\"\" \/>\t\t\t\t\t\t\t\n\t\t\t\t\tPlay Video\n\t<h3>\u00bfEs tu primera vez aqu\u00ed?<\/h3>\n<p>We know that showing up to a new place for the first time can be intimidating. At New Life Community Church it&#8217;s our desire that you feel right at home from the moment you pull into the parking lot! As a first-time guest, you are VIP to us so we&#8217;ll be there with you every step of the way!<\/p>\n<figure itemscope itemtype=\"https:\/\/schema.org\/ImageObject\">\n\t\t\t\t<img decoding=\"async\" src=\"https:\/\/newlifecommunity.church\/wp-content\/uploads\/2023\/03\/new-life-kids.jpg\" alt=\"new-life-kids\" height=\"1080\" width=\"1080\" title=\"new-life-kids\" onerror=\"this.style.display='none'\" loading=\"lazy\" \/>\n\t<\/figure>\n\t<h3>\u00bfY mis hijos?<\/h3>\n<p>Nuestra escuela dominical est\u00e1 disponible para ni\u00f1os (desde nacimiento hasta el sexto grado) en cada servicio. El crecimiento espiritual de cada ni\u00f1o es nuestra m\u00e1xima prioridad y nuestra pasi\u00f3n es crear lecciones divertidas, guiadas por la Biblia e interactivas, especialmente dise\u00f1adas para ellos.<\/p>\n\t<h3>\u00bfQu\u00e9 ropa debo usar?<\/h3>\n<p>At New Life Community Church, there&#8217;s no dress code and no judgement. Some show up in suits or dresses, and others wear t-shirts and jeans. We want you to wear whatever makes you feel comfortable!<\/p>\n<h2>\n\t\t\tConoce a nuestro equipo\t<\/h2>\n\t\t<ul>\n\t\t\t\t<li>\n\t\t\t<a href=\"mailto:Juans@newlifechicago.org\" target=\"_self\"><img decoding=\"async\" loading=\"false\" src=\"https:\/\/newlifecommunity.church\/wp-content\/uploads\/2018\/08\/sanchez-1.jpg\" alt=\"\" \/><\/a>\t\t\t\n\t\t\t\t<h3>Pastor Juan and Rosa Sanchez<\/h3><p>Juan and Rosabel have been involved in ministry for the last 18 years. They were marriage ministry leaders and Elders at Newlife Midway before being sent out in the Spring of 2014 to plant Newlife Garfield-Ridge which met at Kennedy High School. They have led the Newlife Cicero location since September 2016 where they serve alongside a committed team in helping bring people closer to God.<\/p>\n<p>Both Juan and Rosabel are life-long residents of the City of Chicago and both work professionally as educators for the Chicago Public Schools. They have a shared passion to equip &amp; empower both individuals and families to be change makers. In their lives and communities. Together, they have four- young adult &amp; teenage children, and a Goldendoodle named Burley.<\/p>\n\t\t\t<a href=\"mailto:Juans@newlifechicago.org\"  target=\"_self\">\n\t\t\t\t\t\t\tCont\u00e1ctanos\n\t\t\t\t\t<\/a>\n<a href=\"mailto:Juans@newlifechicago.org\"  target=\"_self\"><img decoding=\"async\" loading=\"false\" src=\"https:\/\/newlifecommunity.church\/wp-content\/uploads\/2018\/08\/sanchez-1.jpg\" alt=\"\" \/><\/a>\t\t\t\n\t\t<\/li>\n\t\t\t<li>\n\t\t\t<a href=\"mailto:samuels@newlifechicago.org\" target=\"_blank\"><img decoding=\"async\" loading=\"false\" src=\"https:\/\/newlifecommunity.church\/wp-content\/uploads\/2018\/08\/sotelo.jpg\" alt=\"\" \/><\/a>\t\t\t\n\t\t\t\t<h3>Pastor Samuel y Violeta Sotelo<\/h3>\n<p>Samuel y Violeta Sotelo, originarios de M\u00e9xico, no se imaginaban que Dios los bendecir\u00eda con el privilegio de servir y dirigir una congregaci\u00f3n a trav\u00e9s de la salvaci\u00f3n en Cristo, mentor\u00eda, discipulado para bautizos, y crecimiento espiritual. Un grupo de estudio b\u00edblico que comenz\u00f3 hace muchos a\u00f1os, se convirti\u00f3 en la congregaci\u00f3n que llevan hoy. Aun en medio de circunstancias dif\u00edciles, el ministerio de 14 a\u00f1os en Nueva Vida Cicero sigue creciendo gracias a la fidelidad de Dios. Junto con el amor y apoyo de la congregaci\u00f3n, la Familia Sotelo desea seguir haciendo un impacto para Cristo.<\/p>\n\t\t\t<a href=\"mailto:samuels@newlifechicago.org\"  target=\"_blank\" rel=\"noopener\">\n\t\t\t\t\t\t\tCont\u00e1ctanos\n\t\t\t\t\t<\/a>\n<a href=\"mailto:samuels@newlifechicago.org\"  target=\"_blank\"><img decoding=\"async\" loading=\"false\" src=\"https:\/\/newlifecommunity.church\/wp-content\/uploads\/2018\/08\/sotelo.jpg\" alt=\"\" \/><\/a>\t\t\t\n\t\t<\/li>\n\t\t\t<li>\n\t\t\t<a href=\"mailto:rogerc@newlifechicago.org\" target=\"_blank\"><img decoding=\"async\" loading=\"false\" src=\"https:\/\/newlifecommunity.church\/wp-content\/uploads\/2018\/08\/cortez.jpg\" alt=\"\" \/><\/a>\t\t\t\n\t\t\t\t<h3>Pastor Roger and Martha Cortez<\/h3><p>Roger Cortez came to know Jesus at the age of 15. He started serving at New Life since 1998. For almost 20 years, he and his wife Martha have served in many different areas of ministry including worship, small groups, discipleship and KidZone. Roger and Martha have been married for almost 40 years, have two grown children and five grandchildren. Their passion is to mentor and disciple people and guide them through their spiritual walk. They have assisted in planting several New Life locations in Little Village, Montgomery and Berwyn.<\/p>\n\t\t\t<a href=\"mailto:rogerc@newlifechicago.org\"  target=\"_blank\" rel=\"noopener\">\n\t\t\t\t\t\t\tCont\u00e1ctanos\n\t\t\t\t\t<\/a>\n<a href=\"mailto:rogerc@newlifechicago.org\"  target=\"_blank\"><img decoding=\"async\" loading=\"false\" src=\"https:\/\/newlifecommunity.church\/wp-content\/uploads\/2018\/08\/cortez.jpg\" alt=\"\" \/><\/a>\t\t\t\n\t\t<\/li>\n\t\t\t<li>\n\t\t\t<a href=\"mailto:claudiam@newlifechicago.org\" target=\"_blank\"><img decoding=\"async\" loading=\"false\" src=\"https:\/\/newlifecommunity.church\/wp-content\/uploads\/2024\/04\/ClaudiaM-e1714052249969.jpeg\" alt=\"\" \/><\/a>\t\t\t\n\t\t\t\t<h3>Claudia Morales<\/h3><p>Claudia Morales is the Office Manager at New Life Cicero where she oversees the daily operations throughout the office and the church building, she also has a heart for serving and helping wherever needed.\u00a0She has assisted in the women&#8217;s ministry, led the ushers, greeters, welcome table, first impression, and the counting team. She has been married to her husband, Rick of 34 years, together they have five adult children and 11 amazing, wonderful grandchildren that are the core of her\u00a0heart.<\/p>\n\t\t\t<a href=\"mailto:claudiam@newlifechicago.org\"  target=\"_blank\" rel=\"noopener\">\n\t\t\t\t\t\t\tCont\u00e1ctanos\n\t\t\t\t\t<\/a>\n<a href=\"mailto:claudiam@newlifechicago.org\"  target=\"_blank\"><img decoding=\"async\" loading=\"false\" src=\"https:\/\/newlifecommunity.church\/wp-content\/uploads\/2024\/04\/ClaudiaM-e1714052249969.jpeg\" alt=\"\" \/><\/a>\t\t\t\n\t\t<\/li>\n\t\t<\/ul>","protected":false},"excerpt":{"rendered":"<p>Cicero Sundays at 9:00AM &#038; 10:30AM (English) Domingos a las 12:30 PM (Espa\u00f1ol) 708-780-5433 | Email Us Watch Online Give Now Welcome to New Life Our purpose is to be a family of love that cooperates with God in making fully devoted fruitful followers of Christ. Watch our welcome video to learn about our church&hellip;<\/p>","protected":false},"author":2,"featured_media":260,"parent":0,"menu_order":0,"comment_status":"closed","ping_status":"closed","template":"","meta":{"_acf_changed":false,"_monsterinsights_skip_tracking":false,"_monsterinsights_sitenote_active":false,"_monsterinsights_sitenote_note":"","_monsterinsights_sitenote_category":0,"footnotes":""},"categories":[],"tags":[],"class_list":["post-427","page","type-page","status-publish","has-post-thumbnail","hentry"],"acf":[],"yoast_head":"<!-- This site is optimized with the Yoast SEO plugin v27.5 - https:\/\/yoast.com\/product\/yoast-seo-wordpress\/ -->\n<title>Cicero - New Life Community Church<\/title>\n<meta name=\"description\" content=\"A non-denominational Christian church serving the Cicero and Berwyn community, families, and children. Biblical teaching, worship, and welcoming people.\" \/>\n<meta name=\"robots\" content=\"index, follow, max-snippet:-1, max-image-preview:large, max-video-preview:-1\" \/>\n<link rel=\"canonical\" href=\"https:\/\/newlifecommunity.church\/es\/cicero\/\" \/>\n<meta property=\"og:locale\" content=\"es_MX\" \/>\n<meta property=\"og:type\" content=\"article\" \/>\n<meta property=\"og:title\" content=\"Cicero - New Life Community Church\" \/>\n<meta property=\"og:description\" content=\"A non-denominational Christian church serving the Cicero and Berwyn community, families, and children. Biblical teaching, worship, and welcoming people.\" \/>\n<meta property=\"og:url\" content=\"https:\/\/newlifecommunity.church\/es\/cicero\/\" \/>\n<meta property=\"og:site_name\" content=\"New Life Community Church\" \/>\n<meta property=\"article:publisher\" content=\"https:\/\/facebook.com\/newlifechicago\" \/>\n<meta property=\"article:modified_time\" content=\"2026-03-16T15:13:35+00:00\" \/>\n<meta property=\"og:image\" content=\"https:\/\/newlifecommunity.church\/wp-content\/uploads\/2018\/06\/newlifecicero-1-e1646136850904.jpg\" \/>\n\t<meta property=\"og:image:width\" content=\"1280\" \/>\n\t<meta property=\"og:image:height\" content=\"720\" \/>\n\t<meta property=\"og:image:type\" content=\"image\/jpeg\" \/>\n<meta name=\"twitter:card\" content=\"summary_large_image\" \/>\n<meta name=\"twitter:site\" content=\"@newlifechicago\" \/>\n<meta name=\"twitter:label1\" content=\"Tiempo de lectura\" \/>\n\t<meta name=\"twitter:data1\" content=\"5 minutos\" \/>\n<script type=\"application\/ld+json\" class=\"yoast-schema-graph\">{\"@context\":\"https:\\\/\\\/schema.org\",\"@graph\":[{\"@type\":\"WebPage\",\"@id\":\"https:\\\/\\\/newlifecommunity.church\\\/cicero\\\/\",\"url\":\"https:\\\/\\\/newlifecommunity.church\\\/cicero\\\/\",\"name\":\"Cicero - New Life Community Church\",\"isPartOf\":{\"@id\":\"https:\\\/\\\/newlifecommunity.church\\\/#website\"},\"primaryImageOfPage\":{\"@id\":\"https:\\\/\\\/newlifecommunity.church\\\/cicero\\\/#primaryimage\"},\"image\":{\"@id\":\"https:\\\/\\\/newlifecommunity.church\\\/cicero\\\/#primaryimage\"},\"thumbnailUrl\":\"https:\\\/\\\/newlifecommunity.church\\\/wp-content\\\/uploads\\\/2018\\\/06\\\/newlifecicero-1-e1646136850904.jpg\",\"datePublished\":\"2018-07-18T17:02:26+00:00\",\"dateModified\":\"2026-03-16T15:13:35+00:00\",\"description\":\"A non-denominational Christian church serving the Cicero and Berwyn community, families, and children. Biblical teaching, worship, and welcoming people.\",\"breadcrumb\":{\"@id\":\"https:\\\/\\\/newlifecommunity.church\\\/cicero\\\/#breadcrumb\"},\"inLanguage\":\"es-MX\",\"potentialAction\":[{\"@type\":\"ReadAction\",\"target\":[\"https:\\\/\\\/newlifecommunity.church\\\/cicero\\\/\"]}]},{\"@type\":\"ImageObject\",\"inLanguage\":\"es-MX\",\"@id\":\"https:\\\/\\\/newlifecommunity.church\\\/cicero\\\/#primaryimage\",\"url\":\"https:\\\/\\\/newlifecommunity.church\\\/wp-content\\\/uploads\\\/2018\\\/06\\\/newlifecicero-1-e1646136850904.jpg\",\"contentUrl\":\"https:\\\/\\\/newlifecommunity.church\\\/wp-content\\\/uploads\\\/2018\\\/06\\\/newlifecicero-1-e1646136850904.jpg\",\"width\":1280,\"height\":720},{\"@type\":\"BreadcrumbList\",\"@id\":\"https:\\\/\\\/newlifecommunity.church\\\/cicero\\\/#breadcrumb\",\"itemListElement\":[{\"@type\":\"ListItem\",\"position\":1,\"name\":\"Home\",\"item\":\"https:\\\/\\\/newlifecommunity.church\\\/\"},{\"@type\":\"ListItem\",\"position\":2,\"name\":\"Cicero\"}]},{\"@type\":\"WebSite\",\"@id\":\"https:\\\/\\\/newlifecommunity.church\\\/#website\",\"url\":\"https:\\\/\\\/newlifecommunity.church\\\/\",\"name\":\"New Life Community Church\",\"description\":\"One Church, Many Locations\",\"publisher\":{\"@id\":\"https:\\\/\\\/newlifecommunity.church\\\/#organization\"},\"potentialAction\":[{\"@type\":\"SearchAction\",\"target\":{\"@type\":\"EntryPoint\",\"urlTemplate\":\"https:\\\/\\\/newlifecommunity.church\\\/?s={search_term_string}\"},\"query-input\":{\"@type\":\"PropertyValueSpecification\",\"valueRequired\":true,\"valueName\":\"search_term_string\"}}],\"inLanguage\":\"es-MX\"},{\"@type\":\"Organization\",\"@id\":\"https:\\\/\\\/newlifecommunity.church\\\/#organization\",\"name\":\"New Life Community Church\",\"url\":\"https:\\\/\\\/newlifecommunity.church\\\/\",\"logo\":{\"@type\":\"ImageObject\",\"inLanguage\":\"es-MX\",\"@id\":\"https:\\\/\\\/newlifecommunity.church\\\/#\\\/schema\\\/logo\\\/image\\\/\",\"url\":\"https:\\\/\\\/newlifecommunity.church\\\/wp-content\\\/uploads\\\/2022\\\/02\\\/NewLife_RGB_Primary.png\",\"contentUrl\":\"https:\\\/\\\/newlifecommunity.church\\\/wp-content\\\/uploads\\\/2022\\\/02\\\/NewLife_RGB_Primary.png\",\"width\":6250,\"height\":2151,\"caption\":\"New Life Community Church\"},\"image\":{\"@id\":\"https:\\\/\\\/newlifecommunity.church\\\/#\\\/schema\\\/logo\\\/image\\\/\"},\"sameAs\":[\"https:\\\/\\\/facebook.com\\\/newlifechicago\",\"https:\\\/\\\/x.com\\\/newlifechicago\",\"https:\\\/\\\/www.linkedin.com\\\/company\\\/newlifechicago\",\"https:\\\/\\\/www.youtube.com\\\/newlifemidway\",\"https:\\\/\\\/www.instagram.com\\\/newlifechicago\\\/\"]}]}<\/script>\n<!-- \/ Yoast SEO plugin. -->","yoast_head_json":{"title":"Cicero - New Life Community Church","description":"A non-denominational Christian church serving the Cicero and Berwyn community, families, and children. Biblical teaching, worship, and welcoming people.","robots":{"index":"index","follow":"follow","max-snippet":"max-snippet:-1","max-image-preview":"max-image-preview:large","max-video-preview":"max-video-preview:-1"},"canonical":"https:\/\/newlifecommunity.church\/es\/cicero\/","og_locale":"es_MX","og_type":"article","og_title":"Cicero - New Life Community Church","og_description":"A non-denominational Christian church serving the Cicero and Berwyn community, families, and children. Biblical teaching, worship, and welcoming people.","og_url":"https:\/\/newlifecommunity.church\/es\/cicero\/","og_site_name":"New Life Community Church","article_publisher":"https:\/\/facebook.com\/newlifechicago","article_modified_time":"2026-03-16T15:13:35+00:00","og_image":[{"width":1280,"height":720,"url":"https:\/\/newlifecommunity.church\/wp-content\/uploads\/2018\/06\/newlifecicero-1-e1646136850904.jpg","type":"image\/jpeg"}],"twitter_card":"summary_large_image","twitter_site":"@newlifechicago","twitter_misc":{"Tiempo de lectura":"5 minutos"},"schema":{"@context":"https:\/\/schema.org","@graph":[{"@type":"WebPage","@id":"https:\/\/newlifecommunity.church\/cicero\/","url":"https:\/\/newlifecommunity.church\/cicero\/","name":"Cicero - New Life Community Church","isPartOf":{"@id":"https:\/\/newlifecommunity.church\/#website"},"primaryImageOfPage":{"@id":"https:\/\/newlifecommunity.church\/cicero\/#primaryimage"},"image":{"@id":"https:\/\/newlifecommunity.church\/cicero\/#primaryimage"},"thumbnailUrl":"https:\/\/newlifecommunity.church\/wp-content\/uploads\/2018\/06\/newlifecicero-1-e1646136850904.jpg","datePublished":"2018-07-18T17:02:26+00:00","dateModified":"2026-03-16T15:13:35+00:00","description":"A non-denominational Christian church serving the Cicero and Berwyn community, families, and children. Biblical teaching, worship, and welcoming people.","breadcrumb":{"@id":"https:\/\/newlifecommunity.church\/cicero\/#breadcrumb"},"inLanguage":"es-MX","potentialAction":[{"@type":"ReadAction","target":["https:\/\/newlifecommunity.church\/cicero\/"]}]},{"@type":"ImageObject","inLanguage":"es-MX","@id":"https:\/\/newlifecommunity.church\/cicero\/#primaryimage","url":"https:\/\/newlifecommunity.church\/wp-content\/uploads\/2018\/06\/newlifecicero-1-e1646136850904.jpg","contentUrl":"https:\/\/newlifecommunity.church\/wp-content\/uploads\/2018\/06\/newlifecicero-1-e1646136850904.jpg","width":1280,"height":720},{"@type":"BreadcrumbList","@id":"https:\/\/newlifecommunity.church\/cicero\/#breadcrumb","itemListElement":[{"@type":"ListItem","position":1,"name":"Home","item":"https:\/\/newlifecommunity.church\/"},{"@type":"ListItem","position":2,"name":"Cicero"}]},{"@type":"WebSite","@id":"https:\/\/newlifecommunity.church\/#website","url":"https:\/\/newlifecommunity.church\/","name":"Iglesia Comunidad Nueva Vida","description":"Una iglesia, por toda la ciudad","publisher":{"@id":"https:\/\/newlifecommunity.church\/#organization"},"potentialAction":[{"@type":"SearchAction","target":{"@type":"EntryPoint","urlTemplate":"https:\/\/newlifecommunity.church\/?s={search_term_string}"},"query-input":{"@type":"PropertyValueSpecification","valueRequired":true,"valueName":"search_term_string"}}],"inLanguage":"es-MX"},{"@type":"Organization","@id":"https:\/\/newlifecommunity.church\/#organization","name":"Iglesia Comunidad Nueva Vida","url":"https:\/\/newlifecommunity.church\/","logo":{"@type":"ImageObject","inLanguage":"es-MX","@id":"https:\/\/newlifecommunity.church\/#\/schema\/logo\/image\/","url":"https:\/\/newlifecommunity.church\/wp-content\/uploads\/2022\/02\/NewLife_RGB_Primary.png","contentUrl":"https:\/\/newlifecommunity.church\/wp-content\/uploads\/2022\/02\/NewLife_RGB_Primary.png","width":6250,"height":2151,"caption":"New Life Community Church"},"image":{"@id":"https:\/\/newlifecommunity.church\/#\/schema\/logo\/image\/"},"sameAs":["https:\/\/facebook.com\/newlifechicago","https:\/\/x.com\/newlifechicago","https:\/\/www.linkedin.com\/company\/newlifechicago","https:\/\/www.youtube.com\/newlifemidway","https:\/\/www.instagram.com\/newlifechicago\/"]}]}},"_links":{"self":[{"href":"https:\/\/newlifecommunity.church\/es\/wp-json\/wp\/v2\/pages\/427","targetHints":{"allow":["GET"]}}],"collection":[{"href":"https:\/\/newlifecommunity.church\/es\/wp-json\/wp\/v2\/pages"}],"about":[{"href":"https:\/\/newlifecommunity.church\/es\/wp-json\/wp\/v2\/types\/page"}],"author":[{"embeddable":true,"href":"https:\/\/newlifecommunity.church\/es\/wp-json\/wp\/v2\/users\/2"}],"replies":[{"embeddable":true,"href":"https:\/\/newlifecommunity.church\/es\/wp-json\/wp\/v2\/comments?post=427"}],"version-history":[{"count":0,"href":"https:\/\/newlifecommunity.church\/es\/wp-json\/wp\/v2\/pages\/427\/revisions"}],"wp:featuredmedia":[{"embeddable":true,"href":"https:\/\/newlifecommunity.church\/es\/wp-json\/wp\/v2\/media\/260"}],"wp:attachment":[{"href":"https:\/\/newlifecommunity.church\/es\/wp-json\/wp\/v2\/media?parent=427"}],"wp:term":[{"taxonomy":"category","embeddable":true,"href":"https:\/\/newlifecommunity.church\/es\/wp-json\/wp\/v2\/categories?post=427"},{"taxonomy":"post_tag","embeddable":true,"href":"https:\/\/newlifecommunity.church\/es\/wp-json\/wp\/v2\/tags?post=427"}],"curies":[{"name":"wp","href":"https:\/\/api.w.org\/{rel}","templated":true}]}}