{"id":430,"date":"2018-07-18T17:59:32","date_gmt":"2018-07-18T17:59:32","guid":{"rendered":"http:\/\/newlifechicago.wpengine.com\/?page_id=430"},"modified":"2025-09-23T14:40:12","modified_gmt":"2025-09-23T14:40:12","slug":"hobart","status":"publish","type":"page","link":"https:\/\/newlifecommunity.church\/es\/hobart\/","title":{"rendered":"Hobart"},"content":{"rendered":"<h1>\r\n\t\t\tHobart\t<\/h1>\r\n<h3>\r\n\t\t\tSundays at 10:00AM | English\t<\/h3>\r\n<h3>\r\n\t\t\tDomingos a las 12:30PM | Espa\u00f1ol\t<\/h3>\r\n\t<p><a href=\"tel:219-942-0502\">219-942-0502|<\/a> <a href=\"mailto:hobart@newlifechicago.org\">Cont\u00e1ctanos<\/a><\/p>\r\n\t\t\t<a href=\"https:\/\/www.youtube.com\/@newlifecommunitychurchhoba2989\/streams\" target=\"_blank\" rel=\"noopener\">\r\n\t\t\t\t\t\t\tVER EN L\u00cdNEA\r\n\t\t\t\t\t<\/a>\r\n\t\t\t<a href=\"https:\/\/pushpay.com\/g\/nvhobart\" target=\"_blank\" rel=\"noopener\">\r\n\t\t\t\t\t\t\tDar\r\n\t\t\t\t\t<\/a>\r\n\t\t<h3>Bienvenidos a Nueva Vida<\/h3><p>Nuestro prop\u00f3sito es ser una familia de amor que coopere con Dios para hacer que los seguidores de Cristo sean devotos permanentemente. <a href=\"#watch\">Watch our welcome video<\/a> to learn about our church and connect with us today.<\/p>\r\n<h2>\r\n\t\t\tLet&#8217;s Connect\t<\/h2>\r\n\t\t\t<img decoding=\"async\" src=\"https:\/\/i.ytimg.com\/vi\/UBVM3PZxs5A\/hqdefault.jpg\" alt=\"Video\" \/>\t\t\t\t\t\t\t\r\n\t\t\t\t\tPlay Video\r\n\t<h3>\u00bfEs tu primera vez aqu\u00ed?<\/h3>\r\n<p>We know that showing up to a new place for the first time can be intimidating. At New Life Community Church it&#8217;s our desire that you feel right at home from the moment you pull into the parking lot! As a first-time guest, you are VIP to us so we&#8217;ll be there with you every step of the way!<\/p>\r\n\t\t\t\t<img decoding=\"async\" src=\"https:\/\/newlifecommunity.church\/wp-content\/uploads\/2023\/03\/new-life-kids.jpg\" alt=\"new-life-kids\" itemprop=\"image\" height=\"1080\" width=\"1080\" title=\"new-life-kids\" onerror=\"this.style.display='none'\" loading=\"lazy\" \/>\r\n\t<h3>\u00bfY mis hijos?<\/h3>\r\n<p>Nuestra escuela dominical est\u00e1 disponible para ni\u00f1os (desde nacimiento hasta el sexto grado) en cada servicio. El crecimiento espiritual de cada ni\u00f1o es nuestra m\u00e1xima prioridad y nuestra pasi\u00f3n es crear lecciones divertidas, guiadas por la Biblia e interactivas, especialmente dise\u00f1adas para ellos.<\/p>\r\n\t<h3>\u00bfQu\u00e9 ropa debo usar?<\/h3>\r\n<p>At New Life Community Church, there&#8217;s no dress code and no judgement. Some show up in suits or dresses, and others wear t-shirts and jeans. We want you to wear whatever makes you feel comfortable!<\/p>\r\n<h1>\r\n\t\t\tConoce a nuestro equipo\t<\/h1>\r\n\t\t\t<img decoding=\"async\" loading=\"false\" src=\"https:\/\/newlifecommunity.church\/wp-content\/uploads\/2021\/09\/Untitled-design.png\" alt=\"\" \/>\t\t\t\r\n\t\t\t\t<h2>Pastor Jason Pe\u00f1a<\/h2><p>Pastor Jason Pe\u00f1a grew up and currently resides in the Hobart area. Upon graduation from high school, he studied criminal justice at Indiana University Northwest. Roughly two years into the program, God saw fit to call him into pastoral ministry. Knowing he needed training, this led Jason to transfer to Moody Bible Institute, where he received his undergraduate degree in Biblical Studies in 2015. After one year at North Park Theological Seminary, he returned to Moody Theological Seminary, where he recently earned his Master of Divinity in 2020. Pastor Jason wants everyone to know and accept the love of Christ and embrace the lifelong journey of following and growing up in the ways of Christ.<\/p>\r\n<img decoding=\"async\" loading=\"false\" src=\"https:\/\/newlifecommunity.church\/wp-content\/uploads\/2021\/09\/Untitled-design.png\" alt=\"\" \/>\t\t\t\r\n\t\t\t<img decoding=\"async\" loading=\"false\" src=\"https:\/\/newlifecommunity.church\/wp-content\/uploads\/2024\/10\/ed-guerra-scaled.jpg\" alt=\"\" \/>\t\t\t\r\n\t\t\t\t<h2>Associate Pastor Eduardo and Agnes Guerra<\/h2><p>Ed &amp; Agnes have been married for over four decades and enjoy serving together, spending time with family, and mentoring other couples in their marriages. Ed completed his Biblical and Pastoral Studies at Moody Bible Institute. He and his wife grew up in Chicago&#8217;s East Side neighborhood, faithfully serving in ministry together for decades before helping launch New Life Hobart in 2015 as part of the Leadership Team. Passionate about sharing the gospel and making disciples, Ed also helped launch New Life East Side and was their Associate Pastor, bilingually (Spanish and English) preaching and offering pastoral care to that community. He is service-oriented, as quick to shovel snow from the parking lot or teach car maintenance, as he is to lead a Life Group, help with the youth group, or preach on Sunday morning.<\/p>\r\n<img decoding=\"async\" loading=\"false\" src=\"https:\/\/newlifecommunity.church\/wp-content\/uploads\/2024\/10\/ed-guerra-scaled.jpg\" alt=\"\" \/>","protected":false},"excerpt":{"rendered":"<p>Hobart Sundays at 10:00AM | English Domingos a las 12:30PM | Espa\u00f1ol 219-942-0502| Email Us Watch Online Give Now Welcome to New Life Our purpose is to be a family of love that cooperates with God in making fully devoted fruitful followers of Christ. Watch our welcome video to learn about our church and connect&hellip;<\/p>","protected":false},"author":2,"featured_media":622,"parent":0,"menu_order":0,"comment_status":"closed","ping_status":"closed","template":"","meta":{"_acf_changed":false,"_monsterinsights_skip_tracking":false,"_monsterinsights_sitenote_active":false,"_monsterinsights_sitenote_note":"","_monsterinsights_sitenote_category":0,"footnotes":""},"categories":[41,40],"tags":[],"class_list":["post-430","page","type-page","status-publish","has-post-thumbnail","hentry","category-english","category-locations"],"acf":[],"yoast_head":"<!-- This site is optimized with the Yoast SEO plugin v27.3 - https:\/\/yoast.com\/product\/yoast-seo-wordpress\/ -->\n<title>Hobart - New Life Community Church<\/title>\n<meta name=\"robots\" content=\"index, follow, max-snippet:-1, max-image-preview:large, max-video-preview:-1\" \/>\n<link rel=\"canonical\" href=\"https:\/\/newlifecommunity.church\/es\/hobart\/\" \/>\n<meta property=\"og:locale\" content=\"es_MX\" \/>\n<meta property=\"og:type\" content=\"article\" \/>\n<meta property=\"og:title\" content=\"Hobart - New Life Community Church\" \/>\n<meta property=\"og:description\" content=\"Hobart Sundays at 10:00AM | English Domingos a las 12:30PM | Espa\u00f1ol 219-942-0502| Email Us Watch Online Give Now Welcome to New Life Our purpose is to be a family of love that cooperates with God in making fully devoted fruitful followers of Christ. Watch our welcome video to learn about our church and connect&hellip;\" \/>\n<meta property=\"og:url\" content=\"https:\/\/newlifecommunity.church\/es\/hobart\/\" \/>\n<meta property=\"og:site_name\" content=\"New Life Community Church\" \/>\n<meta property=\"article:publisher\" content=\"https:\/\/facebook.com\/newlifechicago\" \/>\n<meta property=\"article:modified_time\" content=\"2025-09-23T14:40:12+00:00\" \/>\n<meta property=\"og:image\" content=\"https:\/\/newlifecommunity.church\/wp-content\/uploads\/2018\/08\/hobart-e1646137337407.jpg\" \/>\n\t<meta property=\"og:image:width\" content=\"1920\" \/>\n\t<meta property=\"og:image:height\" content=\"1080\" \/>\n\t<meta property=\"og:image:type\" content=\"image\/jpeg\" \/>\n<meta name=\"twitter:card\" content=\"summary_large_image\" \/>\n<meta name=\"twitter:site\" content=\"@newlifechicago\" \/>\n<meta name=\"twitter:label1\" content=\"Tiempo de lectura\" \/>\n\t<meta name=\"twitter:data1\" content=\"4 minutos\" \/>\n<script type=\"application\/ld+json\" class=\"yoast-schema-graph\">{\"@context\":\"https:\\\/\\\/schema.org\",\"@graph\":[{\"@type\":\"WebPage\",\"@id\":\"https:\\\/\\\/newlifecommunity.church\\\/hobart\\\/\",\"url\":\"https:\\\/\\\/newlifecommunity.church\\\/hobart\\\/\",\"name\":\"Hobart - New Life Community Church\",\"isPartOf\":{\"@id\":\"https:\\\/\\\/newlifecommunity.church\\\/#website\"},\"primaryImageOfPage\":{\"@id\":\"https:\\\/\\\/newlifecommunity.church\\\/hobart\\\/#primaryimage\"},\"image\":{\"@id\":\"https:\\\/\\\/newlifecommunity.church\\\/hobart\\\/#primaryimage\"},\"thumbnailUrl\":\"https:\\\/\\\/newlifecommunity.church\\\/wp-content\\\/uploads\\\/2018\\\/08\\\/hobart-e1646137337407.jpg\",\"datePublished\":\"2018-07-18T17:59:32+00:00\",\"dateModified\":\"2025-09-23T14:40:12+00:00\",\"breadcrumb\":{\"@id\":\"https:\\\/\\\/newlifecommunity.church\\\/hobart\\\/#breadcrumb\"},\"inLanguage\":\"es-MX\",\"potentialAction\":[{\"@type\":\"ReadAction\",\"target\":[\"https:\\\/\\\/newlifecommunity.church\\\/hobart\\\/\"]}]},{\"@type\":\"ImageObject\",\"inLanguage\":\"es-MX\",\"@id\":\"https:\\\/\\\/newlifecommunity.church\\\/hobart\\\/#primaryimage\",\"url\":\"https:\\\/\\\/newlifecommunity.church\\\/wp-content\\\/uploads\\\/2018\\\/08\\\/hobart-e1646137337407.jpg\",\"contentUrl\":\"https:\\\/\\\/newlifecommunity.church\\\/wp-content\\\/uploads\\\/2018\\\/08\\\/hobart-e1646137337407.jpg\",\"width\":1920,\"height\":1080,\"caption\":\"Hobart\"},{\"@type\":\"BreadcrumbList\",\"@id\":\"https:\\\/\\\/newlifecommunity.church\\\/hobart\\\/#breadcrumb\",\"itemListElement\":[{\"@type\":\"ListItem\",\"position\":1,\"name\":\"Home\",\"item\":\"https:\\\/\\\/newlifecommunity.church\\\/\"},{\"@type\":\"ListItem\",\"position\":2,\"name\":\"Hobart\"}]},{\"@type\":\"WebSite\",\"@id\":\"https:\\\/\\\/newlifecommunity.church\\\/#website\",\"url\":\"https:\\\/\\\/newlifecommunity.church\\\/\",\"name\":\"New Life Community Church\",\"description\":\"One Church, Many Locations\",\"publisher\":{\"@id\":\"https:\\\/\\\/newlifecommunity.church\\\/#organization\"},\"potentialAction\":[{\"@type\":\"SearchAction\",\"target\":{\"@type\":\"EntryPoint\",\"urlTemplate\":\"https:\\\/\\\/newlifecommunity.church\\\/?s={search_term_string}\"},\"query-input\":{\"@type\":\"PropertyValueSpecification\",\"valueRequired\":true,\"valueName\":\"search_term_string\"}}],\"inLanguage\":\"es-MX\"},{\"@type\":\"Organization\",\"@id\":\"https:\\\/\\\/newlifecommunity.church\\\/#organization\",\"name\":\"New Life Community Church\",\"url\":\"https:\\\/\\\/newlifecommunity.church\\\/\",\"logo\":{\"@type\":\"ImageObject\",\"inLanguage\":\"es-MX\",\"@id\":\"https:\\\/\\\/newlifecommunity.church\\\/#\\\/schema\\\/logo\\\/image\\\/\",\"url\":\"https:\\\/\\\/newlifecommunity.church\\\/wp-content\\\/uploads\\\/2022\\\/02\\\/NewLife_RGB_Primary.png\",\"contentUrl\":\"https:\\\/\\\/newlifecommunity.church\\\/wp-content\\\/uploads\\\/2022\\\/02\\\/NewLife_RGB_Primary.png\",\"width\":6250,\"height\":2151,\"caption\":\"New Life Community Church\"},\"image\":{\"@id\":\"https:\\\/\\\/newlifecommunity.church\\\/#\\\/schema\\\/logo\\\/image\\\/\"},\"sameAs\":[\"https:\\\/\\\/facebook.com\\\/newlifechicago\",\"https:\\\/\\\/x.com\\\/newlifechicago\",\"https:\\\/\\\/www.linkedin.com\\\/company\\\/newlifechicago\",\"https:\\\/\\\/www.youtube.com\\\/newlifemidway\",\"https:\\\/\\\/www.instagram.com\\\/newlifechicago\\\/\"]}]}<\/script>\n<!-- \/ Yoast SEO plugin. -->","yoast_head_json":{"title":"Hobart - New Life Community Church","robots":{"index":"index","follow":"follow","max-snippet":"max-snippet:-1","max-image-preview":"max-image-preview:large","max-video-preview":"max-video-preview:-1"},"canonical":"https:\/\/newlifecommunity.church\/es\/hobart\/","og_locale":"es_MX","og_type":"article","og_title":"Hobart - New Life Community Church","og_description":"Hobart Sundays at 10:00AM | English Domingos a las 12:30PM | Espa\u00f1ol 219-942-0502| Email Us Watch Online Give Now Welcome to New Life Our purpose is to be a family of love that cooperates with God in making fully devoted fruitful followers of Christ. Watch our welcome video to learn about our church and connect&hellip;","og_url":"https:\/\/newlifecommunity.church\/es\/hobart\/","og_site_name":"New Life Community Church","article_publisher":"https:\/\/facebook.com\/newlifechicago","article_modified_time":"2025-09-23T14:40:12+00:00","og_image":[{"width":1920,"height":1080,"url":"https:\/\/newlifecommunity.church\/wp-content\/uploads\/2018\/08\/hobart-e1646137337407.jpg","type":"image\/jpeg"}],"twitter_card":"summary_large_image","twitter_site":"@newlifechicago","twitter_misc":{"Tiempo de lectura":"4 minutos"},"schema":{"@context":"https:\/\/schema.org","@graph":[{"@type":"WebPage","@id":"https:\/\/newlifecommunity.church\/hobart\/","url":"https:\/\/newlifecommunity.church\/hobart\/","name":"Hobart - New Life Community Church","isPartOf":{"@id":"https:\/\/newlifecommunity.church\/#website"},"primaryImageOfPage":{"@id":"https:\/\/newlifecommunity.church\/hobart\/#primaryimage"},"image":{"@id":"https:\/\/newlifecommunity.church\/hobart\/#primaryimage"},"thumbnailUrl":"https:\/\/newlifecommunity.church\/wp-content\/uploads\/2018\/08\/hobart-e1646137337407.jpg","datePublished":"2018-07-18T17:59:32+00:00","dateModified":"2025-09-23T14:40:12+00:00","breadcrumb":{"@id":"https:\/\/newlifecommunity.church\/hobart\/#breadcrumb"},"inLanguage":"es-MX","potentialAction":[{"@type":"ReadAction","target":["https:\/\/newlifecommunity.church\/hobart\/"]}]},{"@type":"ImageObject","inLanguage":"es-MX","@id":"https:\/\/newlifecommunity.church\/hobart\/#primaryimage","url":"https:\/\/newlifecommunity.church\/wp-content\/uploads\/2018\/08\/hobart-e1646137337407.jpg","contentUrl":"https:\/\/newlifecommunity.church\/wp-content\/uploads\/2018\/08\/hobart-e1646137337407.jpg","width":1920,"height":1080,"caption":"Hobart"},{"@type":"BreadcrumbList","@id":"https:\/\/newlifecommunity.church\/hobart\/#breadcrumb","itemListElement":[{"@type":"ListItem","position":1,"name":"Home","item":"https:\/\/newlifecommunity.church\/"},{"@type":"ListItem","position":2,"name":"Hobart"}]},{"@type":"WebSite","@id":"https:\/\/newlifecommunity.church\/#website","url":"https:\/\/newlifecommunity.church\/","name":"Iglesia Comunidad Nueva Vida","description":"Una iglesia, por toda la ciudad","publisher":{"@id":"https:\/\/newlifecommunity.church\/#organization"},"potentialAction":[{"@type":"SearchAction","target":{"@type":"EntryPoint","urlTemplate":"https:\/\/newlifecommunity.church\/?s={search_term_string}"},"query-input":{"@type":"PropertyValueSpecification","valueRequired":true,"valueName":"search_term_string"}}],"inLanguage":"es-MX"},{"@type":"Organization","@id":"https:\/\/newlifecommunity.church\/#organization","name":"Iglesia Comunidad Nueva Vida","url":"https:\/\/newlifecommunity.church\/","logo":{"@type":"ImageObject","inLanguage":"es-MX","@id":"https:\/\/newlifecommunity.church\/#\/schema\/logo\/image\/","url":"https:\/\/newlifecommunity.church\/wp-content\/uploads\/2022\/02\/NewLife_RGB_Primary.png","contentUrl":"https:\/\/newlifecommunity.church\/wp-content\/uploads\/2022\/02\/NewLife_RGB_Primary.png","width":6250,"height":2151,"caption":"New Life Community Church"},"image":{"@id":"https:\/\/newlifecommunity.church\/#\/schema\/logo\/image\/"},"sameAs":["https:\/\/facebook.com\/newlifechicago","https:\/\/x.com\/newlifechicago","https:\/\/www.linkedin.com\/company\/newlifechicago","https:\/\/www.youtube.com\/newlifemidway","https:\/\/www.instagram.com\/newlifechicago\/"]}]}},"_links":{"self":[{"href":"https:\/\/newlifecommunity.church\/es\/wp-json\/wp\/v2\/pages\/430","targetHints":{"allow":["GET"]}}],"collection":[{"href":"https:\/\/newlifecommunity.church\/es\/wp-json\/wp\/v2\/pages"}],"about":[{"href":"https:\/\/newlifecommunity.church\/es\/wp-json\/wp\/v2\/types\/page"}],"author":[{"embeddable":true,"href":"https:\/\/newlifecommunity.church\/es\/wp-json\/wp\/v2\/users\/2"}],"replies":[{"embeddable":true,"href":"https:\/\/newlifecommunity.church\/es\/wp-json\/wp\/v2\/comments?post=430"}],"version-history":[{"count":0,"href":"https:\/\/newlifecommunity.church\/es\/wp-json\/wp\/v2\/pages\/430\/revisions"}],"wp:featuredmedia":[{"embeddable":true,"href":"https:\/\/newlifecommunity.church\/es\/wp-json\/wp\/v2\/media\/622"}],"wp:attachment":[{"href":"https:\/\/newlifecommunity.church\/es\/wp-json\/wp\/v2\/media?parent=430"}],"wp:term":[{"taxonomy":"category","embeddable":true,"href":"https:\/\/newlifecommunity.church\/es\/wp-json\/wp\/v2\/categories?post=430"},{"taxonomy":"post_tag","embeddable":true,"href":"https:\/\/newlifecommunity.church\/es\/wp-json\/wp\/v2\/tags?post=430"}],"curies":[{"name":"wp","href":"https:\/\/api.w.org\/{rel}","templated":true}]}}