{"id":433,"date":"2018-07-18T18:18:08","date_gmt":"2018-07-18T18:18:08","guid":{"rendered":"http:\/\/newlifechicago.wpengine.com\/?page_id=433"},"modified":"2026-01-21T19:29:58","modified_gmt":"2026-01-21T19:29:58","slug":"lincoln-park","status":"publish","type":"page","link":"https:\/\/newlifecommunity.church\/es\/lincoln-park\/","title":{"rendered":"Lincoln Park"},"content":{"rendered":"<h1>Lincoln Park\u00a0<\/h1>\r\n<h3>Sundays at 9:00am &amp; 11:00am<\/h3>\r\n<p><a href=\"tel:773-348-9049\">773-348-9049<\/a> | <a href=\"mailto:lincolnpark@newlifechicago.org\">Cont\u00e1ctanos<\/a><\/p>\r\n<p><a href=\"https:\/\/www.youtube.com\/channel\/UC_JHRYtQKgx-YJuba2S3wmw\" target=\"_blank\" rel=\"noopener\"> VER EN L\u00cdNEA <\/a> <a href=\"https:\/\/pushpay.com\/g\/nllincolnpark\" target=\"_blank\" rel=\"noopener\"> Dar <\/a><\/p>\r\n<h3>Bienvenidos a Nueva Vida<\/h3>\r\n<p>Nuestro prop\u00f3sito es ser una familia de amor que coopere con Dios para hacer que los seguidores de Cristo sean devotos permanentemente. <a href=\"#watch\">Watch our welcome video<\/a> to learn about our church and connect with us today.<\/p>\r\n<h2>Let&#8217;s Connect<\/h2>\r\n<p><img decoding=\"async\" title=\"lincoln-park\" src=\"https:\/\/newlifecommunity.church\/wp-content\/uploads\/2018\/09\/lincoln-park-e1645480873949.jpg\" alt=\"\" \/> Play Video<\/p>\r\n<h3>\u00bfEs tu primera vez aqu\u00ed?<\/h3>\r\n<p>We know that showing up to a new place for the first time can be intimidating. At New Life Community Church it&#8217;s our desire that you feel right at home from the moment you pull into the parking lot! As a first-time guest, you are VIP to us so we&#8217;ll be there with you every step of the way!<\/p>\r\n<p><img loading=\"lazy\" decoding=\"async\" title=\"new-life-kids\" src=\"https:\/\/newlifecommunity.church\/wp-content\/uploads\/2023\/03\/new-life-kids.jpg\" alt=\"new-life-kids\" width=\"1080\" height=\"1080\" \/><\/p>\r\n<h3>\u00bfY mis hijos?<\/h3>\r\n<p>Nuestra escuela dominical est\u00e1 disponible para ni\u00f1os (desde nacimiento hasta el sexto grado) en cada servicio. El crecimiento espiritual de cada ni\u00f1o es nuestra m\u00e1xima prioridad y nuestra pasi\u00f3n es crear lecciones divertidas, guiadas por la Biblia e interactivas, especialmente dise\u00f1adas para ellos.<\/p>\r\n<h3>\u00bfQu\u00e9 ropa debo usar?<\/h3>\r\n<p>At New Life Community Church, there&#8217;s no dress code and no judgement. Some show up in suits or dresses, and others wear t-shirts and jeans. We want you to wear whatever makes you feel comfortable!<\/p>\r\n<h2>Conoce a nuestro equipo<\/h2>\r\n<p><a href=\"mailto:bobbym@newlifechicago.org\" target=\"_self\"><img decoding=\"async\" src=\"https:\/\/newlifecommunity.church\/wp-content\/uploads\/2019\/03\/EBI.Bobby-Moss.2015-14.jpg\" alt=\"\" \/><\/a><\/p>\r\n<h3>Pastor Bobby Moss<\/h3>\r\n<p>At age sixteen growing up in Northwest Indiana, Bobby made the decision to serve God in full time ministry. Bobby then attended Moody Bible Institute (BA in Youth Ministry). He also has a BA in Psychology from Governors State University, a MA in Biblical Exegesis from the Wheaton Grad School, and a MA in Theology from Fuller Seminary. After fifteen years in youth ministry he joined New Life, now serving as the campus pastor at Lincoln Park. Bobby is also an adjunct Professor at Moody Bible Institute, in the Bible department. Though a passionate fiction reader, video gamer, and guitar player, his absolute favorite thing to do is spend time with his wife Jeannette, daughter Baylee and son Jaxon. Bobby loves finding innovative and creative ways of teaching &amp; doing ministry.<\/p>\r\n<p><a href=\"mailto:bobbym@newlifechicago.org\" target=\"_self\"> Cont\u00e1ctanos <\/a> <a href=\"mailto:bobbym@newlifechicago.org\" target=\"_self\"><img decoding=\"async\" src=\"https:\/\/newlifecommunity.church\/wp-content\/uploads\/2019\/03\/EBI.Bobby-Moss.2015-14.jpg\" alt=\"\" \/><\/a><\/p>","protected":false},"excerpt":{"rendered":"<p>Lincoln Park\u00a0 Sundays at 9:00am &amp; 11:00am 773-348-9049 | Email Us Watch Online Give Now Welcome to New Life Our purpose is to be a family of love that cooperates with God in making fully devoted fruitful followers of Christ. Watch our welcome video to learn about our church and connect with us today. Let&#8217;s&hellip;<\/p>","protected":false},"author":2,"featured_media":676,"parent":0,"menu_order":0,"comment_status":"closed","ping_status":"closed","template":"","meta":{"_acf_changed":false,"_monsterinsights_skip_tracking":false,"_monsterinsights_sitenote_active":false,"_monsterinsights_sitenote_note":"","_monsterinsights_sitenote_category":0,"footnotes":""},"categories":[],"tags":[],"class_list":["post-433","page","type-page","status-publish","has-post-thumbnail","hentry"],"acf":[],"yoast_head":"<!-- This site is optimized with the Yoast SEO plugin v27.3 - https:\/\/yoast.com\/product\/yoast-seo-wordpress\/ -->\n<title>Lincoln Park - New Life Community Church<\/title>\n<meta name=\"robots\" content=\"index, follow, max-snippet:-1, max-image-preview:large, max-video-preview:-1\" \/>\n<link rel=\"canonical\" href=\"https:\/\/newlifecommunity.church\/es\/lincoln-park\/\" \/>\n<meta property=\"og:locale\" content=\"es_MX\" \/>\n<meta property=\"og:type\" content=\"article\" \/>\n<meta property=\"og:title\" content=\"New Life Lincoln Park\" \/>\n<meta property=\"og:description\" content=\"Our purpose is to be a family of love that cooperates with God in making fully devoted fruitful followers of Christ.\" \/>\n<meta property=\"og:url\" content=\"https:\/\/newlifecommunity.church\/es\/lincoln-park\/\" \/>\n<meta property=\"og:site_name\" content=\"New Life Community Church\" \/>\n<meta property=\"article:publisher\" content=\"https:\/\/facebook.com\/newlifechicago\" \/>\n<meta property=\"article:modified_time\" content=\"2026-01-21T19:29:58+00:00\" \/>\n<meta property=\"og:image\" content=\"https:\/\/newlifecommunity.church\/wp-content\/uploads\/2018\/09\/lincoln-park-e1645480873949.jpg\" \/>\n\t<meta property=\"og:image:width\" content=\"1080\" \/>\n\t<meta property=\"og:image:height\" content=\"607\" \/>\n\t<meta property=\"og:image:type\" content=\"image\/jpeg\" \/>\n<meta name=\"twitter:card\" content=\"summary_large_image\" \/>\n<meta name=\"twitter:site\" content=\"@newlifechicago\" \/>\n<meta name=\"twitter:label1\" content=\"Tiempo de lectura\" \/>\n\t<meta name=\"twitter:data1\" content=\"3 minutos\" \/>\n<script type=\"application\/ld+json\" class=\"yoast-schema-graph\">{\"@context\":\"https:\\\/\\\/schema.org\",\"@graph\":[{\"@type\":\"WebPage\",\"@id\":\"https:\\\/\\\/newlifecommunity.church\\\/lincoln-park\\\/\",\"url\":\"https:\\\/\\\/newlifecommunity.church\\\/lincoln-park\\\/\",\"name\":\"Lincoln Park - New Life Community Church\",\"isPartOf\":{\"@id\":\"https:\\\/\\\/newlifecommunity.church\\\/#website\"},\"primaryImageOfPage\":{\"@id\":\"https:\\\/\\\/newlifecommunity.church\\\/lincoln-park\\\/#primaryimage\"},\"image\":{\"@id\":\"https:\\\/\\\/newlifecommunity.church\\\/lincoln-park\\\/#primaryimage\"},\"thumbnailUrl\":\"https:\\\/\\\/newlifecommunity.church\\\/wp-content\\\/uploads\\\/2018\\\/09\\\/lincoln-park-e1645480873949.jpg\",\"datePublished\":\"2018-07-18T18:18:08+00:00\",\"dateModified\":\"2026-01-21T19:29:58+00:00\",\"breadcrumb\":{\"@id\":\"https:\\\/\\\/newlifecommunity.church\\\/lincoln-park\\\/#breadcrumb\"},\"inLanguage\":\"es-MX\",\"potentialAction\":[{\"@type\":\"ReadAction\",\"target\":[\"https:\\\/\\\/newlifecommunity.church\\\/lincoln-park\\\/\"]}]},{\"@type\":\"ImageObject\",\"inLanguage\":\"es-MX\",\"@id\":\"https:\\\/\\\/newlifecommunity.church\\\/lincoln-park\\\/#primaryimage\",\"url\":\"https:\\\/\\\/newlifecommunity.church\\\/wp-content\\\/uploads\\\/2018\\\/09\\\/lincoln-park-e1645480873949.jpg\",\"contentUrl\":\"https:\\\/\\\/newlifecommunity.church\\\/wp-content\\\/uploads\\\/2018\\\/09\\\/lincoln-park-e1645480873949.jpg\",\"width\":1080,\"height\":607,\"caption\":\"Lincoln Park\"},{\"@type\":\"BreadcrumbList\",\"@id\":\"https:\\\/\\\/newlifecommunity.church\\\/lincoln-park\\\/#breadcrumb\",\"itemListElement\":[{\"@type\":\"ListItem\",\"position\":1,\"name\":\"Home\",\"item\":\"https:\\\/\\\/newlifecommunity.church\\\/\"},{\"@type\":\"ListItem\",\"position\":2,\"name\":\"Lincoln Park\"}]},{\"@type\":\"WebSite\",\"@id\":\"https:\\\/\\\/newlifecommunity.church\\\/#website\",\"url\":\"https:\\\/\\\/newlifecommunity.church\\\/\",\"name\":\"New Life Community Church\",\"description\":\"One Church, Many Locations\",\"publisher\":{\"@id\":\"https:\\\/\\\/newlifecommunity.church\\\/#organization\"},\"potentialAction\":[{\"@type\":\"SearchAction\",\"target\":{\"@type\":\"EntryPoint\",\"urlTemplate\":\"https:\\\/\\\/newlifecommunity.church\\\/?s={search_term_string}\"},\"query-input\":{\"@type\":\"PropertyValueSpecification\",\"valueRequired\":true,\"valueName\":\"search_term_string\"}}],\"inLanguage\":\"es-MX\"},{\"@type\":\"Organization\",\"@id\":\"https:\\\/\\\/newlifecommunity.church\\\/#organization\",\"name\":\"New Life Community Church\",\"url\":\"https:\\\/\\\/newlifecommunity.church\\\/\",\"logo\":{\"@type\":\"ImageObject\",\"inLanguage\":\"es-MX\",\"@id\":\"https:\\\/\\\/newlifecommunity.church\\\/#\\\/schema\\\/logo\\\/image\\\/\",\"url\":\"https:\\\/\\\/newlifecommunity.church\\\/wp-content\\\/uploads\\\/2022\\\/02\\\/NewLife_RGB_Primary.png\",\"contentUrl\":\"https:\\\/\\\/newlifecommunity.church\\\/wp-content\\\/uploads\\\/2022\\\/02\\\/NewLife_RGB_Primary.png\",\"width\":6250,\"height\":2151,\"caption\":\"New Life Community Church\"},\"image\":{\"@id\":\"https:\\\/\\\/newlifecommunity.church\\\/#\\\/schema\\\/logo\\\/image\\\/\"},\"sameAs\":[\"https:\\\/\\\/facebook.com\\\/newlifechicago\",\"https:\\\/\\\/x.com\\\/newlifechicago\",\"https:\\\/\\\/www.linkedin.com\\\/company\\\/newlifechicago\",\"https:\\\/\\\/www.youtube.com\\\/newlifemidway\",\"https:\\\/\\\/www.instagram.com\\\/newlifechicago\\\/\"]}]}<\/script>\n<!-- \/ Yoast SEO plugin. -->","yoast_head_json":{"title":"Lincoln Park - New Life Community Church","robots":{"index":"index","follow":"follow","max-snippet":"max-snippet:-1","max-image-preview":"max-image-preview:large","max-video-preview":"max-video-preview:-1"},"canonical":"https:\/\/newlifecommunity.church\/es\/lincoln-park\/","og_locale":"es_MX","og_type":"article","og_title":"New Life Lincoln Park","og_description":"Our purpose is to be a family of love that cooperates with God in making fully devoted fruitful followers of Christ.","og_url":"https:\/\/newlifecommunity.church\/es\/lincoln-park\/","og_site_name":"New Life Community Church","article_publisher":"https:\/\/facebook.com\/newlifechicago","article_modified_time":"2026-01-21T19:29:58+00:00","og_image":[{"width":1080,"height":607,"url":"https:\/\/newlifecommunity.church\/wp-content\/uploads\/2018\/09\/lincoln-park-e1645480873949.jpg","type":"image\/jpeg"}],"twitter_card":"summary_large_image","twitter_site":"@newlifechicago","twitter_misc":{"Tiempo de lectura":"3 minutos"},"schema":{"@context":"https:\/\/schema.org","@graph":[{"@type":"WebPage","@id":"https:\/\/newlifecommunity.church\/lincoln-park\/","url":"https:\/\/newlifecommunity.church\/lincoln-park\/","name":"Lincoln Park - New Life Community Church","isPartOf":{"@id":"https:\/\/newlifecommunity.church\/#website"},"primaryImageOfPage":{"@id":"https:\/\/newlifecommunity.church\/lincoln-park\/#primaryimage"},"image":{"@id":"https:\/\/newlifecommunity.church\/lincoln-park\/#primaryimage"},"thumbnailUrl":"https:\/\/newlifecommunity.church\/wp-content\/uploads\/2018\/09\/lincoln-park-e1645480873949.jpg","datePublished":"2018-07-18T18:18:08+00:00","dateModified":"2026-01-21T19:29:58+00:00","breadcrumb":{"@id":"https:\/\/newlifecommunity.church\/lincoln-park\/#breadcrumb"},"inLanguage":"es-MX","potentialAction":[{"@type":"ReadAction","target":["https:\/\/newlifecommunity.church\/lincoln-park\/"]}]},{"@type":"ImageObject","inLanguage":"es-MX","@id":"https:\/\/newlifecommunity.church\/lincoln-park\/#primaryimage","url":"https:\/\/newlifecommunity.church\/wp-content\/uploads\/2018\/09\/lincoln-park-e1645480873949.jpg","contentUrl":"https:\/\/newlifecommunity.church\/wp-content\/uploads\/2018\/09\/lincoln-park-e1645480873949.jpg","width":1080,"height":607,"caption":"Lincoln Park"},{"@type":"BreadcrumbList","@id":"https:\/\/newlifecommunity.church\/lincoln-park\/#breadcrumb","itemListElement":[{"@type":"ListItem","position":1,"name":"Home","item":"https:\/\/newlifecommunity.church\/"},{"@type":"ListItem","position":2,"name":"Lincoln Park"}]},{"@type":"WebSite","@id":"https:\/\/newlifecommunity.church\/#website","url":"https:\/\/newlifecommunity.church\/","name":"Iglesia Comunidad Nueva Vida","description":"Una iglesia, por toda la ciudad","publisher":{"@id":"https:\/\/newlifecommunity.church\/#organization"},"potentialAction":[{"@type":"SearchAction","target":{"@type":"EntryPoint","urlTemplate":"https:\/\/newlifecommunity.church\/?s={search_term_string}"},"query-input":{"@type":"PropertyValueSpecification","valueRequired":true,"valueName":"search_term_string"}}],"inLanguage":"es-MX"},{"@type":"Organization","@id":"https:\/\/newlifecommunity.church\/#organization","name":"Iglesia Comunidad Nueva Vida","url":"https:\/\/newlifecommunity.church\/","logo":{"@type":"ImageObject","inLanguage":"es-MX","@id":"https:\/\/newlifecommunity.church\/#\/schema\/logo\/image\/","url":"https:\/\/newlifecommunity.church\/wp-content\/uploads\/2022\/02\/NewLife_RGB_Primary.png","contentUrl":"https:\/\/newlifecommunity.church\/wp-content\/uploads\/2022\/02\/NewLife_RGB_Primary.png","width":6250,"height":2151,"caption":"New Life Community Church"},"image":{"@id":"https:\/\/newlifecommunity.church\/#\/schema\/logo\/image\/"},"sameAs":["https:\/\/facebook.com\/newlifechicago","https:\/\/x.com\/newlifechicago","https:\/\/www.linkedin.com\/company\/newlifechicago","https:\/\/www.youtube.com\/newlifemidway","https:\/\/www.instagram.com\/newlifechicago\/"]}]}},"_links":{"self":[{"href":"https:\/\/newlifecommunity.church\/es\/wp-json\/wp\/v2\/pages\/433","targetHints":{"allow":["GET"]}}],"collection":[{"href":"https:\/\/newlifecommunity.church\/es\/wp-json\/wp\/v2\/pages"}],"about":[{"href":"https:\/\/newlifecommunity.church\/es\/wp-json\/wp\/v2\/types\/page"}],"author":[{"embeddable":true,"href":"https:\/\/newlifecommunity.church\/es\/wp-json\/wp\/v2\/users\/2"}],"replies":[{"embeddable":true,"href":"https:\/\/newlifecommunity.church\/es\/wp-json\/wp\/v2\/comments?post=433"}],"version-history":[{"count":0,"href":"https:\/\/newlifecommunity.church\/es\/wp-json\/wp\/v2\/pages\/433\/revisions"}],"wp:featuredmedia":[{"embeddable":true,"href":"https:\/\/newlifecommunity.church\/es\/wp-json\/wp\/v2\/media\/676"}],"wp:attachment":[{"href":"https:\/\/newlifecommunity.church\/es\/wp-json\/wp\/v2\/media?parent=433"}],"wp:term":[{"taxonomy":"category","embeddable":true,"href":"https:\/\/newlifecommunity.church\/es\/wp-json\/wp\/v2\/categories?post=433"},{"taxonomy":"post_tag","embeddable":true,"href":"https:\/\/newlifecommunity.church\/es\/wp-json\/wp\/v2\/tags?post=433"}],"curies":[{"name":"wp","href":"https:\/\/api.w.org\/{rel}","templated":true}]}}