{"id":446,"date":"2018-07-18T19:25:28","date_gmt":"2018-07-18T19:25:28","guid":{"rendered":"http:\/\/newlifechicago.wpengine.com\/?page_id=446"},"modified":"2025-07-28T14:42:44","modified_gmt":"2025-07-28T14:42:44","slug":"rogers-park","status":"publish","type":"page","link":"https:\/\/newlifecommunity.church\/es\/rogers-park\/","title":{"rendered":"Rogers Park"},"content":{"rendered":"<h1>\n\t\t\tRogers Park\t<\/h1>\n<h3>\n\t\t\tSundays at 11:00AM\t<\/h3>\n\t<p><a href=\"tel:773-649-6543\">773-649-6543<\/a> | <a href=\"mailto:rogerspark@newlifechicago.org\" target=\"_blank\" rel=\"noopener\">Cont\u00e1ctanos<\/a><\/p>\n\t\t\t<a href=\"https:\/\/www.youtube.com\/@newliferogerspark1148\" target=\"_blank\" rel=\"noopener\">\n\t\t\t\t\t\t\tVER EN L\u00cdNEA\n\t\t\t\t\t<\/a>\n\t\t\t<a href=\"https:\/\/pushpay.com\/g\/nlrogerspark\" target=\"_blank\" rel=\"noopener\">\n\t\t\t\t\t\t\tDar\n\t\t\t\t\t<\/a>\n\t\t<h3>Bienvenidos a Nueva Vida<\/h3><p>Nuestro prop\u00f3sito es ser una familia de amor que coopere con Dios para hacer que los seguidores de Cristo sean devotos permanentemente. <a href=\"#watch\">Watch our welcome video<\/a> to learn about our church and connect with us today.<\/p>\n<h2>\n\t\t\tLet&#8217;s Connect\t<\/h2>\n\t\t\t<img decoding=\"async\" src=\"https:\/\/i.ytimg.com\/vi\/YqmTad6fxts\/hqdefault.jpg\" alt=\"Video\" \/>\t\t\t\t\t\t\t\n\t\t\t\t\tPlay Video\n\t<h3>\u00bfEs tu primera vez aqu\u00ed?<\/h3>\n<p>We know that showing up to a new place for the first time can be intimidating, but at New Life Community Church it&#8217;s our desire that you feel right at home from the moment you pull into the parking lot! As a first-time guest, you are VIP to us so we&#8217;ll be there with you every step of the way!<\/p>\n\t\t\t\t<img decoding=\"async\" src=\"https:\/\/newlifecommunity.church\/wp-content\/uploads\/2023\/03\/new-life-kids.jpg\" alt=\"new-life-kids\" itemprop=\"image\" height=\"1080\" width=\"1080\" title=\"new-life-kids\" onerror=\"this.style.display='none'\" loading=\"lazy\" \/>\n\t<h3>\u00bfY mis hijos?<\/h3>\n<p>Nuestra Zona de Ni\u00f1os est\u00e1 disponible para ni\u00f1os desde el nacimiento hasta el sexto grado. El cuidado y el crecimiento de cada ni\u00f1o es nuestra m\u00e1xima prioridad y nuestra pasi\u00f3n es crear lecciones interactivas e inspiradas en la Biblia, \u00a1especialmente dise\u00f1adas para sus hijos! \u00a1Nuestra Zona de Ni\u00f1os est\u00e1 disponible durante cada servicio de adoraci\u00f3n para que pueda disfrutar de un gran momento sabiendo que su hijo est\u00e1 siendo amado y cuidado!<\/p>\n\t\t\t<a href=\"mailto:galenh@newlifechicago.org\" target=\"_self\"><img decoding=\"async\" loading=\"false\" src=\"https:\/\/newlifecommunity.church\/wp-content\/uploads\/2020\/11\/holcomb2020.jpg\" alt=\"\" \/><\/a>\t\t\t\n\t\t\t\t<h3>Pastor Galen and Brooke Holocomb<\/h3>\n<p>Galen and his wife Brooke live in the Roger&#8217;s Park neighborhood and are committed to bringing the gospel to the north side of Chicago. Having grown up in Michigan, Galen moved to Chicago for school and graduated from Moody Bible Institute. He and his wife have been a part of New Life since moving to Chicago and are excited to see God continue to bring redemption to this city through the continued work of His church.<\/p>\n\t\t\t<a href=\"mailto:galenh@newlifechicago.org\" target=\"_self\">\n\t\t\t\t\t\t\tCorreo Electr\u00f3nico\n\t\t\t\t\t<\/a>\n<a href=\"mailto:galenh@newlifechicago.org\"  target=\"_self\"><img decoding=\"async\" loading=\"false\" src=\"https:\/\/newlifecommunity.church\/wp-content\/uploads\/2020\/11\/holcomb2020.jpg\" alt=\"\" \/><\/a>\t\t\t\n\t\t\t<a href=\"mailto:galenh@newlifechicago.org\" target=\"_self\"><img decoding=\"async\" loading=\"false\" src=\"https:\/\/newlifecommunity.church\/wp-content\/uploads\/2018\/08\/Corey-and-Susan-Chan.jpg\" alt=\"\" \/><\/a>\t\t\t\n\t\t\t\t<h3>Corey and Susan Chan &#8211; Location Elder<\/h3><p>Corey and his wife Susan live in\u00a0Rogers Park\u00a0with their 4 children. Corey is a native Chicagoan and grew up on the Northside just 4 miles from where he lives now. \u00a0Susan was born and raised in Spain as a missionary kid. They have been a part of New Life Community church for 6 years. They have a strong desire to see the local church be the hands and feet of Jesus in our neighborhood and fulfill the vision of being a family of love who corporates with God in making fully devoted fruitful followers of Christ.<\/p>\n\t\t\t<a href=\"mailto:galenh@newlifechicago.org\" target=\"_self\">\n\t\t\t\t\t\t\tCorreo Electr\u00f3nico\n\t\t\t\t\t<\/a>\n<a href=\"mailto:galenh@newlifechicago.org\"  target=\"_self\"><img decoding=\"async\" loading=\"false\" src=\"https:\/\/newlifecommunity.church\/wp-content\/uploads\/2018\/08\/Corey-and-Susan-Chan.jpg\" alt=\"\" \/><\/a>\t\t\t\n\t\t\t<a href=\"mailto:ignacem@newlifechicago.org\" target=\"_blank\"><img decoding=\"async\" loading=\"false\" src=\"https:\/\/newlifecommunity.church\/wp-content\/uploads\/2018\/10\/ignace-danielle-mba.jpg\" alt=\"\" \/><\/a>\t\t\t\n\t\t\t\t<h3>Ignace and Danielle Mba &#8211; Location Elder<\/h3><p>Ignace, his wife Danielle, and his daughter Lindsey live in\u00a0Evanston. Ignace is a native of Cameroon, Africa, where he grew up and\u00a0Danielle was raised in a Southern Suburb of Chicago. Ignace has been a part of New Life Community church for over 10 years and was\u00a0part of the original team that planted New Life Rogers Park. As a couple, their desire is to serve the Lord in their local church and\u00a0further the Great Commission wherever the Lord places them.<\/p>\n\t\t\t<a href=\"mailto:ignacem@newlifechicago.org\" target=\"_blank\" rel=\"noopener\">\n\t\t\t\t\t\t\tCorreo Electr\u00f3nico\n\t\t\t\t\t<\/a>\n<a href=\"mailto:ignacem@newlifechicago.org\"  target=\"_blank\"><img decoding=\"async\" loading=\"false\" src=\"https:\/\/newlifecommunity.church\/wp-content\/uploads\/2018\/10\/ignace-danielle-mba.jpg\" alt=\"\" \/><\/a>","protected":false},"excerpt":{"rendered":"<p>Rogers Park Sundays at 11:00AM 773-649-6543 | Email Us Watch Online Give Now Welcome to New Life Our purpose is to be a family of love that cooperates with God in making fully devoted fruitful followers of Christ. Watch our welcome video to learn about our church and connect with us today. Let&#8217;s Connect Play&hellip;<\/p>","protected":false},"author":2,"featured_media":1242,"parent":0,"menu_order":0,"comment_status":"closed","ping_status":"closed","template":"","meta":{"_acf_changed":false,"_monsterinsights_skip_tracking":false,"_monsterinsights_sitenote_active":false,"_monsterinsights_sitenote_note":"","_monsterinsights_sitenote_category":0,"footnotes":""},"categories":[],"tags":[],"class_list":["post-446","page","type-page","status-publish","has-post-thumbnail","hentry"],"acf":[],"yoast_head":"<!-- This site is optimized with the Yoast SEO plugin v27.3 - https:\/\/yoast.com\/product\/yoast-seo-wordpress\/ -->\n<title>Rogers Park - New Life Community Church<\/title>\n<meta name=\"robots\" content=\"index, follow, max-snippet:-1, max-image-preview:large, max-video-preview:-1\" \/>\n<link rel=\"canonical\" href=\"https:\/\/newlifecommunity.church\/es\/rogers-park\/\" \/>\n<meta property=\"og:locale\" content=\"es_MX\" \/>\n<meta property=\"og:type\" content=\"article\" \/>\n<meta property=\"og:title\" content=\"Rogers Park - New Life Community Church\" \/>\n<meta property=\"og:description\" content=\"Rogers Park Sundays at 11:00AM 773-649-6543 | Email Us Watch Online Give Now Welcome to New Life Our purpose is to be a family of love that cooperates with God in making fully devoted fruitful followers of Christ. Watch our welcome video to learn about our church and connect with us today. Let&#8217;s Connect Play&hellip;\" \/>\n<meta property=\"og:url\" content=\"https:\/\/newlifecommunity.church\/es\/rogers-park\/\" \/>\n<meta property=\"og:site_name\" content=\"New Life Community Church\" \/>\n<meta property=\"article:publisher\" content=\"https:\/\/facebook.com\/newlifechicago\" \/>\n<meta property=\"article:modified_time\" content=\"2025-07-28T14:42:44+00:00\" \/>\n<meta property=\"og:image\" content=\"https:\/\/newlifecommunity.church\/wp-content\/uploads\/2019\/11\/afd453ef5ec88a17dd8a8223f2b65f30-e1646138933383.jpg\" \/>\n\t<meta property=\"og:image:width\" content=\"2489\" \/>\n\t<meta property=\"og:image:height\" content=\"1400\" \/>\n\t<meta property=\"og:image:type\" content=\"image\/jpeg\" \/>\n<meta name=\"twitter:card\" content=\"summary_large_image\" \/>\n<meta name=\"twitter:site\" content=\"@newlifechicago\" \/>\n<meta name=\"twitter:label1\" content=\"Tiempo de lectura\" \/>\n\t<meta name=\"twitter:data1\" content=\"4 minutos\" \/>\n<script type=\"application\/ld+json\" class=\"yoast-schema-graph\">{\"@context\":\"https:\\\/\\\/schema.org\",\"@graph\":[{\"@type\":\"WebPage\",\"@id\":\"https:\\\/\\\/newlifecommunity.church\\\/rogers-park\\\/\",\"url\":\"https:\\\/\\\/newlifecommunity.church\\\/rogers-park\\\/\",\"name\":\"Rogers Park - New Life Community Church\",\"isPartOf\":{\"@id\":\"https:\\\/\\\/newlifecommunity.church\\\/#website\"},\"primaryImageOfPage\":{\"@id\":\"https:\\\/\\\/newlifecommunity.church\\\/rogers-park\\\/#primaryimage\"},\"image\":{\"@id\":\"https:\\\/\\\/newlifecommunity.church\\\/rogers-park\\\/#primaryimage\"},\"thumbnailUrl\":\"https:\\\/\\\/newlifecommunity.church\\\/wp-content\\\/uploads\\\/2019\\\/11\\\/afd453ef5ec88a17dd8a8223f2b65f30-e1646138933383.jpg\",\"datePublished\":\"2018-07-18T19:25:28+00:00\",\"dateModified\":\"2025-07-28T14:42:44+00:00\",\"breadcrumb\":{\"@id\":\"https:\\\/\\\/newlifecommunity.church\\\/rogers-park\\\/#breadcrumb\"},\"inLanguage\":\"es-MX\",\"potentialAction\":[{\"@type\":\"ReadAction\",\"target\":[\"https:\\\/\\\/newlifecommunity.church\\\/rogers-park\\\/\"]}]},{\"@type\":\"ImageObject\",\"inLanguage\":\"es-MX\",\"@id\":\"https:\\\/\\\/newlifecommunity.church\\\/rogers-park\\\/#primaryimage\",\"url\":\"https:\\\/\\\/newlifecommunity.church\\\/wp-content\\\/uploads\\\/2019\\\/11\\\/afd453ef5ec88a17dd8a8223f2b65f30-e1646138933383.jpg\",\"contentUrl\":\"https:\\\/\\\/newlifecommunity.church\\\/wp-content\\\/uploads\\\/2019\\\/11\\\/afd453ef5ec88a17dd8a8223f2b65f30-e1646138933383.jpg\",\"width\":2489,\"height\":1400},{\"@type\":\"BreadcrumbList\",\"@id\":\"https:\\\/\\\/newlifecommunity.church\\\/rogers-park\\\/#breadcrumb\",\"itemListElement\":[{\"@type\":\"ListItem\",\"position\":1,\"name\":\"Home\",\"item\":\"https:\\\/\\\/newlifecommunity.church\\\/\"},{\"@type\":\"ListItem\",\"position\":2,\"name\":\"Rogers Park\"}]},{\"@type\":\"WebSite\",\"@id\":\"https:\\\/\\\/newlifecommunity.church\\\/#website\",\"url\":\"https:\\\/\\\/newlifecommunity.church\\\/\",\"name\":\"New Life Community Church\",\"description\":\"One Church, Many Locations\",\"publisher\":{\"@id\":\"https:\\\/\\\/newlifecommunity.church\\\/#organization\"},\"potentialAction\":[{\"@type\":\"SearchAction\",\"target\":{\"@type\":\"EntryPoint\",\"urlTemplate\":\"https:\\\/\\\/newlifecommunity.church\\\/?s={search_term_string}\"},\"query-input\":{\"@type\":\"PropertyValueSpecification\",\"valueRequired\":true,\"valueName\":\"search_term_string\"}}],\"inLanguage\":\"es-MX\"},{\"@type\":\"Organization\",\"@id\":\"https:\\\/\\\/newlifecommunity.church\\\/#organization\",\"name\":\"New Life Community Church\",\"url\":\"https:\\\/\\\/newlifecommunity.church\\\/\",\"logo\":{\"@type\":\"ImageObject\",\"inLanguage\":\"es-MX\",\"@id\":\"https:\\\/\\\/newlifecommunity.church\\\/#\\\/schema\\\/logo\\\/image\\\/\",\"url\":\"https:\\\/\\\/newlifecommunity.church\\\/wp-content\\\/uploads\\\/2022\\\/02\\\/NewLife_RGB_Primary.png\",\"contentUrl\":\"https:\\\/\\\/newlifecommunity.church\\\/wp-content\\\/uploads\\\/2022\\\/02\\\/NewLife_RGB_Primary.png\",\"width\":6250,\"height\":2151,\"caption\":\"New Life Community Church\"},\"image\":{\"@id\":\"https:\\\/\\\/newlifecommunity.church\\\/#\\\/schema\\\/logo\\\/image\\\/\"},\"sameAs\":[\"https:\\\/\\\/facebook.com\\\/newlifechicago\",\"https:\\\/\\\/x.com\\\/newlifechicago\",\"https:\\\/\\\/www.linkedin.com\\\/company\\\/newlifechicago\",\"https:\\\/\\\/www.youtube.com\\\/newlifemidway\",\"https:\\\/\\\/www.instagram.com\\\/newlifechicago\\\/\"]}]}<\/script>\n<!-- \/ Yoast SEO plugin. -->","yoast_head_json":{"title":"Rogers Park - New Life Community Church","robots":{"index":"index","follow":"follow","max-snippet":"max-snippet:-1","max-image-preview":"max-image-preview:large","max-video-preview":"max-video-preview:-1"},"canonical":"https:\/\/newlifecommunity.church\/es\/rogers-park\/","og_locale":"es_MX","og_type":"article","og_title":"Rogers Park - New Life Community Church","og_description":"Rogers Park Sundays at 11:00AM 773-649-6543 | Email Us Watch Online Give Now Welcome to New Life Our purpose is to be a family of love that cooperates with God in making fully devoted fruitful followers of Christ. Watch our welcome video to learn about our church and connect with us today. Let&#8217;s Connect Play&hellip;","og_url":"https:\/\/newlifecommunity.church\/es\/rogers-park\/","og_site_name":"New Life Community Church","article_publisher":"https:\/\/facebook.com\/newlifechicago","article_modified_time":"2025-07-28T14:42:44+00:00","og_image":[{"width":2489,"height":1400,"url":"https:\/\/newlifecommunity.church\/wp-content\/uploads\/2019\/11\/afd453ef5ec88a17dd8a8223f2b65f30-e1646138933383.jpg","type":"image\/jpeg"}],"twitter_card":"summary_large_image","twitter_site":"@newlifechicago","twitter_misc":{"Tiempo de lectura":"4 minutos"},"schema":{"@context":"https:\/\/schema.org","@graph":[{"@type":"WebPage","@id":"https:\/\/newlifecommunity.church\/rogers-park\/","url":"https:\/\/newlifecommunity.church\/rogers-park\/","name":"Rogers Park - New Life Community Church","isPartOf":{"@id":"https:\/\/newlifecommunity.church\/#website"},"primaryImageOfPage":{"@id":"https:\/\/newlifecommunity.church\/rogers-park\/#primaryimage"},"image":{"@id":"https:\/\/newlifecommunity.church\/rogers-park\/#primaryimage"},"thumbnailUrl":"https:\/\/newlifecommunity.church\/wp-content\/uploads\/2019\/11\/afd453ef5ec88a17dd8a8223f2b65f30-e1646138933383.jpg","datePublished":"2018-07-18T19:25:28+00:00","dateModified":"2025-07-28T14:42:44+00:00","breadcrumb":{"@id":"https:\/\/newlifecommunity.church\/rogers-park\/#breadcrumb"},"inLanguage":"es-MX","potentialAction":[{"@type":"ReadAction","target":["https:\/\/newlifecommunity.church\/rogers-park\/"]}]},{"@type":"ImageObject","inLanguage":"es-MX","@id":"https:\/\/newlifecommunity.church\/rogers-park\/#primaryimage","url":"https:\/\/newlifecommunity.church\/wp-content\/uploads\/2019\/11\/afd453ef5ec88a17dd8a8223f2b65f30-e1646138933383.jpg","contentUrl":"https:\/\/newlifecommunity.church\/wp-content\/uploads\/2019\/11\/afd453ef5ec88a17dd8a8223f2b65f30-e1646138933383.jpg","width":2489,"height":1400},{"@type":"BreadcrumbList","@id":"https:\/\/newlifecommunity.church\/rogers-park\/#breadcrumb","itemListElement":[{"@type":"ListItem","position":1,"name":"Home","item":"https:\/\/newlifecommunity.church\/"},{"@type":"ListItem","position":2,"name":"Rogers Park"}]},{"@type":"WebSite","@id":"https:\/\/newlifecommunity.church\/#website","url":"https:\/\/newlifecommunity.church\/","name":"Iglesia Comunidad Nueva Vida","description":"Una iglesia, por toda la ciudad","publisher":{"@id":"https:\/\/newlifecommunity.church\/#organization"},"potentialAction":[{"@type":"SearchAction","target":{"@type":"EntryPoint","urlTemplate":"https:\/\/newlifecommunity.church\/?s={search_term_string}"},"query-input":{"@type":"PropertyValueSpecification","valueRequired":true,"valueName":"search_term_string"}}],"inLanguage":"es-MX"},{"@type":"Organization","@id":"https:\/\/newlifecommunity.church\/#organization","name":"Iglesia Comunidad Nueva Vida","url":"https:\/\/newlifecommunity.church\/","logo":{"@type":"ImageObject","inLanguage":"es-MX","@id":"https:\/\/newlifecommunity.church\/#\/schema\/logo\/image\/","url":"https:\/\/newlifecommunity.church\/wp-content\/uploads\/2022\/02\/NewLife_RGB_Primary.png","contentUrl":"https:\/\/newlifecommunity.church\/wp-content\/uploads\/2022\/02\/NewLife_RGB_Primary.png","width":6250,"height":2151,"caption":"New Life Community Church"},"image":{"@id":"https:\/\/newlifecommunity.church\/#\/schema\/logo\/image\/"},"sameAs":["https:\/\/facebook.com\/newlifechicago","https:\/\/x.com\/newlifechicago","https:\/\/www.linkedin.com\/company\/newlifechicago","https:\/\/www.youtube.com\/newlifemidway","https:\/\/www.instagram.com\/newlifechicago\/"]}]}},"_links":{"self":[{"href":"https:\/\/newlifecommunity.church\/es\/wp-json\/wp\/v2\/pages\/446","targetHints":{"allow":["GET"]}}],"collection":[{"href":"https:\/\/newlifecommunity.church\/es\/wp-json\/wp\/v2\/pages"}],"about":[{"href":"https:\/\/newlifecommunity.church\/es\/wp-json\/wp\/v2\/types\/page"}],"author":[{"embeddable":true,"href":"https:\/\/newlifecommunity.church\/es\/wp-json\/wp\/v2\/users\/2"}],"replies":[{"embeddable":true,"href":"https:\/\/newlifecommunity.church\/es\/wp-json\/wp\/v2\/comments?post=446"}],"version-history":[{"count":0,"href":"https:\/\/newlifecommunity.church\/es\/wp-json\/wp\/v2\/pages\/446\/revisions"}],"wp:featuredmedia":[{"embeddable":true,"href":"https:\/\/newlifecommunity.church\/es\/wp-json\/wp\/v2\/media\/1242"}],"wp:attachment":[{"href":"https:\/\/newlifecommunity.church\/es\/wp-json\/wp\/v2\/media?parent=446"}],"wp:term":[{"taxonomy":"category","embeddable":true,"href":"https:\/\/newlifecommunity.church\/es\/wp-json\/wp\/v2\/categories?post=446"},{"taxonomy":"post_tag","embeddable":true,"href":"https:\/\/newlifecommunity.church\/es\/wp-json\/wp\/v2\/tags?post=446"}],"curies":[{"name":"wp","href":"https:\/\/api.w.org\/{rel}","templated":true}]}}