{"id":491,"date":"2018-08-02T19:33:21","date_gmt":"2018-08-02T19:33:21","guid":{"rendered":"http:\/\/newlifechicago.wpengine.com\/?page_id=491"},"modified":"2021-05-11T13:32:43","modified_gmt":"2021-05-11T13:32:43","slug":"conocenos","status":"publish","type":"page","link":"https:\/\/newlifecommunity.church\/es\/conocenos\/","title":{"rendered":"Con\u00f3cenos"},"content":{"rendered":"<h1>\n\t\tCON\u00d3CENOS\n\t<\/h1>\n\t<p>Nuestra Historia<\/p>\n<p>En 1986, Mark Jobe, de veinti\u00fan a\u00f1os de edad, se reuni\u00f3 con dieciocho personas de una peque\u00f1a congregaci\u00f3n en el suroeste de Chicago. Ellos so\u00f1aron con iniciar una iglesia que pudiera ayudar a todo tipo de personas para que conocieran a Dios de una manera real. Con una nueva visi\u00f3n y energ\u00eda, se reorganizaron y se llamaron &#8220;New Life Community Church&#8221; (Iglesia Comunidad Nueva Vida).<\/p>\n\t\t\t<a href=\"#who\" target=\"_self\" role=\"button\" rel=\"noopener\">\n\t\t\t\t\t\tLEER MAS\n\t\t\t\t\t<\/a>\n<h1>\n\t\tM\u00e1s Acerca de Nosotros\n\t<\/h1>\n\t\n<p>Nueva Vida es una iglesia cristiana (no denominacional) que ayuda a personas a redescubrir a Jes\u00fas y ayuda a cambiar la comunidad donde viven. Para servir mejor a nuestra ciudad, hemos optado por congregarnos en varias comunidades. Actualmente, nos encontramos en m\u00e1s de 20 ubicaciones e iglesias en Chicago. Aproximadamente 7,000 personas llaman a la Iglesia Comunidad Nueva Vida, su hogar espiritual.<\/p>\n<p>&nbsp;<\/p>\n<p>Nuestra misi\u00f3n es alcanzar y ense\u00f1ar a 30,000 personas a lo largo de Chicago a trav\u00e9s de comunidades de fe que sirven como centros de transformaci\u00f3n en las ciudades donde se encuentran.<\/p>\n\t\t\t<a href=\"#\" target=\"_self\" role=\"button\" rel=\"noopener\">\n\t\t\t\t\t\tENCUENTRE UNA CONGREGACI\u00d3N\n\t\t\t\t\t<\/a>\n\t<iframe loading=\"lazy\" width=\"560\" height=\"315\" src=\"https:\/\/www.youtube-nocookie.com\/embed\/WZ9-CDvkRms\" frameborder=\"0\" allow=\"autoplay; encrypted-media\" allowfullscreen><\/iframe>\n<h1>\n\t\tPastor Principal | Mark Jobe\n\t<\/h1>\n\t<h3>Conoce nuestro equipo y encuentre una iglesia cerca de usted.<\/h3>\n<p>Tengo el gran privilegio de liderar un equipo de parejas pastorales incre\u00edblemente devotos y de compromiso. Estas parejas sirven en equipo con una visi\u00f3n, pero distribuidas a trav\u00e9s de muchas comunidades de Chicago. A medida que conozcas a estos l\u00edderes, ser\u00e1s tocado por su amor, pasi\u00f3n, visi\u00f3n y deseo de marcar la diferencia.<\/p>\n<br \/>\nSon un extraordinario equipo. Para su conocimiento, hemos incluido biograf\u00edas de cada pastor y su informaci\u00f3n de contacto.\n\t\t\t<a href=\"https:\/\/newlifecommunity.church\/es\/pastors\/\" target=\"_self\" role=\"button\" rel=\"noopener\">\n\t\t\t\t\t\tNUESTROS PASTORES\n\t\t\t\t\t<\/a>\n<h1>\n\t\tMinisterios\n\t<\/h1>\n\t\n<p>Hay nueve maneras en que usted puede participar en el ministerio. Si usted est\u00e1 buscando un lugar para conectarse, visite nuestra p\u00e1gina de ministerios y tome su pr\u00f3ximo paso. Si necesita ayuda para encontrar el paso adecuado para usted, por favor, comun\u00edquese con nosotros.<\/p>\n\t\t\t<a href=\"https:\/\/newlifecommunity.church\/es\/ministries\/\" target=\"_self\" role=\"button\" rel=\"noopener\">\n\t\t\t\t\t\tNUESTROS MINISTERIOS\n\t\t\t\t\t<\/a>","protected":false},"excerpt":{"rendered":"<p>CON\u00d3CENOS Nuestra Historia En 1986, Mark Jobe, de veinti\u00fan a\u00f1os de edad, se reuni\u00f3 con dieciocho personas de una peque\u00f1a congregaci\u00f3n en el suroeste de Chicago. Ellos so\u00f1aron con iniciar una iglesia que pudiera ayudar a todo tipo de personas para que conocieran a Dios de una manera real. Con una nueva visi\u00f3n y energ\u00eda,&hellip;<\/p>","protected":false},"author":2,"featured_media":378,"parent":0,"menu_order":0,"comment_status":"closed","ping_status":"closed","template":"","meta":{"_acf_changed":false,"_monsterinsights_skip_tracking":false,"_monsterinsights_sitenote_active":false,"_monsterinsights_sitenote_note":"","_monsterinsights_sitenote_category":0,"footnotes":""},"categories":[],"tags":[],"class_list":["post-491","page","type-page","status-publish","has-post-thumbnail","hentry"],"acf":[],"yoast_head":"<!-- This site is optimized with the Yoast SEO plugin v27.3 - https:\/\/yoast.com\/product\/yoast-seo-wordpress\/ -->\n<title>New Life Community Church is about being all over the city for the good of the city.<\/title>\n<meta name=\"description\" content=\"New Life is a growing church with multiple locations throughout Chicago that helps people rediscover Jesus and change neighborhoods for the better.\" \/>\n<meta name=\"robots\" content=\"index, follow, max-snippet:-1, max-image-preview:large, max-video-preview:-1\" \/>\n<link rel=\"canonical\" href=\"https:\/\/newlifecommunity.church\/es\/conocenos\/\" \/>\n<meta property=\"og:locale\" content=\"es_MX\" \/>\n<meta property=\"og:type\" content=\"article\" \/>\n<meta property=\"og:title\" content=\"New Life Community Church is about being all over the city for the good of the city.\" \/>\n<meta property=\"og:description\" content=\"New Life is a growing church with multiple locations throughout Chicago that helps people rediscover Jesus and change neighborhoods for the better.\" \/>\n<meta property=\"og:url\" content=\"https:\/\/newlifecommunity.church\/es\/conocenos\/\" \/>\n<meta property=\"og:site_name\" content=\"New Life Community Church\" \/>\n<meta property=\"article:publisher\" content=\"https:\/\/facebook.com\/newlifechicago\" \/>\n<meta property=\"article:modified_time\" content=\"2021-05-11T13:32:43+00:00\" \/>\n<meta property=\"og:image\" content=\"https:\/\/newlifecommunity.church\/wp-content\/uploads\/2018\/07\/websiteheader-12.jpg\" \/>\n\t<meta property=\"og:image:width\" content=\"1920\" \/>\n\t<meta property=\"og:image:height\" content=\"1280\" \/>\n\t<meta property=\"og:image:type\" content=\"image\/jpeg\" \/>\n<meta name=\"twitter:card\" content=\"summary_large_image\" \/>\n<meta name=\"twitter:site\" content=\"@newlifechicago\" \/>\n<meta name=\"twitter:label1\" content=\"Tiempo de lectura\" \/>\n\t<meta name=\"twitter:data1\" content=\"2 minutos\" \/>\n<script type=\"application\/ld+json\" class=\"yoast-schema-graph\">{\"@context\":\"https:\\\/\\\/schema.org\",\"@graph\":[{\"@type\":\"WebPage\",\"@id\":\"https:\\\/\\\/newlifecommunity.church\\\/es\\\/conocenos\\\/\",\"url\":\"https:\\\/\\\/newlifecommunity.church\\\/es\\\/conocenos\\\/\",\"name\":\"New Life Community Church is about being all over the city for the good of the city.\",\"isPartOf\":{\"@id\":\"https:\\\/\\\/newlifecommunity.church\\\/#website\"},\"primaryImageOfPage\":{\"@id\":\"https:\\\/\\\/newlifecommunity.church\\\/es\\\/conocenos\\\/#primaryimage\"},\"image\":{\"@id\":\"https:\\\/\\\/newlifecommunity.church\\\/es\\\/conocenos\\\/#primaryimage\"},\"thumbnailUrl\":\"https:\\\/\\\/newlifecommunity.church\\\/wp-content\\\/uploads\\\/2018\\\/07\\\/websiteheader-12.jpg\",\"datePublished\":\"2018-08-02T19:33:21+00:00\",\"dateModified\":\"2021-05-11T13:32:43+00:00\",\"description\":\"New Life is a growing church with multiple locations throughout Chicago that helps people rediscover Jesus and change neighborhoods for the better.\",\"breadcrumb\":{\"@id\":\"https:\\\/\\\/newlifecommunity.church\\\/es\\\/conocenos\\\/#breadcrumb\"},\"inLanguage\":\"es-MX\",\"potentialAction\":[{\"@type\":\"ReadAction\",\"target\":[\"https:\\\/\\\/newlifecommunity.church\\\/es\\\/conocenos\\\/\"]}]},{\"@type\":\"ImageObject\",\"inLanguage\":\"es-MX\",\"@id\":\"https:\\\/\\\/newlifecommunity.church\\\/es\\\/conocenos\\\/#primaryimage\",\"url\":\"https:\\\/\\\/newlifecommunity.church\\\/wp-content\\\/uploads\\\/2018\\\/07\\\/websiteheader-12.jpg\",\"contentUrl\":\"https:\\\/\\\/newlifecommunity.church\\\/wp-content\\\/uploads\\\/2018\\\/07\\\/websiteheader-12.jpg\",\"width\":\"1920\",\"height\":\"1280\",\"caption\":\"Join us this weekend and find out what we are about for yourselves.\"},{\"@type\":\"BreadcrumbList\",\"@id\":\"https:\\\/\\\/newlifecommunity.church\\\/es\\\/conocenos\\\/#breadcrumb\",\"itemListElement\":[{\"@type\":\"ListItem\",\"position\":1,\"name\":\"Home\",\"item\":\"https:\\\/\\\/newlifecommunity.church\\\/\"},{\"@type\":\"ListItem\",\"position\":2,\"name\":\"Con\u00f3cenos\"}]},{\"@type\":\"WebSite\",\"@id\":\"https:\\\/\\\/newlifecommunity.church\\\/#website\",\"url\":\"https:\\\/\\\/newlifecommunity.church\\\/\",\"name\":\"New Life Community Church\",\"description\":\"One Church, Many Locations\",\"publisher\":{\"@id\":\"https:\\\/\\\/newlifecommunity.church\\\/#organization\"},\"potentialAction\":[{\"@type\":\"SearchAction\",\"target\":{\"@type\":\"EntryPoint\",\"urlTemplate\":\"https:\\\/\\\/newlifecommunity.church\\\/?s={search_term_string}\"},\"query-input\":{\"@type\":\"PropertyValueSpecification\",\"valueRequired\":true,\"valueName\":\"search_term_string\"}}],\"inLanguage\":\"es-MX\"},{\"@type\":\"Organization\",\"@id\":\"https:\\\/\\\/newlifecommunity.church\\\/#organization\",\"name\":\"New Life Community Church\",\"url\":\"https:\\\/\\\/newlifecommunity.church\\\/\",\"logo\":{\"@type\":\"ImageObject\",\"inLanguage\":\"es-MX\",\"@id\":\"https:\\\/\\\/newlifecommunity.church\\\/#\\\/schema\\\/logo\\\/image\\\/\",\"url\":\"https:\\\/\\\/newlifecommunity.church\\\/wp-content\\\/uploads\\\/2022\\\/02\\\/NewLife_RGB_Primary.png\",\"contentUrl\":\"https:\\\/\\\/newlifecommunity.church\\\/wp-content\\\/uploads\\\/2022\\\/02\\\/NewLife_RGB_Primary.png\",\"width\":6250,\"height\":2151,\"caption\":\"New Life Community Church\"},\"image\":{\"@id\":\"https:\\\/\\\/newlifecommunity.church\\\/#\\\/schema\\\/logo\\\/image\\\/\"},\"sameAs\":[\"https:\\\/\\\/facebook.com\\\/newlifechicago\",\"https:\\\/\\\/x.com\\\/newlifechicago\",\"https:\\\/\\\/www.linkedin.com\\\/company\\\/newlifechicago\",\"https:\\\/\\\/www.youtube.com\\\/newlifemidway\",\"https:\\\/\\\/www.instagram.com\\\/newlifechicago\\\/\"]}]}<\/script>\n<!-- \/ Yoast SEO plugin. -->","yoast_head_json":{"title":"New Life Community Church is about being all over the city for the good of the city.","description":"New Life is a growing church with multiple locations throughout Chicago that helps people rediscover Jesus and change neighborhoods for the better.","robots":{"index":"index","follow":"follow","max-snippet":"max-snippet:-1","max-image-preview":"max-image-preview:large","max-video-preview":"max-video-preview:-1"},"canonical":"https:\/\/newlifecommunity.church\/es\/conocenos\/","og_locale":"es_MX","og_type":"article","og_title":"New Life Community Church is about being all over the city for the good of the city.","og_description":"New Life is a growing church with multiple locations throughout Chicago that helps people rediscover Jesus and change neighborhoods for the better.","og_url":"https:\/\/newlifecommunity.church\/es\/conocenos\/","og_site_name":"New Life Community Church","article_publisher":"https:\/\/facebook.com\/newlifechicago","article_modified_time":"2021-05-11T13:32:43+00:00","og_image":[{"width":1920,"height":1280,"url":"https:\/\/newlifecommunity.church\/wp-content\/uploads\/2018\/07\/websiteheader-12.jpg","type":"image\/jpeg"}],"twitter_card":"summary_large_image","twitter_site":"@newlifechicago","twitter_misc":{"Tiempo de lectura":"2 minutos"},"schema":{"@context":"https:\/\/schema.org","@graph":[{"@type":"WebPage","@id":"https:\/\/newlifecommunity.church\/es\/conocenos\/","url":"https:\/\/newlifecommunity.church\/es\/conocenos\/","name":"New Life Community Church is about being all over the city for the good of the city.","isPartOf":{"@id":"https:\/\/newlifecommunity.church\/#website"},"primaryImageOfPage":{"@id":"https:\/\/newlifecommunity.church\/es\/conocenos\/#primaryimage"},"image":{"@id":"https:\/\/newlifecommunity.church\/es\/conocenos\/#primaryimage"},"thumbnailUrl":"https:\/\/newlifecommunity.church\/wp-content\/uploads\/2018\/07\/websiteheader-12.jpg","datePublished":"2018-08-02T19:33:21+00:00","dateModified":"2021-05-11T13:32:43+00:00","description":"New Life is a growing church with multiple locations throughout Chicago that helps people rediscover Jesus and change neighborhoods for the better.","breadcrumb":{"@id":"https:\/\/newlifecommunity.church\/es\/conocenos\/#breadcrumb"},"inLanguage":"es-MX","potentialAction":[{"@type":"ReadAction","target":["https:\/\/newlifecommunity.church\/es\/conocenos\/"]}]},{"@type":"ImageObject","inLanguage":"es-MX","@id":"https:\/\/newlifecommunity.church\/es\/conocenos\/#primaryimage","url":"https:\/\/newlifecommunity.church\/wp-content\/uploads\/2018\/07\/websiteheader-12.jpg","contentUrl":"https:\/\/newlifecommunity.church\/wp-content\/uploads\/2018\/07\/websiteheader-12.jpg","width":"1920","height":"1280","caption":"Join us this weekend and find out what we are about for yourselves."},{"@type":"BreadcrumbList","@id":"https:\/\/newlifecommunity.church\/es\/conocenos\/#breadcrumb","itemListElement":[{"@type":"ListItem","position":1,"name":"Home","item":"https:\/\/newlifecommunity.church\/"},{"@type":"ListItem","position":2,"name":"Con\u00f3cenos"}]},{"@type":"WebSite","@id":"https:\/\/newlifecommunity.church\/#website","url":"https:\/\/newlifecommunity.church\/","name":"Iglesia Comunidad Nueva Vida","description":"Una iglesia, por toda la ciudad","publisher":{"@id":"https:\/\/newlifecommunity.church\/#organization"},"potentialAction":[{"@type":"SearchAction","target":{"@type":"EntryPoint","urlTemplate":"https:\/\/newlifecommunity.church\/?s={search_term_string}"},"query-input":{"@type":"PropertyValueSpecification","valueRequired":true,"valueName":"search_term_string"}}],"inLanguage":"es-MX"},{"@type":"Organization","@id":"https:\/\/newlifecommunity.church\/#organization","name":"Iglesia Comunidad Nueva Vida","url":"https:\/\/newlifecommunity.church\/","logo":{"@type":"ImageObject","inLanguage":"es-MX","@id":"https:\/\/newlifecommunity.church\/#\/schema\/logo\/image\/","url":"https:\/\/newlifecommunity.church\/wp-content\/uploads\/2022\/02\/NewLife_RGB_Primary.png","contentUrl":"https:\/\/newlifecommunity.church\/wp-content\/uploads\/2022\/02\/NewLife_RGB_Primary.png","width":6250,"height":2151,"caption":"New Life Community Church"},"image":{"@id":"https:\/\/newlifecommunity.church\/#\/schema\/logo\/image\/"},"sameAs":["https:\/\/facebook.com\/newlifechicago","https:\/\/x.com\/newlifechicago","https:\/\/www.linkedin.com\/company\/newlifechicago","https:\/\/www.youtube.com\/newlifemidway","https:\/\/www.instagram.com\/newlifechicago\/"]}]}},"_links":{"self":[{"href":"https:\/\/newlifecommunity.church\/es\/wp-json\/wp\/v2\/pages\/491","targetHints":{"allow":["GET"]}}],"collection":[{"href":"https:\/\/newlifecommunity.church\/es\/wp-json\/wp\/v2\/pages"}],"about":[{"href":"https:\/\/newlifecommunity.church\/es\/wp-json\/wp\/v2\/types\/page"}],"author":[{"embeddable":true,"href":"https:\/\/newlifecommunity.church\/es\/wp-json\/wp\/v2\/users\/2"}],"replies":[{"embeddable":true,"href":"https:\/\/newlifecommunity.church\/es\/wp-json\/wp\/v2\/comments?post=491"}],"version-history":[{"count":0,"href":"https:\/\/newlifecommunity.church\/es\/wp-json\/wp\/v2\/pages\/491\/revisions"}],"wp:featuredmedia":[{"embeddable":true,"href":"https:\/\/newlifecommunity.church\/es\/wp-json\/wp\/v2\/media\/378"}],"wp:attachment":[{"href":"https:\/\/newlifecommunity.church\/es\/wp-json\/wp\/v2\/media?parent=491"}],"wp:term":[{"taxonomy":"category","embeddable":true,"href":"https:\/\/newlifecommunity.church\/es\/wp-json\/wp\/v2\/categories?post=491"},{"taxonomy":"post_tag","embeddable":true,"href":"https:\/\/newlifecommunity.church\/es\/wp-json\/wp\/v2\/tags?post=491"}],"curies":[{"name":"wp","href":"https:\/\/api.w.org\/{rel}","templated":true}]}}