{"id":493,"date":"2018-08-02T19:35:25","date_gmt":"2018-08-02T19:35:25","guid":{"rendered":"http:\/\/newlifechicago.wpengine.com\/?page_id=493"},"modified":"2019-01-25T13:56:59","modified_gmt":"2019-01-25T13:56:59","slug":"proximos-pasos","status":"publish","type":"page","link":"https:\/\/newlifecommunity.church\/es\/proximos-pasos\/","title":{"rendered":"Pr\u00f3ximos Pasos"},"content":{"rendered":"<h1>\n\t\tPr\u00f3ximos Pasos<br \/>\n\t<\/h1>\n<p>A trav\u00e9s del crecimiento, personas cambian. <\/p>\n<p>Dondequiera que est\u00e9s en la vida o lo que est\u00e1 sucediendo, siempre hay un pr\u00f3ximo paso para crecer.<\/p>\n<p>\t\t\t<a href=\"#first\" target=\"_self\" role=\"button\"><br \/>\n\t\t\t\t\t\tMI PR\u00d3XIMO PASO<br \/>\n\t\t\t\t\t<\/a><\/p>\n<h1>\n\t\tPasos de Crecimiento<br \/>\n\t<\/h1>\n<p>\t\t\t\t<img loading=\"lazy\" decoding=\"async\" src=\"https:\/\/newlifecommunity.church\/wp-content\/uploads\/2018\/08\/nextsteps-icons.png\" alt=\"nextsteps-icons\" itemprop=\"image\" height=\"213\" width=\"1000\" title=\"nextsteps-icons\"  \/><br \/>\n\t\t\t<b>Comienza con el Bautismo<\/b><\/p>\n<p>Jes\u00fas ordena a cada uno a hacer tres cosas: arrepentirse, creer y bautizarse. Nosotros apartamos el primer domingo de cada mes para bautizar en agua. Invitamos nuevos creyentes a unirse a una Clase de Primeros Pasos, y encontrar un mentor para prepararlos para el bautismo.<\/p>\n<p>\t\t\t<b>Con\u00e9ctate en Grupos Peque\u00f1os<\/b><\/p>\n<p>Los grupos peque\u00f1os son la mejor forma de conectarte con otros durante la semana para orar, alabar y estudiar la Biblia. Los grupos se re\u00fanen en varios lugares y horarios a lo largo de la semana y hay grupos disponibles para hombres, mujeres, parejas y solteros en cada edad y etapa de la vida.<\/p>\n<p>\t\t\t<b>Crece en tu Fe<\/b><\/p>\n<p>Practica los h\u00e1bitos de una disciplina saludable que te dar\u00e1n el poder para crecer en tu fe. Tambi\u00e9n ofrecemos diferentes conferencias y oportunidades de entrenamiento a lo largo del a\u00f1o para ayudarte en tu crecimiento.<\/p>\n<p>\t\t\t<b>Participa al Servir<\/b><\/p>\n<p>Hay cientos de voluntarios que sirven cada semana en Nueva Vida. \u00a1T\u00fa puedes ser uno de ellos! Encuentra un equipo para servir los domingos o durante la semana y descubre tus dones espirituales.<\/p>\n<p>\t\t\t<b>Dic\u00edpula y Se Mentor<\/b><\/p>\n<p>Jes\u00fas nos llama a ir y hacer disc\u00edpulos. Aprende como compartir tu fe con otros y ense\u00f1a lo que significa seguir a Cristo. Nosotros creemos que el discipulado se realiza mejor a trav\u00e9s de una tutor\u00eda persona a persona.<\/p>\n<p>\t\t\t<a href=\"https:\/\/newlifechicago.ccbchurch.com\/goto\/forms\/10\/responses\/new\" target=\"_blank\" role=\"button\" rel=\"noopener\" ><br \/>\n\t\t\t\t\t\tTOME EL SIGUIENTE PASO<br \/>\n\t\t\t\t\t<\/a><\/p>\n<h1>\u00bfListo para dar el siguiente paso?<\/h1>\n<p>Navegar por la vida puede ser dif\u00edcil \u00a1Encontrar tu camino en Nueva Vida es simple!<\/p>\n<p>\t\t\t<a href=\"https:\/\/newlifecommunity.church\/es\/proximos-pasos\/\" target=\"_self\" role=\"button\"><br \/>\n\t\t\t\t\t\tEmpieza aqu\u00ed<br \/>\n\t\t\t\t\t<\/a><\/p>","protected":false},"excerpt":{"rendered":"<p>Pr\u00f3ximos Pasos A trav\u00e9s del crecimiento, personas cambian. Dondequiera que est\u00e9s en la vida o lo que est\u00e1 sucediendo, siempre hay un pr\u00f3ximo paso para crecer. MI PR\u00d3XIMO PASO Pasos de Crecimiento Comienza con el Bautismo Jes\u00fas ordena a cada uno a hacer tres cosas: arrepentirse, creer y bautizarse. Nosotros apartamos el primer domingo de&hellip;<\/p>","protected":false},"author":2,"featured_media":252,"parent":0,"menu_order":0,"comment_status":"closed","ping_status":"closed","template":"","meta":{"_acf_changed":false,"_monsterinsights_skip_tracking":false,"_monsterinsights_sitenote_active":false,"_monsterinsights_sitenote_note":"","_monsterinsights_sitenote_category":0,"footnotes":""},"categories":[],"tags":[],"class_list":["post-493","page","type-page","status-publish","has-post-thumbnail","hentry"],"acf":[],"yoast_head":"<!-- This site is optimized with the Yoast SEO plugin v27.3 - https:\/\/yoast.com\/product\/yoast-seo-wordpress\/ -->\n<title>Your first step is joining is this weekend. Your next step is growing as a disciple.<\/title>\n<meta name=\"description\" content=\"Church can be intimidating or confusing. We try to take all that away and make it as easy as possible for you to take your next right step at New Life.\" \/>\n<meta name=\"robots\" content=\"index, follow, max-snippet:-1, max-image-preview:large, max-video-preview:-1\" \/>\n<link rel=\"canonical\" href=\"https:\/\/newlifecommunity.church\/es\/proximos-pasos\/\" \/>\n<meta property=\"og:locale\" content=\"es_MX\" \/>\n<meta property=\"og:type\" content=\"article\" \/>\n<meta property=\"og:title\" content=\"Your first step is joining is this weekend. Your next step is growing as a disciple.\" \/>\n<meta property=\"og:description\" content=\"Church can be intimidating or confusing. We try to take all that away and make it as easy as possible for you to take your next right step at New Life.\" \/>\n<meta property=\"og:url\" content=\"https:\/\/newlifecommunity.church\/es\/proximos-pasos\/\" \/>\n<meta property=\"og:site_name\" content=\"New Life Community Church\" \/>\n<meta property=\"article:publisher\" content=\"https:\/\/facebook.com\/newlifechicago\" \/>\n<meta property=\"article:modified_time\" content=\"2019-01-25T13:56:59+00:00\" \/>\n<meta property=\"og:image\" content=\"https:\/\/newlifecommunity.church\/wp-content\/uploads\/2018\/06\/header-1-1.jpg\" \/>\n\t<meta property=\"og:image:width\" content=\"1280\" \/>\n\t<meta property=\"og:image:height\" content=\"853\" \/>\n\t<meta property=\"og:image:type\" content=\"image\/jpeg\" \/>\n<meta name=\"twitter:card\" content=\"summary_large_image\" \/>\n<meta name=\"twitter:site\" content=\"@newlifechicago\" \/>\n<meta name=\"twitter:label1\" content=\"Tiempo de lectura\" \/>\n\t<meta name=\"twitter:data1\" content=\"2 minutos\" \/>\n<script type=\"application\/ld+json\" class=\"yoast-schema-graph\">{\"@context\":\"https:\\\/\\\/schema.org\",\"@graph\":[{\"@type\":\"WebPage\",\"@id\":\"https:\\\/\\\/newlifecommunity.church\\\/proximos-pasos\\\/\",\"url\":\"https:\\\/\\\/newlifecommunity.church\\\/proximos-pasos\\\/\",\"name\":\"Your first step is joining is this weekend. Your next step is growing as a disciple.\",\"isPartOf\":{\"@id\":\"https:\\\/\\\/newlifecommunity.church\\\/#website\"},\"primaryImageOfPage\":{\"@id\":\"https:\\\/\\\/newlifecommunity.church\\\/proximos-pasos\\\/#primaryimage\"},\"image\":{\"@id\":\"https:\\\/\\\/newlifecommunity.church\\\/proximos-pasos\\\/#primaryimage\"},\"thumbnailUrl\":\"https:\\\/\\\/newlifecommunity.church\\\/wp-content\\\/uploads\\\/2018\\\/06\\\/header-1-1.jpg\",\"datePublished\":\"2018-08-02T19:35:25+00:00\",\"dateModified\":\"2019-01-25T13:56:59+00:00\",\"description\":\"Church can be intimidating or confusing. We try to take all that away and make it as easy as possible for you to take your next right step at New Life.\",\"breadcrumb\":{\"@id\":\"https:\\\/\\\/newlifecommunity.church\\\/proximos-pasos\\\/#breadcrumb\"},\"inLanguage\":\"es-MX\",\"potentialAction\":[{\"@type\":\"ReadAction\",\"target\":[\"https:\\\/\\\/newlifecommunity.church\\\/proximos-pasos\\\/\"]}]},{\"@type\":\"ImageObject\",\"inLanguage\":\"es-MX\",\"@id\":\"https:\\\/\\\/newlifecommunity.church\\\/proximos-pasos\\\/#primaryimage\",\"url\":\"https:\\\/\\\/newlifecommunity.church\\\/wp-content\\\/uploads\\\/2018\\\/06\\\/header-1-1.jpg\",\"contentUrl\":\"https:\\\/\\\/newlifecommunity.church\\\/wp-content\\\/uploads\\\/2018\\\/06\\\/header-1-1.jpg\",\"width\":\"1280\",\"height\":\"853\",\"caption\":\"Everyone has a home and a role at New Life\"},{\"@type\":\"BreadcrumbList\",\"@id\":\"https:\\\/\\\/newlifecommunity.church\\\/proximos-pasos\\\/#breadcrumb\",\"itemListElement\":[{\"@type\":\"ListItem\",\"position\":1,\"name\":\"Home\",\"item\":\"https:\\\/\\\/newlifecommunity.church\\\/\"},{\"@type\":\"ListItem\",\"position\":2,\"name\":\"Pr\u00f3ximos Pasos\"}]},{\"@type\":\"WebSite\",\"@id\":\"https:\\\/\\\/newlifecommunity.church\\\/#website\",\"url\":\"https:\\\/\\\/newlifecommunity.church\\\/\",\"name\":\"New Life Community Church\",\"description\":\"One Church, Many Locations\",\"publisher\":{\"@id\":\"https:\\\/\\\/newlifecommunity.church\\\/#organization\"},\"potentialAction\":[{\"@type\":\"SearchAction\",\"target\":{\"@type\":\"EntryPoint\",\"urlTemplate\":\"https:\\\/\\\/newlifecommunity.church\\\/?s={search_term_string}\"},\"query-input\":{\"@type\":\"PropertyValueSpecification\",\"valueRequired\":true,\"valueName\":\"search_term_string\"}}],\"inLanguage\":\"es-MX\"},{\"@type\":\"Organization\",\"@id\":\"https:\\\/\\\/newlifecommunity.church\\\/#organization\",\"name\":\"New Life Community Church\",\"url\":\"https:\\\/\\\/newlifecommunity.church\\\/\",\"logo\":{\"@type\":\"ImageObject\",\"inLanguage\":\"es-MX\",\"@id\":\"https:\\\/\\\/newlifecommunity.church\\\/#\\\/schema\\\/logo\\\/image\\\/\",\"url\":\"https:\\\/\\\/newlifecommunity.church\\\/wp-content\\\/uploads\\\/2022\\\/02\\\/NewLife_RGB_Primary.png\",\"contentUrl\":\"https:\\\/\\\/newlifecommunity.church\\\/wp-content\\\/uploads\\\/2022\\\/02\\\/NewLife_RGB_Primary.png\",\"width\":6250,\"height\":2151,\"caption\":\"New Life Community Church\"},\"image\":{\"@id\":\"https:\\\/\\\/newlifecommunity.church\\\/#\\\/schema\\\/logo\\\/image\\\/\"},\"sameAs\":[\"https:\\\/\\\/facebook.com\\\/newlifechicago\",\"https:\\\/\\\/x.com\\\/newlifechicago\",\"https:\\\/\\\/www.linkedin.com\\\/company\\\/newlifechicago\",\"https:\\\/\\\/www.youtube.com\\\/newlifemidway\",\"https:\\\/\\\/www.instagram.com\\\/newlifechicago\\\/\"]}]}<\/script>\n<!-- \/ Yoast SEO plugin. -->","yoast_head_json":{"title":"Your first step is joining is this weekend. Your next step is growing as a disciple.","description":"Church can be intimidating or confusing. We try to take all that away and make it as easy as possible for you to take your next right step at New Life.","robots":{"index":"index","follow":"follow","max-snippet":"max-snippet:-1","max-image-preview":"max-image-preview:large","max-video-preview":"max-video-preview:-1"},"canonical":"https:\/\/newlifecommunity.church\/es\/proximos-pasos\/","og_locale":"es_MX","og_type":"article","og_title":"Your first step is joining is this weekend. Your next step is growing as a disciple.","og_description":"Church can be intimidating or confusing. We try to take all that away and make it as easy as possible for you to take your next right step at New Life.","og_url":"https:\/\/newlifecommunity.church\/es\/proximos-pasos\/","og_site_name":"New Life Community Church","article_publisher":"https:\/\/facebook.com\/newlifechicago","article_modified_time":"2019-01-25T13:56:59+00:00","og_image":[{"width":1280,"height":853,"url":"https:\/\/newlifecommunity.church\/wp-content\/uploads\/2018\/06\/header-1-1.jpg","type":"image\/jpeg"}],"twitter_card":"summary_large_image","twitter_site":"@newlifechicago","twitter_misc":{"Tiempo de lectura":"2 minutos"},"schema":{"@context":"https:\/\/schema.org","@graph":[{"@type":"WebPage","@id":"https:\/\/newlifecommunity.church\/proximos-pasos\/","url":"https:\/\/newlifecommunity.church\/proximos-pasos\/","name":"Your first step is joining is this weekend. Your next step is growing as a disciple.","isPartOf":{"@id":"https:\/\/newlifecommunity.church\/#website"},"primaryImageOfPage":{"@id":"https:\/\/newlifecommunity.church\/proximos-pasos\/#primaryimage"},"image":{"@id":"https:\/\/newlifecommunity.church\/proximos-pasos\/#primaryimage"},"thumbnailUrl":"https:\/\/newlifecommunity.church\/wp-content\/uploads\/2018\/06\/header-1-1.jpg","datePublished":"2018-08-02T19:35:25+00:00","dateModified":"2019-01-25T13:56:59+00:00","description":"Church can be intimidating or confusing. We try to take all that away and make it as easy as possible for you to take your next right step at New Life.","breadcrumb":{"@id":"https:\/\/newlifecommunity.church\/proximos-pasos\/#breadcrumb"},"inLanguage":"es-MX","potentialAction":[{"@type":"ReadAction","target":["https:\/\/newlifecommunity.church\/proximos-pasos\/"]}]},{"@type":"ImageObject","inLanguage":"es-MX","@id":"https:\/\/newlifecommunity.church\/proximos-pasos\/#primaryimage","url":"https:\/\/newlifecommunity.church\/wp-content\/uploads\/2018\/06\/header-1-1.jpg","contentUrl":"https:\/\/newlifecommunity.church\/wp-content\/uploads\/2018\/06\/header-1-1.jpg","width":"1280","height":"853","caption":"Everyone has a home and a role at New Life"},{"@type":"BreadcrumbList","@id":"https:\/\/newlifecommunity.church\/proximos-pasos\/#breadcrumb","itemListElement":[{"@type":"ListItem","position":1,"name":"Home","item":"https:\/\/newlifecommunity.church\/"},{"@type":"ListItem","position":2,"name":"Pr\u00f3ximos Pasos"}]},{"@type":"WebSite","@id":"https:\/\/newlifecommunity.church\/#website","url":"https:\/\/newlifecommunity.church\/","name":"Iglesia Comunidad Nueva Vida","description":"Una iglesia, por toda la ciudad","publisher":{"@id":"https:\/\/newlifecommunity.church\/#organization"},"potentialAction":[{"@type":"SearchAction","target":{"@type":"EntryPoint","urlTemplate":"https:\/\/newlifecommunity.church\/?s={search_term_string}"},"query-input":{"@type":"PropertyValueSpecification","valueRequired":true,"valueName":"search_term_string"}}],"inLanguage":"es-MX"},{"@type":"Organization","@id":"https:\/\/newlifecommunity.church\/#organization","name":"Iglesia Comunidad Nueva Vida","url":"https:\/\/newlifecommunity.church\/","logo":{"@type":"ImageObject","inLanguage":"es-MX","@id":"https:\/\/newlifecommunity.church\/#\/schema\/logo\/image\/","url":"https:\/\/newlifecommunity.church\/wp-content\/uploads\/2022\/02\/NewLife_RGB_Primary.png","contentUrl":"https:\/\/newlifecommunity.church\/wp-content\/uploads\/2022\/02\/NewLife_RGB_Primary.png","width":6250,"height":2151,"caption":"New Life Community Church"},"image":{"@id":"https:\/\/newlifecommunity.church\/#\/schema\/logo\/image\/"},"sameAs":["https:\/\/facebook.com\/newlifechicago","https:\/\/x.com\/newlifechicago","https:\/\/www.linkedin.com\/company\/newlifechicago","https:\/\/www.youtube.com\/newlifemidway","https:\/\/www.instagram.com\/newlifechicago\/"]}]}},"_links":{"self":[{"href":"https:\/\/newlifecommunity.church\/es\/wp-json\/wp\/v2\/pages\/493","targetHints":{"allow":["GET"]}}],"collection":[{"href":"https:\/\/newlifecommunity.church\/es\/wp-json\/wp\/v2\/pages"}],"about":[{"href":"https:\/\/newlifecommunity.church\/es\/wp-json\/wp\/v2\/types\/page"}],"author":[{"embeddable":true,"href":"https:\/\/newlifecommunity.church\/es\/wp-json\/wp\/v2\/users\/2"}],"replies":[{"embeddable":true,"href":"https:\/\/newlifecommunity.church\/es\/wp-json\/wp\/v2\/comments?post=493"}],"version-history":[{"count":0,"href":"https:\/\/newlifecommunity.church\/es\/wp-json\/wp\/v2\/pages\/493\/revisions"}],"wp:featuredmedia":[{"embeddable":true,"href":"https:\/\/newlifecommunity.church\/es\/wp-json\/wp\/v2\/media\/252"}],"wp:attachment":[{"href":"https:\/\/newlifecommunity.church\/es\/wp-json\/wp\/v2\/media?parent=493"}],"wp:term":[{"taxonomy":"category","embeddable":true,"href":"https:\/\/newlifecommunity.church\/es\/wp-json\/wp\/v2\/categories?post=493"},{"taxonomy":"post_tag","embeddable":true,"href":"https:\/\/newlifecommunity.church\/es\/wp-json\/wp\/v2\/tags?post=493"}],"curies":[{"name":"wp","href":"https:\/\/api.w.org\/{rel}","templated":true}]}}