{"id":495,"date":"2018-08-02T19:36:16","date_gmt":"2018-08-02T19:36:16","guid":{"rendered":"http:\/\/newlifechicago.wpengine.com\/?page_id=495"},"modified":"2025-08-20T16:27:51","modified_gmt":"2025-08-20T16:27:51","slug":"dar","status":"publish","type":"page","link":"https:\/\/newlifecommunity.church\/es\/dar\/","title":{"rendered":"Dar"},"content":{"rendered":"<h1>\n\t\t\tGenerosidad\t<\/h1>\n\t<h3><strong>R\u00e1pido. F\u00e1cil. Seguro.<\/strong><\/h3>\n\t\t\t<a href=\"#\" role=\"button\">\n\t\t\t\t\t\tDAR\n\t\t\t\t\t<\/a>\n\t\t\t<h3>Elija una Congregaci\u00f3n:<\/h3><br \/>\n<a href=\"https:\/\/pushpay.com\/g\/nvalbanypark?lang=es\" target=\"_blank\" rel=\"noopener\">Albany Park &gt;<\/a><br \/>\n<a href=\"https:\/\/pushpay.com\/g\/nvblueisland?lang=es\" target=\"_blank\" rel=\"noopener\">Blue Island &gt;<\/a><br \/>\n<a href=\"https:\/\/pushpay.com\/g\/nlbridgeport\" target=\"_blank\" rel=\"noopener\">Bridgeport English &gt;<\/a><br \/>\n<a href=\"https:\/\/pushpay.com\/g\/nlmandarin\" target=\"_blank\" rel=\"noopener\">Bridgeport Mandarin &gt;<\/a><br \/>\n<a href=\"https:\/\/pushpay.com\/g\/nvbrightonpark?lang=es\" target=\"_blank\" rel=\"noopener\">Brighton Park Espa\u00f1ol &gt;<\/a><br \/>\n<a href=\"https:\/\/pushpay.com\/g\/nvcicero?lang=es\" target=\"_blank\" rel=\"noopener\">Cicero English &gt;<\/a><br \/>\n<a href=\"https:\/\/pushpay.com\/g\/nvcicero?lang=es\" target=\"_blank\" rel=\"noopener\">Cicero Espa\u00f1ol &gt;<\/a><br \/>\n<a href=\"https:\/\/pushpay.com\/g\/nleasthumboldtpark\" target=\"_blank\" rel=\"noopener\">East Humboldt Park &gt;<\/a><br \/>\n<a href=\"https:\/\/pushpay.com\/g\/nleastside\" target=\"_blank\" rel=\"noopener\">East Side English &gt;<\/a><br \/>\n<a href=\"https:\/\/pushpay.com\/g\/nveastside\" target=\"_blank\" re\n    =\"noopener\">East Side Espa\u00f1ol &gt;<\/a><br \/>\n<a href=\"https:\/\/pushpay.com\/g\/nlelgin\" target=\"_blank\" rel\n    =\"noopener\">Elgin &gt;<\/a><br \/>\n<a href=\"https:\/\/pushpay.com\/g\/nvhammond\" target=\"_blank\" rel=\"noopener\">Hammond English &gt;<\/a><br \/>\n<a href=\"https:\/\/pushpay.com\/g\/nvhammond\" target=\"_blank\" rel=\"noopener\">Hammond Espa\u00f1ol &gt;<\/a><br \/>\n<a href=\"https:\/\/pushpay.com\/g\/nvhobart\" target=\"_blank\" rel=\"noopener\">Hobart English &gt;<\/a><br \/>\n<a href=\"https:\/\/pushpay.com\/g\/nvhobart\" target=\"_blank\" rel=\"noopener\">Hobart Espa\u00f1ol &gt;<\/a><br \/>\n<a href=\"https:\/\/pushpay.com\/g\/nlhomerglen\" target=\"_blank\" rel=\"noopener\">Homer Glen &gt;<\/a><br \/>\n<a href=\"https:\/\/pushpay.com\/g\/nlhumboldtpark\" target=\"_blank\" rel=\"noopener\">Humboldt Park &gt;<\/a><br \/>\n<a href=\"https:\/\/pushpay.com\/g\/nllakeview\" target=\"_blank\" rel=\"noopener\">Lakeview &gt;<\/a><br \/>\n<a href=\"https:\/\/pushpay.com\/g\/nllincolnpark\" target=\"_blank\" rel=\"noopener\">Lincoln Park &gt;<\/a><br \/>\n<a href=\"https:\/\/pushpay.com\/g\/nvlavillita?lang=es\" target=\"_blank\" rel=\"noopener\">La Villita &gt;<\/a><br \/>\n<a href=\"https:\/\/pushpay.com\/g\/nvlavillita?lang=es\" target=\"_blank\" rel=\"noopener\">Little Village &gt;<\/a><br \/>\n<a href=\"https:\/\/pushpay.com\/g\/nvalbanypark?lang=es\" target=\"_blank\" rel=\"noopener\">Melrose Park English &gt;<\/a><br \/>\n<a href=\"https:\/\/pushpay.com\/g\/nvmelrosepark?lang=es\" target=\"_blank\" rel=\"noopener\">Melrose Park Espa\u00f1ol &gt;<\/a><br \/>\n<a href=\"https:\/\/pushpay.com\/g\/nlmidway\" target=\"_blank\" rel=\"noopener\">Midway English &gt;<\/a><br \/>\n<a href=\"https:\/\/pushpay.com\/g\/nvmidway?lang=es\" target=\"_blank\" rel=\"noopener\">Midway Espa\u00f1ol &gt;<\/a><br \/>\n<a href=\"https:\/\/pushpay.com\/g\/nlmontclare\" target=\"_blank\" rel=\"noopener\">Mont Clare &gt;<\/a><br \/>\n<a href=\"https:\/\/pushpay.com\/g\/nlmontgomery\" target=\"_blank\" rel=\"noopener\">Montgomery &gt;<\/a><br \/>\n<a href=\"https:\/\/pushpay.com\/g\/nlnorwoodpark\" target=\"_blank\" rel=\"noopener\">Norwood Park &gt;<\/a><br \/>\n<a href=\"https:\/\/pushpay.com\/g\/nloakforest\" target=\"_blank\" rel=\"noopener\">Oak Forest &gt;<\/a><br \/>\n<a href=\"https:\/\/pushpay.com\/g\/nloaklawn\" target=\"_blank\" rel=\"noopener\">Oak Lawn &gt;<\/a><br \/>\n<a href=\"https:\/\/pushpay.com\/g\/nlriverside\" target=\"_blank\" rel=\"noopener\">Riverside &gt;<\/a><br \/>\n<a href=\"https:\/\/pushpay.com\/g\/nlrogerspark\" target=\"_blank\" rel=\"noopener\">Rogers Park &gt;<\/a><br \/>\n<a href=\"https:\/\/pushpay.com\/g\/nlvillapark\" target=\"_blank\" rel=\"noopener\">Villa Park &gt;<\/a><br \/>\n<h3>Choose a Ministry:<\/h3><br \/>\n<a href=\"https:\/\/pushpay.com\/g\/nlmissionaries\" target=\"_blank\" rel=\"noopener\">Missionary Support &gt;<\/a><br \/>\n<a href=\"https:\/\/pushpay.com\/g\/nlpastors\" target=\"_blank\" rel=\"noopener\">Pastoral Support &gt;<\/a><br \/>\n<a href=\"https:\/\/pushpay.com\/g\/nlministries\" target=\"_blank\" rel=\"noopener\">New Life Centers &gt;<\/a><br \/>\n<a href=\"https:\/\/pushpay.com\/g\/newlifecommunitychurchchicago\" target=\"_blank\" rel=\"noopener\">Major Needs Benevolence &gt;<\/a><br \/>\t\t\n<h1>\n\t\t\tDar es un acto de  <em>adoraci\u00f3n<\/em>  y reflejo de tu vida <em>espiritual<\/em> .\t<\/h1>\n\t\t\t\t<img decoding=\"async\" src=\"https:\/\/newlifecommunity.church\/wp-content\/uploads\/2021\/06\/lovegodlovepeople.jpg\" alt=\"lovegodlovepeople\" itemprop=\"image\" height=\"624\" width=\"1640\" title=\"lovegodlovepeople\" onerror=\"this.style.display='none'\" loading=\"lazy\" \/>\n<h1>\n\t\t\tTransparencia Financiera\t<\/h1>\n\t<p>Como iglesia, mantenemos un alto nivel de responsabilidad b\u00edblica, transparencia financiera e integridad en el uso de diezmos y ofrendas. Nuestro equipo de personal de finanzas se somete a una auditor\u00eda externa cada a\u00f1o para asegurar la administraci\u00f3n apropiada de los recursos de nuestra iglesia. Si tiene alguna pregunta, por favor p\u00f3ngase en contacto con nuestra oficina en\u00a0 <a href=\"mailto:info@newlifechicago.org\">info@newlifechicago.org<\/a>.<\/p>\n\t\t<iframe loading=\"lazy\" title=\"Revisi\u00f3n del A\u00f1o 2020 | Iglesia Comunidad Nueva Vida\" width=\"500\" height=\"281\" src=\"https:\/\/www.youtube.com\/embed\/OCrCqdX8IqU?feature=oembed\" frameborder=\"0\" allow=\"accelerometer; autoplay; clipboard-write; encrypted-media; gyroscope; picture-in-picture; web-share\" referrerpolicy=\"strict-origin-when-cross-origin\" allowfullscreen><\/iframe>\t\n<h1>\n\t\t\tRespuestas a Preguntas Frecuentes\t<\/h1>\n\t<p>\u00bfTiene alguna pregunta sobre c\u00f3mo dar? Aqu\u00ed hay respuestas a preguntas frecuentes para ayudarle.<\/p>\n\t\t\t\t\t<a href=\"#\"  id=\"fl-accordion--label-0\" tabindex=\"0\" aria-controls=\"fl-accordion--panel-0\">\u00bfHay m\u00e1s maneras para dar?<\/a>\n\t\t\t\t\t\t\t\t\t\t\t<a href=\"#\" id=\"fl-accordion--icon-0\"  tabindex=\"0\"><i title=\"Expandir\">Expandir<\/i><\/a>\n\t\t\t\t\t<p><strong>Pagos Bancarios en L\u00ednea \/ Cheques por Correo<\/strong><\/p>\n<p>Nuestra oficina puede recibir un cheque de su cuenta bancaria a trav\u00e9s del correo. Tambi\u00e9n puede escribir y enviar un cheque personal por correo a nuestra oficina.<\/p>\n<ul>\n<li>Visite el sitio web de su cuenta bancaria e inicie sesi\u00f3n.<\/li>\n<li>Haga clic en el Servicio de Pago de Facturas o en Pagos y Transferencias.<\/li>\n<li>Seleccione &#8220;A\u00f1adir una empresa o beneficiario&#8221; y agregue:<br \/>\nIglesia Comunidad Nueva Vida<br \/>\n4101 W 51st St, Chicago, IL 60632<\/li>\n<li>Escriba en la nota o el memo del cheque: &#8220;Donaci\u00f3n para NV __________&#8221; y el nombre de su congregaci\u00f3n.<\/li>\n<\/ul>\n<p><strong>Dar por Tel\u00e9fono<\/strong><\/p>\n<p>Si no puede conectarse a Internet, nuestro equipo est\u00e1 disponible para ayudarle a dar por tel\u00e9fono. Comun\u00edquese con nuestra oficina al 773-362-5398 o 773-645-1228 entre las 8:30 am y las 5:00 pm, de lunes a viernes.<\/p>\n\t\t\t\t\t<a href=\"#\"  id=\"fl-accordion--label-1\" tabindex=\"0\" aria-controls=\"fl-accordion--panel-1\">\u00bfMis ofrendas son deducibles de impuestos?<\/a>\n\t\t\t\t\t\t\t\t\t\t\t<a href=\"#\" id=\"fl-accordion--icon-1\"  tabindex=\"0\"><i title=\"Expandir\">Expandir<\/i><\/a>\n\t\t\t\t\t<p>S\u00ed, New Life Community Church es una organizaci\u00f3n sin fines de lucro 501(c)(3), y sus donaciones son deducibles de impuestos en la m\u00e1xima medida, permitida por la ley.<\/p>\n\t\t\t\t\t<a href=\"#\"  id=\"fl-accordion--label-2\" tabindex=\"0\" aria-controls=\"fl-accordion--panel-2\">\u00bfRecibir\u00e9 alg\u00fan tipo de registro de mis ofrendas?<\/a>\n\t\t\t\t\t\t\t\t\t\t\t<a href=\"#\" id=\"fl-accordion--icon-2\"  tabindex=\"0\"><i title=\"Expandir\">Expandir<\/i><\/a>\n\t\t\t\t\t<p>Se le enviar\u00e1 por correo una Declaraci\u00f3n de Contribuciones cada enero, con sus contribuciones del a\u00f1o calendario anterior. Nuestra capacidad de proporcionarle un estado de cuenta se basa en tener su informaci\u00f3n actualizada.<\/p>\n<p>Si has dado una contribuci\u00f3n por medio de la aplicaci\u00f3n o sitio web de New Life, utilizaremos la direcci\u00f3n del correo electr\u00f3nico asociado a su cuenta de Pushpay. Puede enviar un correo electr\u00f3nico a info@newlifechicago.org para proveer informaci\u00f3n de contacto actualizada.<\/p>\n<p>Puede ver su historial de donaciones actual en cualquier momento, iniciando sesi\u00f3n en su cuenta de Pushpay en l\u00ednea: https:\/\/pushpay.com\/login<\/p>\n\t\t\t\t\t<a href=\"#\"  id=\"fl-accordion--label-3\" tabindex=\"0\" aria-controls=\"fl-accordion--panel-3\">\u00bfCu\u00e1l es la fecha l\u00edmite para contribuciones anuales?<\/a>\n\t\t\t\t\t\t\t\t\t\t\t<a href=\"#\" id=\"fl-accordion--icon-3\"  tabindex=\"0\"><i title=\"Expandir\">Expandir<\/i><\/a>\n\t\t\t\t\t<p>Cualquier contribuci\u00f3n en efectivo y cheque debe recibirse o tener el sello postal antes del 31 de diciembre para ser incluida en su estado de cuenta de ese a\u00f1o. Las transacciones en l\u00ednea deben iniciarse antes de las 11:59 pm del 31 de diciembre para ser incluidas.<\/p>\n\t<p><em>Su contribuci\u00f3n sera recibida con el entendimiento que la Iglesia Comunidad Nueva Vida (New Life Community Church) tiene la discreci\u00f3n administrativa para usar los fondos donados como lo considere apropiado para el ministerio. Gracias por su contribuci\u00f3n.<\/em><\/p>","protected":false},"excerpt":{"rendered":"<p>Generosidad R\u00e1pido. F\u00e1cil. Seguro. DAR Choose a Location: Albany Park &gt; Blue Island &gt; Bridgeport English &gt; Bridgeport Mandarin &gt; Brighton Park Espa\u00f1ol &gt; Cicero English &gt; Cicero Espa\u00f1ol &gt; East Humboldt Park &gt; East Side English &gt; East Side Espa\u00f1ol &gt; Elgin &gt; Hammond English &gt; Hammond Espa\u00f1ol &gt; Hobart English &gt; Hobart Espa\u00f1ol&hellip;<\/p>","protected":false},"author":2,"featured_media":434,"parent":0,"menu_order":0,"comment_status":"closed","ping_status":"closed","template":"","meta":{"_acf_changed":false,"_monsterinsights_skip_tracking":false,"_monsterinsights_sitenote_active":false,"_monsterinsights_sitenote_note":"","_monsterinsights_sitenote_category":0,"footnotes":""},"categories":[],"tags":[],"class_list":["post-495","page","type-page","status-publish","has-post-thumbnail","hentry"],"acf":[],"yoast_head":"<!-- This site is optimized with the Yoast SEO plugin v27.5 - https:\/\/yoast.com\/product\/yoast-seo-wordpress\/ -->\n<title>When you give, you are giving to support the church AND your neighborhood.<\/title>\n<meta name=\"description\" content=\"New Life gives back generously throughout Chicago, impacting lives and neighborhoods throughout our many Chicagoland locations that are just for you.\" \/>\n<meta name=\"robots\" content=\"index, follow, max-snippet:-1, max-image-preview:large, max-video-preview:-1\" \/>\n<link rel=\"canonical\" href=\"https:\/\/newlifecommunity.church\/es\/dar\/\" \/>\n<meta property=\"og:locale\" content=\"es_MX\" \/>\n<meta property=\"og:type\" content=\"article\" \/>\n<meta property=\"og:title\" content=\"When you give, you are giving to support the church AND your neighborhood.\" \/>\n<meta property=\"og:description\" content=\"New Life gives back generously throughout Chicago, impacting lives and neighborhoods throughout our many Chicagoland locations that are just for you.\" \/>\n<meta property=\"og:url\" content=\"https:\/\/newlifecommunity.church\/es\/dar\/\" \/>\n<meta property=\"og:site_name\" content=\"New Life Community Church\" \/>\n<meta property=\"article:publisher\" content=\"https:\/\/facebook.com\/newlifechicago\" \/>\n<meta property=\"article:modified_time\" content=\"2025-08-20T16:27:51+00:00\" \/>\n<meta property=\"og:image\" content=\"https:\/\/newlifecommunity.church\/wp-content\/uploads\/2018\/07\/location-header.jpg\" \/>\n\t<meta property=\"og:image:width\" content=\"1920\" \/>\n\t<meta property=\"og:image:height\" content=\"1080\" \/>\n\t<meta property=\"og:image:type\" content=\"image\/jpeg\" \/>\n<meta name=\"twitter:card\" content=\"summary_large_image\" \/>\n<meta name=\"twitter:site\" content=\"@newlifechicago\" \/>\n<meta name=\"twitter:label1\" content=\"Tiempo de lectura\" \/>\n\t<meta name=\"twitter:data1\" content=\"3 minutos\" \/>\n<script type=\"application\/ld+json\" class=\"yoast-schema-graph\">{\"@context\":\"https:\\\/\\\/schema.org\",\"@graph\":[{\"@type\":\"WebPage\",\"@id\":\"https:\\\/\\\/newlifecommunity.church\\\/dar\\\/\",\"url\":\"https:\\\/\\\/newlifecommunity.church\\\/dar\\\/\",\"name\":\"When you give, you are giving to support the church AND your neighborhood.\",\"isPartOf\":{\"@id\":\"https:\\\/\\\/newlifecommunity.church\\\/#website\"},\"primaryImageOfPage\":{\"@id\":\"https:\\\/\\\/newlifecommunity.church\\\/dar\\\/#primaryimage\"},\"image\":{\"@id\":\"https:\\\/\\\/newlifecommunity.church\\\/dar\\\/#primaryimage\"},\"thumbnailUrl\":\"https:\\\/\\\/newlifecommunity.church\\\/wp-content\\\/uploads\\\/2018\\\/07\\\/location-header.jpg\",\"datePublished\":\"2018-08-02T19:36:16+00:00\",\"dateModified\":\"2025-08-20T16:27:51+00:00\",\"description\":\"New Life gives back generously throughout Chicago, impacting lives and neighborhoods throughout our many Chicagoland locations that are just for you.\",\"breadcrumb\":{\"@id\":\"https:\\\/\\\/newlifecommunity.church\\\/dar\\\/#breadcrumb\"},\"inLanguage\":\"es-MX\",\"potentialAction\":[{\"@type\":\"ReadAction\",\"target\":[\"https:\\\/\\\/newlifecommunity.church\\\/dar\\\/\"]}]},{\"@type\":\"ImageObject\",\"inLanguage\":\"es-MX\",\"@id\":\"https:\\\/\\\/newlifecommunity.church\\\/dar\\\/#primaryimage\",\"url\":\"https:\\\/\\\/newlifecommunity.church\\\/wp-content\\\/uploads\\\/2018\\\/07\\\/location-header.jpg\",\"contentUrl\":\"https:\\\/\\\/newlifecommunity.church\\\/wp-content\\\/uploads\\\/2018\\\/07\\\/location-header.jpg\",\"width\":\"1920\",\"height\":\"1080\",\"caption\":\"We make it easy for you to give and be involved.\"},{\"@type\":\"BreadcrumbList\",\"@id\":\"https:\\\/\\\/newlifecommunity.church\\\/dar\\\/#breadcrumb\",\"itemListElement\":[{\"@type\":\"ListItem\",\"position\":1,\"name\":\"Home\",\"item\":\"https:\\\/\\\/newlifecommunity.church\\\/\"},{\"@type\":\"ListItem\",\"position\":2,\"name\":\"Dar\"}]},{\"@type\":\"WebSite\",\"@id\":\"https:\\\/\\\/newlifecommunity.church\\\/#website\",\"url\":\"https:\\\/\\\/newlifecommunity.church\\\/\",\"name\":\"New Life Community Church\",\"description\":\"One Church, Many Locations\",\"publisher\":{\"@id\":\"https:\\\/\\\/newlifecommunity.church\\\/#organization\"},\"potentialAction\":[{\"@type\":\"SearchAction\",\"target\":{\"@type\":\"EntryPoint\",\"urlTemplate\":\"https:\\\/\\\/newlifecommunity.church\\\/?s={search_term_string}\"},\"query-input\":{\"@type\":\"PropertyValueSpecification\",\"valueRequired\":true,\"valueName\":\"search_term_string\"}}],\"inLanguage\":\"es-MX\"},{\"@type\":\"Organization\",\"@id\":\"https:\\\/\\\/newlifecommunity.church\\\/#organization\",\"name\":\"New Life Community Church\",\"url\":\"https:\\\/\\\/newlifecommunity.church\\\/\",\"logo\":{\"@type\":\"ImageObject\",\"inLanguage\":\"es-MX\",\"@id\":\"https:\\\/\\\/newlifecommunity.church\\\/#\\\/schema\\\/logo\\\/image\\\/\",\"url\":\"https:\\\/\\\/newlifecommunity.church\\\/wp-content\\\/uploads\\\/2022\\\/02\\\/NewLife_RGB_Primary.png\",\"contentUrl\":\"https:\\\/\\\/newlifecommunity.church\\\/wp-content\\\/uploads\\\/2022\\\/02\\\/NewLife_RGB_Primary.png\",\"width\":6250,\"height\":2151,\"caption\":\"New Life Community Church\"},\"image\":{\"@id\":\"https:\\\/\\\/newlifecommunity.church\\\/#\\\/schema\\\/logo\\\/image\\\/\"},\"sameAs\":[\"https:\\\/\\\/facebook.com\\\/newlifechicago\",\"https:\\\/\\\/x.com\\\/newlifechicago\",\"https:\\\/\\\/www.linkedin.com\\\/company\\\/newlifechicago\",\"https:\\\/\\\/www.youtube.com\\\/newlifemidway\",\"https:\\\/\\\/www.instagram.com\\\/newlifechicago\\\/\"]}]}<\/script>\n<!-- \/ Yoast SEO plugin. -->","yoast_head_json":{"title":"When you give, you are giving to support the church AND your neighborhood.","description":"New Life gives back generously throughout Chicago, impacting lives and neighborhoods throughout our many Chicagoland locations that are just for you.","robots":{"index":"index","follow":"follow","max-snippet":"max-snippet:-1","max-image-preview":"max-image-preview:large","max-video-preview":"max-video-preview:-1"},"canonical":"https:\/\/newlifecommunity.church\/es\/dar\/","og_locale":"es_MX","og_type":"article","og_title":"When you give, you are giving to support the church AND your neighborhood.","og_description":"New Life gives back generously throughout Chicago, impacting lives and neighborhoods throughout our many Chicagoland locations that are just for you.","og_url":"https:\/\/newlifecommunity.church\/es\/dar\/","og_site_name":"New Life Community Church","article_publisher":"https:\/\/facebook.com\/newlifechicago","article_modified_time":"2025-08-20T16:27:51+00:00","og_image":[{"width":1920,"height":1080,"url":"https:\/\/newlifecommunity.church\/wp-content\/uploads\/2018\/07\/location-header.jpg","type":"image\/jpeg"}],"twitter_card":"summary_large_image","twitter_site":"@newlifechicago","twitter_misc":{"Tiempo de lectura":"3 minutos"},"schema":{"@context":"https:\/\/schema.org","@graph":[{"@type":"WebPage","@id":"https:\/\/newlifecommunity.church\/dar\/","url":"https:\/\/newlifecommunity.church\/dar\/","name":"When you give, you are giving to support the church AND your neighborhood.","isPartOf":{"@id":"https:\/\/newlifecommunity.church\/#website"},"primaryImageOfPage":{"@id":"https:\/\/newlifecommunity.church\/dar\/#primaryimage"},"image":{"@id":"https:\/\/newlifecommunity.church\/dar\/#primaryimage"},"thumbnailUrl":"https:\/\/newlifecommunity.church\/wp-content\/uploads\/2018\/07\/location-header.jpg","datePublished":"2018-08-02T19:36:16+00:00","dateModified":"2025-08-20T16:27:51+00:00","description":"New Life gives back generously throughout Chicago, impacting lives and neighborhoods throughout our many Chicagoland locations that are just for you.","breadcrumb":{"@id":"https:\/\/newlifecommunity.church\/dar\/#breadcrumb"},"inLanguage":"es-MX","potentialAction":[{"@type":"ReadAction","target":["https:\/\/newlifecommunity.church\/dar\/"]}]},{"@type":"ImageObject","inLanguage":"es-MX","@id":"https:\/\/newlifecommunity.church\/dar\/#primaryimage","url":"https:\/\/newlifecommunity.church\/wp-content\/uploads\/2018\/07\/location-header.jpg","contentUrl":"https:\/\/newlifecommunity.church\/wp-content\/uploads\/2018\/07\/location-header.jpg","width":"1920","height":"1080","caption":"We make it easy for you to give and be involved."},{"@type":"BreadcrumbList","@id":"https:\/\/newlifecommunity.church\/dar\/#breadcrumb","itemListElement":[{"@type":"ListItem","position":1,"name":"Home","item":"https:\/\/newlifecommunity.church\/"},{"@type":"ListItem","position":2,"name":"Dar"}]},{"@type":"WebSite","@id":"https:\/\/newlifecommunity.church\/#website","url":"https:\/\/newlifecommunity.church\/","name":"Iglesia Comunidad Nueva Vida","description":"Una iglesia, por toda la ciudad","publisher":{"@id":"https:\/\/newlifecommunity.church\/#organization"},"potentialAction":[{"@type":"SearchAction","target":{"@type":"EntryPoint","urlTemplate":"https:\/\/newlifecommunity.church\/?s={search_term_string}"},"query-input":{"@type":"PropertyValueSpecification","valueRequired":true,"valueName":"search_term_string"}}],"inLanguage":"es-MX"},{"@type":"Organization","@id":"https:\/\/newlifecommunity.church\/#organization","name":"Iglesia Comunidad Nueva Vida","url":"https:\/\/newlifecommunity.church\/","logo":{"@type":"ImageObject","inLanguage":"es-MX","@id":"https:\/\/newlifecommunity.church\/#\/schema\/logo\/image\/","url":"https:\/\/newlifecommunity.church\/wp-content\/uploads\/2022\/02\/NewLife_RGB_Primary.png","contentUrl":"https:\/\/newlifecommunity.church\/wp-content\/uploads\/2022\/02\/NewLife_RGB_Primary.png","width":6250,"height":2151,"caption":"New Life Community Church"},"image":{"@id":"https:\/\/newlifecommunity.church\/#\/schema\/logo\/image\/"},"sameAs":["https:\/\/facebook.com\/newlifechicago","https:\/\/x.com\/newlifechicago","https:\/\/www.linkedin.com\/company\/newlifechicago","https:\/\/www.youtube.com\/newlifemidway","https:\/\/www.instagram.com\/newlifechicago\/"]}]}},"_links":{"self":[{"href":"https:\/\/newlifecommunity.church\/es\/wp-json\/wp\/v2\/pages\/495","targetHints":{"allow":["GET"]}}],"collection":[{"href":"https:\/\/newlifecommunity.church\/es\/wp-json\/wp\/v2\/pages"}],"about":[{"href":"https:\/\/newlifecommunity.church\/es\/wp-json\/wp\/v2\/types\/page"}],"author":[{"embeddable":true,"href":"https:\/\/newlifecommunity.church\/es\/wp-json\/wp\/v2\/users\/2"}],"replies":[{"embeddable":true,"href":"https:\/\/newlifecommunity.church\/es\/wp-json\/wp\/v2\/comments?post=495"}],"version-history":[{"count":0,"href":"https:\/\/newlifecommunity.church\/es\/wp-json\/wp\/v2\/pages\/495\/revisions"}],"wp:featuredmedia":[{"embeddable":true,"href":"https:\/\/newlifecommunity.church\/es\/wp-json\/wp\/v2\/media\/434"}],"wp:attachment":[{"href":"https:\/\/newlifecommunity.church\/es\/wp-json\/wp\/v2\/media?parent=495"}],"wp:term":[{"taxonomy":"category","embeddable":true,"href":"https:\/\/newlifecommunity.church\/es\/wp-json\/wp\/v2\/categories?post=495"},{"taxonomy":"post_tag","embeddable":true,"href":"https:\/\/newlifecommunity.church\/es\/wp-json\/wp\/v2\/tags?post=495"}],"curies":[{"name":"wp","href":"https:\/\/api.w.org\/{rel}","templated":true}]}}