{"id":496,"date":"2018-08-02T19:37:21","date_gmt":"2018-08-02T19:37:21","guid":{"rendered":"http:\/\/newlifechicago.wpengine.com\/?page_id=496"},"modified":"2021-05-11T13:32:11","modified_gmt":"2021-05-11T13:32:11","slug":"congregaciones","status":"publish","type":"page","link":"https:\/\/newlifecommunity.church\/es\/congregaciones\/","title":{"rendered":"Congregaciones"},"content":{"rendered":"<h1>\n\t\tUNA IGLESIA | M\u00daLTIPLES CONGREGACIONES\n\t<\/h1>\n\t<p>Nos congregamos en varios lugares alrededor del \u00e1rea de Chicago y globalmente. No importa de donde seas, te invitamos a nuestras celebraciones de adoraci\u00f3n en persona o en l\u00ednea.<\/p>\n\t\t\t<a href=\"#locations\" target=\"_self\" role=\"button\" rel=\"noopener\">\n\t\t\t\t\t\tVER MAPA\n\t\t\t\t\t<\/a>\n\t<style>\r\n\t#wpsl-stores .wpsl-store-thumb {height:45px !important; width:45px !important;}\r\n\t#wpsl-stores, #wpsl-direction-details, #wpsl-gmap {height:900px !important;}\r\n\t#wpsl-gmap .wpsl-info-window {max-width:450px !important;}\r\n\t.wpsl-input label, #wpsl-radius label, #wpsl-category label {width:95px;}\r\n\t#wpsl-search-input  {width:179px;}\r\n<\/style>\r\n<div id=\"wpsl-wrap\">\r\n\t<div class=\"wpsl-search wpsl-clearfix\">\r\n\t\t<div id=\"wpsl-search-wrap\">\r\n\t\t\t<form autocomplete=\"off\" action=\"\">\r\n\t\t\t<div class=\"wpsl-input\">\r\n\t\t\t\t<div><label for=\"wpsl-search-input\">C\u00f3digo Postal<\/label><\/div>\r\n\t\t\t\t<input id=\"wpsl-search-input\" type=\"text\" value=\"\" name=\"wpsl-search-input\" placeholder=\"\" aria-required=\"true\" \/>\r\n\t\t\t<\/div>\r\n\t\t\t<div class=\"wpsl-select-wrap\">\r\n\t\t\t\t<div id=\"wpsl-radius\">\r\n\t\t\t\t\t<label for=\"wpsl-radius-dropdown\">Radio de<\/label>\r\n\t\t\t\t\t<select id=\"wpsl-radius-dropdown\" class=\"wpsl-dropdown\" name=\"wpsl-radius\">\r\n\t\t\t\t\t\t<option selected=\"selected\" value=\"10\">10 mi<\/option><option value=\"10\">10 mi<\/option><option value=\"25\">25 mi<\/option><option value=\"50\">50 mi<\/option><option value=\"100\">100 mi<\/option>\r\n\t\t\t\t\t<\/select>\r\n\t\t\t\t<\/div>\r\n\t\t\t\t<div id=\"wpsl-results\">\r\n\t\t\t\t\t<label for=\"wpsl-results-dropdown\">Resultados<\/label>\r\n\t\t\t\t\t<select id=\"wpsl-results-dropdown\" class=\"wpsl-dropdown\" name=\"wpsl-results\">\r\n\t\t\t\t\t\t<option selected=\"selected\" value=\"10\">10<\/option><option value=\"10\">10<\/option><option value=\"15\">15<\/option><option value=\"20\">20<\/option><option value=\"25\">25<\/option><option value=\"30\">30<\/option>\r\n\t\t\t\t\t<\/select>\r\n\t\t\t\t<\/div>\r\n\t\t\t<\/div>\r\n\t\t\t\t<div class=\"wpsl-search-btn-wrap\"><input id=\"wpsl-search-btn\" type=\"submit\" value=\"Buscar\"><\/div>\r\n\t\t<input type=\"hidden\" name=\"trp-form-language\" value=\"es\"\/><\/form>\r\n\t\t<\/div>\r\n\t<\/div>\r\n\t<div id=\"wpsl-gmap\" class=\"wpsl-gmap-canvas\"><\/div>\r\n\t<div id=\"wpsl-result-list\">\r\n\t\t<div id=\"wpsl-stores\" >\r\n\t\t\t<ul><\/ul>\r\n\t\t<\/div>\r\n\t\t<div id=\"wpsl-direction-details\">\r\n\t\t\t<ul><\/ul>\r\n\t\t<\/div>\r\n\t<\/div>\r\n<\/div>\r\n\n<h1>\n\t\tExpectativas\n\t<\/h1>\n\t<p>Nuestro deseo es que usted forme parte de todo lo que Dios est\u00e1 haciendo aqu\u00ed en la Iglesia Comunidad Nueva Vida. Hay tres cosas que pueden esperar al visitarnos.<\/p>\n\t\t\t<a href=\"#\" id=\"fl-accordion--label-0\" tabindex=\"0\" aria-controls=\"fl-accordion--panel-0\"><b>Su Primer Visita<\/b><\/a>\n\t\t\t\t\t\t\t<a href=\"#\" id=\"fl-accordion--icon-0\" tabindex=\"0\" aria-controls=\"fl-accordion--panel-0\"><i>Expandir<\/i><\/a>\n\t\t<p>Sabemos que visitar un nuevo lugar por primera vez puede ser intimidante. \u00a1Pero en la Iglesia Comunidad Nueva Vida, nuestro deseo es que usted se sienta como en casa! Como invitado por primera vez, usted es VIP para nosotros, \u00a1as\u00ed que estaremos all\u00ed con usted en cada paso del camino!<\/p>\n\t\t\t<a href=\"#\" id=\"fl-accordion--label-0\" tabindex=\"0\" aria-controls=\"fl-accordion--panel-0\"><b>Se Tu Mismo<\/b><\/a>\n\t\t\t\t\t\t\t<a href=\"#\" id=\"fl-accordion--icon-0\" tabindex=\"0\" aria-controls=\"fl-accordion--panel-0\"><i>Expandir<\/i><\/a>\n\t\t<p>En la Iglesia Comunidad Nueva Vida, no hay c\u00f3digo estricto de vestimenta. Algunas personas asisten con vestido y traje, mientras otros con playera y jeans. \u00a1Si\u00e9ntete c\u00f3modo y en familia!<\/p>\n\t\t\t<a href=\"#\" id=\"fl-accordion--label-0\" tabindex=\"0\" aria-controls=\"fl-accordion--panel-0\"><b>Traiga a sus Hijos<\/b><\/a>\n\t\t\t\t\t\t\t<a href=\"#\" id=\"fl-accordion--icon-0\" tabindex=\"0\" aria-controls=\"fl-accordion--panel-0\"><i>Expandir<\/i><\/a>\n\t\t<p>Nuestra Escuela Dominical est\u00e1 disponible para ni\u00f1os\u00a0desde reci\u00e9n nacidos hasta 6\u00ba grado. El cuidado y crecimiento espiritual de los ni\u00f1os es nuestra prioridad y pasi\u00f3n, a trav\u00e9s de lecciones b\u00edblicas e interactivas. La Escuela Dominical se lleva a cabo durante cada celebraci\u00f3n asi usted puede disfrutar del servicio.<\/p>\n\t\t\t<a href=\"#locations\" target=\"_self\" role=\"button\" rel=\"noopener\">\n\t\t\t\t\t\tENCUENTRE UNA CONGREGACI\u00d3N\n\t\t\t\t\t<\/a>","protected":false},"excerpt":{"rendered":"<p>UNA IGLESIA | M\u00daLTIPLES CONGREGACIONES Nos congregamos en varios lugares alrededor del \u00e1rea de Chicago y globalmente. No importa de donde seas, te invitamos a nuestras celebraciones de adoraci\u00f3n en persona o en l\u00ednea. VER MAPA Expectativas Nuestro deseo es que usted forme parte de todo lo que Dios est\u00e1 haciendo aqu\u00ed en la Iglesia&hellip;<\/p>","protected":false},"author":2,"featured_media":370,"parent":0,"menu_order":0,"comment_status":"closed","ping_status":"closed","template":"","meta":{"_acf_changed":false,"_monsterinsights_skip_tracking":false,"_monsterinsights_sitenote_active":false,"_monsterinsights_sitenote_note":"","_monsterinsights_sitenote_category":0,"footnotes":""},"categories":[],"tags":[],"class_list":["post-496","page","type-page","status-publish","has-post-thumbnail","hentry"],"acf":[],"yoast_head":"<!-- This site is optimized with the Yoast SEO plugin v27.3 - https:\/\/yoast.com\/product\/yoast-seo-wordpress\/ -->\n<title>New Life has locations throughout Chicago for your family, friends, and neighbors.<\/title>\n<meta name=\"description\" content=\"With over twenty locations throughout Chicagoland, New Life has a church right around the corner that looks and feels like you and your neighborhood.\" \/>\n<meta name=\"robots\" content=\"index, follow, max-snippet:-1, max-image-preview:large, max-video-preview:-1\" \/>\n<link rel=\"canonical\" href=\"https:\/\/newlifecommunity.church\/es\/congregaciones\/\" \/>\n<meta property=\"og:locale\" content=\"es_MX\" \/>\n<meta property=\"og:type\" content=\"article\" \/>\n<meta property=\"og:title\" content=\"New Life has locations throughout Chicago for your family, friends, and neighbors.\" \/>\n<meta property=\"og:description\" content=\"With over twenty locations throughout Chicagoland, New Life has a church right around the corner that looks and feels like you and your neighborhood.\" \/>\n<meta property=\"og:url\" content=\"https:\/\/newlifecommunity.church\/es\/congregaciones\/\" \/>\n<meta property=\"og:site_name\" content=\"New Life Community Church\" \/>\n<meta property=\"article:publisher\" content=\"https:\/\/facebook.com\/newlifechicago\" \/>\n<meta property=\"article:modified_time\" content=\"2021-05-11T13:32:11+00:00\" \/>\n<meta property=\"og:image\" content=\"https:\/\/newlifecommunity.church\/wp-content\/uploads\/2018\/07\/websiteheader-4.jpg\" \/>\n\t<meta property=\"og:image:width\" content=\"1920\" \/>\n\t<meta property=\"og:image:height\" content=\"1280\" \/>\n\t<meta property=\"og:image:type\" content=\"image\/jpeg\" \/>\n<meta name=\"twitter:card\" content=\"summary_large_image\" \/>\n<meta name=\"twitter:site\" content=\"@newlifechicago\" \/>\n<meta name=\"twitter:label1\" content=\"Tiempo de lectura\" \/>\n\t<meta name=\"twitter:data1\" content=\"1 minuto\" \/>\n<script type=\"application\/ld+json\" class=\"yoast-schema-graph\">{\"@context\":\"https:\\\/\\\/schema.org\",\"@graph\":[{\"@type\":\"WebPage\",\"@id\":\"https:\\\/\\\/newlifecommunity.church\\\/congregaciones\\\/\",\"url\":\"https:\\\/\\\/newlifecommunity.church\\\/congregaciones\\\/\",\"name\":\"New Life has locations throughout Chicago for your family, friends, and neighbors.\",\"isPartOf\":{\"@id\":\"https:\\\/\\\/newlifecommunity.church\\\/#website\"},\"primaryImageOfPage\":{\"@id\":\"https:\\\/\\\/newlifecommunity.church\\\/congregaciones\\\/#primaryimage\"},\"image\":{\"@id\":\"https:\\\/\\\/newlifecommunity.church\\\/congregaciones\\\/#primaryimage\"},\"thumbnailUrl\":\"https:\\\/\\\/newlifecommunity.church\\\/wp-content\\\/uploads\\\/2018\\\/07\\\/websiteheader-4.jpg\",\"datePublished\":\"2018-08-02T19:37:21+00:00\",\"dateModified\":\"2021-05-11T13:32:11+00:00\",\"description\":\"With over twenty locations throughout Chicagoland, New Life has a church right around the corner that looks and feels like you and your neighborhood.\",\"breadcrumb\":{\"@id\":\"https:\\\/\\\/newlifecommunity.church\\\/congregaciones\\\/#breadcrumb\"},\"inLanguage\":\"es-MX\",\"potentialAction\":[{\"@type\":\"ReadAction\",\"target\":[\"https:\\\/\\\/newlifecommunity.church\\\/congregaciones\\\/\"]}]},{\"@type\":\"ImageObject\",\"inLanguage\":\"es-MX\",\"@id\":\"https:\\\/\\\/newlifecommunity.church\\\/congregaciones\\\/#primaryimage\",\"url\":\"https:\\\/\\\/newlifecommunity.church\\\/wp-content\\\/uploads\\\/2018\\\/07\\\/websiteheader-4.jpg\",\"contentUrl\":\"https:\\\/\\\/newlifecommunity.church\\\/wp-content\\\/uploads\\\/2018\\\/07\\\/websiteheader-4.jpg\",\"width\":\"1920\",\"height\":\"1280\",\"caption\":\"We have over 20 locations.\"},{\"@type\":\"BreadcrumbList\",\"@id\":\"https:\\\/\\\/newlifecommunity.church\\\/congregaciones\\\/#breadcrumb\",\"itemListElement\":[{\"@type\":\"ListItem\",\"position\":1,\"name\":\"Home\",\"item\":\"https:\\\/\\\/newlifecommunity.church\\\/\"},{\"@type\":\"ListItem\",\"position\":2,\"name\":\"Congregaciones\"}]},{\"@type\":\"WebSite\",\"@id\":\"https:\\\/\\\/newlifecommunity.church\\\/#website\",\"url\":\"https:\\\/\\\/newlifecommunity.church\\\/\",\"name\":\"New Life Community Church\",\"description\":\"One Church, Many Locations\",\"publisher\":{\"@id\":\"https:\\\/\\\/newlifecommunity.church\\\/#organization\"},\"potentialAction\":[{\"@type\":\"SearchAction\",\"target\":{\"@type\":\"EntryPoint\",\"urlTemplate\":\"https:\\\/\\\/newlifecommunity.church\\\/?s={search_term_string}\"},\"query-input\":{\"@type\":\"PropertyValueSpecification\",\"valueRequired\":true,\"valueName\":\"search_term_string\"}}],\"inLanguage\":\"es-MX\"},{\"@type\":\"Organization\",\"@id\":\"https:\\\/\\\/newlifecommunity.church\\\/#organization\",\"name\":\"New Life Community Church\",\"url\":\"https:\\\/\\\/newlifecommunity.church\\\/\",\"logo\":{\"@type\":\"ImageObject\",\"inLanguage\":\"es-MX\",\"@id\":\"https:\\\/\\\/newlifecommunity.church\\\/#\\\/schema\\\/logo\\\/image\\\/\",\"url\":\"https:\\\/\\\/newlifecommunity.church\\\/wp-content\\\/uploads\\\/2022\\\/02\\\/NewLife_RGB_Primary.png\",\"contentUrl\":\"https:\\\/\\\/newlifecommunity.church\\\/wp-content\\\/uploads\\\/2022\\\/02\\\/NewLife_RGB_Primary.png\",\"width\":6250,\"height\":2151,\"caption\":\"New Life Community Church\"},\"image\":{\"@id\":\"https:\\\/\\\/newlifecommunity.church\\\/#\\\/schema\\\/logo\\\/image\\\/\"},\"sameAs\":[\"https:\\\/\\\/facebook.com\\\/newlifechicago\",\"https:\\\/\\\/x.com\\\/newlifechicago\",\"https:\\\/\\\/www.linkedin.com\\\/company\\\/newlifechicago\",\"https:\\\/\\\/www.youtube.com\\\/newlifemidway\",\"https:\\\/\\\/www.instagram.com\\\/newlifechicago\\\/\"]}]}<\/script>\n<!-- \/ Yoast SEO plugin. -->","yoast_head_json":{"title":"New Life has locations throughout Chicago for your family, friends, and neighbors.","description":"With over twenty locations throughout Chicagoland, New Life has a church right around the corner that looks and feels like you and your neighborhood.","robots":{"index":"index","follow":"follow","max-snippet":"max-snippet:-1","max-image-preview":"max-image-preview:large","max-video-preview":"max-video-preview:-1"},"canonical":"https:\/\/newlifecommunity.church\/es\/congregaciones\/","og_locale":"es_MX","og_type":"article","og_title":"New Life has locations throughout Chicago for your family, friends, and neighbors.","og_description":"With over twenty locations throughout Chicagoland, New Life has a church right around the corner that looks and feels like you and your neighborhood.","og_url":"https:\/\/newlifecommunity.church\/es\/congregaciones\/","og_site_name":"New Life Community Church","article_publisher":"https:\/\/facebook.com\/newlifechicago","article_modified_time":"2021-05-11T13:32:11+00:00","og_image":[{"width":1920,"height":1280,"url":"https:\/\/newlifecommunity.church\/wp-content\/uploads\/2018\/07\/websiteheader-4.jpg","type":"image\/jpeg"}],"twitter_card":"summary_large_image","twitter_site":"@newlifechicago","twitter_misc":{"Tiempo de lectura":"1 minuto"},"schema":{"@context":"https:\/\/schema.org","@graph":[{"@type":"WebPage","@id":"https:\/\/newlifecommunity.church\/congregaciones\/","url":"https:\/\/newlifecommunity.church\/congregaciones\/","name":"New Life has locations throughout Chicago for your family, friends, and neighbors.","isPartOf":{"@id":"https:\/\/newlifecommunity.church\/#website"},"primaryImageOfPage":{"@id":"https:\/\/newlifecommunity.church\/congregaciones\/#primaryimage"},"image":{"@id":"https:\/\/newlifecommunity.church\/congregaciones\/#primaryimage"},"thumbnailUrl":"https:\/\/newlifecommunity.church\/wp-content\/uploads\/2018\/07\/websiteheader-4.jpg","datePublished":"2018-08-02T19:37:21+00:00","dateModified":"2021-05-11T13:32:11+00:00","description":"With over twenty locations throughout Chicagoland, New Life has a church right around the corner that looks and feels like you and your neighborhood.","breadcrumb":{"@id":"https:\/\/newlifecommunity.church\/congregaciones\/#breadcrumb"},"inLanguage":"es-MX","potentialAction":[{"@type":"ReadAction","target":["https:\/\/newlifecommunity.church\/congregaciones\/"]}]},{"@type":"ImageObject","inLanguage":"es-MX","@id":"https:\/\/newlifecommunity.church\/congregaciones\/#primaryimage","url":"https:\/\/newlifecommunity.church\/wp-content\/uploads\/2018\/07\/websiteheader-4.jpg","contentUrl":"https:\/\/newlifecommunity.church\/wp-content\/uploads\/2018\/07\/websiteheader-4.jpg","width":"1920","height":"1280","caption":"We have over 20 locations."},{"@type":"BreadcrumbList","@id":"https:\/\/newlifecommunity.church\/congregaciones\/#breadcrumb","itemListElement":[{"@type":"ListItem","position":1,"name":"Home","item":"https:\/\/newlifecommunity.church\/"},{"@type":"ListItem","position":2,"name":"Congregaciones"}]},{"@type":"WebSite","@id":"https:\/\/newlifecommunity.church\/#website","url":"https:\/\/newlifecommunity.church\/","name":"Iglesia Comunidad Nueva Vida","description":"Una iglesia, por toda la ciudad","publisher":{"@id":"https:\/\/newlifecommunity.church\/#organization"},"potentialAction":[{"@type":"SearchAction","target":{"@type":"EntryPoint","urlTemplate":"https:\/\/newlifecommunity.church\/?s={search_term_string}"},"query-input":{"@type":"PropertyValueSpecification","valueRequired":true,"valueName":"search_term_string"}}],"inLanguage":"es-MX"},{"@type":"Organization","@id":"https:\/\/newlifecommunity.church\/#organization","name":"Iglesia Comunidad Nueva Vida","url":"https:\/\/newlifecommunity.church\/","logo":{"@type":"ImageObject","inLanguage":"es-MX","@id":"https:\/\/newlifecommunity.church\/#\/schema\/logo\/image\/","url":"https:\/\/newlifecommunity.church\/wp-content\/uploads\/2022\/02\/NewLife_RGB_Primary.png","contentUrl":"https:\/\/newlifecommunity.church\/wp-content\/uploads\/2022\/02\/NewLife_RGB_Primary.png","width":6250,"height":2151,"caption":"New Life Community Church"},"image":{"@id":"https:\/\/newlifecommunity.church\/#\/schema\/logo\/image\/"},"sameAs":["https:\/\/facebook.com\/newlifechicago","https:\/\/x.com\/newlifechicago","https:\/\/www.linkedin.com\/company\/newlifechicago","https:\/\/www.youtube.com\/newlifemidway","https:\/\/www.instagram.com\/newlifechicago\/"]}]}},"_links":{"self":[{"href":"https:\/\/newlifecommunity.church\/es\/wp-json\/wp\/v2\/pages\/496","targetHints":{"allow":["GET"]}}],"collection":[{"href":"https:\/\/newlifecommunity.church\/es\/wp-json\/wp\/v2\/pages"}],"about":[{"href":"https:\/\/newlifecommunity.church\/es\/wp-json\/wp\/v2\/types\/page"}],"author":[{"embeddable":true,"href":"https:\/\/newlifecommunity.church\/es\/wp-json\/wp\/v2\/users\/2"}],"replies":[{"embeddable":true,"href":"https:\/\/newlifecommunity.church\/es\/wp-json\/wp\/v2\/comments?post=496"}],"version-history":[{"count":0,"href":"https:\/\/newlifecommunity.church\/es\/wp-json\/wp\/v2\/pages\/496\/revisions"}],"wp:featuredmedia":[{"embeddable":true,"href":"https:\/\/newlifecommunity.church\/es\/wp-json\/wp\/v2\/media\/370"}],"wp:attachment":[{"href":"https:\/\/newlifecommunity.church\/es\/wp-json\/wp\/v2\/media?parent=496"}],"wp:term":[{"taxonomy":"category","embeddable":true,"href":"https:\/\/newlifecommunity.church\/es\/wp-json\/wp\/v2\/categories?post=496"},{"taxonomy":"post_tag","embeddable":true,"href":"https:\/\/newlifecommunity.church\/es\/wp-json\/wp\/v2\/tags?post=496"}],"curies":[{"name":"wp","href":"https:\/\/api.w.org\/{rel}","templated":true}]}}