{"id":630,"date":"2018-08-16T03:06:32","date_gmt":"2018-08-16T03:06:32","guid":{"rendered":"https:\/\/newlifecommunity.church\/?page_id=630"},"modified":"2025-09-29T13:02:54","modified_gmt":"2025-09-29T13:02:54","slug":"villa-park","status":"publish","type":"page","link":"https:\/\/newlifecommunity.church\/es\/villa-park\/","title":{"rendered":"Villa Park"},"content":{"rendered":"<h1>\n\t\t\tVilla Park\t<\/h1>\n<h3>\n\t\t\tSundays at 10:00AM\t<\/h3>\n\t<p><a href=\"mailto:villapark@newlifechicago.org\">Cont\u00e1ctanos<\/a> | <a href=\"tel:630-326-5999\">630-326-5999<\/a><\/p>\n\t\t\t<a href=\"https:\/\/www.facebook.com\/newlifevillapark\/live\" target=\"_blank\" rel=\"noopener\">\n\t\t\t\t\t\t\tVER EN L\u00cdNEA\n\t\t\t\t\t<\/a>\n\t\t\t<a href=\"https:\/\/pushpay.com\/g\/nlvillapark\" target=\"_blank\" rel=\"noopener\">\n\t\t\t\t\t\t\tDar\n\t\t\t\t\t<\/a>\n\t\t<h3>Bienvenidos a Nueva Vida<\/h3><p>Nuestro prop\u00f3sito es ser una familia de amor que coopere con Dios para hacer que los seguidores de Cristo sean devotos permanentemente. <a href=\"#watch\">Watch our welcome video<\/a> to learn about our church and connect with us today.<\/p>\n<h2>\n\t\t\tLet&#8217;s Connect\t<\/h2>\n\t\t\t<img decoding=\"async\" src=\"https:\/\/newlifecommunity.church\/wp-content\/uploads\/2019\/09\/20190819_194149.jpg\" title=\"20190819_194149\" alt=\"\" \/>\t\t\t\t\t\t\t\n\t\t\t\t\tPlay Video\n\t<h3>\u00bfEs tu primera vez aqu\u00ed?<\/h3>\n<p>We know that showing up to a new place for the first time can be intimidating. At New Life Community Church it&#8217;s our desire that you feel right at home from the moment you pull into the parking lot! As a first-time guest, you are VIP to us so we&#8217;ll be there with you every step of the way!<\/p>\n\t\t\t\t<img decoding=\"async\" src=\"https:\/\/newlifecommunity.church\/wp-content\/uploads\/2023\/03\/new-life-kids.jpg\" alt=\"new-life-kids\" itemprop=\"image\" height=\"1080\" width=\"1080\" title=\"new-life-kids\" onerror=\"this.style.display='none'\" loading=\"lazy\" \/>\n\t<h3>\u00bfY mis hijos?<\/h3>\n<p>Nuestra escuela dominical est\u00e1 disponible para ni\u00f1os (desde nacimiento hasta el sexto grado) en cada servicio. El crecimiento espiritual de cada ni\u00f1o es nuestra m\u00e1xima prioridad y nuestra pasi\u00f3n es crear lecciones divertidas, guiadas por la Biblia e interactivas, especialmente dise\u00f1adas para ellos.<\/p>\n\t<h3>\u00bfQu\u00e9 ropa debo usar?<\/h3>\n<p>At New Life Community Church, there&#8217;s no dress code and no judgement. Some show up in suits or dresses, and others wear t-shirts and jeans. We want you to wear whatever makes you feel comfortable!<\/p>\n<h2>\n\t\t\tConoce a nuestro equipo\t<\/h2>\n\t\t\t<a href=\"mailto:tonyn@newlifechicago.org\" target=\"_self\"><img decoding=\"async\" loading=\"false\" src=\"https:\/\/newlifecommunity.church\/wp-content\/uploads\/2019\/01\/nunez-villapark.jpg\" alt=\"nunez\" \/><\/a>\t\t\t\n\t\t\t\t<h3>Pastor Tony and Laura Nu\u00f1ez<\/h3><p>Tony was born in Durango, Mexico. He arrived in the city of Chicago in 1979 and made a commitment to follow Christ at the age of seventeen. Since then he has served in various capacities including worship leader, home groups, preaching and evangelistic ministries and youth. In 2002 Tony became the Pastor of Nueva Vida Melrose Park. Tony and his wife Laura have five children.<\/p>\n\t\t\t<a href=\"mailto:tonyn@newlifechicago.org\" target=\"_self\">\n\t\t\t\t\t\t\tCont\u00e1ctanos\n\t\t\t\t\t<\/a>\n<a href=\"mailto:tonyn@newlifechicago.org\"  target=\"_self\"><img decoding=\"async\" loading=\"false\" src=\"https:\/\/newlifecommunity.church\/wp-content\/uploads\/2019\/01\/nunez-villapark.jpg\" alt=\"nunez\" \/><\/a>","protected":false},"excerpt":{"rendered":"<p>Villa Park Sundays at 10:00AM Email Us | 630-326-5999 Watch Online Give Now Welcome to New Life Our purpose is to be a family of love that cooperates with God in making fully devoted fruitful followers of Christ. Watch our welcome video to learn about our church and connect with us today. Let&#8217;s Connect Play&hellip;<\/p>","protected":false},"author":2,"featured_media":3472,"parent":0,"menu_order":0,"comment_status":"closed","ping_status":"closed","template":"","meta":{"_acf_changed":false,"_monsterinsights_skip_tracking":false,"_monsterinsights_sitenote_active":false,"_monsterinsights_sitenote_note":"","_monsterinsights_sitenote_category":0,"footnotes":""},"categories":[],"tags":[],"class_list":["post-630","page","type-page","status-publish","has-post-thumbnail","hentry"],"acf":[],"yoast_head":"<!-- This site is optimized with the Yoast SEO plugin v27.4 - https:\/\/yoast.com\/product\/yoast-seo-wordpress\/ -->\n<title>Villa Park - New Life Community Church<\/title>\n<meta name=\"robots\" content=\"index, follow, max-snippet:-1, max-image-preview:large, max-video-preview:-1\" \/>\n<link rel=\"canonical\" href=\"https:\/\/newlifecommunity.church\/es\/villa-park\/\" \/>\n<meta property=\"og:locale\" content=\"es_MX\" \/>\n<meta property=\"og:type\" content=\"article\" \/>\n<meta property=\"og:title\" content=\"New Life Villa Park\" \/>\n<meta property=\"og:description\" content=\"Worship with us on Sundays at 9:30am!\" \/>\n<meta property=\"og:url\" content=\"https:\/\/newlifecommunity.church\/es\/villa-park\/\" \/>\n<meta property=\"og:site_name\" content=\"New Life Community Church\" \/>\n<meta property=\"article:publisher\" content=\"https:\/\/facebook.com\/newlifechicago\" \/>\n<meta property=\"article:modified_time\" content=\"2025-09-29T13:02:54+00:00\" \/>\n<meta property=\"og:image\" content=\"https:\/\/newlifecommunity.church\/wp-content\/uploads\/2019\/09\/20190819_194149.jpg\" \/>\n\t<meta property=\"og:image:width\" content=\"1849\" \/>\n\t<meta property=\"og:image:height\" content=\"1040\" \/>\n\t<meta property=\"og:image:type\" content=\"image\/jpeg\" \/>\n<meta name=\"twitter:card\" content=\"summary_large_image\" \/>\n<meta name=\"twitter:site\" content=\"@newlifechicago\" \/>\n<meta name=\"twitter:label1\" content=\"Tiempo de lectura\" \/>\n\t<meta name=\"twitter:data1\" content=\"3 minutos\" \/>\n<script type=\"application\/ld+json\" class=\"yoast-schema-graph\">{\"@context\":\"https:\\\/\\\/schema.org\",\"@graph\":[{\"@type\":\"WebPage\",\"@id\":\"https:\\\/\\\/newlifecommunity.church\\\/villa-park\\\/\",\"url\":\"https:\\\/\\\/newlifecommunity.church\\\/villa-park\\\/\",\"name\":\"Villa Park - New Life Community Church\",\"isPartOf\":{\"@id\":\"https:\\\/\\\/newlifecommunity.church\\\/#website\"},\"primaryImageOfPage\":{\"@id\":\"https:\\\/\\\/newlifecommunity.church\\\/villa-park\\\/#primaryimage\"},\"image\":{\"@id\":\"https:\\\/\\\/newlifecommunity.church\\\/villa-park\\\/#primaryimage\"},\"thumbnailUrl\":\"https:\\\/\\\/newlifecommunity.church\\\/wp-content\\\/uploads\\\/2024\\\/08\\\/villa-park-2024-scaled.jpg\",\"datePublished\":\"2018-08-16T03:06:32+00:00\",\"dateModified\":\"2025-09-29T13:02:54+00:00\",\"breadcrumb\":{\"@id\":\"https:\\\/\\\/newlifecommunity.church\\\/villa-park\\\/#breadcrumb\"},\"inLanguage\":\"es-MX\",\"potentialAction\":[{\"@type\":\"ReadAction\",\"target\":[\"https:\\\/\\\/newlifecommunity.church\\\/villa-park\\\/\"]}]},{\"@type\":\"ImageObject\",\"inLanguage\":\"es-MX\",\"@id\":\"https:\\\/\\\/newlifecommunity.church\\\/villa-park\\\/#primaryimage\",\"url\":\"https:\\\/\\\/newlifecommunity.church\\\/wp-content\\\/uploads\\\/2024\\\/08\\\/villa-park-2024-scaled.jpg\",\"contentUrl\":\"https:\\\/\\\/newlifecommunity.church\\\/wp-content\\\/uploads\\\/2024\\\/08\\\/villa-park-2024-scaled.jpg\",\"width\":2560,\"height\":1439},{\"@type\":\"BreadcrumbList\",\"@id\":\"https:\\\/\\\/newlifecommunity.church\\\/villa-park\\\/#breadcrumb\",\"itemListElement\":[{\"@type\":\"ListItem\",\"position\":1,\"name\":\"Home\",\"item\":\"https:\\\/\\\/newlifecommunity.church\\\/\"},{\"@type\":\"ListItem\",\"position\":2,\"name\":\"Villa Park\"}]},{\"@type\":\"WebSite\",\"@id\":\"https:\\\/\\\/newlifecommunity.church\\\/#website\",\"url\":\"https:\\\/\\\/newlifecommunity.church\\\/\",\"name\":\"New Life Community Church\",\"description\":\"One Church, Many Locations\",\"publisher\":{\"@id\":\"https:\\\/\\\/newlifecommunity.church\\\/#organization\"},\"potentialAction\":[{\"@type\":\"SearchAction\",\"target\":{\"@type\":\"EntryPoint\",\"urlTemplate\":\"https:\\\/\\\/newlifecommunity.church\\\/?s={search_term_string}\"},\"query-input\":{\"@type\":\"PropertyValueSpecification\",\"valueRequired\":true,\"valueName\":\"search_term_string\"}}],\"inLanguage\":\"es-MX\"},{\"@type\":\"Organization\",\"@id\":\"https:\\\/\\\/newlifecommunity.church\\\/#organization\",\"name\":\"New Life Community Church\",\"url\":\"https:\\\/\\\/newlifecommunity.church\\\/\",\"logo\":{\"@type\":\"ImageObject\",\"inLanguage\":\"es-MX\",\"@id\":\"https:\\\/\\\/newlifecommunity.church\\\/#\\\/schema\\\/logo\\\/image\\\/\",\"url\":\"https:\\\/\\\/newlifecommunity.church\\\/wp-content\\\/uploads\\\/2022\\\/02\\\/NewLife_RGB_Primary.png\",\"contentUrl\":\"https:\\\/\\\/newlifecommunity.church\\\/wp-content\\\/uploads\\\/2022\\\/02\\\/NewLife_RGB_Primary.png\",\"width\":6250,\"height\":2151,\"caption\":\"New Life Community Church\"},\"image\":{\"@id\":\"https:\\\/\\\/newlifecommunity.church\\\/#\\\/schema\\\/logo\\\/image\\\/\"},\"sameAs\":[\"https:\\\/\\\/facebook.com\\\/newlifechicago\",\"https:\\\/\\\/x.com\\\/newlifechicago\",\"https:\\\/\\\/www.linkedin.com\\\/company\\\/newlifechicago\",\"https:\\\/\\\/www.youtube.com\\\/newlifemidway\",\"https:\\\/\\\/www.instagram.com\\\/newlifechicago\\\/\"]}]}<\/script>\n<!-- \/ Yoast SEO plugin. -->","yoast_head_json":{"title":"Villa Park - New Life Community Church","robots":{"index":"index","follow":"follow","max-snippet":"max-snippet:-1","max-image-preview":"max-image-preview:large","max-video-preview":"max-video-preview:-1"},"canonical":"https:\/\/newlifecommunity.church\/es\/villa-park\/","og_locale":"es_MX","og_type":"article","og_title":"New Life Villa Park","og_description":"Worship with us on Sundays at 9:30am!","og_url":"https:\/\/newlifecommunity.church\/es\/villa-park\/","og_site_name":"New Life Community Church","article_publisher":"https:\/\/facebook.com\/newlifechicago","article_modified_time":"2025-09-29T13:02:54+00:00","og_image":[{"width":1849,"height":1040,"url":"https:\/\/newlifecommunity.church\/wp-content\/uploads\/2019\/09\/20190819_194149.jpg","type":"image\/jpeg"}],"twitter_card":"summary_large_image","twitter_site":"@newlifechicago","twitter_misc":{"Tiempo de lectura":"3 minutos"},"schema":{"@context":"https:\/\/schema.org","@graph":[{"@type":"WebPage","@id":"https:\/\/newlifecommunity.church\/villa-park\/","url":"https:\/\/newlifecommunity.church\/villa-park\/","name":"Villa Park - New Life Community Church","isPartOf":{"@id":"https:\/\/newlifecommunity.church\/#website"},"primaryImageOfPage":{"@id":"https:\/\/newlifecommunity.church\/villa-park\/#primaryimage"},"image":{"@id":"https:\/\/newlifecommunity.church\/villa-park\/#primaryimage"},"thumbnailUrl":"https:\/\/newlifecommunity.church\/wp-content\/uploads\/2024\/08\/villa-park-2024-scaled.jpg","datePublished":"2018-08-16T03:06:32+00:00","dateModified":"2025-09-29T13:02:54+00:00","breadcrumb":{"@id":"https:\/\/newlifecommunity.church\/villa-park\/#breadcrumb"},"inLanguage":"es-MX","potentialAction":[{"@type":"ReadAction","target":["https:\/\/newlifecommunity.church\/villa-park\/"]}]},{"@type":"ImageObject","inLanguage":"es-MX","@id":"https:\/\/newlifecommunity.church\/villa-park\/#primaryimage","url":"https:\/\/newlifecommunity.church\/wp-content\/uploads\/2024\/08\/villa-park-2024-scaled.jpg","contentUrl":"https:\/\/newlifecommunity.church\/wp-content\/uploads\/2024\/08\/villa-park-2024-scaled.jpg","width":2560,"height":1439},{"@type":"BreadcrumbList","@id":"https:\/\/newlifecommunity.church\/villa-park\/#breadcrumb","itemListElement":[{"@type":"ListItem","position":1,"name":"Home","item":"https:\/\/newlifecommunity.church\/"},{"@type":"ListItem","position":2,"name":"Villa Park"}]},{"@type":"WebSite","@id":"https:\/\/newlifecommunity.church\/#website","url":"https:\/\/newlifecommunity.church\/","name":"Iglesia Comunidad Nueva Vida","description":"Una iglesia, por toda la ciudad","publisher":{"@id":"https:\/\/newlifecommunity.church\/#organization"},"potentialAction":[{"@type":"SearchAction","target":{"@type":"EntryPoint","urlTemplate":"https:\/\/newlifecommunity.church\/?s={search_term_string}"},"query-input":{"@type":"PropertyValueSpecification","valueRequired":true,"valueName":"search_term_string"}}],"inLanguage":"es-MX"},{"@type":"Organization","@id":"https:\/\/newlifecommunity.church\/#organization","name":"Iglesia Comunidad Nueva Vida","url":"https:\/\/newlifecommunity.church\/","logo":{"@type":"ImageObject","inLanguage":"es-MX","@id":"https:\/\/newlifecommunity.church\/#\/schema\/logo\/image\/","url":"https:\/\/newlifecommunity.church\/wp-content\/uploads\/2022\/02\/NewLife_RGB_Primary.png","contentUrl":"https:\/\/newlifecommunity.church\/wp-content\/uploads\/2022\/02\/NewLife_RGB_Primary.png","width":6250,"height":2151,"caption":"New Life Community Church"},"image":{"@id":"https:\/\/newlifecommunity.church\/#\/schema\/logo\/image\/"},"sameAs":["https:\/\/facebook.com\/newlifechicago","https:\/\/x.com\/newlifechicago","https:\/\/www.linkedin.com\/company\/newlifechicago","https:\/\/www.youtube.com\/newlifemidway","https:\/\/www.instagram.com\/newlifechicago\/"]}]}},"_links":{"self":[{"href":"https:\/\/newlifecommunity.church\/es\/wp-json\/wp\/v2\/pages\/630","targetHints":{"allow":["GET"]}}],"collection":[{"href":"https:\/\/newlifecommunity.church\/es\/wp-json\/wp\/v2\/pages"}],"about":[{"href":"https:\/\/newlifecommunity.church\/es\/wp-json\/wp\/v2\/types\/page"}],"author":[{"embeddable":true,"href":"https:\/\/newlifecommunity.church\/es\/wp-json\/wp\/v2\/users\/2"}],"replies":[{"embeddable":true,"href":"https:\/\/newlifecommunity.church\/es\/wp-json\/wp\/v2\/comments?post=630"}],"version-history":[{"count":0,"href":"https:\/\/newlifecommunity.church\/es\/wp-json\/wp\/v2\/pages\/630\/revisions"}],"wp:featuredmedia":[{"embeddable":true,"href":"https:\/\/newlifecommunity.church\/es\/wp-json\/wp\/v2\/media\/3472"}],"wp:attachment":[{"href":"https:\/\/newlifecommunity.church\/es\/wp-json\/wp\/v2\/media?parent=630"}],"wp:term":[{"taxonomy":"category","embeddable":true,"href":"https:\/\/newlifecommunity.church\/es\/wp-json\/wp\/v2\/categories?post=630"},{"taxonomy":"post_tag","embeddable":true,"href":"https:\/\/newlifecommunity.church\/es\/wp-json\/wp\/v2\/tags?post=630"}],"curies":[{"name":"wp","href":"https:\/\/api.w.org\/{rel}","templated":true}]}}