{"id":691,"date":"2018-09-28T19:48:57","date_gmt":"2018-09-28T19:48:57","guid":{"rendered":"https:\/\/newlifecommunity.church\/?page_id=691"},"modified":"2026-01-07T19:34:02","modified_gmt":"2026-01-07T19:34:02","slug":"carrillos","status":"publish","type":"page","link":"https:\/\/newlifecommunity.church\/es\/carrillos\/","title":{"rendered":"Carrillos"},"content":{"rendered":"<iframe loading=\"lazy\" title=\"Quere\u0301taro Update\" width=\"500\" height=\"281\" src=\"https:\/\/www.youtube.com\/embed\/6a8IjNjSUNA?feature=oembed\" frameborder=\"0\" allow=\"accelerometer; autoplay; clipboard-write; encrypted-media; gyroscope; picture-in-picture; web-share\" referrerpolicy=\"strict-origin-when-cross-origin\" allowfullscreen><\/iframe>\t\n<h1>\n\t\t\tJose and Joann Carrillo\t<\/h1>\n\t\t\t<a href=\"https:\/\/newlifecommunity.church\/wp-content\/uploads\/2026\/01\/December-Newsletter.pdf\" target=\"_blank\" rel=\"noopener\">\n\t\t\t\t\t\t\tRead Our Newsletter\n\t\t\t\t\t<\/a>\n\tNew Life Community Church shared a vision to plant 10 international churches in cities by 2020. As part of that vision Jos\u00e9 &amp; Joann Carrillo visited Quer\u00e9taro, M\u00e9xico in 2012.<br \/>\nDuring that trip they felt that the Lord was leading them to move to Quer\u00e9taro and specifically to move into Las Margaritas-slum near where the church was planted.\n<p>This was confirmed by a verse given to Jos\u00e9&#8211;2 Corinthians 8:9.\u00a0<em>&#8220;&#8230;that though he was rich, yet for your sake he became poor, so that you by his poverty might become rich.&#8221;<\/em><\/p>\n\t<p>In 2015, Jos\u00e9 &amp; Joann with their children moved to Quer\u00e9taro. After many closed doors the Lord prepared a way for the Carrillos to move into Las Margaritas slum area in October 2017. Many of the families that live in Las Margaritas have dysfunctional homes: abuse (verbal, sexual and physical), neglect of kids, fatherless homes, poverty, no hope for life and future, etc. These families and homes are in ruins just like the walls in Jerusalem were in Nehemiah 1:3. In December 2017, Jose was reading the book Nehemiah, the Lord spoke to him about how we (the CHURCH) can begin to help rebuild\/restore these families.<\/p>\n<p>Watch the video to learn more about this new work and how you can get involved.<\/p>\n<p><a href=\"https:\/\/www.facebook.com\/groups\/carrillosinqueretaro\/\"><strong>Connect with the Carrillos on Facebook\u00a0for more updates!<\/strong><\/a><\/p>\n\t\t\t\t<img decoding=\"async\" src=\"https:\/\/newlifecommunity.church\/wp-content\/uploads\/2021\/09\/20210825_162307.jpg\" alt=\"20210825_162307\" itemprop=\"image\" height=\"2538\" width=\"2495\" title=\"20210825_162307\" onerror=\"this.style.display='none'\" loading=\"lazy\" \/>\n\t<p><strong>How to Give<\/strong><\/p>\nYou can support us by sending checks to New Life Community Church (4101 W51st Street, Chicago IL 60632) with a label indicating it is for Centros Queretaro\nYou may also give online by clicking the link below. Sign in or sign up for a new account, choose Queretaro from campus options and giving designation will be <strong>Centros Queretaro<\/strong>.\n\t\t\t<a href=\"https:\/\/pushpay.com\/g\/nlmissionaries?fnd=Qzr8xLWpF_XkmB0cBM1MNw&#038;fndv=Lock&#038;lang=en&#038;src=pcgl\" target=\"_blank\" rel=\"noopener\">\n\t\t\t\t\t\t\tDONATE\n\t\t\t\t\t<\/a>","protected":false},"excerpt":{"rendered":"<p>Jose and Joann Carrillo Read Our Newsletter New Life Community Church shared a vision to plant 10 international churches in cities by 2020. As part of that vision Jos\u00e9 &amp; Joann Carrillo visited Quer\u00e9taro, M\u00e9xico in 2012. During that trip they felt that the Lord was leading them to move to Quer\u00e9taro and specifically to&hellip;<\/p>","protected":false},"author":2,"featured_media":0,"parent":0,"menu_order":0,"comment_status":"closed","ping_status":"closed","template":"","meta":{"_acf_changed":false,"_monsterinsights_skip_tracking":false,"_monsterinsights_sitenote_active":false,"_monsterinsights_sitenote_note":"","_monsterinsights_sitenote_category":0,"footnotes":""},"categories":[],"tags":[],"class_list":["post-691","page","type-page","status-publish","hentry"],"acf":[],"yoast_head":"<!-- This site is optimized with the Yoast SEO plugin v27.3 - https:\/\/yoast.com\/product\/yoast-seo-wordpress\/ -->\n<title>Carrillos - New Life Community Church<\/title>\n<meta name=\"robots\" content=\"index, follow, max-snippet:-1, max-image-preview:large, max-video-preview:-1\" \/>\n<link rel=\"canonical\" href=\"https:\/\/newlifecommunity.church\/es\/carrillos\/\" \/>\n<meta property=\"og:locale\" content=\"es_MX\" \/>\n<meta property=\"og:type\" content=\"article\" \/>\n<meta property=\"og:title\" content=\"Carrillos - New Life Community Church\" \/>\n<meta property=\"og:description\" content=\"Jose and Joann Carrillo Read Our Newsletter New Life Community Church shared a vision to plant 10 international churches in cities by 2020. As part of that vision Jos\u00e9 &amp; Joann Carrillo visited Quer\u00e9taro, M\u00e9xico in 2012. During that trip they felt that the Lord was leading them to move to Quer\u00e9taro and specifically to&hellip;\" \/>\n<meta property=\"og:url\" content=\"https:\/\/newlifecommunity.church\/es\/carrillos\/\" \/>\n<meta property=\"og:site_name\" content=\"New Life Community Church\" \/>\n<meta property=\"article:publisher\" content=\"https:\/\/facebook.com\/newlifechicago\" \/>\n<meta property=\"article:modified_time\" content=\"2026-01-07T19:34:02+00:00\" \/>\n<meta property=\"og:image\" content=\"https:\/\/newlifecommunity.church\/wp-content\/uploads\/2021\/09\/20210825_162307.jpg\" \/>\n<meta name=\"twitter:card\" content=\"summary_large_image\" \/>\n<meta name=\"twitter:site\" content=\"@newlifechicago\" \/>\n<meta name=\"twitter:label1\" content=\"Tiempo de lectura\" \/>\n\t<meta name=\"twitter:data1\" content=\"1 minuto\" \/>\n<script type=\"application\/ld+json\" class=\"yoast-schema-graph\">{\"@context\":\"https:\\\/\\\/schema.org\",\"@graph\":[{\"@type\":\"WebPage\",\"@id\":\"https:\\\/\\\/newlifecommunity.church\\\/carrillos\\\/\",\"url\":\"https:\\\/\\\/newlifecommunity.church\\\/carrillos\\\/\",\"name\":\"Carrillos - New Life Community Church\",\"isPartOf\":{\"@id\":\"https:\\\/\\\/newlifecommunity.church\\\/#website\"},\"primaryImageOfPage\":{\"@id\":\"https:\\\/\\\/newlifecommunity.church\\\/carrillos\\\/#primaryimage\"},\"image\":{\"@id\":\"https:\\\/\\\/newlifecommunity.church\\\/carrillos\\\/#primaryimage\"},\"thumbnailUrl\":\"https:\\\/\\\/newlifecommunity.church\\\/wp-content\\\/uploads\\\/2021\\\/09\\\/20210825_162307.jpg\",\"datePublished\":\"2018-09-28T19:48:57+00:00\",\"dateModified\":\"2026-01-07T19:34:02+00:00\",\"breadcrumb\":{\"@id\":\"https:\\\/\\\/newlifecommunity.church\\\/carrillos\\\/#breadcrumb\"},\"inLanguage\":\"es-MX\",\"potentialAction\":[{\"@type\":\"ReadAction\",\"target\":[\"https:\\\/\\\/newlifecommunity.church\\\/carrillos\\\/\"]}]},{\"@type\":\"ImageObject\",\"inLanguage\":\"es-MX\",\"@id\":\"https:\\\/\\\/newlifecommunity.church\\\/carrillos\\\/#primaryimage\",\"url\":\"https:\\\/\\\/newlifecommunity.church\\\/wp-content\\\/uploads\\\/2021\\\/09\\\/20210825_162307.jpg\",\"contentUrl\":\"https:\\\/\\\/newlifecommunity.church\\\/wp-content\\\/uploads\\\/2021\\\/09\\\/20210825_162307.jpg\"},{\"@type\":\"BreadcrumbList\",\"@id\":\"https:\\\/\\\/newlifecommunity.church\\\/carrillos\\\/#breadcrumb\",\"itemListElement\":[{\"@type\":\"ListItem\",\"position\":1,\"name\":\"Home\",\"item\":\"https:\\\/\\\/newlifecommunity.church\\\/\"},{\"@type\":\"ListItem\",\"position\":2,\"name\":\"Carrillos\"}]},{\"@type\":\"WebSite\",\"@id\":\"https:\\\/\\\/newlifecommunity.church\\\/#website\",\"url\":\"https:\\\/\\\/newlifecommunity.church\\\/\",\"name\":\"New Life Community Church\",\"description\":\"One Church, Many Locations\",\"publisher\":{\"@id\":\"https:\\\/\\\/newlifecommunity.church\\\/#organization\"},\"potentialAction\":[{\"@type\":\"SearchAction\",\"target\":{\"@type\":\"EntryPoint\",\"urlTemplate\":\"https:\\\/\\\/newlifecommunity.church\\\/?s={search_term_string}\"},\"query-input\":{\"@type\":\"PropertyValueSpecification\",\"valueRequired\":true,\"valueName\":\"search_term_string\"}}],\"inLanguage\":\"es-MX\"},{\"@type\":\"Organization\",\"@id\":\"https:\\\/\\\/newlifecommunity.church\\\/#organization\",\"name\":\"New Life Community Church\",\"url\":\"https:\\\/\\\/newlifecommunity.church\\\/\",\"logo\":{\"@type\":\"ImageObject\",\"inLanguage\":\"es-MX\",\"@id\":\"https:\\\/\\\/newlifecommunity.church\\\/#\\\/schema\\\/logo\\\/image\\\/\",\"url\":\"https:\\\/\\\/newlifecommunity.church\\\/wp-content\\\/uploads\\\/2022\\\/02\\\/NewLife_RGB_Primary.png\",\"contentUrl\":\"https:\\\/\\\/newlifecommunity.church\\\/wp-content\\\/uploads\\\/2022\\\/02\\\/NewLife_RGB_Primary.png\",\"width\":6250,\"height\":2151,\"caption\":\"New Life Community Church\"},\"image\":{\"@id\":\"https:\\\/\\\/newlifecommunity.church\\\/#\\\/schema\\\/logo\\\/image\\\/\"},\"sameAs\":[\"https:\\\/\\\/facebook.com\\\/newlifechicago\",\"https:\\\/\\\/x.com\\\/newlifechicago\",\"https:\\\/\\\/www.linkedin.com\\\/company\\\/newlifechicago\",\"https:\\\/\\\/www.youtube.com\\\/newlifemidway\",\"https:\\\/\\\/www.instagram.com\\\/newlifechicago\\\/\"]}]}<\/script>\n<!-- \/ Yoast SEO plugin. -->","yoast_head_json":{"title":"Carrillos - New Life Community Church","robots":{"index":"index","follow":"follow","max-snippet":"max-snippet:-1","max-image-preview":"max-image-preview:large","max-video-preview":"max-video-preview:-1"},"canonical":"https:\/\/newlifecommunity.church\/es\/carrillos\/","og_locale":"es_MX","og_type":"article","og_title":"Carrillos - New Life Community Church","og_description":"Jose and Joann Carrillo Read Our Newsletter New Life Community Church shared a vision to plant 10 international churches in cities by 2020. As part of that vision Jos\u00e9 &amp; Joann Carrillo visited Quer\u00e9taro, M\u00e9xico in 2012. During that trip they felt that the Lord was leading them to move to Quer\u00e9taro and specifically to&hellip;","og_url":"https:\/\/newlifecommunity.church\/es\/carrillos\/","og_site_name":"New Life Community Church","article_publisher":"https:\/\/facebook.com\/newlifechicago","article_modified_time":"2026-01-07T19:34:02+00:00","og_image":[{"url":"https:\/\/newlifecommunity.church\/wp-content\/uploads\/2021\/09\/20210825_162307.jpg","type":"","width":"","height":""}],"twitter_card":"summary_large_image","twitter_site":"@newlifechicago","twitter_misc":{"Tiempo de lectura":"1 minuto"},"schema":{"@context":"https:\/\/schema.org","@graph":[{"@type":"WebPage","@id":"https:\/\/newlifecommunity.church\/carrillos\/","url":"https:\/\/newlifecommunity.church\/carrillos\/","name":"Carrillos - New Life Community Church","isPartOf":{"@id":"https:\/\/newlifecommunity.church\/#website"},"primaryImageOfPage":{"@id":"https:\/\/newlifecommunity.church\/carrillos\/#primaryimage"},"image":{"@id":"https:\/\/newlifecommunity.church\/carrillos\/#primaryimage"},"thumbnailUrl":"https:\/\/newlifecommunity.church\/wp-content\/uploads\/2021\/09\/20210825_162307.jpg","datePublished":"2018-09-28T19:48:57+00:00","dateModified":"2026-01-07T19:34:02+00:00","breadcrumb":{"@id":"https:\/\/newlifecommunity.church\/carrillos\/#breadcrumb"},"inLanguage":"es-MX","potentialAction":[{"@type":"ReadAction","target":["https:\/\/newlifecommunity.church\/carrillos\/"]}]},{"@type":"ImageObject","inLanguage":"es-MX","@id":"https:\/\/newlifecommunity.church\/carrillos\/#primaryimage","url":"https:\/\/newlifecommunity.church\/wp-content\/uploads\/2021\/09\/20210825_162307.jpg","contentUrl":"https:\/\/newlifecommunity.church\/wp-content\/uploads\/2021\/09\/20210825_162307.jpg"},{"@type":"BreadcrumbList","@id":"https:\/\/newlifecommunity.church\/carrillos\/#breadcrumb","itemListElement":[{"@type":"ListItem","position":1,"name":"Home","item":"https:\/\/newlifecommunity.church\/"},{"@type":"ListItem","position":2,"name":"Carrillos"}]},{"@type":"WebSite","@id":"https:\/\/newlifecommunity.church\/#website","url":"https:\/\/newlifecommunity.church\/","name":"Iglesia Comunidad Nueva Vida","description":"Una iglesia, por toda la ciudad","publisher":{"@id":"https:\/\/newlifecommunity.church\/#organization"},"potentialAction":[{"@type":"SearchAction","target":{"@type":"EntryPoint","urlTemplate":"https:\/\/newlifecommunity.church\/?s={search_term_string}"},"query-input":{"@type":"PropertyValueSpecification","valueRequired":true,"valueName":"search_term_string"}}],"inLanguage":"es-MX"},{"@type":"Organization","@id":"https:\/\/newlifecommunity.church\/#organization","name":"Iglesia Comunidad Nueva Vida","url":"https:\/\/newlifecommunity.church\/","logo":{"@type":"ImageObject","inLanguage":"es-MX","@id":"https:\/\/newlifecommunity.church\/#\/schema\/logo\/image\/","url":"https:\/\/newlifecommunity.church\/wp-content\/uploads\/2022\/02\/NewLife_RGB_Primary.png","contentUrl":"https:\/\/newlifecommunity.church\/wp-content\/uploads\/2022\/02\/NewLife_RGB_Primary.png","width":6250,"height":2151,"caption":"New Life Community Church"},"image":{"@id":"https:\/\/newlifecommunity.church\/#\/schema\/logo\/image\/"},"sameAs":["https:\/\/facebook.com\/newlifechicago","https:\/\/x.com\/newlifechicago","https:\/\/www.linkedin.com\/company\/newlifechicago","https:\/\/www.youtube.com\/newlifemidway","https:\/\/www.instagram.com\/newlifechicago\/"]}]}},"_links":{"self":[{"href":"https:\/\/newlifecommunity.church\/es\/wp-json\/wp\/v2\/pages\/691","targetHints":{"allow":["GET"]}}],"collection":[{"href":"https:\/\/newlifecommunity.church\/es\/wp-json\/wp\/v2\/pages"}],"about":[{"href":"https:\/\/newlifecommunity.church\/es\/wp-json\/wp\/v2\/types\/page"}],"author":[{"embeddable":true,"href":"https:\/\/newlifecommunity.church\/es\/wp-json\/wp\/v2\/users\/2"}],"replies":[{"embeddable":true,"href":"https:\/\/newlifecommunity.church\/es\/wp-json\/wp\/v2\/comments?post=691"}],"version-history":[{"count":0,"href":"https:\/\/newlifecommunity.church\/es\/wp-json\/wp\/v2\/pages\/691\/revisions"}],"wp:attachment":[{"href":"https:\/\/newlifecommunity.church\/es\/wp-json\/wp\/v2\/media?parent=691"}],"wp:term":[{"taxonomy":"category","embeddable":true,"href":"https:\/\/newlifecommunity.church\/es\/wp-json\/wp\/v2\/categories?post=691"},{"taxonomy":"post_tag","embeddable":true,"href":"https:\/\/newlifecommunity.church\/es\/wp-json\/wp\/v2\/tags?post=691"}],"curies":[{"name":"wp","href":"https:\/\/api.w.org\/{rel}","templated":true}]}}