{"id":810,"date":"2019-01-03T20:21:44","date_gmt":"2019-01-03T20:21:44","guid":{"rendered":"https:\/\/newlifecommunity.church\/?page_id=810"},"modified":"2025-10-22T18:17:08","modified_gmt":"2025-10-22T18:17:08","slug":"nueva-vida-midway","status":"publish","type":"page","link":"https:\/\/newlifecommunity.church\/es\/nueva-vida-midway\/","title":{"rendered":"Nueva Vida Midway"},"content":{"rendered":"<h1>\n\t\t\tLOCATION\t<\/h1>\n\t<strong>Domingos a las 10:30AM y 12:00PM<br \/>\n<\/strong>\n<p><b>5101 S Keeler Ave, Chicago, IL 60632<\/b><\/p>\n<p><strong>nuevavidamidway1@newlifechicago.org<\/strong><\/p>\n<p><strong>773-838-9470<\/strong><\/p>\n\t\t\t<a href=\"https:\/\/goo.gl\/maps\/KRyckGKQd2F2\" target=\"_blank\" rel=\"noopener\">\n\t\t\t\t\t\tDIRECCIONES\n\t\t\t\t\t<\/a>\n\t\t\t<a href=\"https:\/\/www.youtube.com\/c\/NuevaVidaMidwayChicago\" target=\"_blank\" rel=\"noopener\">\n\t\t\t\t\t\tVer En L\u00ednea\n\t\t\t\t\t<\/a>\n\t\t\t<a href=\"https:\/\/pushpay.com\/g\/nvmidway?lang=es\" target=\"_blank\" rel=\"noopener\">\n\t\t\t\t\t\tDar En L\u00ednea\n\t\t\t\t\t<\/a>\n<h1>\n\t\t\tAcerca de Nosotros\t<\/h1>\n\t<p>Nuestro prop\u00f3sito es ser una familia de amor que coopere con Dios para hacer que los seguidores de Cristo sean devotos permanentemente. Nos encantar\u00eda verte este domingo en Nueva Vida. \u00a1Mira nuestro video de bienvenida y aprende m\u00e1s a continuaci\u00f3n!<\/p>\n\t\t\t<a href=\"https:\/\/newlifechicago.churchcenter.com\/people\/forms\/1010479\" target=\"_self\">\n\t\t\t\t\t\t\tTarjeta de conexi\u00f3n\n\t\t\t\t\t<\/a>\n\t\t\t<a href=\"https:\/\/newlifechicago.churchcenter.com\/people\/forms\/1011301\" target=\"_blank\" rel=\"noopener\">\n\t\t\t\t\t\t\tEquipo de servidores\n\t\t\t\t\t<\/a>\n\t\t<iframe loading=\"lazy\" title=\"!Bienvenidos a Nueva Vida Midway!\" width=\"500\" height=\"281\" src=\"https:\/\/www.youtube.com\/embed\/mga4SYYPdtI?feature=oembed\" frameborder=\"0\" allow=\"accelerometer; autoplay; clipboard-write; encrypted-media; gyroscope; picture-in-picture; web-share\" referrerpolicy=\"strict-origin-when-cross-origin\" allowfullscreen><\/iframe>\t\n\t\t\t\t\t<a href=\"#\"  id=\"fl-accordion--label-0\" tabindex=\"0\" aria-controls=\"fl-accordion--panel-0\"><b>Su primera visita<\/b><\/a>\n\t\t\t\t\t\t\t\t\t\t\t<a href=\"#\" id=\"fl-accordion--icon-0\"  tabindex=\"0\"><i title=\"Expandir\">Expandir<\/i><\/a>\n\t\t\t\t\t<p>Sabemos que presentarse a un lugar nuevo por primera vez puede ser intimidante, pero en Iglesia Comunidad Nueva Vida es nuestro deseo que te sientas como en casa desde el momento en que entras en el estacionamiento. Como invitado por primera vez, tu es VIP para nosotros, \u00a1as\u00ed que estaremos all\u00ed contigo en cada paso del camino! \u00a1Incluso tenemos un regalo solo para ti!<\/p>\n\t\t\t\t\t<a href=\"#\"  id=\"fl-accordion--label-0\" tabindex=\"0\" aria-controls=\"fl-accordion--panel-0\"><b>Ser uno mismo<\/b><\/a>\n\t\t\t\t\t\t\t\t\t\t\t<a href=\"#\" id=\"fl-accordion--icon-0\"  tabindex=\"0\"><i title=\"Expandir\">Expandir<\/i><\/a>\n\t\t\t\t\t<p>\u00a1En la Iglesia Comunidad Nueva Vida, no hay c\u00f3digo de vestimenta! Algunas personas se visten con trajes o vestidos, y otras usan camisetas y pantalones vaqueros. \u00a1Queremos que uses lo que te haga sentir c\u00f3modo!<\/p>\n\t\t\t\t\t<a href=\"#\"  id=\"fl-accordion--label-0\" tabindex=\"0\" aria-controls=\"fl-accordion--panel-0\"><b>Trae a los ni\u00f1os<\/b><\/a>\n\t\t\t\t\t\t\t\t\t\t\t<a href=\"#\" id=\"fl-accordion--icon-0\"  tabindex=\"0\"><i title=\"Expandir\">Expandir<\/i><\/a>\n\t\t\t\t\t<p>Nuestra Zona de Ni\u00f1os est\u00e1 disponible para ni\u00f1os desde el nacimiento hasta el sexto grado. El cuidado y el crecimiento de cada ni\u00f1o es nuestra m\u00e1xima prioridad y nuestra pasi\u00f3n es crear lecciones interactivas e inspiradas en la Biblia, \u00a1especialmente dise\u00f1adas para sus hijos! \u00a1Nuestra Zona de Ni\u00f1os est\u00e1 disponible durante cada servicio de adoraci\u00f3n para que pueda disfrutar de un gran momento sabiendo que su hijo est\u00e1 siendo amado y cuidado!<\/p>\n<h1>\n\t\t\tConoce a nuestro equipo\t<\/h1>\n\t\t\t<img decoding=\"async\" loading=\"false\" src=\"https:\/\/newlifecommunity.church\/wp-content\/uploads\/2024\/08\/Pablo-and-Katie-Villa.png\" alt=\"\" \/>\t\t\t\n\t\t\t\t<h2>Pablo y Katie Villa<\/h2><p>Pablo tuvo su primer encuentro con Dios a la edad de 13 a\u00f1os y fue ah\u00ed donde decidi\u00f3 tomar el compromiso de seguir a Cristo con pasi\u00f3n y dedicaci\u00f3n. Pablo ha servido en diferentes ministerios de Nueva Vida desde el 2012 y empez\u00f3 a pastorear en Brighton Park en el 2019. A Pablo y su esposa, Katie, les apasiona ayudar a las personas a vivir activamente su fe y abrazar el poder transformador de Cristo. Ellos desean seguir\u00a0siendo\u00a0un impacto para Cristo.<\/p>\n<img decoding=\"async\" loading=\"false\" src=\"https:\/\/newlifecommunity.church\/wp-content\/uploads\/2024\/08\/Pablo-and-Katie-Villa.png\" alt=\"\" \/>\t\t\t\n\t\t\t<img decoding=\"async\" loading=\"false\" src=\"https:\/\/newlifecommunity.church\/wp-content\/uploads\/2018\/08\/jobes.jpg\" alt=\"\" \/>\t\t\t\n\t\t\t\t<h4>Pastor Mark and Dee Jobe &#8211; Senior Pastor<\/h4>El pastor Mark es el l\u00edder y fundador principal de New Life Community Church en la ciudad de Chicago. \u00c9l y su esposa Dee han visto crecer New Life de un pu\u00f1ado de personas a varios miles de reuniones en m\u00e1s de veinte lugares con m\u00e1s de cuarenta servicios de adoraci\u00f3n cada fin de semana. Pastor Mark tambi\u00e9n es el fundador de New Life Centers, una organizaci\u00f3n enfocada en ayudar a los j\u00f3venes en \u00e1reas de Chicago (<a href=\"http:\/\/www.nlcenters.org\/\" target=\"_blank\" rel=\"noopener\" data-saferedirecturl=\"https:\/\/www.google.com\/url?q=http:\/\/www.nlcenters.org&amp;source=gmail&amp;ust=1563549618682000&amp;usg=AFQjCNFk3u40FvmEzDeXX1nc6e9dgT2kTA\">www.nlcenters.org<\/a>). Tiene una maestr\u00eda del Seminario Teol\u00f3gico Moody y un doctorado de la Universidad de Graduados de Bakke. Pastor Mark es el autor de &#8220;UNSTUCK: Sal de la cueva, sigue tu llamado&#8221; y puede ser escuchado diariamente en StraightTalk, su programa de radio en ingles.\n<img decoding=\"async\" loading=\"false\" src=\"https:\/\/newlifecommunity.church\/wp-content\/uploads\/2018\/08\/jobes.jpg\" alt=\"\" \/>\t\t\t\n\t\t\t\t<a href=\"#\" aria-label=\"previous\" role=\"button\">\n<\/a>\n\t\t\t\t<a href=\"#\" aria-label=\"next\" role=\"button\">\n<\/a>","protected":false},"excerpt":{"rendered":"<p>LOCATION Domingos a las 10:30AM y 12:00PM 5101 S Keeler Ave, Chicago, IL 60632 nuevavidamidway1@newlifechicago.org 773-838-9470 DIRECCIONES Ver En L\u00ednea Dar En L\u00ednea Acerca de Nosotros Nuestro prop\u00f3sito es ser una familia de amor que coopere con Dios para hacer que los seguidores de Cristo sean devotos permanentemente. Nos encantar\u00eda verte este domingo en Nueva&hellip;<\/p>","protected":false},"author":2,"featured_media":2923,"parent":0,"menu_order":0,"comment_status":"closed","ping_status":"closed","template":"","meta":{"_acf_changed":false,"_monsterinsights_skip_tracking":false,"_monsterinsights_sitenote_active":false,"_monsterinsights_sitenote_note":"","_monsterinsights_sitenote_category":0,"footnotes":""},"categories":[],"tags":[],"class_list":["post-810","page","type-page","status-publish","has-post-thumbnail","hentry"],"acf":[],"yoast_head":"<!-- This site is optimized with the Yoast SEO plugin v27.4 - https:\/\/yoast.com\/product\/yoast-seo-wordpress\/ -->\n<title>Nueva Vida Midway - New Life Community Church<\/title>\n<meta name=\"robots\" content=\"index, follow, max-snippet:-1, max-image-preview:large, max-video-preview:-1\" \/>\n<link rel=\"canonical\" href=\"https:\/\/newlifecommunity.church\/es\/nueva-vida-midway\/\" \/>\n<meta property=\"og:locale\" content=\"es_MX\" \/>\n<meta property=\"og:type\" content=\"article\" \/>\n<meta property=\"og:title\" content=\"Nueva Vida Midway - New Life Community Church\" \/>\n<meta property=\"og:description\" content=\"LOCATION Domingos a las 10:30AM y 12:00PM 5101 S Keeler Ave, Chicago, IL 60632 nuevavidamidway1@newlifechicago.org 773-838-9470 DIRECCIONES Ver En L\u00ednea Dar En L\u00ednea Acerca de Nosotros Nuestro prop\u00f3sito es ser una familia de amor que coopere con Dios para hacer que los seguidores de Cristo sean devotos permanentemente. Nos encantar\u00eda verte este domingo en Nueva&hellip;\" \/>\n<meta property=\"og:url\" content=\"https:\/\/newlifecommunity.church\/es\/nueva-vida-midway\/\" \/>\n<meta property=\"og:site_name\" content=\"New Life Community Church\" \/>\n<meta property=\"article:publisher\" content=\"https:\/\/facebook.com\/newlifechicago\" \/>\n<meta property=\"article:modified_time\" content=\"2025-10-22T18:17:08+00:00\" \/>\n<meta property=\"og:image\" content=\"https:\/\/newlifecommunity.church\/wp-content\/uploads\/2023\/03\/midway-building-2023.jpg\" \/>\n\t<meta property=\"og:image:width\" content=\"1920\" \/>\n\t<meta property=\"og:image:height\" content=\"1080\" \/>\n\t<meta property=\"og:image:type\" content=\"image\/jpeg\" \/>\n<meta name=\"twitter:card\" content=\"summary_large_image\" \/>\n<meta name=\"twitter:site\" content=\"@newlifechicago\" \/>\n<meta name=\"twitter:label1\" content=\"Tiempo de lectura\" \/>\n\t<meta name=\"twitter:data1\" content=\"3 minutos\" \/>\n<script type=\"application\/ld+json\" class=\"yoast-schema-graph\">{\"@context\":\"https:\\\/\\\/schema.org\",\"@graph\":[{\"@type\":\"WebPage\",\"@id\":\"https:\\\/\\\/newlifecommunity.church\\\/nueva-vida-midway\\\/\",\"url\":\"https:\\\/\\\/newlifecommunity.church\\\/nueva-vida-midway\\\/\",\"name\":\"Nueva Vida Midway - New Life Community Church\",\"isPartOf\":{\"@id\":\"https:\\\/\\\/newlifecommunity.church\\\/#website\"},\"primaryImageOfPage\":{\"@id\":\"https:\\\/\\\/newlifecommunity.church\\\/nueva-vida-midway\\\/#primaryimage\"},\"image\":{\"@id\":\"https:\\\/\\\/newlifecommunity.church\\\/nueva-vida-midway\\\/#primaryimage\"},\"thumbnailUrl\":\"https:\\\/\\\/newlifecommunity.church\\\/wp-content\\\/uploads\\\/2023\\\/03\\\/midway-building-2023.jpg\",\"datePublished\":\"2019-01-03T20:21:44+00:00\",\"dateModified\":\"2025-10-22T18:17:08+00:00\",\"breadcrumb\":{\"@id\":\"https:\\\/\\\/newlifecommunity.church\\\/nueva-vida-midway\\\/#breadcrumb\"},\"inLanguage\":\"es-MX\",\"potentialAction\":[{\"@type\":\"ReadAction\",\"target\":[\"https:\\\/\\\/newlifecommunity.church\\\/nueva-vida-midway\\\/\"]}]},{\"@type\":\"ImageObject\",\"inLanguage\":\"es-MX\",\"@id\":\"https:\\\/\\\/newlifecommunity.church\\\/nueva-vida-midway\\\/#primaryimage\",\"url\":\"https:\\\/\\\/newlifecommunity.church\\\/wp-content\\\/uploads\\\/2023\\\/03\\\/midway-building-2023.jpg\",\"contentUrl\":\"https:\\\/\\\/newlifecommunity.church\\\/wp-content\\\/uploads\\\/2023\\\/03\\\/midway-building-2023.jpg\",\"width\":1920,\"height\":1080},{\"@type\":\"BreadcrumbList\",\"@id\":\"https:\\\/\\\/newlifecommunity.church\\\/nueva-vida-midway\\\/#breadcrumb\",\"itemListElement\":[{\"@type\":\"ListItem\",\"position\":1,\"name\":\"Home\",\"item\":\"https:\\\/\\\/newlifecommunity.church\\\/\"},{\"@type\":\"ListItem\",\"position\":2,\"name\":\"Nueva Vida Midway\"}]},{\"@type\":\"WebSite\",\"@id\":\"https:\\\/\\\/newlifecommunity.church\\\/#website\",\"url\":\"https:\\\/\\\/newlifecommunity.church\\\/\",\"name\":\"New Life Community Church\",\"description\":\"One Church, Many Locations\",\"publisher\":{\"@id\":\"https:\\\/\\\/newlifecommunity.church\\\/#organization\"},\"potentialAction\":[{\"@type\":\"SearchAction\",\"target\":{\"@type\":\"EntryPoint\",\"urlTemplate\":\"https:\\\/\\\/newlifecommunity.church\\\/?s={search_term_string}\"},\"query-input\":{\"@type\":\"PropertyValueSpecification\",\"valueRequired\":true,\"valueName\":\"search_term_string\"}}],\"inLanguage\":\"es-MX\"},{\"@type\":\"Organization\",\"@id\":\"https:\\\/\\\/newlifecommunity.church\\\/#organization\",\"name\":\"New Life Community Church\",\"url\":\"https:\\\/\\\/newlifecommunity.church\\\/\",\"logo\":{\"@type\":\"ImageObject\",\"inLanguage\":\"es-MX\",\"@id\":\"https:\\\/\\\/newlifecommunity.church\\\/#\\\/schema\\\/logo\\\/image\\\/\",\"url\":\"https:\\\/\\\/newlifecommunity.church\\\/wp-content\\\/uploads\\\/2022\\\/02\\\/NewLife_RGB_Primary.png\",\"contentUrl\":\"https:\\\/\\\/newlifecommunity.church\\\/wp-content\\\/uploads\\\/2022\\\/02\\\/NewLife_RGB_Primary.png\",\"width\":6250,\"height\":2151,\"caption\":\"New Life Community Church\"},\"image\":{\"@id\":\"https:\\\/\\\/newlifecommunity.church\\\/#\\\/schema\\\/logo\\\/image\\\/\"},\"sameAs\":[\"https:\\\/\\\/facebook.com\\\/newlifechicago\",\"https:\\\/\\\/x.com\\\/newlifechicago\",\"https:\\\/\\\/www.linkedin.com\\\/company\\\/newlifechicago\",\"https:\\\/\\\/www.youtube.com\\\/newlifemidway\",\"https:\\\/\\\/www.instagram.com\\\/newlifechicago\\\/\"]}]}<\/script>\n<!-- \/ Yoast SEO plugin. -->","yoast_head_json":{"title":"Nueva Vida Midway - New Life Community Church","robots":{"index":"index","follow":"follow","max-snippet":"max-snippet:-1","max-image-preview":"max-image-preview:large","max-video-preview":"max-video-preview:-1"},"canonical":"https:\/\/newlifecommunity.church\/es\/nueva-vida-midway\/","og_locale":"es_MX","og_type":"article","og_title":"Nueva Vida Midway - New Life Community Church","og_description":"LOCATION Domingos a las 10:30AM y 12:00PM 5101 S Keeler Ave, Chicago, IL 60632 nuevavidamidway1@newlifechicago.org 773-838-9470 DIRECCIONES Ver En L\u00ednea Dar En L\u00ednea Acerca de Nosotros Nuestro prop\u00f3sito es ser una familia de amor que coopere con Dios para hacer que los seguidores de Cristo sean devotos permanentemente. Nos encantar\u00eda verte este domingo en Nueva&hellip;","og_url":"https:\/\/newlifecommunity.church\/es\/nueva-vida-midway\/","og_site_name":"New Life Community Church","article_publisher":"https:\/\/facebook.com\/newlifechicago","article_modified_time":"2025-10-22T18:17:08+00:00","og_image":[{"width":1920,"height":1080,"url":"https:\/\/newlifecommunity.church\/wp-content\/uploads\/2023\/03\/midway-building-2023.jpg","type":"image\/jpeg"}],"twitter_card":"summary_large_image","twitter_site":"@newlifechicago","twitter_misc":{"Tiempo de lectura":"3 minutos"},"schema":{"@context":"https:\/\/schema.org","@graph":[{"@type":"WebPage","@id":"https:\/\/newlifecommunity.church\/nueva-vida-midway\/","url":"https:\/\/newlifecommunity.church\/nueva-vida-midway\/","name":"Nueva Vida Midway - New Life Community Church","isPartOf":{"@id":"https:\/\/newlifecommunity.church\/#website"},"primaryImageOfPage":{"@id":"https:\/\/newlifecommunity.church\/nueva-vida-midway\/#primaryimage"},"image":{"@id":"https:\/\/newlifecommunity.church\/nueva-vida-midway\/#primaryimage"},"thumbnailUrl":"https:\/\/newlifecommunity.church\/wp-content\/uploads\/2023\/03\/midway-building-2023.jpg","datePublished":"2019-01-03T20:21:44+00:00","dateModified":"2025-10-22T18:17:08+00:00","breadcrumb":{"@id":"https:\/\/newlifecommunity.church\/nueva-vida-midway\/#breadcrumb"},"inLanguage":"es-MX","potentialAction":[{"@type":"ReadAction","target":["https:\/\/newlifecommunity.church\/nueva-vida-midway\/"]}]},{"@type":"ImageObject","inLanguage":"es-MX","@id":"https:\/\/newlifecommunity.church\/nueva-vida-midway\/#primaryimage","url":"https:\/\/newlifecommunity.church\/wp-content\/uploads\/2023\/03\/midway-building-2023.jpg","contentUrl":"https:\/\/newlifecommunity.church\/wp-content\/uploads\/2023\/03\/midway-building-2023.jpg","width":1920,"height":1080},{"@type":"BreadcrumbList","@id":"https:\/\/newlifecommunity.church\/nueva-vida-midway\/#breadcrumb","itemListElement":[{"@type":"ListItem","position":1,"name":"Home","item":"https:\/\/newlifecommunity.church\/"},{"@type":"ListItem","position":2,"name":"Nueva Vida Midway"}]},{"@type":"WebSite","@id":"https:\/\/newlifecommunity.church\/#website","url":"https:\/\/newlifecommunity.church\/","name":"Iglesia Comunidad Nueva Vida","description":"Una iglesia, por toda la ciudad","publisher":{"@id":"https:\/\/newlifecommunity.church\/#organization"},"potentialAction":[{"@type":"SearchAction","target":{"@type":"EntryPoint","urlTemplate":"https:\/\/newlifecommunity.church\/?s={search_term_string}"},"query-input":{"@type":"PropertyValueSpecification","valueRequired":true,"valueName":"search_term_string"}}],"inLanguage":"es-MX"},{"@type":"Organization","@id":"https:\/\/newlifecommunity.church\/#organization","name":"Iglesia Comunidad Nueva Vida","url":"https:\/\/newlifecommunity.church\/","logo":{"@type":"ImageObject","inLanguage":"es-MX","@id":"https:\/\/newlifecommunity.church\/#\/schema\/logo\/image\/","url":"https:\/\/newlifecommunity.church\/wp-content\/uploads\/2022\/02\/NewLife_RGB_Primary.png","contentUrl":"https:\/\/newlifecommunity.church\/wp-content\/uploads\/2022\/02\/NewLife_RGB_Primary.png","width":6250,"height":2151,"caption":"New Life Community Church"},"image":{"@id":"https:\/\/newlifecommunity.church\/#\/schema\/logo\/image\/"},"sameAs":["https:\/\/facebook.com\/newlifechicago","https:\/\/x.com\/newlifechicago","https:\/\/www.linkedin.com\/company\/newlifechicago","https:\/\/www.youtube.com\/newlifemidway","https:\/\/www.instagram.com\/newlifechicago\/"]}]}},"_links":{"self":[{"href":"https:\/\/newlifecommunity.church\/es\/wp-json\/wp\/v2\/pages\/810","targetHints":{"allow":["GET"]}}],"collection":[{"href":"https:\/\/newlifecommunity.church\/es\/wp-json\/wp\/v2\/pages"}],"about":[{"href":"https:\/\/newlifecommunity.church\/es\/wp-json\/wp\/v2\/types\/page"}],"author":[{"embeddable":true,"href":"https:\/\/newlifecommunity.church\/es\/wp-json\/wp\/v2\/users\/2"}],"replies":[{"embeddable":true,"href":"https:\/\/newlifecommunity.church\/es\/wp-json\/wp\/v2\/comments?post=810"}],"version-history":[{"count":0,"href":"https:\/\/newlifecommunity.church\/es\/wp-json\/wp\/v2\/pages\/810\/revisions"}],"wp:featuredmedia":[{"embeddable":true,"href":"https:\/\/newlifecommunity.church\/es\/wp-json\/wp\/v2\/media\/2923"}],"wp:attachment":[{"href":"https:\/\/newlifecommunity.church\/es\/wp-json\/wp\/v2\/media?parent=810"}],"wp:term":[{"taxonomy":"category","embeddable":true,"href":"https:\/\/newlifecommunity.church\/es\/wp-json\/wp\/v2\/categories?post=810"},{"taxonomy":"post_tag","embeddable":true,"href":"https:\/\/newlifecommunity.church\/es\/wp-json\/wp\/v2\/tags?post=810"}],"curies":[{"name":"wp","href":"https:\/\/api.w.org\/{rel}","templated":true}]}}