{"id":813,"date":"2019-01-03T20:45:02","date_gmt":"2019-01-03T20:45:02","guid":{"rendered":"https:\/\/newlifecommunity.church\/?page_id=813"},"modified":"2026-04-12T02:34:10","modified_gmt":"2026-04-12T02:34:10","slug":"nueva-vida-cicero","status":"publish","type":"page","link":"https:\/\/newlifecommunity.church\/es\/nueva-vida-cicero\/","title":{"rendered":"Nueva Vida Cicero"},"content":{"rendered":"<h1>\n\t\t\tCICERO\t<\/h1>\n\t<p><strong>Domingos a las 12:30pm<\/strong><\/p>\n<h3><b>3601 S 61st Ave, Cicero, IL 60804<\/b><\/h3>\n<p><strong>nuevavidacicero@newlifechicago.org<\/strong><\/p>\n<p><strong>708-780-5433<\/strong><\/p>\n\t\t\t<a href=\"https:\/\/goo.gl\/maps\/qcyL4BRn4ov\"  target=\"_blank\" rel=\"noopener\">\n\t\t\t\t\t\tDIRECCIONES\n\t\t\t\t\t<\/a>\n\t\t\t<a href=\"https:\/\/www.facebook.com\/nuevavidacicero\/live\"  target=\"_blank\" rel=\"noopener\">\n\t\t\t\t\t\tVer En L\u00ednea\n\t\t\t\t\t<\/a>\n\t\t\t<a href=\"https:\/\/pushpay.com\/g\/nvcicero?lang=es\"  target=\"_blank\" rel=\"noopener\">\n\t\t\t\t\t\tDar en L\u00ednea\n\t\t\t\t\t<\/a>\n<h1>\n\t\t\tAcerca de Nosotros\t<\/h1>\n\t<p>Nuestro prop\u00f3sito es ser una familia de amor que coopere con Dios para hacer que los seguidores de Cristo sean devotos permanentemente. Nos encantar\u00eda verte este domingo en Nueva Vida. \u00a1Mira nuestro video de bienvenida y aprende m\u00e1s a continuaci\u00f3n!<\/p>\n\t\t<iframe loading=\"lazy\" width=\"560\" height=\"315\" src=\"https:\/\/www.youtube.com\/embed\/LhXdTwiPl0w\" title=\"YouTube video player\" frameborder=\"0\" allow=\"accelerometer; autoplay; clipboard-write; encrypted-media; gyroscope; picture-in-picture\" allowfullscreen><\/iframe>\t\n\t\t\t\t\t<a role=\"heading\" aria-level=\"2\" tabindex=\"-1\"  id=\"fl-accordion--label-0\"><b>Su primera visita<\/b><\/a>\n\t\t\t\t\t\t\t\t\t\t\t<button type=\"button\" id=\"fl-accordion--icon-0\" aria-expanded=\"false\" aria-controls=\"fl-accordion--panel-0\"><i>Expandir<\/i><\/button>\n\t\t\t\t\t<p>Sabemos que presentarse a un lugar nuevo por primera vez puede ser intimidante, pero en Iglesia Comunidad Nueva Vida es nuestro deseo que te sientas como en casa desde el momento en que entras en el estacionamiento. Como invitado por primera vez, tu es VIP para nosotros, \u00a1as\u00ed que estaremos all\u00ed contigo en cada paso del camino! \u00a1Incluso tenemos un regalo solo para ti!<\/p>\n\t\t\t\t\t<a role=\"heading\" aria-level=\"2\" tabindex=\"-1\"  id=\"fl-accordion--label-0\"><b>Se tu mismo<\/b><\/a>\n\t\t\t\t\t\t\t\t\t\t\t<button type=\"button\" id=\"fl-accordion--icon-0\" aria-expanded=\"false\" aria-controls=\"fl-accordion--panel-0\"><i>Expandir<\/i><\/button>\n\t\t\t\t\t<p>\u00a1En la Iglesia Comunidad Nueva Vida, no hay c\u00f3digo de vestimenta! Algunas personas se visten con trajes o vestidos, y otras usan camisetas y pantalones vaqueros. \u00a1Queremos que uses lo que te haga sentir c\u00f3modo!<\/p>\n\t\t\t\t\t<a role=\"heading\" aria-level=\"2\" tabindex=\"-1\"  id=\"fl-accordion--label-0\"><b>Trae a los ni\u00f1os<\/b><\/a>\n\t\t\t\t\t\t\t\t\t\t\t<button type=\"button\" id=\"fl-accordion--icon-0\" aria-expanded=\"false\" aria-controls=\"fl-accordion--panel-0\"><i>Expandir<\/i><\/button>\n\t\t\t\t\t<p>Nuestra Zona de Ni\u00f1os est\u00e1 disponible para ni\u00f1os desde el nacimiento hasta el sexto grado. El cuidado y el crecimiento de cada ni\u00f1o es nuestra m\u00e1xima prioridad y nuestra pasi\u00f3n es crear lecciones interactivas e inspiradas en la Biblia, \u00a1especialmente dise\u00f1adas para sus hijos! \u00a1Nuestra Zona de Ni\u00f1os est\u00e1 disponible durante cada servicio de adoraci\u00f3n para que pueda disfrutar de un gran momento sabiendo que su hijo est\u00e1 siendo amado y cuidado!<\/p>\n<h1>\n\t\t\tNuestros Pastores\t<\/h1>\n<figure itemscope itemtype=\"https:\/\/schema.org\/ImageObject\">\n\t\t\t\t<img decoding=\"async\" src=\"https:\/\/newlifecommunity.church\/wp-content\/uploads\/2020\/08\/sotelo.jpg\" alt=\"&lt;strong&gt;Samuel &amp; Violeta Sotelo&lt;\/strong&gt;&lt;br&gt;&lt;em&gt;&lt;a href=&quot;https:\/\/newlifecommunity.church\/cicero\/&quot;&gt;Visit Cicero&lt;\/a&gt;&lt;\/em&gt;\" height=\"501\" width=\"500\" title=\"sotelo\" onerror=\"this.style.display='none'\" loading=\"lazy\" \/>\n\t<\/figure>\n\t<p><strong>Samuel y Violeta Sotelo &#8211; Location Pastor (Espa\u00f1ol)<\/strong><\/p>\n<p>Samuel y Violeta Sotelo, originarios de M\u00e9xico, no se imaginaban que Dios los bendecir\u00eda con el privilegio de servir y dirigir una congregaci\u00f3n a trav\u00e9s de la salvaci\u00f3n en Cristo, mentor\u00eda, discipulado para bautizos, y crecimiento espiritual. Un grupo de estudio b\u00edblico que comenz\u00f3 hace muchos a\u00f1os, se convirti\u00f3 en la congregaci\u00f3n que llevan hoy. Aun en medio de circunstancias dif\u00edciles, el ministerio de 15 a\u00f1os en Nueva Vida Cicero sigue creciendo gracias a la fidelidad de Dios. Junto con el amor y apoyo de la congregaci\u00f3n, la Familia Sotelo desea seguir haciendo un impacto para Cristo.<\/p>\n<figure itemscope itemtype=\"https:\/\/schema.org\/ImageObject\">\n\t\t\t\t<img decoding=\"async\" src=\"https:\/\/newlifecommunity.church\/wp-content\/uploads\/2018\/08\/sanchez-1.jpg\" alt=\"&lt;strong&gt;Juan &amp; Rosa Sanchez&lt;\/strong&gt;&lt;br&gt;&lt;em&gt;&lt;a href=&quot;https:\/\/newlifecommunity.church\/cicero\/&quot;&gt;Visit Cicero&lt;\/a&gt;&lt;\/em&gt;\" height=\"461\" width=\"461\" title=\"sanchez\" onerror=\"this.style.display='none'\" loading=\"lazy\" \/>\n\t<\/figure>\n\t<p><strong>Juan and Rosa Sanchez &#8211; Location Pastor <\/strong><strong>(English)<\/strong><\/p>\n<p>Juan and Rosabel Sanchez have been involved in ministry for the last 12 years. They were Fusion ministry leaders and Elders at Newlife Midway before being launched out in the Spring of 2014 to plant Newlife Garfield-Ridge, where they led services at Kennedy High School. In the Fall of 2016 both the New Life Garfield Ridge and New Life Cicero church families merged into one new dynamic body of Christ, which Juan and Rosabel now pastor. Both Juan and Rosabel are life-long residents of the City of Chicago and both work as educators for Chicago Public Schools. They have a shared passion to see healthy, vibrant and spiritually equipped individuals and families grow and thrive. Together, they have four children and a beagle named Zoe.<\/p>","protected":false},"excerpt":{"rendered":"<p>CICERO Domingos a las 12:30pm 3601 S 61st Ave, Cicero, IL 60804 nuevavidacicero@newlifechicago.org 708-780-5433 DIRECCIONES Ver En L\u00ednea Dar en L\u00ednea Acerca de Nosotros Nuestro prop\u00f3sito es ser una familia de amor que coopere con Dios para hacer que los seguidores de Cristo sean devotos permanentemente. Nos encantar\u00eda verte este domingo en Nueva Vida. \u00a1Mira&hellip;<\/p>","protected":false},"author":2,"featured_media":2457,"parent":0,"menu_order":0,"comment_status":"closed","ping_status":"closed","template":"","meta":{"_acf_changed":false,"_monsterinsights_skip_tracking":false,"_monsterinsights_sitenote_active":false,"_monsterinsights_sitenote_note":"","_monsterinsights_sitenote_category":0,"footnotes":""},"categories":[],"tags":[],"class_list":["post-813","page","type-page","status-publish","has-post-thumbnail","hentry"],"acf":[],"yoast_head":"<!-- This site is optimized with the Yoast SEO plugin v27.4 - https:\/\/yoast.com\/product\/yoast-seo-wordpress\/ -->\n<title>Nueva Vida Cicero - New Life Community Church<\/title>\n<meta name=\"robots\" content=\"index, follow, max-snippet:-1, max-image-preview:large, max-video-preview:-1\" \/>\n<link rel=\"canonical\" href=\"https:\/\/newlifecommunity.church\/es\/nueva-vida-cicero\/\" \/>\n<meta property=\"og:locale\" content=\"es_MX\" \/>\n<meta property=\"og:type\" content=\"article\" \/>\n<meta property=\"og:title\" content=\"Nueva Vida Cicero - New Life Community Church\" \/>\n<meta property=\"og:description\" content=\"CICERO Domingos a las 12:30pm 3601 S 61st Ave, Cicero, IL 60804 nuevavidacicero@newlifechicago.org 708-780-5433 DIRECCIONES Ver En L\u00ednea Dar en L\u00ednea Acerca de Nosotros Nuestro prop\u00f3sito es ser una familia de amor que coopere con Dios para hacer que los seguidores de Cristo sean devotos permanentemente. Nos encantar\u00eda verte este domingo en Nueva Vida. \u00a1Mira&hellip;\" \/>\n<meta property=\"og:url\" content=\"https:\/\/newlifecommunity.church\/es\/nueva-vida-cicero\/\" \/>\n<meta property=\"og:site_name\" content=\"New Life Community Church\" \/>\n<meta property=\"article:publisher\" content=\"https:\/\/facebook.com\/newlifechicago\" \/>\n<meta property=\"article:modified_time\" content=\"2026-04-12T02:34:10+00:00\" \/>\n<meta property=\"og:image\" content=\"https:\/\/newlifecommunity.church\/wp-content\/uploads\/2022\/04\/crosp-20210228-scaled-e1650373469674.jpg\" \/>\n\t<meta property=\"og:image:width\" content=\"2118\" \/>\n\t<meta property=\"og:image:height\" content=\"1190\" \/>\n\t<meta property=\"og:image:type\" content=\"image\/jpeg\" \/>\n<meta name=\"twitter:card\" content=\"summary_large_image\" \/>\n<meta name=\"twitter:site\" content=\"@newlifechicago\" \/>\n<meta name=\"twitter:label1\" content=\"Tiempo de lectura\" \/>\n\t<meta name=\"twitter:data1\" content=\"3 minutos\" \/>\n<script type=\"application\/ld+json\" class=\"yoast-schema-graph\">{\"@context\":\"https:\\\/\\\/schema.org\",\"@graph\":[{\"@type\":\"WebPage\",\"@id\":\"https:\\\/\\\/newlifecommunity.church\\\/nueva-vida-cicero\\\/\",\"url\":\"https:\\\/\\\/newlifecommunity.church\\\/nueva-vida-cicero\\\/\",\"name\":\"Nueva Vida Cicero - New Life Community Church\",\"isPartOf\":{\"@id\":\"https:\\\/\\\/newlifecommunity.church\\\/#website\"},\"primaryImageOfPage\":{\"@id\":\"https:\\\/\\\/newlifecommunity.church\\\/nueva-vida-cicero\\\/#primaryimage\"},\"image\":{\"@id\":\"https:\\\/\\\/newlifecommunity.church\\\/nueva-vida-cicero\\\/#primaryimage\"},\"thumbnailUrl\":\"https:\\\/\\\/newlifecommunity.church\\\/wp-content\\\/uploads\\\/2022\\\/04\\\/crosp-20210228-scaled-e1650373469674.jpg\",\"datePublished\":\"2019-01-03T20:45:02+00:00\",\"dateModified\":\"2026-04-12T02:34:10+00:00\",\"breadcrumb\":{\"@id\":\"https:\\\/\\\/newlifecommunity.church\\\/nueva-vida-cicero\\\/#breadcrumb\"},\"inLanguage\":\"es-MX\",\"potentialAction\":[{\"@type\":\"ReadAction\",\"target\":[\"https:\\\/\\\/newlifecommunity.church\\\/nueva-vida-cicero\\\/\"]}]},{\"@type\":\"ImageObject\",\"inLanguage\":\"es-MX\",\"@id\":\"https:\\\/\\\/newlifecommunity.church\\\/nueva-vida-cicero\\\/#primaryimage\",\"url\":\"https:\\\/\\\/newlifecommunity.church\\\/wp-content\\\/uploads\\\/2022\\\/04\\\/crosp-20210228-scaled-e1650373469674.jpg\",\"contentUrl\":\"https:\\\/\\\/newlifecommunity.church\\\/wp-content\\\/uploads\\\/2022\\\/04\\\/crosp-20210228-scaled-e1650373469674.jpg\",\"width\":2118,\"height\":1190},{\"@type\":\"BreadcrumbList\",\"@id\":\"https:\\\/\\\/newlifecommunity.church\\\/nueva-vida-cicero\\\/#breadcrumb\",\"itemListElement\":[{\"@type\":\"ListItem\",\"position\":1,\"name\":\"Home\",\"item\":\"https:\\\/\\\/newlifecommunity.church\\\/\"},{\"@type\":\"ListItem\",\"position\":2,\"name\":\"Nueva Vida Cicero\"}]},{\"@type\":\"WebSite\",\"@id\":\"https:\\\/\\\/newlifecommunity.church\\\/#website\",\"url\":\"https:\\\/\\\/newlifecommunity.church\\\/\",\"name\":\"New Life Community Church\",\"description\":\"One Church, Many Locations\",\"publisher\":{\"@id\":\"https:\\\/\\\/newlifecommunity.church\\\/#organization\"},\"potentialAction\":[{\"@type\":\"SearchAction\",\"target\":{\"@type\":\"EntryPoint\",\"urlTemplate\":\"https:\\\/\\\/newlifecommunity.church\\\/?s={search_term_string}\"},\"query-input\":{\"@type\":\"PropertyValueSpecification\",\"valueRequired\":true,\"valueName\":\"search_term_string\"}}],\"inLanguage\":\"es-MX\"},{\"@type\":\"Organization\",\"@id\":\"https:\\\/\\\/newlifecommunity.church\\\/#organization\",\"name\":\"New Life Community Church\",\"url\":\"https:\\\/\\\/newlifecommunity.church\\\/\",\"logo\":{\"@type\":\"ImageObject\",\"inLanguage\":\"es-MX\",\"@id\":\"https:\\\/\\\/newlifecommunity.church\\\/#\\\/schema\\\/logo\\\/image\\\/\",\"url\":\"https:\\\/\\\/newlifecommunity.church\\\/wp-content\\\/uploads\\\/2022\\\/02\\\/NewLife_RGB_Primary.png\",\"contentUrl\":\"https:\\\/\\\/newlifecommunity.church\\\/wp-content\\\/uploads\\\/2022\\\/02\\\/NewLife_RGB_Primary.png\",\"width\":6250,\"height\":2151,\"caption\":\"New Life Community Church\"},\"image\":{\"@id\":\"https:\\\/\\\/newlifecommunity.church\\\/#\\\/schema\\\/logo\\\/image\\\/\"},\"sameAs\":[\"https:\\\/\\\/facebook.com\\\/newlifechicago\",\"https:\\\/\\\/x.com\\\/newlifechicago\",\"https:\\\/\\\/www.linkedin.com\\\/company\\\/newlifechicago\",\"https:\\\/\\\/www.youtube.com\\\/newlifemidway\",\"https:\\\/\\\/www.instagram.com\\\/newlifechicago\\\/\"]}]}<\/script>\n<!-- \/ Yoast SEO plugin. -->","yoast_head_json":{"title":"Nueva Vida Cicero - New Life Community Church","robots":{"index":"index","follow":"follow","max-snippet":"max-snippet:-1","max-image-preview":"max-image-preview:large","max-video-preview":"max-video-preview:-1"},"canonical":"https:\/\/newlifecommunity.church\/es\/nueva-vida-cicero\/","og_locale":"es_MX","og_type":"article","og_title":"Nueva Vida Cicero - New Life Community Church","og_description":"CICERO Domingos a las 12:30pm 3601 S 61st Ave, Cicero, IL 60804 nuevavidacicero@newlifechicago.org 708-780-5433 DIRECCIONES Ver En L\u00ednea Dar en L\u00ednea Acerca de Nosotros Nuestro prop\u00f3sito es ser una familia de amor que coopere con Dios para hacer que los seguidores de Cristo sean devotos permanentemente. Nos encantar\u00eda verte este domingo en Nueva Vida. \u00a1Mira&hellip;","og_url":"https:\/\/newlifecommunity.church\/es\/nueva-vida-cicero\/","og_site_name":"New Life Community Church","article_publisher":"https:\/\/facebook.com\/newlifechicago","article_modified_time":"2026-04-12T02:34:10+00:00","og_image":[{"width":2118,"height":1190,"url":"https:\/\/newlifecommunity.church\/wp-content\/uploads\/2022\/04\/crosp-20210228-scaled-e1650373469674.jpg","type":"image\/jpeg"}],"twitter_card":"summary_large_image","twitter_site":"@newlifechicago","twitter_misc":{"Tiempo de lectura":"3 minutos"},"schema":{"@context":"https:\/\/schema.org","@graph":[{"@type":"WebPage","@id":"https:\/\/newlifecommunity.church\/nueva-vida-cicero\/","url":"https:\/\/newlifecommunity.church\/nueva-vida-cicero\/","name":"Nueva Vida Cicero - New Life Community Church","isPartOf":{"@id":"https:\/\/newlifecommunity.church\/#website"},"primaryImageOfPage":{"@id":"https:\/\/newlifecommunity.church\/nueva-vida-cicero\/#primaryimage"},"image":{"@id":"https:\/\/newlifecommunity.church\/nueva-vida-cicero\/#primaryimage"},"thumbnailUrl":"https:\/\/newlifecommunity.church\/wp-content\/uploads\/2022\/04\/crosp-20210228-scaled-e1650373469674.jpg","datePublished":"2019-01-03T20:45:02+00:00","dateModified":"2026-04-12T02:34:10+00:00","breadcrumb":{"@id":"https:\/\/newlifecommunity.church\/nueva-vida-cicero\/#breadcrumb"},"inLanguage":"es-MX","potentialAction":[{"@type":"ReadAction","target":["https:\/\/newlifecommunity.church\/nueva-vida-cicero\/"]}]},{"@type":"ImageObject","inLanguage":"es-MX","@id":"https:\/\/newlifecommunity.church\/nueva-vida-cicero\/#primaryimage","url":"https:\/\/newlifecommunity.church\/wp-content\/uploads\/2022\/04\/crosp-20210228-scaled-e1650373469674.jpg","contentUrl":"https:\/\/newlifecommunity.church\/wp-content\/uploads\/2022\/04\/crosp-20210228-scaled-e1650373469674.jpg","width":2118,"height":1190},{"@type":"BreadcrumbList","@id":"https:\/\/newlifecommunity.church\/nueva-vida-cicero\/#breadcrumb","itemListElement":[{"@type":"ListItem","position":1,"name":"Home","item":"https:\/\/newlifecommunity.church\/"},{"@type":"ListItem","position":2,"name":"Nueva Vida Cicero"}]},{"@type":"WebSite","@id":"https:\/\/newlifecommunity.church\/#website","url":"https:\/\/newlifecommunity.church\/","name":"Iglesia Comunidad Nueva Vida","description":"Una iglesia, por toda la ciudad","publisher":{"@id":"https:\/\/newlifecommunity.church\/#organization"},"potentialAction":[{"@type":"SearchAction","target":{"@type":"EntryPoint","urlTemplate":"https:\/\/newlifecommunity.church\/?s={search_term_string}"},"query-input":{"@type":"PropertyValueSpecification","valueRequired":true,"valueName":"search_term_string"}}],"inLanguage":"es-MX"},{"@type":"Organization","@id":"https:\/\/newlifecommunity.church\/#organization","name":"Iglesia Comunidad Nueva Vida","url":"https:\/\/newlifecommunity.church\/","logo":{"@type":"ImageObject","inLanguage":"es-MX","@id":"https:\/\/newlifecommunity.church\/#\/schema\/logo\/image\/","url":"https:\/\/newlifecommunity.church\/wp-content\/uploads\/2022\/02\/NewLife_RGB_Primary.png","contentUrl":"https:\/\/newlifecommunity.church\/wp-content\/uploads\/2022\/02\/NewLife_RGB_Primary.png","width":6250,"height":2151,"caption":"New Life Community Church"},"image":{"@id":"https:\/\/newlifecommunity.church\/#\/schema\/logo\/image\/"},"sameAs":["https:\/\/facebook.com\/newlifechicago","https:\/\/x.com\/newlifechicago","https:\/\/www.linkedin.com\/company\/newlifechicago","https:\/\/www.youtube.com\/newlifemidway","https:\/\/www.instagram.com\/newlifechicago\/"]}]}},"_links":{"self":[{"href":"https:\/\/newlifecommunity.church\/es\/wp-json\/wp\/v2\/pages\/813","targetHints":{"allow":["GET"]}}],"collection":[{"href":"https:\/\/newlifecommunity.church\/es\/wp-json\/wp\/v2\/pages"}],"about":[{"href":"https:\/\/newlifecommunity.church\/es\/wp-json\/wp\/v2\/types\/page"}],"author":[{"embeddable":true,"href":"https:\/\/newlifecommunity.church\/es\/wp-json\/wp\/v2\/users\/2"}],"replies":[{"embeddable":true,"href":"https:\/\/newlifecommunity.church\/es\/wp-json\/wp\/v2\/comments?post=813"}],"version-history":[{"count":0,"href":"https:\/\/newlifecommunity.church\/es\/wp-json\/wp\/v2\/pages\/813\/revisions"}],"wp:featuredmedia":[{"embeddable":true,"href":"https:\/\/newlifecommunity.church\/es\/wp-json\/wp\/v2\/media\/2457"}],"wp:attachment":[{"href":"https:\/\/newlifecommunity.church\/es\/wp-json\/wp\/v2\/media?parent=813"}],"wp:term":[{"taxonomy":"category","embeddable":true,"href":"https:\/\/newlifecommunity.church\/es\/wp-json\/wp\/v2\/categories?post=813"},{"taxonomy":"post_tag","embeddable":true,"href":"https:\/\/newlifecommunity.church\/es\/wp-json\/wp\/v2\/tags?post=813"}],"curies":[{"name":"wp","href":"https:\/\/api.w.org\/{rel}","templated":true}]}}