{"id":87,"date":"2018-06-13T20:52:40","date_gmt":"2018-06-13T20:52:40","guid":{"rendered":"http:\/\/newlifechicago.wpengine.com\/?page_id=87"},"modified":"2026-03-23T13:26:31","modified_gmt":"2026-03-23T13:26:31","slug":"give","status":"publish","type":"page","link":"https:\/\/newlifecommunity.church\/es\/give\/","title":{"rendered":"Dar"},"content":{"rendered":"<h1>\n\t\t\tGenerosidad\t<\/h1>\n<h3>\n\t\t\tR\u00e1pido. F\u00e1cil. Seguro.\t<\/h3>\n\t\t\t<button type=\"button\">\n\t\t\t\t\t\t\tDar Aqui\n\t\t\t\t\t<\/button>\n\t\t\t<h3>Elija una Congregaci\u00f3n:<\/h3><br \/>\n<a href=\"https:\/\/pushpay.com\/g\/nvalbanypark?lang=es\" target=\"_blank\" rel=\"noopener\">Albany Park &gt;<\/a><br \/>\n<a href=\"https:\/\/pushpay.com\/g\/nvblueisland?lang=es\" target=\"_blank\" rel=\"noopener\">Blue Island &gt;<\/a><br \/>\n<a href=\"https:\/\/pushpay.com\/g\/nlbridgeport\" target=\"_blank\" rel=\"noopener\">Bridgeport English &gt;<\/a><br \/>\n<a href=\"https:\/\/pushpay.com\/g\/nlmandarin\" target=\"_blank\" rel=\"noopener\">Bridgeport Mandarin &gt;<\/a><br \/>\n<a href=\"https:\/\/pushpay.com\/g\/nvbrightonpark?lang=es\" target=\"_blank\" rel=\"noopener\">Brighton Park Espa\u00f1ol &gt;<\/a><br \/>\n<a href=\"https:\/\/pushpay.com\/g\/nvcicero?lang=es\" target=\"_blank\" rel=\"noopener\">Cicero English &gt;<\/a><br \/>\n<a href=\"https:\/\/pushpay.com\/g\/nvcicero?lang=es\" target=\"_blank\" rel=\"noopener\">Cicero Espa\u00f1ol &gt;<\/a><br \/>\n<a href=\"https:\/\/pushpay.com\/g\/nleasthumboldtpark\" target=\"_blank\" rel=\"noopener\">East Humboldt Park &gt;<\/a><br \/>\n<a href=\"https:\/\/pushpay.com\/g\/nleastside\" target=\"_blank\" rel=\"noopener\">East Side &gt;<\/a><br \/>\n<a href=\"https:\/\/pushpay.com\/g\/nlelgin\" target=\"_blank\" rel\n    =\"noopener\">Elgin &gt;<\/a><br \/>\n<a href=\"https:\/\/pushpay.com\/g\/nvhammond\" target=\"_blank\" rel=\"noopener\">Hammond English &gt;<\/a><br \/>\n<a href=\"https:\/\/pushpay.com\/g\/nvhammond\" target=\"_blank\" rel=\"noopener\">Hammond Espa\u00f1ol &gt;<\/a><br \/>\n<a href=\"https:\/\/pushpay.com\/g\/nvhobart\" target=\"_blank\" rel=\"noopener\">Hobart English &gt;<\/a><br \/>\n<a href=\"https:\/\/pushpay.com\/g\/nvhobart\" target=\"_blank\" rel=\"noopener\">Hobart Espa\u00f1ol &gt;<\/a><br \/>\n<a href=\"https:\/\/pushpay.com\/g\/nlhomerglen\" target=\"_blank\" rel=\"noopener\">Homer Glen &gt;<\/a><br \/>\n<a href=\"https:\/\/pushpay.com\/g\/nlhumboldtpark\" target=\"_blank\" rel=\"noopener\">Humboldt Park &gt;<\/a><br \/>\n<a href=\"https:\/\/pushpay.com\/g\/nllakeview\" target=\"_blank\" rel=\"noopener\">Lakeview &gt;<\/a><br \/>\n<a href=\"https:\/\/pushpay.com\/g\/nllincolnpark\" target=\"_blank\" rel=\"noopener\">Lincoln Park &gt;<\/a><br \/>\n<a href=\"https:\/\/pushpay.com\/g\/nvlavillita?lang=es\" target=\"_blank\" rel=\"noopener\">La Villita &gt;<\/a><br \/>\n<a href=\"https:\/\/pushpay.com\/g\/nvlavillita?lang=es\" target=\"_blank\" rel=\"noopener\">Little Village &gt;<\/a><br \/>\n<a href=\"https:\/\/pushpay.com\/g\/nvalbanypark?lang=es\" target=\"_blank\" rel=\"noopener\">Melrose Park English &gt;<\/a><br \/>\n<a href=\"https:\/\/pushpay.com\/g\/nvmelrosepark?lang=es\" target=\"_blank\" rel=\"noopener\">Melrose Park Espa\u00f1ol &gt;<\/a><br \/>\n<a href=\"https:\/\/pushpay.com\/g\/nlmidway\" target=\"_blank\" rel=\"noopener\">Midway English &gt;<\/a><br \/>\n<a href=\"https:\/\/pushpay.com\/g\/nvmidway?lang=es\" target=\"_blank\" rel=\"noopener\">Midway Espa\u00f1ol &gt;<\/a><br \/>\n<a href=\"https:\/\/pushpay.com\/g\/nlmontclare\" target=\"_blank\" rel=\"noopener\">Mont Clare &gt;<\/a><br \/>\n<a href=\"https:\/\/pushpay.com\/g\/nlmontgomery\" target=\"_blank\" rel=\"noopener\">Montgomery &gt;<\/a><br \/>\n<a href=\"https:\/\/pushpay.com\/g\/nlnorwoodpark\" target=\"_blank\" rel=\"noopener\">Norwood Park &gt;<\/a><br \/>\n<a href=\"https:\/\/pushpay.com\/g\/nloakforest\" target=\"_blank\" rel=\"noopener\">Oak Forest &gt;<\/a><br \/>\n<a href=\"https:\/\/pushpay.com\/g\/nloaklawn\" target=\"_blank\" rel=\"noopener\">Oak Lawn &gt;<\/a><br \/>\n<a href=\"https:\/\/pushpay.com\/g\/nlriverside\" target=\"_blank\" rel=\"noopener\">Riverside &gt;<\/a><br \/>\n<a href=\"https:\/\/pushpay.com\/g\/nlrogerspark\" target=\"_blank\" rel=\"noopener\">Rogers Park &gt;<\/a><br \/>\n<a href=\"https:\/\/pushpay.com\/g\/nlvillapark\" target=\"_blank\" rel=\"noopener\">Villa Park &gt;<\/a><br \/>\n<h3>Choose a Ministry:<\/h3><br \/>\n<a href=\"https:\/\/pushpay.com\/g\/nlmissionaries\" target=\"_blank\" rel=\"noopener\">Missionary Support &gt;<\/a><br \/>\n<a href=\"https:\/\/pushpay.com\/g\/nlpastors\" target=\"_blank\" rel=\"noopener\">Pastoral Support &gt;<\/a><br \/>\n<a href=\"https:\/\/pushpay.com\/g\/nlministries\" target=\"_blank\" rel=\"noopener\">New Life Centers &gt;<\/a><br \/>\n<a href=\"https:\/\/pushpay.com\/g\/newlifecommunitychurchchicago\" target=\"_blank\" rel=\"noopener\">Major Needs Benevolence &gt;<\/a><br \/>\t\t\n<h5>\n\t\t<a href=\"https:\/\/pushpay.com\/login\" title=\"Inicie sesi\u00f3n en su cuenta\"  target=\"_blank\"  rel=\"noopener\">\n\t\t\tInicie sesi\u00f3n en su cuenta\t\t<\/a>\n\t<\/h5>\n<h1>\n\t\t\tDar es un acto de <em>adoraci\u00f3n<\/em> y reflejo de tu <em>vida<\/em> espiritual .\t<\/h1>\n<figure itemscope itemtype=\"https:\/\/schema.org\/ImageObject\">\n\t\t\t\t<img decoding=\"async\" src=\"https:\/\/newlifecommunity.church\/wp-content\/uploads\/2021\/06\/lovegodlovepeople.jpg\" alt=\"lovegodlovepeople\" height=\"624\" width=\"1640\" title=\"lovegodlovepeople\" onerror=\"this.style.display='none'\" loading=\"lazy\" \/>\n\t<\/figure>\n<h3>\n\t\t\tTransparencia Financiera\t<\/h3>\n\t<p>As a church, we maintain a high standard of biblical accountability, financial transparency, and integrity in the use of tithes and offerings. Our dedicated finance staff undergoes an outside audit each year to ensure the proper management and stewardship of our church&#8217;s resources. If you have any questions, please contact our office at <a href=\"mailto:info@newlifechicago.org\">info@newlifechicago.org<\/a>.<\/p>\n<figure itemscope itemtype=\"https:\/\/schema.org\/ImageObject\">\n\t\t\t\t<a href=\"https:\/\/capincrouse.com\/\"  target=\"_blank\" rel=\"noopener\"  itemprop=\"url\">\n\t\t\t\t<img decoding=\"async\" src=\"https:\/\/newlifecommunity.church\/wp-content\/uploads\/2026\/03\/capincrouse-300x77.webp\" alt=\"capincrouse\" height=\"77\" width=\"300\" title=\"capincrouse\" onerror=\"this.style.display='none'\" loading=\"lazy\" \/>\n\t\t\t\t<\/a>\n\t<\/figure>\n<h1>\n\t\t\tPreguntas Frecuentes\t<\/h1>\n\t<p>\u00bfTiene alguna pregunta sobre c\u00f3mo dar? Aqu\u00ed hay respuestas a preguntas frecuentes para ayudarle.<\/p>\n\t\t\t\t\t<a role=\"heading\" aria-level=\"2\" tabindex=\"-1\"  id=\"fl-accordion--label-0\">\u00bfHay m\u00e1s maneras para dar?<\/a>\n\t\t\t\t\t\t\t\t\t\t\t<button type=\"button\" id=\"fl-accordion--icon-0\" aria-expanded=\"false\" aria-controls=\"fl-accordion--panel-0\"><i>Expandir<\/i><\/button>\n\t\t\t\t\t<p><strong>Pagos Bancarios en L\u00ednea \/ Cheques por Correo<\/strong><\/p>\n<p>Nuestra oficina puede recibir un cheque de su cuenta bancaria a trav\u00e9s del correo. Tambi\u00e9n puede escribir y enviar un cheque personal por correo a nuestra oficina.<\/p>\n<ul>\n<li>Visite el sitio web de su cuenta bancaria e inicie sesi\u00f3n.<\/li>\n<li>Haga clic en el Servicio de Pago de Facturas o en Pagos y Transferencias.<\/li>\n<li>Select &#8220;Add a company or Person&#8221; and add:<br \/>\nIglesia Comunidad Nueva Vida<br \/>\n4101 W 51st St, Chicago, IL 60632<\/li>\n<li>Escriba en la nota o el memo del cheque: \"Donaci\u00f3n para NV __________\" y el nombre de su congregaci\u00f3n.<\/li>\n<\/ul>\n<p><strong>Dar por Tel\u00e9fono<\/strong><\/p>\n<p>Si no puede conectarse a Internet, nuestro equipo est\u00e1 disponible para ayudarle a dar por tel\u00e9fono. Comun\u00edquese con nuestra oficina al 773-362-5398 o 773-645-1228 entre las 8:30 am y las 5:00 pm, de lunes a viernes.<\/p>\n\t\t\t\t\t<a role=\"heading\" aria-level=\"2\" tabindex=\"-1\"  id=\"fl-accordion--label-1\">\u00bfMis ofrendas son deductibles de impuestos?<\/a>\n\t\t\t\t\t\t\t\t\t\t\t<button type=\"button\" id=\"fl-accordion--icon-1\" aria-expanded=\"false\" aria-controls=\"fl-accordion--panel-1\"><i>Expandir<\/i><\/button>\n\t\t\t\t\t<p>S\u00ed, New Life Community Church es una organizaci\u00f3n sin fines de lucro 501(c)(3), y sus donaciones son deducibles de impuestos en la m\u00e1xima medida, permitida por la ley.<\/p>\n\t\t\t\t\t<a role=\"heading\" aria-level=\"2\" tabindex=\"-1\"  id=\"fl-accordion--label-2\">\u00bfRecibir\u00e9 alg\u00fan tipo de registro de mis ofrendas?<\/a>\n\t\t\t\t\t\t\t\t\t\t\t<button type=\"button\" id=\"fl-accordion--icon-2\" aria-expanded=\"false\" aria-controls=\"fl-accordion--panel-2\"><i>Expandir<\/i><\/button>\n\t\t\t\t\t<p>Se le enviar\u00e1 por correo una Declaraci\u00f3n de Contribuciones cada enero, con sus contribuciones del a\u00f1o calendario anterior. Nuestra capacidad de proporcionarle un estado de cuenta se basa en tener su informaci\u00f3n actualizada.\n\nSi has dado una contribuci\u00f3n por medio de la aplicaci\u00f3n o sitio web de New Life, utilizaremos la direcci\u00f3n del correo electr\u00f3nico asociado a su cuenta de Pushpay. Puede enviar un correo electr\u00f3nico a info@newlifechicago.org para proveer informaci\u00f3n de contacto actualizada.\n\nPuede ver su historial de donaciones actual en cualquier momento, iniciando sesi\u00f3n en su cuenta de Pushpay en l\u00ednea: https:\/\/pushpay.com\/login<\/p>\n<p>If you have given from the New Life app or website, we will use the email address on file associated with your Pushpay account. You can send an email to info@newlifechicago.org to provide updated contact information.<\/p>\n<p>You can view your current giving history at anytime by logging into your Pushpay account online: https:\/\/pushpay.com\/login<\/p>\n\t\t\t\t\t<a role=\"heading\" aria-level=\"2\" tabindex=\"-1\"  id=\"fl-accordion--label-3\">\u00bfCu\u00e1l es la fecha l\u00edmite para contribuciones anuales?<\/a>\n\t\t\t\t\t\t\t\t\t\t\t<button type=\"button\" id=\"fl-accordion--icon-3\" aria-expanded=\"false\" aria-controls=\"fl-accordion--panel-3\"><i>Expandir<\/i><\/button>\n\t\t\t\t\t<p>Cualquier contribuci\u00f3n en efectivo y cheque debe recibirse o tener el sello postal antes del 31 de diciembre para ser incluida en su estado de cuenta de ese a\u00f1o. Las transacciones en l\u00ednea deben iniciarse antes de las 11:59 pm del 31 de diciembre para ser incluidas.<\/p>\n\t\t\t\t\t<a role=\"heading\" aria-level=\"2\" tabindex=\"-1\"  id=\"fl-accordion--label-4\">Who do I contact if I have questions about cryptocurrency donations?<\/a>\n\t\t\t\t\t\t\t\t\t\t\t<button type=\"button\" id=\"fl-accordion--icon-4\" aria-expanded=\"false\" aria-controls=\"fl-accordion--panel-4\"><i>Expandir<\/i><\/button>\n\t\t\t\t\t<p>Should you have any questions about your cryptocurrency gift please call 773.362.5397<\/p>\n\t<p><em>Su contribuci\u00f3n sera recibida con el entendimiento que la Iglesia Comunidad Nueva Vida (New Life Community Church) tiene la discreci\u00f3n administrativa para usar los fondos donados como lo considere apropiado para el ministerio. Gracias por su contribuci\u00f3n.<\/em><\/p>","protected":false},"excerpt":{"rendered":"<p>Generosity Quick. Easy. Secure. Give Here Choose a Location: Albany Park &gt; Blue Island &gt; Bridgeport English &gt; Bridgeport Mandarin &gt; Brighton Park Espa\u00f1ol &gt; Cicero English &gt; Cicero Espa\u00f1ol &gt; East Humboldt Park &gt; East Side &gt; Elgin &gt; Hammond English &gt; Hammond Espa\u00f1ol &gt; Hobart English &gt; Hobart Espa\u00f1ol &gt; Homer Glen &gt;&hellip;<\/p>","protected":false},"author":3,"featured_media":1823,"parent":0,"menu_order":0,"comment_status":"closed","ping_status":"closed","template":"","meta":{"_acf_changed":false,"_monsterinsights_skip_tracking":false,"_monsterinsights_sitenote_active":false,"_monsterinsights_sitenote_note":"","_monsterinsights_sitenote_category":0,"footnotes":""},"categories":[],"tags":[],"class_list":["post-87","page","type-page","status-publish","has-post-thumbnail","hentry"],"acf":[],"yoast_head":"<!-- This site is optimized with the Yoast SEO plugin v27.4 - https:\/\/yoast.com\/product\/yoast-seo-wordpress\/ -->\n<title>Give Online at New Life Community Church<\/title>\n<meta name=\"description\" content=\"Online giving is the best way to give at New Life. Safe, simple, smart. Choose a location or ministry to give online today!\" \/>\n<meta name=\"robots\" content=\"index, follow, max-snippet:-1, max-image-preview:large, max-video-preview:-1\" \/>\n<link rel=\"canonical\" href=\"https:\/\/newlifecommunity.church\/es\/give\/\" \/>\n<meta property=\"og:locale\" content=\"es_MX\" \/>\n<meta property=\"og:type\" content=\"article\" \/>\n<meta property=\"og:title\" content=\"Give Online at New Life Community Church\" \/>\n<meta property=\"og:description\" content=\"Online giving is the best way to give at New Life. Safe, simple, smart. Choose a location or ministry to give online today!\" \/>\n<meta property=\"og:url\" content=\"https:\/\/newlifecommunity.church\/es\/give\/\" \/>\n<meta property=\"og:site_name\" content=\"New Life Community Church\" \/>\n<meta property=\"article:publisher\" content=\"https:\/\/facebook.com\/newlifechicago\" \/>\n<meta property=\"article:modified_time\" content=\"2026-03-23T13:26:31+00:00\" \/>\n<meta property=\"og:image\" content=\"https:\/\/newlifecommunity.church\/wp-content\/uploads\/2020\/11\/online-giving-thumbnail.jpg\" \/>\n\t<meta property=\"og:image:width\" content=\"1920\" \/>\n\t<meta property=\"og:image:height\" content=\"1080\" \/>\n\t<meta property=\"og:image:type\" content=\"image\/jpeg\" \/>\n<meta name=\"twitter:card\" content=\"summary_large_image\" \/>\n<meta name=\"twitter:title\" content=\"Give Online at New Life Community Church\" \/>\n<meta name=\"twitter:description\" content=\"Online giving is the best way to give at New Life. Safe, simple, smart. Choose a location or ministry to give online today!\" \/>\n<meta name=\"twitter:image\" content=\"https:\/\/newlifecommunity.church\/wp-content\/uploads\/2020\/11\/online-giving-thumbnail.jpg\" \/>\n<meta name=\"twitter:site\" content=\"@newlifechicago\" \/>\n<meta name=\"twitter:label1\" content=\"Tiempo de lectura\" \/>\n\t<meta name=\"twitter:data1\" content=\"3 minutos\" \/>\n<script type=\"application\/ld+json\" class=\"yoast-schema-graph\">{\"@context\":\"https:\\\/\\\/schema.org\",\"@graph\":[{\"@type\":\"WebPage\",\"@id\":\"https:\\\/\\\/newlifecommunity.church\\\/give\\\/\",\"url\":\"https:\\\/\\\/newlifecommunity.church\\\/give\\\/\",\"name\":\"Give Online at New Life Community Church\",\"isPartOf\":{\"@id\":\"https:\\\/\\\/newlifecommunity.church\\\/#website\"},\"primaryImageOfPage\":{\"@id\":\"https:\\\/\\\/newlifecommunity.church\\\/give\\\/#primaryimage\"},\"image\":{\"@id\":\"https:\\\/\\\/newlifecommunity.church\\\/give\\\/#primaryimage\"},\"thumbnailUrl\":\"https:\\\/\\\/newlifecommunity.church\\\/wp-content\\\/uploads\\\/2020\\\/11\\\/pushpay-preview.jpg\",\"datePublished\":\"2018-06-13T20:52:40+00:00\",\"dateModified\":\"2026-03-23T13:26:31+00:00\",\"description\":\"Online giving is the best way to give at New Life. Safe, simple, smart. Choose a location or ministry to give online today!\",\"breadcrumb\":{\"@id\":\"https:\\\/\\\/newlifecommunity.church\\\/give\\\/#breadcrumb\"},\"inLanguage\":\"es-MX\",\"potentialAction\":[{\"@type\":\"ReadAction\",\"target\":[\"https:\\\/\\\/newlifecommunity.church\\\/give\\\/\"]}]},{\"@type\":\"ImageObject\",\"inLanguage\":\"es-MX\",\"@id\":\"https:\\\/\\\/newlifecommunity.church\\\/give\\\/#primaryimage\",\"url\":\"https:\\\/\\\/newlifecommunity.church\\\/wp-content\\\/uploads\\\/2020\\\/11\\\/pushpay-preview.jpg\",\"contentUrl\":\"https:\\\/\\\/newlifecommunity.church\\\/wp-content\\\/uploads\\\/2020\\\/11\\\/pushpay-preview.jpg\",\"width\":1080,\"height\":1080},{\"@type\":\"BreadcrumbList\",\"@id\":\"https:\\\/\\\/newlifecommunity.church\\\/give\\\/#breadcrumb\",\"itemListElement\":[{\"@type\":\"ListItem\",\"position\":1,\"name\":\"Home\",\"item\":\"https:\\\/\\\/newlifecommunity.church\\\/\"},{\"@type\":\"ListItem\",\"position\":2,\"name\":\"Give\"}]},{\"@type\":\"WebSite\",\"@id\":\"https:\\\/\\\/newlifecommunity.church\\\/#website\",\"url\":\"https:\\\/\\\/newlifecommunity.church\\\/\",\"name\":\"New Life Community Church\",\"description\":\"One Church, Many Locations\",\"publisher\":{\"@id\":\"https:\\\/\\\/newlifecommunity.church\\\/#organization\"},\"potentialAction\":[{\"@type\":\"SearchAction\",\"target\":{\"@type\":\"EntryPoint\",\"urlTemplate\":\"https:\\\/\\\/newlifecommunity.church\\\/?s={search_term_string}\"},\"query-input\":{\"@type\":\"PropertyValueSpecification\",\"valueRequired\":true,\"valueName\":\"search_term_string\"}}],\"inLanguage\":\"es-MX\"},{\"@type\":\"Organization\",\"@id\":\"https:\\\/\\\/newlifecommunity.church\\\/#organization\",\"name\":\"New Life Community Church\",\"url\":\"https:\\\/\\\/newlifecommunity.church\\\/\",\"logo\":{\"@type\":\"ImageObject\",\"inLanguage\":\"es-MX\",\"@id\":\"https:\\\/\\\/newlifecommunity.church\\\/#\\\/schema\\\/logo\\\/image\\\/\",\"url\":\"https:\\\/\\\/newlifecommunity.church\\\/wp-content\\\/uploads\\\/2022\\\/02\\\/NewLife_RGB_Primary.png\",\"contentUrl\":\"https:\\\/\\\/newlifecommunity.church\\\/wp-content\\\/uploads\\\/2022\\\/02\\\/NewLife_RGB_Primary.png\",\"width\":6250,\"height\":2151,\"caption\":\"New Life Community Church\"},\"image\":{\"@id\":\"https:\\\/\\\/newlifecommunity.church\\\/#\\\/schema\\\/logo\\\/image\\\/\"},\"sameAs\":[\"https:\\\/\\\/facebook.com\\\/newlifechicago\",\"https:\\\/\\\/x.com\\\/newlifechicago\",\"https:\\\/\\\/www.linkedin.com\\\/company\\\/newlifechicago\",\"https:\\\/\\\/www.youtube.com\\\/newlifemidway\",\"https:\\\/\\\/www.instagram.com\\\/newlifechicago\\\/\"]}]}<\/script>\n<!-- \/ Yoast SEO plugin. -->","yoast_head_json":{"title":"Give Online at New Life Community Church","description":"Online giving is the best way to give at New Life. Safe, simple, smart. Choose a location or ministry to give online today!","robots":{"index":"index","follow":"follow","max-snippet":"max-snippet:-1","max-image-preview":"max-image-preview:large","max-video-preview":"max-video-preview:-1"},"canonical":"https:\/\/newlifecommunity.church\/es\/give\/","og_locale":"es_MX","og_type":"article","og_title":"Give Online at New Life Community Church","og_description":"Online giving is the best way to give at New Life. Safe, simple, smart. Choose a location or ministry to give online today!","og_url":"https:\/\/newlifecommunity.church\/es\/give\/","og_site_name":"New Life Community Church","article_publisher":"https:\/\/facebook.com\/newlifechicago","article_modified_time":"2026-03-23T13:26:31+00:00","og_image":[{"width":1920,"height":1080,"url":"https:\/\/newlifecommunity.church\/wp-content\/uploads\/2020\/11\/online-giving-thumbnail.jpg","type":"image\/jpeg"}],"twitter_card":"summary_large_image","twitter_title":"Give Online at New Life Community Church","twitter_description":"Online giving is the best way to give at New Life. Safe, simple, smart. Choose a location or ministry to give online today!","twitter_image":"https:\/\/newlifecommunity.church\/wp-content\/uploads\/2020\/11\/online-giving-thumbnail.jpg","twitter_site":"@newlifechicago","twitter_misc":{"Tiempo de lectura":"3 minutos"},"schema":{"@context":"https:\/\/schema.org","@graph":[{"@type":"WebPage","@id":"https:\/\/newlifecommunity.church\/give\/","url":"https:\/\/newlifecommunity.church\/give\/","name":"Give Online at New Life Community Church","isPartOf":{"@id":"https:\/\/newlifecommunity.church\/#website"},"primaryImageOfPage":{"@id":"https:\/\/newlifecommunity.church\/give\/#primaryimage"},"image":{"@id":"https:\/\/newlifecommunity.church\/give\/#primaryimage"},"thumbnailUrl":"https:\/\/newlifecommunity.church\/wp-content\/uploads\/2020\/11\/pushpay-preview.jpg","datePublished":"2018-06-13T20:52:40+00:00","dateModified":"2026-03-23T13:26:31+00:00","description":"Online giving is the best way to give at New Life. Safe, simple, smart. Choose a location or ministry to give online today!","breadcrumb":{"@id":"https:\/\/newlifecommunity.church\/give\/#breadcrumb"},"inLanguage":"es-MX","potentialAction":[{"@type":"ReadAction","target":["https:\/\/newlifecommunity.church\/give\/"]}]},{"@type":"ImageObject","inLanguage":"es-MX","@id":"https:\/\/newlifecommunity.church\/give\/#primaryimage","url":"https:\/\/newlifecommunity.church\/wp-content\/uploads\/2020\/11\/pushpay-preview.jpg","contentUrl":"https:\/\/newlifecommunity.church\/wp-content\/uploads\/2020\/11\/pushpay-preview.jpg","width":1080,"height":1080},{"@type":"BreadcrumbList","@id":"https:\/\/newlifecommunity.church\/give\/#breadcrumb","itemListElement":[{"@type":"ListItem","position":1,"name":"Home","item":"https:\/\/newlifecommunity.church\/"},{"@type":"ListItem","position":2,"name":"Give"}]},{"@type":"WebSite","@id":"https:\/\/newlifecommunity.church\/#website","url":"https:\/\/newlifecommunity.church\/","name":"Iglesia Comunidad Nueva Vida","description":"Una iglesia, por toda la ciudad","publisher":{"@id":"https:\/\/newlifecommunity.church\/#organization"},"potentialAction":[{"@type":"SearchAction","target":{"@type":"EntryPoint","urlTemplate":"https:\/\/newlifecommunity.church\/?s={search_term_string}"},"query-input":{"@type":"PropertyValueSpecification","valueRequired":true,"valueName":"search_term_string"}}],"inLanguage":"es-MX"},{"@type":"Organization","@id":"https:\/\/newlifecommunity.church\/#organization","name":"Iglesia Comunidad Nueva Vida","url":"https:\/\/newlifecommunity.church\/","logo":{"@type":"ImageObject","inLanguage":"es-MX","@id":"https:\/\/newlifecommunity.church\/#\/schema\/logo\/image\/","url":"https:\/\/newlifecommunity.church\/wp-content\/uploads\/2022\/02\/NewLife_RGB_Primary.png","contentUrl":"https:\/\/newlifecommunity.church\/wp-content\/uploads\/2022\/02\/NewLife_RGB_Primary.png","width":6250,"height":2151,"caption":"New Life Community Church"},"image":{"@id":"https:\/\/newlifecommunity.church\/#\/schema\/logo\/image\/"},"sameAs":["https:\/\/facebook.com\/newlifechicago","https:\/\/x.com\/newlifechicago","https:\/\/www.linkedin.com\/company\/newlifechicago","https:\/\/www.youtube.com\/newlifemidway","https:\/\/www.instagram.com\/newlifechicago\/"]}]}},"_links":{"self":[{"href":"https:\/\/newlifecommunity.church\/es\/wp-json\/wp\/v2\/pages\/87","targetHints":{"allow":["GET"]}}],"collection":[{"href":"https:\/\/newlifecommunity.church\/es\/wp-json\/wp\/v2\/pages"}],"about":[{"href":"https:\/\/newlifecommunity.church\/es\/wp-json\/wp\/v2\/types\/page"}],"author":[{"embeddable":true,"href":"https:\/\/newlifecommunity.church\/es\/wp-json\/wp\/v2\/users\/3"}],"replies":[{"embeddable":true,"href":"https:\/\/newlifecommunity.church\/es\/wp-json\/wp\/v2\/comments?post=87"}],"version-history":[{"count":0,"href":"https:\/\/newlifecommunity.church\/es\/wp-json\/wp\/v2\/pages\/87\/revisions"}],"wp:featuredmedia":[{"embeddable":true,"href":"https:\/\/newlifecommunity.church\/es\/wp-json\/wp\/v2\/media\/1823"}],"wp:attachment":[{"href":"https:\/\/newlifecommunity.church\/es\/wp-json\/wp\/v2\/media?parent=87"}],"wp:term":[{"taxonomy":"category","embeddable":true,"href":"https:\/\/newlifecommunity.church\/es\/wp-json\/wp\/v2\/categories?post=87"},{"taxonomy":"post_tag","embeddable":true,"href":"https:\/\/newlifecommunity.church\/es\/wp-json\/wp\/v2\/tags?post=87"}],"curies":[{"name":"wp","href":"https:\/\/api.w.org\/{rel}","templated":true}]}}